{"id":3134,"date":"2019-08-06T15:39:31","date_gmt":"2019-08-06T13:39:31","guid":{"rendered":"https:\/\/staging.hydrachim.fr\/product\/creme-mains-ecolabel-parfum-fleur-de-lin-copier\/"},"modified":"2019-10-04T15:14:24","modified_gmt":"2019-10-04T13:14:24","slug":"creme-mains-ecolabel-parfum-fleur-de-lin-copier","status":"publish","type":"product","link":"https:\/\/staging.hydrachim.fr\/en\/produit\/creme-mains-ecolabel-parfum-fleur-de-lin-copier\/","title":{"rendered":"Elifoam mains"},"content":{"rendered":"<p><strong>Elifoam mains parfum Fleur de lin.<\/strong><\/p>\n<p>ELIFOAM MAINS est une lotion moussante formul\u00e9e \u00e0 base d&#8217;ingr\u00e9dients d&#8217;origine v\u00e9g\u00e9tale, con\u00e7ue pour le lavage des mains. Parfum doux.<br \/>\nS&#8217;utilise dans des distributeurs mousse muraux.<\/p>\n<p><strong>Disponible en :<br \/>\n&#8211; Carton de 6 recharges poches souples x1L. R\u00e9f. 002183603<br \/>\n&#8211; Carton de 2 x 5L. R\u00e9f. 002183602<\/strong><\/p>\n<p class=\"y-product y-product__product-subtitle\">Avantage :<\/p>\n<p>Parfum fleur de lin agr\u00e9able.<\/p>\n<p>Retrouvez le mode d&#8217;emploi et le dosage du produit en t\u00e9l\u00e9chargeant, ci-dessous, sa Fiche Technique et\/ou sa Fiche M\u00e9thode.<\/p>\n","protected":false},"excerpt":{"rendered":"<p>Elifoam mains parfum Fleur de lin.<\/p>\n","protected":false},"featured_media":5220,"template":"","meta":[],"product_brand":[],"product_type":[2],"product_visibility":[],"product_cat":[4147,4138,4137],"class_list":{"0":"post-3134","1":"product","2":"type-product","3":"status-publish","4":"has-post-thumbnail","6":"product_cat-marques-marquesidegreenidegreen","7":"product_cat-mains-corpsmains","8":"product_cat-produitsmains-corps","9":"product_tag-fleur-de-lin","10":"product_tag-liquide","11":"product_tag-mains","12":"product_tag-moussant","13":"product_tag-origine-vegetale","15":"first","16":"instock","17":"shipping-taxable","18":"product-type-simple"},"yoast_head":"<!-- This site is optimized with the Yoast SEO plugin v24.7 - https:\/\/yoast.com\/wordpress\/plugins\/seo\/ -->\n<title>Elifoam mains - Hydrachim<\/title>\n<meta name=\"robots\" content=\"noindex, follow, max-snippet:-1, max-image-preview:large, max-video-preview:-1\" \/>\n<meta property=\"og:locale\" content=\"en_US\" \/>\n<meta property=\"og:type\" content=\"article\" \/>\n<meta property=\"og:title\" content=\"Elifoam mains - Hydrachim\" \/>\n<meta property=\"og:description\" content=\"Elifoam mains parfum Fleur de lin.\" \/>\n<meta property=\"og:url\" content=\"https:\/\/staging.hydrachim.fr\/produit\/creme-mains-ecolabel-parfum-fleur-de-lin-copier\/\" \/>\n<meta property=\"og:site_name\" content=\"Hydrachim\" \/>\n<meta property=\"article:modified_time\" content=\"2019-10-04T13:14:24+00:00\" \/>\n<meta property=\"og:image\" content=\"https:\/\/staging.hydrachim.fr\/app\/uploads\/2019\/10\/1836-IDEGREEN-ELIFOAM-5L.png\" \/>\n\t<meta property=\"og:image:width\" content=\"600\" \/>\n\t<meta property=\"og:image:height\" content=\"825\" \/>\n\t<meta property=\"og:image:type\" content=\"image\/png\" \/>\n<meta name=\"twitter:card\" content=\"summary_large_image\" \/>\n<script type=\"application\/ld+json\" class=\"yoast-schema-graph\">{\"@context\":\"https:\/\/schema.org\",\"@graph\":[{\"@type\":\"WebPage\",\"@id\":\"https:\/\/staging.hydrachim.fr\/produit\/creme-mains-ecolabel-parfum-fleur-de-lin-copier\/\",\"url\":\"https:\/\/staging.hydrachim.fr\/produit\/creme-mains-ecolabel-parfum-fleur-de-lin-copier\/\",\"name\":\"Elifoam mains - Hydrachim\",\"isPartOf\":{\"@id\":\"https:\/\/staging.hydrachim.fr\/#website\"},\"primaryImageOfPage\":{\"@id\":\"https:\/\/staging.hydrachim.fr\/produit\/creme-mains-ecolabel-parfum-fleur-de-lin-copier\/#primaryimage\"},\"image\":{\"@id\":\"https:\/\/staging.hydrachim.fr\/produit\/creme-mains-ecolabel-parfum-fleur-de-lin-copier\/#primaryimage\"},\"thumbnailUrl\":\"https:\/\/staging.hydrachim.fr\/app\/uploads\/2019\/10\/1836-IDEGREEN-ELIFOAM-5L.png\",\"datePublished\":\"2019-08-06T13:39:31+00:00\",\"dateModified\":\"2019-10-04T13:14:24+00:00\",\"breadcrumb\":{\"@id\":\"https:\/\/staging.hydrachim.fr\/produit\/creme-mains-ecolabel-parfum-fleur-de-lin-copier\/#breadcrumb\"},\"inLanguage\":\"en-US\",\"potentialAction\":[{\"@type\":\"ReadAction\",\"target\":[\"https:\/\/staging.hydrachim.fr\/produit\/creme-mains-ecolabel-parfum-fleur-de-lin-copier\/\"]}]},{\"@type\":\"ImageObject\",\"inLanguage\":\"en-US\",\"@id\":\"https:\/\/staging.hydrachim.fr\/produit\/creme-mains-ecolabel-parfum-fleur-de-lin-copier\/#primaryimage\",\"url\":\"https:\/\/staging.hydrachim.fr\/app\/uploads\/2019\/10\/1836-IDEGREEN-ELIFOAM-5L.png\",\"contentUrl\":\"https:\/\/staging.hydrachim.fr\/app\/uploads\/2019\/10\/1836-IDEGREEN-ELIFOAM-5L.png\",\"width\":600,\"height\":825},{\"@type\":\"BreadcrumbList\",\"@id\":\"https:\/\/staging.hydrachim.fr\/produit\/creme-mains-ecolabel-parfum-fleur-de-lin-copier\/#breadcrumb\",\"itemListElement\":[{\"@type\":\"ListItem\",\"position\":1,\"name\":\"Home\",\"item\":\"https:\/\/staging.hydrachim.fr\/en\/\"},{\"@type\":\"ListItem\",\"position\":2,\"name\":\"Shop\",\"item\":\"https:\/\/staging.hydrachim.fr\/en\/shop\/\"},{\"@type\":\"ListItem\",\"position\":3,\"name\":\"Elifoam mains\"}]},{\"@type\":\"WebSite\",\"@id\":\"https:\/\/staging.hydrachim.fr\/#website\",\"url\":\"https:\/\/staging.hydrachim.fr\/\",\"name\":\"Hydrachim\",\"description\":\"La science de l&#039;hygi\u00e8ne\",\"potentialAction\":[{\"@type\":\"SearchAction\",\"target\":{\"@type\":\"EntryPoint\",\"urlTemplate\":\"https:\/\/staging.hydrachim.fr\/?s={search_term_string}\"},\"query-input\":{\"@type\":\"PropertyValueSpecification\",\"valueRequired\":true,\"valueName\":\"search_term_string\"}}],\"inLanguage\":\"en-US\"}]}<\/script>\n<!-- \/ Yoast SEO plugin. -->","yoast_head_json":{"title":"Elifoam mains - Hydrachim","robots":{"index":"noindex","follow":"follow","max-snippet":"max-snippet:-1","max-image-preview":"max-image-preview:large","max-video-preview":"max-video-preview:-1"},"og_locale":"en_US","og_type":"article","og_title":"Elifoam mains - Hydrachim","og_description":"Elifoam mains parfum Fleur de lin.","og_url":"https:\/\/staging.hydrachim.fr\/produit\/creme-mains-ecolabel-parfum-fleur-de-lin-copier\/","og_site_name":"Hydrachim","article_modified_time":"2019-10-04T13:14:24+00:00","og_image":[{"width":600,"height":825,"url":"https:\/\/staging.hydrachim.fr\/app\/uploads\/2019\/10\/1836-IDEGREEN-ELIFOAM-5L.png","type":"image\/png"}],"twitter_card":"summary_large_image","schema":{"@context":"https:\/\/schema.org","@graph":[{"@type":"WebPage","@id":"https:\/\/staging.hydrachim.fr\/produit\/creme-mains-ecolabel-parfum-fleur-de-lin-copier\/","url":"https:\/\/staging.hydrachim.fr\/produit\/creme-mains-ecolabel-parfum-fleur-de-lin-copier\/","name":"Elifoam mains - Hydrachim","isPartOf":{"@id":"https:\/\/staging.hydrachim.fr\/#website"},"primaryImageOfPage":{"@id":"https:\/\/staging.hydrachim.fr\/produit\/creme-mains-ecolabel-parfum-fleur-de-lin-copier\/#primaryimage"},"image":{"@id":"https:\/\/staging.hydrachim.fr\/produit\/creme-mains-ecolabel-parfum-fleur-de-lin-copier\/#primaryimage"},"thumbnailUrl":"https:\/\/staging.hydrachim.fr\/app\/uploads\/2019\/10\/1836-IDEGREEN-ELIFOAM-5L.png","datePublished":"2019-08-06T13:39:31+00:00","dateModified":"2019-10-04T13:14:24+00:00","breadcrumb":{"@id":"https:\/\/staging.hydrachim.fr\/produit\/creme-mains-ecolabel-parfum-fleur-de-lin-copier\/#breadcrumb"},"inLanguage":"en-US","potentialAction":[{"@type":"ReadAction","target":["https:\/\/staging.hydrachim.fr\/produit\/creme-mains-ecolabel-parfum-fleur-de-lin-copier\/"]}]},{"@type":"ImageObject","inLanguage":"en-US","@id":"https:\/\/staging.hydrachim.fr\/produit\/creme-mains-ecolabel-parfum-fleur-de-lin-copier\/#primaryimage","url":"https:\/\/staging.hydrachim.fr\/app\/uploads\/2019\/10\/1836-IDEGREEN-ELIFOAM-5L.png","contentUrl":"https:\/\/staging.hydrachim.fr\/app\/uploads\/2019\/10\/1836-IDEGREEN-ELIFOAM-5L.png","width":600,"height":825},{"@type":"BreadcrumbList","@id":"https:\/\/staging.hydrachim.fr\/produit\/creme-mains-ecolabel-parfum-fleur-de-lin-copier\/#breadcrumb","itemListElement":[{"@type":"ListItem","position":1,"name":"Home","item":"https:\/\/staging.hydrachim.fr\/en\/"},{"@type":"ListItem","position":2,"name":"Shop","item":"https:\/\/staging.hydrachim.fr\/en\/shop\/"},{"@type":"ListItem","position":3,"name":"Elifoam mains"}]},{"@type":"WebSite","@id":"https:\/\/staging.hydrachim.fr\/#website","url":"https:\/\/staging.hydrachim.fr\/","name":"Hydrachim","description":"La science de l&#039;hygi\u00e8ne","potentialAction":[{"@type":"SearchAction","target":{"@type":"EntryPoint","urlTemplate":"https:\/\/staging.hydrachim.fr\/?s={search_term_string}"},"query-input":{"@type":"PropertyValueSpecification","valueRequired":true,"valueName":"search_term_string"}}],"inLanguage":"en-US"}]}},"acf":{"fiche_technique":"https:\/\/staging.hydrachim.fr\/app\/uploads\/2019\/09\/FT-1836-ELIFOAM-PARFUM-FLEUR-DE-LIN.pdf","fiche_methode":""},"_links":{"self":[{"href":"https:\/\/staging.hydrachim.fr\/en\/wp-json\/wp\/v2\/product\/3134","targetHints":{"allow":["GET"]}}],"collection":[{"href":"https:\/\/staging.hydrachim.fr\/en\/wp-json\/wp\/v2\/product"}],"about":[{"href":"https:\/\/staging.hydrachim.fr\/en\/wp-json\/wp\/v2\/types\/product"}],"wp:featuredmedia":[{"embeddable":true,"href":"https:\/\/staging.hydrachim.fr\/en\/wp-json\/wp\/v2\/media\/5220"}],"wp:attachment":[{"href":"https:\/\/staging.hydrachim.fr\/en\/wp-json\/wp\/v2\/media?parent=3134"}],"wp:term":[{"taxonomy":"product_brand","embeddable":true,"href":"https:\/\/staging.hydrachim.fr\/en\/wp-json\/wp\/v2\/product_brand?post=3134"},{"taxonomy":"product_type","embeddable":true,"href":"https:\/\/staging.hydrachim.fr\/en\/wp-json\/wp\/v2\/product_type?post=3134"},{"taxonomy":"product_visibility","embeddable":true,"href":"https:\/\/staging.hydrachim.fr\/en\/wp-json\/wp\/v2\/product_visibility?post=3134"},{"taxonomy":"product_cat","embeddable":true,"href":"https:\/\/staging.hydrachim.fr\/en\/wp-json\/wp\/v2\/product_cat?post=3134"}],"curies":[{"name":"wp","href":"https:\/\/api.w.org\/{rel}","templated":true}]}}