{"id":3136,"date":"2019-08-06T15:39:33","date_gmt":"2019-08-06T13:39:33","guid":{"rendered":"https:\/\/staging.hydrachim.fr\/product\/detartrant-machine-machine-a-cafe\/"},"modified":"2019-10-10T12:04:18","modified_gmt":"2019-10-10T10:04:18","slug":"detartrant-machine-machine-a-cafe","status":"publish","type":"product","link":"https:\/\/staging.hydrachim.fr\/en\/produit\/detartrant-machine-machine-a-cafe\/","title":{"rendered":"D\u00e9tartrant Machine \/ Machine \u00e0 caf\u00e9"},"content":{"rendered":"<p><strong>D\u00e9tartrant Machine est con\u00e7u pour \u00e9liminer les sels calcaires qui se trouvent \u00e0 l&#8217;int\u00e9rieur des machines \u00e0 caf\u00e9, des machines \u00e0 th\u00e9 ou des bouilloires.<\/strong><\/p>\n<p>D\u00e9tartrant Machine permet de prolonger la dur\u00e9e de vie de votre machine. Gr\u00e2ce \u00e0 ce d\u00e9tartrage, vous obtiendrez une eau bien chaude, qui s&#8217;\u00e9coulera beaucoup plus facilement.<br \/>\nL&#8217;acide lactique est un produit non agressif avec le plastique, les joints, mais suffisamment pour venir \u00e0 bout du calcaire.<\/p>\n<p><strong>Disponible en carton de 4 x 5 L. R\u00e9f. 002207401<\/strong><\/p>\n<p class=\"y-product y-product__product-subtitle\">Avantage :<\/p>\n<p>Permet de prolonger la dur\u00e9e de vie de votre machine.<\/p>\n<p>Retrouvez le mode d&#8217;emploi et le dosage du produit en t\u00e9l\u00e9chargeant sa Fiche Technique.<\/p>\n<p><em>Avant toute utilisation, lisez l&#8217;\u00e9tiquette et les informations concernant le produit.<\/em><\/p>\n","protected":false},"excerpt":{"rendered":"<p>Liquide r\u00e9nove, d\u00e9tartre et prot\u00e8ge les machines.<\/p>\n","protected":false},"featured_media":5363,"template":"","meta":[],"product_brand":[],"product_type":[2],"product_visibility":[],"product_cat":[4145],"class_list":{"0":"post-3136","1":"product","2":"type-product","3":"status-publish","4":"has-post-thumbnail","6":"product_cat-marquesorlav","7":"product_tag-cafe","8":"product_tag-detartrant","9":"product_tag-protection","10":"product_tag-renovant","12":"first","13":"instock","14":"shipping-taxable","15":"product-type-simple"},"yoast_head":"<!-- This site is optimized with the Yoast SEO plugin v24.7 - https:\/\/yoast.com\/wordpress\/plugins\/seo\/ -->\n<title>D\u00e9tartrant Machine \/ Machine \u00e0 caf\u00e9 - Hydrachim<\/title>\n<meta name=\"robots\" content=\"noindex, follow, max-snippet:-1, max-image-preview:large, max-video-preview:-1\" \/>\n<meta property=\"og:locale\" content=\"en_US\" \/>\n<meta property=\"og:type\" content=\"article\" \/>\n<meta property=\"og:title\" content=\"D\u00e9tartrant Machine \/ Machine \u00e0 caf\u00e9 - Hydrachim\" \/>\n<meta property=\"og:description\" content=\"Liquide r\u00e9nove, d\u00e9tartre et prot\u00e8ge les machines.\" \/>\n<meta property=\"og:url\" content=\"https:\/\/staging.hydrachim.fr\/produit\/detartrant-machine-machine-a-cafe\/\" \/>\n<meta property=\"og:site_name\" content=\"Hydrachim\" \/>\n<meta property=\"article:modified_time\" content=\"2019-10-10T10:04:18+00:00\" \/>\n<meta property=\"og:image\" content=\"https:\/\/staging.hydrachim.fr\/app\/uploads\/2019\/10\/2074_Detartrant_machine_5L.png\" \/>\n\t<meta property=\"og:image:width\" content=\"600\" \/>\n\t<meta property=\"og:image:height\" content=\"429\" \/>\n\t<meta property=\"og:image:type\" content=\"image\/png\" \/>\n<meta name=\"twitter:card\" content=\"summary_large_image\" \/>\n<meta name=\"twitter:label1\" content=\"Est. reading time\" \/>\n\t<meta name=\"twitter:data1\" content=\"1 minute\" \/>\n<script type=\"application\/ld+json\" class=\"yoast-schema-graph\">{\"@context\":\"https:\/\/schema.org\",\"@graph\":[{\"@type\":\"WebPage\",\"@id\":\"https:\/\/staging.hydrachim.fr\/produit\/detartrant-machine-machine-a-cafe\/\",\"url\":\"https:\/\/staging.hydrachim.fr\/produit\/detartrant-machine-machine-a-cafe\/\",\"name\":\"D\u00e9tartrant Machine \/ Machine \u00e0 caf\u00e9 - Hydrachim\",\"isPartOf\":{\"@id\":\"https:\/\/staging.hydrachim.fr\/#website\"},\"primaryImageOfPage\":{\"@id\":\"https:\/\/staging.hydrachim.fr\/produit\/detartrant-machine-machine-a-cafe\/#primaryimage\"},\"image\":{\"@id\":\"https:\/\/staging.hydrachim.fr\/produit\/detartrant-machine-machine-a-cafe\/#primaryimage\"},\"thumbnailUrl\":\"https:\/\/staging.hydrachim.fr\/app\/uploads\/2019\/10\/2074_Detartrant_machine_5L.png\",\"datePublished\":\"2019-08-06T13:39:33+00:00\",\"dateModified\":\"2019-10-10T10:04:18+00:00\",\"breadcrumb\":{\"@id\":\"https:\/\/staging.hydrachim.fr\/produit\/detartrant-machine-machine-a-cafe\/#breadcrumb\"},\"inLanguage\":\"en-US\",\"potentialAction\":[{\"@type\":\"ReadAction\",\"target\":[\"https:\/\/staging.hydrachim.fr\/produit\/detartrant-machine-machine-a-cafe\/\"]}]},{\"@type\":\"ImageObject\",\"inLanguage\":\"en-US\",\"@id\":\"https:\/\/staging.hydrachim.fr\/produit\/detartrant-machine-machine-a-cafe\/#primaryimage\",\"url\":\"https:\/\/staging.hydrachim.fr\/app\/uploads\/2019\/10\/2074_Detartrant_machine_5L.png\",\"contentUrl\":\"https:\/\/staging.hydrachim.fr\/app\/uploads\/2019\/10\/2074_Detartrant_machine_5L.png\",\"width\":600,\"height\":429},{\"@type\":\"BreadcrumbList\",\"@id\":\"https:\/\/staging.hydrachim.fr\/produit\/detartrant-machine-machine-a-cafe\/#breadcrumb\",\"itemListElement\":[{\"@type\":\"ListItem\",\"position\":1,\"name\":\"Home\",\"item\":\"https:\/\/staging.hydrachim.fr\/en\/\"},{\"@type\":\"ListItem\",\"position\":2,\"name\":\"Shop\",\"item\":\"https:\/\/staging.hydrachim.fr\/en\/shop\/\"},{\"@type\":\"ListItem\",\"position\":3,\"name\":\"D\u00e9tartrant Machine \/ Machine \u00e0 caf\u00e9\"}]},{\"@type\":\"WebSite\",\"@id\":\"https:\/\/staging.hydrachim.fr\/#website\",\"url\":\"https:\/\/staging.hydrachim.fr\/\",\"name\":\"Hydrachim\",\"description\":\"La science de l&#039;hygi\u00e8ne\",\"potentialAction\":[{\"@type\":\"SearchAction\",\"target\":{\"@type\":\"EntryPoint\",\"urlTemplate\":\"https:\/\/staging.hydrachim.fr\/?s={search_term_string}\"},\"query-input\":{\"@type\":\"PropertyValueSpecification\",\"valueRequired\":true,\"valueName\":\"search_term_string\"}}],\"inLanguage\":\"en-US\"}]}<\/script>\n<!-- \/ Yoast SEO plugin. -->","yoast_head_json":{"title":"D\u00e9tartrant Machine \/ Machine \u00e0 caf\u00e9 - Hydrachim","robots":{"index":"noindex","follow":"follow","max-snippet":"max-snippet:-1","max-image-preview":"max-image-preview:large","max-video-preview":"max-video-preview:-1"},"og_locale":"en_US","og_type":"article","og_title":"D\u00e9tartrant Machine \/ Machine \u00e0 caf\u00e9 - Hydrachim","og_description":"Liquide r\u00e9nove, d\u00e9tartre et prot\u00e8ge les machines.","og_url":"https:\/\/staging.hydrachim.fr\/produit\/detartrant-machine-machine-a-cafe\/","og_site_name":"Hydrachim","article_modified_time":"2019-10-10T10:04:18+00:00","og_image":[{"width":600,"height":429,"url":"https:\/\/staging.hydrachim.fr\/app\/uploads\/2019\/10\/2074_Detartrant_machine_5L.png","type":"image\/png"}],"twitter_card":"summary_large_image","twitter_misc":{"Est. reading time":"1 minute"},"schema":{"@context":"https:\/\/schema.org","@graph":[{"@type":"WebPage","@id":"https:\/\/staging.hydrachim.fr\/produit\/detartrant-machine-machine-a-cafe\/","url":"https:\/\/staging.hydrachim.fr\/produit\/detartrant-machine-machine-a-cafe\/","name":"D\u00e9tartrant Machine \/ Machine \u00e0 caf\u00e9 - Hydrachim","isPartOf":{"@id":"https:\/\/staging.hydrachim.fr\/#website"},"primaryImageOfPage":{"@id":"https:\/\/staging.hydrachim.fr\/produit\/detartrant-machine-machine-a-cafe\/#primaryimage"},"image":{"@id":"https:\/\/staging.hydrachim.fr\/produit\/detartrant-machine-machine-a-cafe\/#primaryimage"},"thumbnailUrl":"https:\/\/staging.hydrachim.fr\/app\/uploads\/2019\/10\/2074_Detartrant_machine_5L.png","datePublished":"2019-08-06T13:39:33+00:00","dateModified":"2019-10-10T10:04:18+00:00","breadcrumb":{"@id":"https:\/\/staging.hydrachim.fr\/produit\/detartrant-machine-machine-a-cafe\/#breadcrumb"},"inLanguage":"en-US","potentialAction":[{"@type":"ReadAction","target":["https:\/\/staging.hydrachim.fr\/produit\/detartrant-machine-machine-a-cafe\/"]}]},{"@type":"ImageObject","inLanguage":"en-US","@id":"https:\/\/staging.hydrachim.fr\/produit\/detartrant-machine-machine-a-cafe\/#primaryimage","url":"https:\/\/staging.hydrachim.fr\/app\/uploads\/2019\/10\/2074_Detartrant_machine_5L.png","contentUrl":"https:\/\/staging.hydrachim.fr\/app\/uploads\/2019\/10\/2074_Detartrant_machine_5L.png","width":600,"height":429},{"@type":"BreadcrumbList","@id":"https:\/\/staging.hydrachim.fr\/produit\/detartrant-machine-machine-a-cafe\/#breadcrumb","itemListElement":[{"@type":"ListItem","position":1,"name":"Home","item":"https:\/\/staging.hydrachim.fr\/en\/"},{"@type":"ListItem","position":2,"name":"Shop","item":"https:\/\/staging.hydrachim.fr\/en\/shop\/"},{"@type":"ListItem","position":3,"name":"D\u00e9tartrant Machine \/ Machine \u00e0 caf\u00e9"}]},{"@type":"WebSite","@id":"https:\/\/staging.hydrachim.fr\/#website","url":"https:\/\/staging.hydrachim.fr\/","name":"Hydrachim","description":"La science de l&#039;hygi\u00e8ne","potentialAction":[{"@type":"SearchAction","target":{"@type":"EntryPoint","urlTemplate":"https:\/\/staging.hydrachim.fr\/?s={search_term_string}"},"query-input":{"@type":"PropertyValueSpecification","valueRequired":true,"valueName":"search_term_string"}}],"inLanguage":"en-US"}]}},"acf":{"fiche_technique":"https:\/\/staging.hydrachim.fr\/app\/uploads\/2019\/09\/FT-2074-DETARTRANT-MACHINE-2.pdf","fiche_methode":""},"_links":{"self":[{"href":"https:\/\/staging.hydrachim.fr\/en\/wp-json\/wp\/v2\/product\/3136","targetHints":{"allow":["GET"]}}],"collection":[{"href":"https:\/\/staging.hydrachim.fr\/en\/wp-json\/wp\/v2\/product"}],"about":[{"href":"https:\/\/staging.hydrachim.fr\/en\/wp-json\/wp\/v2\/types\/product"}],"wp:featuredmedia":[{"embeddable":true,"href":"https:\/\/staging.hydrachim.fr\/en\/wp-json\/wp\/v2\/media\/5363"}],"wp:attachment":[{"href":"https:\/\/staging.hydrachim.fr\/en\/wp-json\/wp\/v2\/media?parent=3136"}],"wp:term":[{"taxonomy":"product_brand","embeddable":true,"href":"https:\/\/staging.hydrachim.fr\/en\/wp-json\/wp\/v2\/product_brand?post=3136"},{"taxonomy":"product_type","embeddable":true,"href":"https:\/\/staging.hydrachim.fr\/en\/wp-json\/wp\/v2\/product_type?post=3136"},{"taxonomy":"product_visibility","embeddable":true,"href":"https:\/\/staging.hydrachim.fr\/en\/wp-json\/wp\/v2\/product_visibility?post=3136"},{"taxonomy":"product_cat","embeddable":true,"href":"https:\/\/staging.hydrachim.fr\/en\/wp-json\/wp\/v2\/product_cat?post=3136"}],"curies":[{"name":"wp","href":"https:\/\/api.w.org\/{rel}","templated":true}]}}