{"id":3143,"date":"2019-08-06T15:39:42","date_gmt":"2019-08-06T13:39:42","guid":{"rendered":"https:\/\/staging.hydrachim.fr\/product\/456\/"},"modified":"2019-10-14T15:44:55","modified_gmt":"2019-10-14T13:44:55","slug":"456","status":"publish","type":"product","link":"https:\/\/staging.hydrachim.fr\/en\/produit\/456\/","title":{"rendered":"Respect&#8217;Home\u00ae PAE Surface"},"content":{"rendered":"<p><strong>Nettoyant polyvalent bact\u00e9ricide &amp; levuricide.<\/strong><\/p>\n<p>RESPECT\u2019HOME\u00ae PAE SURFACE est un nettoyant d\u00e9graissant polyvalent, utilisable sur toutes les surfaces lavables.<br \/>\nRESPECT\u2019HOME\u00ae PAE SURFACE fait briller les surfaces. Id\u00e9al sur les tables, mobiliers, plans de travail, carrelages, supports plastiques, &#8230;<\/p>\n<p><strong>Disponible en\u00a0 carton de 6 x 750 mL. R\u00e9f. 002185801.<br \/>\n<\/strong><\/p>\n<p class=\"y-product y-product__product-subtitle\">Avantage :<\/p>\n<p>La formule du RESPECT\u2019HOME\u00ae PAE SURFACE est soutenue au niveau du r\u00e8glement biocide (CE) n\u00b0528\/2012 en vue d\u2019obtenir une AMM.<br \/>\nLa formule du RESPECT\u2019HOME\u00ae PAE SURFACE est formul\u00e9 Sans ammonium quaternaire, Sans phosphate, Sans phosphonate, Sans EDTA, Sans chlore, Avec de l&#8217;huile essentielle d&#8217;arbre \u00e0 th\u00e9.<\/p>\n<p>Retrouvez le mode d&#8217;emploi et le dosage du produit en t\u00e9l\u00e9chargeant sa Fiche Technique et\/ou sa Fiche M\u00e9thode.<\/p>\n<p><em>Utilisez les biocides avec pr\u00e9caution. Avant toute utilisation, lisez l&#8217;\u00e9tiquette et les informations concernant le produit.<br \/>\nProduit conforme \u00e0 la l\u00e9gislation relative aux proc\u00e9d\u00e9s et aux produits utilis\u00e9s pour le nettoyage des mat\u00e9riaux et objets destin\u00e9s \u00e0 entrer en contact avec des denr\u00e9es, produits et boissons pour l\u2019alimentation de l\u2019homme et des animaux (Arr\u00eat\u00e9 du 08\/09\/1999 modifi\u00e9 le 19.12.2013). Rin\u00e7age obligatoire.<br \/>\nECOD\u00c9TERGENT certifi\u00e9 par ECOCERT Greenlife selon le r\u00e9f\u00e9rentiel ECOCERT disponible sur http:\/\/detergents.ecocert.com.<\/em><\/p>\n","protected":false},"excerpt":{"rendered":"<p>Nettoyant d\u00e9sinfectant d\u00e9graissant pr\u00eat \u00e0 l&#8217;emploi, \u00e0 base d&#8217;acide lactique. Ecodetergent Ecocert.<\/p>\n","protected":false},"featured_media":4903,"template":"","meta":[],"product_brand":[],"product_type":[2],"product_visibility":[],"product_cat":[4111,4174,4097,4128,4147,4143,4173,4100,4112,4127],"class_list":{"0":"post-3143","1":"product","2":"type-product","3":"status-publish","4":"has-post-thumbnail","6":"product_cat-produitsdesinfection","7":"product_cat-nouveautesdesinfection","8":"product_cat-produitsecocert","9":"product_cat-solentretien","10":"product_cat-marques-marquesidegreenidegreen","11":"product_cat-nouveautes","12":"product_cat-nouveautesproduits-verts","13":"product_cat-ecocertsurface","14":"product_cat-dsinfectionsurface","15":"product_cat-produitssurface-sol","16":"product_tag-bactericide","17":"product_tag-degraissant","18":"product_tag-desinfectant","19":"product_tag-ecocert","20":"product_tag-levuricide","21":"product_tag-nettoyant","22":"product_tag-polyvalent","23":"product_tag-pret-a-lemploi","24":"product_tag-pulverisation","25":"product_tag-spray","26":"product_tag-surface","27":"product_tag-tp2","28":"product_tag-tp4","30":"first","31":"instock","32":"shipping-taxable","33":"product-type-simple"},"yoast_head":"<!-- This site is optimized with the Yoast SEO plugin v24.7 - https:\/\/yoast.com\/wordpress\/plugins\/seo\/ -->\n<title>Respect&#039;Home\u00ae PAE Surface - Hydrachim<\/title>\n<meta name=\"robots\" content=\"noindex, follow, max-snippet:-1, max-image-preview:large, max-video-preview:-1\" \/>\n<meta property=\"og:locale\" content=\"en_US\" \/>\n<meta property=\"og:type\" content=\"article\" \/>\n<meta property=\"og:title\" content=\"Respect&#039;Home\u00ae PAE Surface - Hydrachim\" \/>\n<meta property=\"og:description\" content=\"Nettoyant d\u00e9sinfectant d\u00e9graissant pr\u00eat \u00e0 l&#039;emploi, \u00e0 base d&#039;acide lactique. Ecodetergent Ecocert.\" \/>\n<meta property=\"og:url\" content=\"https:\/\/staging.hydrachim.fr\/produit\/456\/\" \/>\n<meta property=\"og:site_name\" content=\"Hydrachim\" \/>\n<meta property=\"article:modified_time\" content=\"2019-10-14T13:44:55+00:00\" \/>\n<meta property=\"og:image\" content=\"https:\/\/staging.hydrachim.fr\/app\/uploads\/2019\/09\/1858_RESPECT-HOME-PAE-SURFACES_ECODETERGENT-ECOCERT_750ML.png\" \/>\n\t<meta property=\"og:image:width\" content=\"600\" \/>\n\t<meta property=\"og:image:height\" content=\"1196\" \/>\n\t<meta property=\"og:image:type\" content=\"image\/png\" \/>\n<meta name=\"twitter:card\" content=\"summary_large_image\" \/>\n<meta name=\"twitter:label1\" content=\"Est. reading time\" \/>\n\t<meta name=\"twitter:data1\" content=\"1 minute\" \/>\n<script type=\"application\/ld+json\" class=\"yoast-schema-graph\">{\"@context\":\"https:\/\/schema.org\",\"@graph\":[{\"@type\":\"WebPage\",\"@id\":\"https:\/\/staging.hydrachim.fr\/produit\/456\/\",\"url\":\"https:\/\/staging.hydrachim.fr\/produit\/456\/\",\"name\":\"Respect'Home\u00ae PAE Surface - Hydrachim\",\"isPartOf\":{\"@id\":\"https:\/\/staging.hydrachim.fr\/#website\"},\"primaryImageOfPage\":{\"@id\":\"https:\/\/staging.hydrachim.fr\/produit\/456\/#primaryimage\"},\"image\":{\"@id\":\"https:\/\/staging.hydrachim.fr\/produit\/456\/#primaryimage\"},\"thumbnailUrl\":\"https:\/\/staging.hydrachim.fr\/app\/uploads\/2019\/09\/1858_RESPECT-HOME-PAE-SURFACES_ECODETERGENT-ECOCERT_750ML.png\",\"datePublished\":\"2019-08-06T13:39:42+00:00\",\"dateModified\":\"2019-10-14T13:44:55+00:00\",\"breadcrumb\":{\"@id\":\"https:\/\/staging.hydrachim.fr\/produit\/456\/#breadcrumb\"},\"inLanguage\":\"en-US\",\"potentialAction\":[{\"@type\":\"ReadAction\",\"target\":[\"https:\/\/staging.hydrachim.fr\/produit\/456\/\"]}]},{\"@type\":\"ImageObject\",\"inLanguage\":\"en-US\",\"@id\":\"https:\/\/staging.hydrachim.fr\/produit\/456\/#primaryimage\",\"url\":\"https:\/\/staging.hydrachim.fr\/app\/uploads\/2019\/09\/1858_RESPECT-HOME-PAE-SURFACES_ECODETERGENT-ECOCERT_750ML.png\",\"contentUrl\":\"https:\/\/staging.hydrachim.fr\/app\/uploads\/2019\/09\/1858_RESPECT-HOME-PAE-SURFACES_ECODETERGENT-ECOCERT_750ML.png\",\"width\":600,\"height\":1196},{\"@type\":\"BreadcrumbList\",\"@id\":\"https:\/\/staging.hydrachim.fr\/produit\/456\/#breadcrumb\",\"itemListElement\":[{\"@type\":\"ListItem\",\"position\":1,\"name\":\"Home\",\"item\":\"https:\/\/staging.hydrachim.fr\/en\/\"},{\"@type\":\"ListItem\",\"position\":2,\"name\":\"Shop\",\"item\":\"https:\/\/staging.hydrachim.fr\/en\/shop\/\"},{\"@type\":\"ListItem\",\"position\":3,\"name\":\"Respect&rsquo;Home\u00ae PAE Surface\"}]},{\"@type\":\"WebSite\",\"@id\":\"https:\/\/staging.hydrachim.fr\/#website\",\"url\":\"https:\/\/staging.hydrachim.fr\/\",\"name\":\"Hydrachim\",\"description\":\"La science de l&#039;hygi\u00e8ne\",\"potentialAction\":[{\"@type\":\"SearchAction\",\"target\":{\"@type\":\"EntryPoint\",\"urlTemplate\":\"https:\/\/staging.hydrachim.fr\/?s={search_term_string}\"},\"query-input\":{\"@type\":\"PropertyValueSpecification\",\"valueRequired\":true,\"valueName\":\"search_term_string\"}}],\"inLanguage\":\"en-US\"}]}<\/script>\n<!-- \/ Yoast SEO plugin. -->","yoast_head_json":{"title":"Respect'Home\u00ae PAE Surface - Hydrachim","robots":{"index":"noindex","follow":"follow","max-snippet":"max-snippet:-1","max-image-preview":"max-image-preview:large","max-video-preview":"max-video-preview:-1"},"og_locale":"en_US","og_type":"article","og_title":"Respect'Home\u00ae PAE Surface - Hydrachim","og_description":"Nettoyant d\u00e9sinfectant d\u00e9graissant pr\u00eat \u00e0 l'emploi, \u00e0 base d'acide lactique. Ecodetergent Ecocert.","og_url":"https:\/\/staging.hydrachim.fr\/produit\/456\/","og_site_name":"Hydrachim","article_modified_time":"2019-10-14T13:44:55+00:00","og_image":[{"width":600,"height":1196,"url":"https:\/\/staging.hydrachim.fr\/app\/uploads\/2019\/09\/1858_RESPECT-HOME-PAE-SURFACES_ECODETERGENT-ECOCERT_750ML.png","type":"image\/png"}],"twitter_card":"summary_large_image","twitter_misc":{"Est. reading time":"1 minute"},"schema":{"@context":"https:\/\/schema.org","@graph":[{"@type":"WebPage","@id":"https:\/\/staging.hydrachim.fr\/produit\/456\/","url":"https:\/\/staging.hydrachim.fr\/produit\/456\/","name":"Respect'Home\u00ae PAE Surface - Hydrachim","isPartOf":{"@id":"https:\/\/staging.hydrachim.fr\/#website"},"primaryImageOfPage":{"@id":"https:\/\/staging.hydrachim.fr\/produit\/456\/#primaryimage"},"image":{"@id":"https:\/\/staging.hydrachim.fr\/produit\/456\/#primaryimage"},"thumbnailUrl":"https:\/\/staging.hydrachim.fr\/app\/uploads\/2019\/09\/1858_RESPECT-HOME-PAE-SURFACES_ECODETERGENT-ECOCERT_750ML.png","datePublished":"2019-08-06T13:39:42+00:00","dateModified":"2019-10-14T13:44:55+00:00","breadcrumb":{"@id":"https:\/\/staging.hydrachim.fr\/produit\/456\/#breadcrumb"},"inLanguage":"en-US","potentialAction":[{"@type":"ReadAction","target":["https:\/\/staging.hydrachim.fr\/produit\/456\/"]}]},{"@type":"ImageObject","inLanguage":"en-US","@id":"https:\/\/staging.hydrachim.fr\/produit\/456\/#primaryimage","url":"https:\/\/staging.hydrachim.fr\/app\/uploads\/2019\/09\/1858_RESPECT-HOME-PAE-SURFACES_ECODETERGENT-ECOCERT_750ML.png","contentUrl":"https:\/\/staging.hydrachim.fr\/app\/uploads\/2019\/09\/1858_RESPECT-HOME-PAE-SURFACES_ECODETERGENT-ECOCERT_750ML.png","width":600,"height":1196},{"@type":"BreadcrumbList","@id":"https:\/\/staging.hydrachim.fr\/produit\/456\/#breadcrumb","itemListElement":[{"@type":"ListItem","position":1,"name":"Home","item":"https:\/\/staging.hydrachim.fr\/en\/"},{"@type":"ListItem","position":2,"name":"Shop","item":"https:\/\/staging.hydrachim.fr\/en\/shop\/"},{"@type":"ListItem","position":3,"name":"Respect&rsquo;Home\u00ae PAE Surface"}]},{"@type":"WebSite","@id":"https:\/\/staging.hydrachim.fr\/#website","url":"https:\/\/staging.hydrachim.fr\/","name":"Hydrachim","description":"La science de l&#039;hygi\u00e8ne","potentialAction":[{"@type":"SearchAction","target":{"@type":"EntryPoint","urlTemplate":"https:\/\/staging.hydrachim.fr\/?s={search_term_string}"},"query-input":{"@type":"PropertyValueSpecification","valueRequired":true,"valueName":"search_term_string"}}],"inLanguage":"en-US"}]}},"acf":{"fiche_technique":"https:\/\/staging.hydrachim.fr\/app\/uploads\/2019\/09\/FT-1858-IDEGREEN-ECOCERT-RESPECT-HOME-PAE-SURFACE.pdf","fiche_methode":"https:\/\/staging.hydrachim.fr\/app\/uploads\/2019\/09\/1858-RESPECT-HOME-PAE-SURFACE-IDEGREEN-ECOCERT_h.pdf"},"_links":{"self":[{"href":"https:\/\/staging.hydrachim.fr\/en\/wp-json\/wp\/v2\/product\/3143","targetHints":{"allow":["GET"]}}],"collection":[{"href":"https:\/\/staging.hydrachim.fr\/en\/wp-json\/wp\/v2\/product"}],"about":[{"href":"https:\/\/staging.hydrachim.fr\/en\/wp-json\/wp\/v2\/types\/product"}],"wp:featuredmedia":[{"embeddable":true,"href":"https:\/\/staging.hydrachim.fr\/en\/wp-json\/wp\/v2\/media\/4903"}],"wp:attachment":[{"href":"https:\/\/staging.hydrachim.fr\/en\/wp-json\/wp\/v2\/media?parent=3143"}],"wp:term":[{"taxonomy":"product_brand","embeddable":true,"href":"https:\/\/staging.hydrachim.fr\/en\/wp-json\/wp\/v2\/product_brand?post=3143"},{"taxonomy":"product_type","embeddable":true,"href":"https:\/\/staging.hydrachim.fr\/en\/wp-json\/wp\/v2\/product_type?post=3143"},{"taxonomy":"product_visibility","embeddable":true,"href":"https:\/\/staging.hydrachim.fr\/en\/wp-json\/wp\/v2\/product_visibility?post=3143"},{"taxonomy":"product_cat","embeddable":true,"href":"https:\/\/staging.hydrachim.fr\/en\/wp-json\/wp\/v2\/product_cat?post=3143"}],"curies":[{"name":"wp","href":"https:\/\/api.w.org\/{rel}","templated":true}]}}