{"id":3146,"date":"2019-08-06T15:39:45","date_gmt":"2019-08-06T13:39:45","guid":{"rendered":"https:\/\/staging.hydrachim.fr\/product\/suprem-clip-odeur-parfum-marine\/"},"modified":"2019-10-10T12:21:35","modified_gmt":"2019-10-10T10:21:35","slug":"suprem-clip-odeur-parfum-marine","status":"publish","type":"product","link":"https:\/\/staging.hydrachim.fr\/en\/produit\/suprem-clip-odeur-parfum-marine\/","title":{"rendered":"Suprem&#8217; Clip Odeur parfum marine"},"content":{"rendered":"<p><strong>D\u00e9sodorisant pour les sanitaires.<\/strong><\/p>\n<p>D\u00e9sodorisant polyvalent pr\u00eat \u00e0 l&#8217;emploi. SUPREM&#8217; CLIP ODEUR est un d\u00e9sodorisant polyvalent qui parfume l&#8217;air en continu pendant 4 \u00e0 6 semaines selon l&#8217;environnement (selon l&#8217;a\u00e9ration).<br \/>\nSUPREM&#8217; CLIP ODEUR est un d\u00e9sodorisant multi-usages gr\u00e2ce \u00e0 son clip de fixation et \u00e0 son format discret.<\/p>\n<p><strong>Disponible en carton de 10 clips. R\u00e9f. 002221101<\/strong><\/p>\n<p class=\"y-product y-product__product-subtitle\">Avantage :<\/p>\n<p>Clip de fixation et format discret.<\/p>\n<p>Retrouvez le mode d&#8217;emploi et le dosage du produit en t\u00e9l\u00e9chargeant sa Fiche Technique.<\/p>\n<p><em>Avant toute utilisation, lire l&#8217;\u00e9tiquette et les informations concernant le produit.<\/em><\/p>\n","protected":false},"excerpt":{"rendered":"<p>Clip pour \u00e9liminer les mauvaises odeurs.<\/p>\n","protected":false},"featured_media":4751,"template":"","meta":[],"product_brand":[],"product_type":[2],"product_visibility":[],"product_cat":[4126,4145,4122],"class_list":{"0":"post-3146","1":"product","2":"type-product","3":"status-publish","4":"has-post-thumbnail","6":"product_cat-sanitaireodeur","7":"product_cat-marquesorlav","8":"product_cat-produitssanitaire","9":"product_tag-desodorisant","10":"product_tag-longue-duree","11":"product_tag-marine","12":"product_tag-odeur","13":"product_tag-parfum","15":"first","16":"instock","17":"shipping-taxable","18":"product-type-simple"},"yoast_head":"<!-- This site is optimized with the Yoast SEO plugin v24.7 - https:\/\/yoast.com\/wordpress\/plugins\/seo\/ -->\n<title>Suprem&#039; Clip Odeur parfum marine - Hydrachim<\/title>\n<meta name=\"robots\" content=\"noindex, follow, max-snippet:-1, max-image-preview:large, max-video-preview:-1\" \/>\n<meta property=\"og:locale\" content=\"en_US\" \/>\n<meta property=\"og:type\" content=\"article\" \/>\n<meta property=\"og:title\" content=\"Suprem&#039; Clip Odeur parfum marine - Hydrachim\" \/>\n<meta property=\"og:description\" content=\"Clip pour \u00e9liminer les mauvaises odeurs.\" \/>\n<meta property=\"og:url\" content=\"https:\/\/staging.hydrachim.fr\/produit\/suprem-clip-odeur-parfum-marine\/\" \/>\n<meta property=\"og:site_name\" content=\"Hydrachim\" \/>\n<meta property=\"article:modified_time\" content=\"2019-10-10T10:21:35+00:00\" \/>\n<meta property=\"og:image\" content=\"https:\/\/staging.hydrachim.fr\/app\/uploads\/2019\/09\/2214-Suprem-clip-odeur.png\" \/>\n\t<meta property=\"og:image:width\" content=\"600\" \/>\n\t<meta property=\"og:image:height\" content=\"429\" \/>\n\t<meta property=\"og:image:type\" content=\"image\/png\" \/>\n<meta name=\"twitter:card\" content=\"summary_large_image\" \/>\n<script type=\"application\/ld+json\" class=\"yoast-schema-graph\">{\"@context\":\"https:\/\/schema.org\",\"@graph\":[{\"@type\":\"WebPage\",\"@id\":\"https:\/\/staging.hydrachim.fr\/produit\/suprem-clip-odeur-parfum-marine\/\",\"url\":\"https:\/\/staging.hydrachim.fr\/produit\/suprem-clip-odeur-parfum-marine\/\",\"name\":\"Suprem' Clip Odeur parfum marine - Hydrachim\",\"isPartOf\":{\"@id\":\"https:\/\/staging.hydrachim.fr\/#website\"},\"primaryImageOfPage\":{\"@id\":\"https:\/\/staging.hydrachim.fr\/produit\/suprem-clip-odeur-parfum-marine\/#primaryimage\"},\"image\":{\"@id\":\"https:\/\/staging.hydrachim.fr\/produit\/suprem-clip-odeur-parfum-marine\/#primaryimage\"},\"thumbnailUrl\":\"https:\/\/staging.hydrachim.fr\/app\/uploads\/2019\/09\/2214-Suprem-clip-odeur.png\",\"datePublished\":\"2019-08-06T13:39:45+00:00\",\"dateModified\":\"2019-10-10T10:21:35+00:00\",\"breadcrumb\":{\"@id\":\"https:\/\/staging.hydrachim.fr\/produit\/suprem-clip-odeur-parfum-marine\/#breadcrumb\"},\"inLanguage\":\"en-US\",\"potentialAction\":[{\"@type\":\"ReadAction\",\"target\":[\"https:\/\/staging.hydrachim.fr\/produit\/suprem-clip-odeur-parfum-marine\/\"]}]},{\"@type\":\"ImageObject\",\"inLanguage\":\"en-US\",\"@id\":\"https:\/\/staging.hydrachim.fr\/produit\/suprem-clip-odeur-parfum-marine\/#primaryimage\",\"url\":\"https:\/\/staging.hydrachim.fr\/app\/uploads\/2019\/09\/2214-Suprem-clip-odeur.png\",\"contentUrl\":\"https:\/\/staging.hydrachim.fr\/app\/uploads\/2019\/09\/2214-Suprem-clip-odeur.png\",\"width\":600,\"height\":429},{\"@type\":\"BreadcrumbList\",\"@id\":\"https:\/\/staging.hydrachim.fr\/produit\/suprem-clip-odeur-parfum-marine\/#breadcrumb\",\"itemListElement\":[{\"@type\":\"ListItem\",\"position\":1,\"name\":\"Home\",\"item\":\"https:\/\/staging.hydrachim.fr\/en\/\"},{\"@type\":\"ListItem\",\"position\":2,\"name\":\"Shop\",\"item\":\"https:\/\/staging.hydrachim.fr\/en\/shop\/\"},{\"@type\":\"ListItem\",\"position\":3,\"name\":\"Suprem&rsquo; Clip Odeur parfum marine\"}]},{\"@type\":\"WebSite\",\"@id\":\"https:\/\/staging.hydrachim.fr\/#website\",\"url\":\"https:\/\/staging.hydrachim.fr\/\",\"name\":\"Hydrachim\",\"description\":\"La science de l&#039;hygi\u00e8ne\",\"potentialAction\":[{\"@type\":\"SearchAction\",\"target\":{\"@type\":\"EntryPoint\",\"urlTemplate\":\"https:\/\/staging.hydrachim.fr\/?s={search_term_string}\"},\"query-input\":{\"@type\":\"PropertyValueSpecification\",\"valueRequired\":true,\"valueName\":\"search_term_string\"}}],\"inLanguage\":\"en-US\"}]}<\/script>\n<!-- \/ Yoast SEO plugin. -->","yoast_head_json":{"title":"Suprem' Clip Odeur parfum marine - Hydrachim","robots":{"index":"noindex","follow":"follow","max-snippet":"max-snippet:-1","max-image-preview":"max-image-preview:large","max-video-preview":"max-video-preview:-1"},"og_locale":"en_US","og_type":"article","og_title":"Suprem' Clip Odeur parfum marine - Hydrachim","og_description":"Clip pour \u00e9liminer les mauvaises odeurs.","og_url":"https:\/\/staging.hydrachim.fr\/produit\/suprem-clip-odeur-parfum-marine\/","og_site_name":"Hydrachim","article_modified_time":"2019-10-10T10:21:35+00:00","og_image":[{"width":600,"height":429,"url":"https:\/\/staging.hydrachim.fr\/app\/uploads\/2019\/09\/2214-Suprem-clip-odeur.png","type":"image\/png"}],"twitter_card":"summary_large_image","schema":{"@context":"https:\/\/schema.org","@graph":[{"@type":"WebPage","@id":"https:\/\/staging.hydrachim.fr\/produit\/suprem-clip-odeur-parfum-marine\/","url":"https:\/\/staging.hydrachim.fr\/produit\/suprem-clip-odeur-parfum-marine\/","name":"Suprem' Clip Odeur parfum marine - Hydrachim","isPartOf":{"@id":"https:\/\/staging.hydrachim.fr\/#website"},"primaryImageOfPage":{"@id":"https:\/\/staging.hydrachim.fr\/produit\/suprem-clip-odeur-parfum-marine\/#primaryimage"},"image":{"@id":"https:\/\/staging.hydrachim.fr\/produit\/suprem-clip-odeur-parfum-marine\/#primaryimage"},"thumbnailUrl":"https:\/\/staging.hydrachim.fr\/app\/uploads\/2019\/09\/2214-Suprem-clip-odeur.png","datePublished":"2019-08-06T13:39:45+00:00","dateModified":"2019-10-10T10:21:35+00:00","breadcrumb":{"@id":"https:\/\/staging.hydrachim.fr\/produit\/suprem-clip-odeur-parfum-marine\/#breadcrumb"},"inLanguage":"en-US","potentialAction":[{"@type":"ReadAction","target":["https:\/\/staging.hydrachim.fr\/produit\/suprem-clip-odeur-parfum-marine\/"]}]},{"@type":"ImageObject","inLanguage":"en-US","@id":"https:\/\/staging.hydrachim.fr\/produit\/suprem-clip-odeur-parfum-marine\/#primaryimage","url":"https:\/\/staging.hydrachim.fr\/app\/uploads\/2019\/09\/2214-Suprem-clip-odeur.png","contentUrl":"https:\/\/staging.hydrachim.fr\/app\/uploads\/2019\/09\/2214-Suprem-clip-odeur.png","width":600,"height":429},{"@type":"BreadcrumbList","@id":"https:\/\/staging.hydrachim.fr\/produit\/suprem-clip-odeur-parfum-marine\/#breadcrumb","itemListElement":[{"@type":"ListItem","position":1,"name":"Home","item":"https:\/\/staging.hydrachim.fr\/en\/"},{"@type":"ListItem","position":2,"name":"Shop","item":"https:\/\/staging.hydrachim.fr\/en\/shop\/"},{"@type":"ListItem","position":3,"name":"Suprem&rsquo; Clip Odeur parfum marine"}]},{"@type":"WebSite","@id":"https:\/\/staging.hydrachim.fr\/#website","url":"https:\/\/staging.hydrachim.fr\/","name":"Hydrachim","description":"La science de l&#039;hygi\u00e8ne","potentialAction":[{"@type":"SearchAction","target":{"@type":"EntryPoint","urlTemplate":"https:\/\/staging.hydrachim.fr\/?s={search_term_string}"},"query-input":{"@type":"PropertyValueSpecification","valueRequired":true,"valueName":"search_term_string"}}],"inLanguage":"en-US"}]}},"acf":{"fiche_technique":"https:\/\/staging.hydrachim.fr\/app\/uploads\/2019\/09\/FT-2211-SUPREMCLIP-ODEUR.pdf","fiche_methode":""},"_links":{"self":[{"href":"https:\/\/staging.hydrachim.fr\/en\/wp-json\/wp\/v2\/product\/3146","targetHints":{"allow":["GET"]}}],"collection":[{"href":"https:\/\/staging.hydrachim.fr\/en\/wp-json\/wp\/v2\/product"}],"about":[{"href":"https:\/\/staging.hydrachim.fr\/en\/wp-json\/wp\/v2\/types\/product"}],"wp:featuredmedia":[{"embeddable":true,"href":"https:\/\/staging.hydrachim.fr\/en\/wp-json\/wp\/v2\/media\/4751"}],"wp:attachment":[{"href":"https:\/\/staging.hydrachim.fr\/en\/wp-json\/wp\/v2\/media?parent=3146"}],"wp:term":[{"taxonomy":"product_brand","embeddable":true,"href":"https:\/\/staging.hydrachim.fr\/en\/wp-json\/wp\/v2\/product_brand?post=3146"},{"taxonomy":"product_type","embeddable":true,"href":"https:\/\/staging.hydrachim.fr\/en\/wp-json\/wp\/v2\/product_type?post=3146"},{"taxonomy":"product_visibility","embeddable":true,"href":"https:\/\/staging.hydrachim.fr\/en\/wp-json\/wp\/v2\/product_visibility?post=3146"},{"taxonomy":"product_cat","embeddable":true,"href":"https:\/\/staging.hydrachim.fr\/en\/wp-json\/wp\/v2\/product_cat?post=3146"}],"curies":[{"name":"wp","href":"https:\/\/api.w.org\/{rel}","templated":true}]}}