{"id":3148,"date":"2019-08-06T15:39:47","date_gmt":"2019-08-06T13:39:47","guid":{"rendered":"https:\/\/staging.hydrachim.fr\/product\/jedor-spray-parfum-ambiance\/"},"modified":"2019-10-02T15:06:20","modified_gmt":"2019-10-02T13:06:20","slug":"jedor-spray-parfum-ambiance","status":"publish","type":"product","link":"https:\/\/staging.hydrachim.fr\/en\/produit\/jedor-spray-parfum-ambiance\/","title":{"rendered":"J\u00e9dor Spray Ambiance"},"content":{"rendered":"<p><strong>Spray d&#8217;ambiance surodorant.<br \/>\nTendance parfum\u00e9e : fra\u00eecheur.<\/strong><\/p>\n<p>J\u00e9dor spray parfum ambiance est un d\u00e9sodorisant pr\u00eat \u00e0 l&#8217;emploi hautement r\u00e9manent (la r\u00e9manence varie en fonction de la taille de la pi\u00e8ce, de la surface, de l&#8217;a\u00e9ration et du passage apr\u00e8s vaporisation). Il supprime les mauvaises odeurs en parfumant agr\u00e9ablement l&#8217;atmosph\u00e8re avec un frais parfum bois\u00e9. Il peut-\u00eatre utilis\u00e9 dans les lieux publics, les bars, les restaurants, les magasins, les entreprises, les maisons&#8230;<\/p>\n<p><strong>Disponible en carton de 6 x 500 mL. R\u00e9f.002514101<\/strong><\/p>\n<p class=\"y-product y-product__product-subtitle\">Avantage :<\/p>\n<p>Parfum frais et tr\u00e8s r\u00e9manent.<br \/>\nFabrication fran\u00e7aise.<\/p>\n<p>Retrouvez le mode d&#8217;emploi et le dosage du produit en t\u00e9l\u00e9chargeant sa Fiche Technique et\/ou sa Fiche M\u00e9thode.<\/p>\n<p><em>Avant toute utilisation, lire l&#8217;\u00e9tiquette et les informations concernant le produit.<\/em><\/p>\n","protected":false},"excerpt":{"rendered":"<p>D\u00e9sodorisant de l&#8217;air ambiant. Parfum hautement r\u00e9manent.<\/p>\n","protected":false},"featured_media":4908,"template":"","meta":[],"product_brand":[],"product_type":[2],"product_visibility":[],"product_cat":[4148,4132],"class_list":{"0":"post-3148","1":"product","2":"type-product","3":"status-publish","4":"has-post-thumbnail","6":"product_cat-marquesjdor","7":"product_cat-solodeur","8":"product_tag-ambiance","9":"product_tag-desodorisant","10":"product_tag-fraicheur","11":"product_tag-pret-a-lemploi","12":"product_tag-spray","13":"product_tag-surodorant","15":"first","16":"instock","17":"shipping-taxable","18":"product-type-simple"},"yoast_head":"<!-- This site is optimized with the Yoast SEO plugin v24.7 - https:\/\/yoast.com\/wordpress\/plugins\/seo\/ -->\n<title>J\u00e9dor Spray Ambiance - Hydrachim<\/title>\n<meta name=\"robots\" content=\"noindex, follow, max-snippet:-1, max-image-preview:large, max-video-preview:-1\" \/>\n<meta property=\"og:locale\" content=\"en_US\" \/>\n<meta property=\"og:type\" content=\"article\" \/>\n<meta property=\"og:title\" content=\"J\u00e9dor Spray Ambiance - Hydrachim\" \/>\n<meta property=\"og:description\" content=\"D\u00e9sodorisant de l&#039;air ambiant. Parfum hautement r\u00e9manent.\" \/>\n<meta property=\"og:url\" content=\"https:\/\/staging.hydrachim.fr\/produit\/jedor-spray-parfum-ambiance\/\" \/>\n<meta property=\"og:site_name\" content=\"Hydrachim\" \/>\n<meta property=\"article:modified_time\" content=\"2019-10-02T13:06:20+00:00\" \/>\n<meta property=\"og:image\" content=\"https:\/\/staging.hydrachim.fr\/app\/uploads\/2019\/09\/Spray-Jedor-SPRAY-AMBIANCE-500ML.png\" \/>\n\t<meta property=\"og:image:width\" content=\"1500\" \/>\n\t<meta property=\"og:image:height\" content=\"1071\" \/>\n\t<meta property=\"og:image:type\" content=\"image\/png\" \/>\n<meta name=\"twitter:card\" content=\"summary_large_image\" \/>\n<meta name=\"twitter:label1\" content=\"Est. reading time\" \/>\n\t<meta name=\"twitter:data1\" content=\"1 minute\" \/>\n<script type=\"application\/ld+json\" class=\"yoast-schema-graph\">{\"@context\":\"https:\/\/schema.org\",\"@graph\":[{\"@type\":\"WebPage\",\"@id\":\"https:\/\/staging.hydrachim.fr\/produit\/jedor-spray-parfum-ambiance\/\",\"url\":\"https:\/\/staging.hydrachim.fr\/produit\/jedor-spray-parfum-ambiance\/\",\"name\":\"J\u00e9dor Spray Ambiance - Hydrachim\",\"isPartOf\":{\"@id\":\"https:\/\/staging.hydrachim.fr\/#website\"},\"primaryImageOfPage\":{\"@id\":\"https:\/\/staging.hydrachim.fr\/produit\/jedor-spray-parfum-ambiance\/#primaryimage\"},\"image\":{\"@id\":\"https:\/\/staging.hydrachim.fr\/produit\/jedor-spray-parfum-ambiance\/#primaryimage\"},\"thumbnailUrl\":\"https:\/\/staging.hydrachim.fr\/app\/uploads\/2019\/09\/Spray-Jedor-SPRAY-AMBIANCE-500ML.png\",\"datePublished\":\"2019-08-06T13:39:47+00:00\",\"dateModified\":\"2019-10-02T13:06:20+00:00\",\"breadcrumb\":{\"@id\":\"https:\/\/staging.hydrachim.fr\/produit\/jedor-spray-parfum-ambiance\/#breadcrumb\"},\"inLanguage\":\"en-US\",\"potentialAction\":[{\"@type\":\"ReadAction\",\"target\":[\"https:\/\/staging.hydrachim.fr\/produit\/jedor-spray-parfum-ambiance\/\"]}]},{\"@type\":\"ImageObject\",\"inLanguage\":\"en-US\",\"@id\":\"https:\/\/staging.hydrachim.fr\/produit\/jedor-spray-parfum-ambiance\/#primaryimage\",\"url\":\"https:\/\/staging.hydrachim.fr\/app\/uploads\/2019\/09\/Spray-Jedor-SPRAY-AMBIANCE-500ML.png\",\"contentUrl\":\"https:\/\/staging.hydrachim.fr\/app\/uploads\/2019\/09\/Spray-Jedor-SPRAY-AMBIANCE-500ML.png\",\"width\":1500,\"height\":1071},{\"@type\":\"BreadcrumbList\",\"@id\":\"https:\/\/staging.hydrachim.fr\/produit\/jedor-spray-parfum-ambiance\/#breadcrumb\",\"itemListElement\":[{\"@type\":\"ListItem\",\"position\":1,\"name\":\"Home\",\"item\":\"https:\/\/staging.hydrachim.fr\/en\/\"},{\"@type\":\"ListItem\",\"position\":2,\"name\":\"Shop\",\"item\":\"https:\/\/staging.hydrachim.fr\/en\/shop\/\"},{\"@type\":\"ListItem\",\"position\":3,\"name\":\"J\u00e9dor Spray Ambiance\"}]},{\"@type\":\"WebSite\",\"@id\":\"https:\/\/staging.hydrachim.fr\/#website\",\"url\":\"https:\/\/staging.hydrachim.fr\/\",\"name\":\"Hydrachim\",\"description\":\"La science de l&#039;hygi\u00e8ne\",\"potentialAction\":[{\"@type\":\"SearchAction\",\"target\":{\"@type\":\"EntryPoint\",\"urlTemplate\":\"https:\/\/staging.hydrachim.fr\/?s={search_term_string}\"},\"query-input\":{\"@type\":\"PropertyValueSpecification\",\"valueRequired\":true,\"valueName\":\"search_term_string\"}}],\"inLanguage\":\"en-US\"}]}<\/script>\n<!-- \/ Yoast SEO plugin. -->","yoast_head_json":{"title":"J\u00e9dor Spray Ambiance - Hydrachim","robots":{"index":"noindex","follow":"follow","max-snippet":"max-snippet:-1","max-image-preview":"max-image-preview:large","max-video-preview":"max-video-preview:-1"},"og_locale":"en_US","og_type":"article","og_title":"J\u00e9dor Spray Ambiance - Hydrachim","og_description":"D\u00e9sodorisant de l'air ambiant. Parfum hautement r\u00e9manent.","og_url":"https:\/\/staging.hydrachim.fr\/produit\/jedor-spray-parfum-ambiance\/","og_site_name":"Hydrachim","article_modified_time":"2019-10-02T13:06:20+00:00","og_image":[{"width":1500,"height":1071,"url":"https:\/\/staging.hydrachim.fr\/app\/uploads\/2019\/09\/Spray-Jedor-SPRAY-AMBIANCE-500ML.png","type":"image\/png"}],"twitter_card":"summary_large_image","twitter_misc":{"Est. reading time":"1 minute"},"schema":{"@context":"https:\/\/schema.org","@graph":[{"@type":"WebPage","@id":"https:\/\/staging.hydrachim.fr\/produit\/jedor-spray-parfum-ambiance\/","url":"https:\/\/staging.hydrachim.fr\/produit\/jedor-spray-parfum-ambiance\/","name":"J\u00e9dor Spray Ambiance - Hydrachim","isPartOf":{"@id":"https:\/\/staging.hydrachim.fr\/#website"},"primaryImageOfPage":{"@id":"https:\/\/staging.hydrachim.fr\/produit\/jedor-spray-parfum-ambiance\/#primaryimage"},"image":{"@id":"https:\/\/staging.hydrachim.fr\/produit\/jedor-spray-parfum-ambiance\/#primaryimage"},"thumbnailUrl":"https:\/\/staging.hydrachim.fr\/app\/uploads\/2019\/09\/Spray-Jedor-SPRAY-AMBIANCE-500ML.png","datePublished":"2019-08-06T13:39:47+00:00","dateModified":"2019-10-02T13:06:20+00:00","breadcrumb":{"@id":"https:\/\/staging.hydrachim.fr\/produit\/jedor-spray-parfum-ambiance\/#breadcrumb"},"inLanguage":"en-US","potentialAction":[{"@type":"ReadAction","target":["https:\/\/staging.hydrachim.fr\/produit\/jedor-spray-parfum-ambiance\/"]}]},{"@type":"ImageObject","inLanguage":"en-US","@id":"https:\/\/staging.hydrachim.fr\/produit\/jedor-spray-parfum-ambiance\/#primaryimage","url":"https:\/\/staging.hydrachim.fr\/app\/uploads\/2019\/09\/Spray-Jedor-SPRAY-AMBIANCE-500ML.png","contentUrl":"https:\/\/staging.hydrachim.fr\/app\/uploads\/2019\/09\/Spray-Jedor-SPRAY-AMBIANCE-500ML.png","width":1500,"height":1071},{"@type":"BreadcrumbList","@id":"https:\/\/staging.hydrachim.fr\/produit\/jedor-spray-parfum-ambiance\/#breadcrumb","itemListElement":[{"@type":"ListItem","position":1,"name":"Home","item":"https:\/\/staging.hydrachim.fr\/en\/"},{"@type":"ListItem","position":2,"name":"Shop","item":"https:\/\/staging.hydrachim.fr\/en\/shop\/"},{"@type":"ListItem","position":3,"name":"J\u00e9dor Spray Ambiance"}]},{"@type":"WebSite","@id":"https:\/\/staging.hydrachim.fr\/#website","url":"https:\/\/staging.hydrachim.fr\/","name":"Hydrachim","description":"La science de l&#039;hygi\u00e8ne","potentialAction":[{"@type":"SearchAction","target":{"@type":"EntryPoint","urlTemplate":"https:\/\/staging.hydrachim.fr\/?s={search_term_string}"},"query-input":{"@type":"PropertyValueSpecification","valueRequired":true,"valueName":"search_term_string"}}],"inLanguage":"en-US"}]}},"acf":{"fiche_technique":"https:\/\/staging.hydrachim.fr\/app\/uploads\/2019\/09\/FT-JEDOR-SPRAY-FRAICHEUR.pdf","fiche_methode":"https:\/\/staging.hydrachim.fr\/app\/uploads\/2019\/09\/JEDOR-SRAY_SURODORANT_TENDANCE-FRAICHEUR.pdf"},"_links":{"self":[{"href":"https:\/\/staging.hydrachim.fr\/en\/wp-json\/wp\/v2\/product\/3148","targetHints":{"allow":["GET"]}}],"collection":[{"href":"https:\/\/staging.hydrachim.fr\/en\/wp-json\/wp\/v2\/product"}],"about":[{"href":"https:\/\/staging.hydrachim.fr\/en\/wp-json\/wp\/v2\/types\/product"}],"wp:featuredmedia":[{"embeddable":true,"href":"https:\/\/staging.hydrachim.fr\/en\/wp-json\/wp\/v2\/media\/4908"}],"wp:attachment":[{"href":"https:\/\/staging.hydrachim.fr\/en\/wp-json\/wp\/v2\/media?parent=3148"}],"wp:term":[{"taxonomy":"product_brand","embeddable":true,"href":"https:\/\/staging.hydrachim.fr\/en\/wp-json\/wp\/v2\/product_brand?post=3148"},{"taxonomy":"product_type","embeddable":true,"href":"https:\/\/staging.hydrachim.fr\/en\/wp-json\/wp\/v2\/product_type?post=3148"},{"taxonomy":"product_visibility","embeddable":true,"href":"https:\/\/staging.hydrachim.fr\/en\/wp-json\/wp\/v2\/product_visibility?post=3148"},{"taxonomy":"product_cat","embeddable":true,"href":"https:\/\/staging.hydrachim.fr\/en\/wp-json\/wp\/v2\/product_cat?post=3148"}],"curies":[{"name":"wp","href":"https:\/\/api.w.org\/{rel}","templated":true}]}}