{"id":3149,"date":"2019-08-06T15:39:48","date_gmt":"2019-08-06T13:39:48","guid":{"rendered":"https:\/\/staging.hydrachim.fr\/product\/lactiblue\/"},"modified":"2019-10-11T16:37:50","modified_gmt":"2019-10-11T14:37:50","slug":"lactiblue","status":"publish","type":"product","link":"https:\/\/staging.hydrachim.fr\/en\/produit\/lactiblue\/","title":{"rendered":"Lacti&#8217;blue"},"content":{"rendered":"<p><strong>Trempage d\u00e9sinfectant pour les trayons apr\u00e8s traite.<\/strong><\/p>\n<p>Lacti&#8217;Blue est un produit HAUTE PROTECTION dermoprotecteur qui pr\u00e9vient des ger\u00e7ures et des crevasses. Sa formule \u00e0 base d&#8217;acide naturel , permet une d\u00e9sinfection optimale des mamelles ; ses agents adoucissants et surgraissants permettent aux trayons de retrouver douceur et souplesse. La peau retrouve son \u00e9lasticit\u00e9 naturelle.<br \/>\nLacti&#8217;Blue adh\u00e8re parfaitement au trayon, gr\u00e2ce \u00e0 sa texture homog\u00e8ne \u00e9paissie, anti-goutte.<br \/>\nLacti&#8217;Blue est efficace sur les bact\u00e9ries responsables des mammites.<br \/>\nBact\u00e9ricide selon la norme EN 1656, en 5 minutes \u00e0 30\u00b0C, en condition de salet\u00e9. Levuricide sur Candida albicans selon la norme EN 1657, en 5 minutes \u00e0 30\u00b0C, en condition de salet\u00e9.<br \/>\nProduit utilisable en agriculture biologique conforme au (CE) 834\/2007 (et ses amendements).<\/p>\n<p><strong>Disponible en :<br \/>\n&#8211; bidon de 20kg R\u00e9f. 001158401,<br \/>\n&#8211; f\u00fbt de 60kg R\u00e9f. 001158402.<\/strong><\/p>\n<p class=\"y-product y-product__product-subtitle\">Avantage :<\/p>\n<p>Sa teinte bleu le rend visible d\u00e8s la r\u00e9alisation du trempage.<\/p>\n<p>Retrouvez le mode d&#8217;emploi et le dosage du produit en t\u00e9l\u00e9chargeant la Fiche Technique.<\/p>\n<p><em>Utilisez les biocides avec pr\u00e9caution. Avant toute utilisation, lisez l&#8217;\u00e9tiquette et les informations concernant le produit.<\/em><\/p>\n","protected":false},"excerpt":{"rendered":"<p>Trempage \u00e9pais apr\u00e8s traite.<\/p>\n","protected":false},"featured_media":2235,"template":"","meta":[],"product_brand":[],"product_type":[2],"product_visibility":[],"product_cat":[4154,3985],"class_list":{"0":"post-3149","1":"product","2":"type-product","3":"status-publish","4":"has-post-thumbnail","6":"product_cat-marqueshydrachim-elevage","7":"product_cat-hygiene-mamelle","8":"product_tag-adoucissant","9":"product_tag-agriculture-biologique","10":"product_tag-apres-traite","11":"product_tag-hygiene-des-mamelles","12":"product_tag-mamelle","13":"product_tag-pret-a-lemploi","14":"product_tag-tp3","15":"product_tag-trempage","17":"first","18":"instock","19":"shipping-taxable","20":"product-type-simple"},"yoast_head":"<!-- This site is optimized with the Yoast SEO plugin v24.7 - https:\/\/yoast.com\/wordpress\/plugins\/seo\/ -->\n<title>Lacti&#039;blue - Hydrachim<\/title>\n<meta name=\"robots\" content=\"noindex, follow, max-snippet:-1, max-image-preview:large, max-video-preview:-1\" \/>\n<meta property=\"og:locale\" content=\"en_US\" \/>\n<meta property=\"og:type\" content=\"article\" \/>\n<meta property=\"og:title\" content=\"Lacti&#039;blue - Hydrachim\" \/>\n<meta property=\"og:description\" content=\"Trempage \u00e9pais apr\u00e8s traite.\" \/>\n<meta property=\"og:url\" content=\"https:\/\/staging.hydrachim.fr\/produit\/lactiblue\/\" \/>\n<meta property=\"og:site_name\" content=\"Hydrachim\" \/>\n<meta property=\"article:modified_time\" content=\"2019-10-11T14:37:50+00:00\" \/>\n<meta property=\"og:image\" content=\"https:\/\/staging.hydrachim.fr\/app\/uploads\/2019\/08\/1584-LACTI-BLUE-20KG.jpg\" \/>\n\t<meta property=\"og:image:width\" content=\"600\" \/>\n\t<meta property=\"og:image:height\" content=\"835\" \/>\n\t<meta property=\"og:image:type\" content=\"image\/jpeg\" \/>\n<meta name=\"twitter:card\" content=\"summary_large_image\" \/>\n<meta name=\"twitter:label1\" content=\"Est. reading time\" \/>\n\t<meta name=\"twitter:data1\" content=\"1 minute\" \/>\n<script type=\"application\/ld+json\" class=\"yoast-schema-graph\">{\"@context\":\"https:\/\/schema.org\",\"@graph\":[{\"@type\":\"WebPage\",\"@id\":\"https:\/\/staging.hydrachim.fr\/produit\/lactiblue\/\",\"url\":\"https:\/\/staging.hydrachim.fr\/produit\/lactiblue\/\",\"name\":\"Lacti'blue - Hydrachim\",\"isPartOf\":{\"@id\":\"https:\/\/staging.hydrachim.fr\/#website\"},\"primaryImageOfPage\":{\"@id\":\"https:\/\/staging.hydrachim.fr\/produit\/lactiblue\/#primaryimage\"},\"image\":{\"@id\":\"https:\/\/staging.hydrachim.fr\/produit\/lactiblue\/#primaryimage\"},\"thumbnailUrl\":\"https:\/\/staging.hydrachim.fr\/app\/uploads\/2019\/08\/1584-LACTI-BLUE-20KG.jpg\",\"datePublished\":\"2019-08-06T13:39:48+00:00\",\"dateModified\":\"2019-10-11T14:37:50+00:00\",\"breadcrumb\":{\"@id\":\"https:\/\/staging.hydrachim.fr\/produit\/lactiblue\/#breadcrumb\"},\"inLanguage\":\"en-US\",\"potentialAction\":[{\"@type\":\"ReadAction\",\"target\":[\"https:\/\/staging.hydrachim.fr\/produit\/lactiblue\/\"]}]},{\"@type\":\"ImageObject\",\"inLanguage\":\"en-US\",\"@id\":\"https:\/\/staging.hydrachim.fr\/produit\/lactiblue\/#primaryimage\",\"url\":\"https:\/\/staging.hydrachim.fr\/app\/uploads\/2019\/08\/1584-LACTI-BLUE-20KG.jpg\",\"contentUrl\":\"https:\/\/staging.hydrachim.fr\/app\/uploads\/2019\/08\/1584-LACTI-BLUE-20KG.jpg\",\"width\":600,\"height\":835},{\"@type\":\"BreadcrumbList\",\"@id\":\"https:\/\/staging.hydrachim.fr\/produit\/lactiblue\/#breadcrumb\",\"itemListElement\":[{\"@type\":\"ListItem\",\"position\":1,\"name\":\"Home\",\"item\":\"https:\/\/staging.hydrachim.fr\/en\/\"},{\"@type\":\"ListItem\",\"position\":2,\"name\":\"Shop\",\"item\":\"https:\/\/staging.hydrachim.fr\/en\/shop\/\"},{\"@type\":\"ListItem\",\"position\":3,\"name\":\"Lacti&rsquo;blue\"}]},{\"@type\":\"WebSite\",\"@id\":\"https:\/\/staging.hydrachim.fr\/#website\",\"url\":\"https:\/\/staging.hydrachim.fr\/\",\"name\":\"Hydrachim\",\"description\":\"La science de l&#039;hygi\u00e8ne\",\"potentialAction\":[{\"@type\":\"SearchAction\",\"target\":{\"@type\":\"EntryPoint\",\"urlTemplate\":\"https:\/\/staging.hydrachim.fr\/?s={search_term_string}\"},\"query-input\":{\"@type\":\"PropertyValueSpecification\",\"valueRequired\":true,\"valueName\":\"search_term_string\"}}],\"inLanguage\":\"en-US\"}]}<\/script>\n<!-- \/ Yoast SEO plugin. -->","yoast_head_json":{"title":"Lacti'blue - Hydrachim","robots":{"index":"noindex","follow":"follow","max-snippet":"max-snippet:-1","max-image-preview":"max-image-preview:large","max-video-preview":"max-video-preview:-1"},"og_locale":"en_US","og_type":"article","og_title":"Lacti'blue - Hydrachim","og_description":"Trempage \u00e9pais apr\u00e8s traite.","og_url":"https:\/\/staging.hydrachim.fr\/produit\/lactiblue\/","og_site_name":"Hydrachim","article_modified_time":"2019-10-11T14:37:50+00:00","og_image":[{"width":600,"height":835,"url":"https:\/\/staging.hydrachim.fr\/app\/uploads\/2019\/08\/1584-LACTI-BLUE-20KG.jpg","type":"image\/jpeg"}],"twitter_card":"summary_large_image","twitter_misc":{"Est. reading time":"1 minute"},"schema":{"@context":"https:\/\/schema.org","@graph":[{"@type":"WebPage","@id":"https:\/\/staging.hydrachim.fr\/produit\/lactiblue\/","url":"https:\/\/staging.hydrachim.fr\/produit\/lactiblue\/","name":"Lacti'blue - Hydrachim","isPartOf":{"@id":"https:\/\/staging.hydrachim.fr\/#website"},"primaryImageOfPage":{"@id":"https:\/\/staging.hydrachim.fr\/produit\/lactiblue\/#primaryimage"},"image":{"@id":"https:\/\/staging.hydrachim.fr\/produit\/lactiblue\/#primaryimage"},"thumbnailUrl":"https:\/\/staging.hydrachim.fr\/app\/uploads\/2019\/08\/1584-LACTI-BLUE-20KG.jpg","datePublished":"2019-08-06T13:39:48+00:00","dateModified":"2019-10-11T14:37:50+00:00","breadcrumb":{"@id":"https:\/\/staging.hydrachim.fr\/produit\/lactiblue\/#breadcrumb"},"inLanguage":"en-US","potentialAction":[{"@type":"ReadAction","target":["https:\/\/staging.hydrachim.fr\/produit\/lactiblue\/"]}]},{"@type":"ImageObject","inLanguage":"en-US","@id":"https:\/\/staging.hydrachim.fr\/produit\/lactiblue\/#primaryimage","url":"https:\/\/staging.hydrachim.fr\/app\/uploads\/2019\/08\/1584-LACTI-BLUE-20KG.jpg","contentUrl":"https:\/\/staging.hydrachim.fr\/app\/uploads\/2019\/08\/1584-LACTI-BLUE-20KG.jpg","width":600,"height":835},{"@type":"BreadcrumbList","@id":"https:\/\/staging.hydrachim.fr\/produit\/lactiblue\/#breadcrumb","itemListElement":[{"@type":"ListItem","position":1,"name":"Home","item":"https:\/\/staging.hydrachim.fr\/en\/"},{"@type":"ListItem","position":2,"name":"Shop","item":"https:\/\/staging.hydrachim.fr\/en\/shop\/"},{"@type":"ListItem","position":3,"name":"Lacti&rsquo;blue"}]},{"@type":"WebSite","@id":"https:\/\/staging.hydrachim.fr\/#website","url":"https:\/\/staging.hydrachim.fr\/","name":"Hydrachim","description":"La science de l&#039;hygi\u00e8ne","potentialAction":[{"@type":"SearchAction","target":{"@type":"EntryPoint","urlTemplate":"https:\/\/staging.hydrachim.fr\/?s={search_term_string}"},"query-input":{"@type":"PropertyValueSpecification","valueRequired":true,"valueName":"search_term_string"}}],"inLanguage":"en-US"}]}},"acf":{"fiche_technique":"https:\/\/staging.hydrachim.fr\/app\/uploads\/2019\/10\/FT-1584-LACTIBLUE.pdf","fiche_methode":""},"_links":{"self":[{"href":"https:\/\/staging.hydrachim.fr\/en\/wp-json\/wp\/v2\/product\/3149","targetHints":{"allow":["GET"]}}],"collection":[{"href":"https:\/\/staging.hydrachim.fr\/en\/wp-json\/wp\/v2\/product"}],"about":[{"href":"https:\/\/staging.hydrachim.fr\/en\/wp-json\/wp\/v2\/types\/product"}],"wp:featuredmedia":[{"embeddable":true,"href":"https:\/\/staging.hydrachim.fr\/en\/wp-json\/wp\/v2\/media\/2235"}],"wp:attachment":[{"href":"https:\/\/staging.hydrachim.fr\/en\/wp-json\/wp\/v2\/media?parent=3149"}],"wp:term":[{"taxonomy":"product_brand","embeddable":true,"href":"https:\/\/staging.hydrachim.fr\/en\/wp-json\/wp\/v2\/product_brand?post=3149"},{"taxonomy":"product_type","embeddable":true,"href":"https:\/\/staging.hydrachim.fr\/en\/wp-json\/wp\/v2\/product_type?post=3149"},{"taxonomy":"product_visibility","embeddable":true,"href":"https:\/\/staging.hydrachim.fr\/en\/wp-json\/wp\/v2\/product_visibility?post=3149"},{"taxonomy":"product_cat","embeddable":true,"href":"https:\/\/staging.hydrachim.fr\/en\/wp-json\/wp\/v2\/product_cat?post=3149"}],"curies":[{"name":"wp","href":"https:\/\/api.w.org\/{rel}","templated":true}]}}