{"id":3150,"date":"2019-08-06T15:39:49","date_gmt":"2019-08-06T13:39:49","guid":{"rendered":"https:\/\/staging.hydrachim.fr\/product\/suprem-neutral-odeur\/"},"modified":"2019-10-10T14:02:07","modified_gmt":"2019-10-10T12:02:07","slug":"suprem-neutral-odeur","status":"publish","type":"product","link":"https:\/\/staging.hydrachim.fr\/en\/produit\/suprem-neutral-odeur\/","title":{"rendered":"J\u00e9dor Suprem&#8217;neutral Odeur Marine"},"content":{"rendered":"<p><strong>Neutralise les odeurs et diffuse dans l&#8217;air ses agents actifs naturels.<\/strong><\/p>\n<p>Biod\u00e9gradables, il neutralise les odeurs g\u00eanantes, telle que le tabac, cuisson, poubelles, toilettes, animaux, renferm\u00e9, moisissures, peintures.<\/p>\n<p><strong>Disponible en carton de 12 pots de 250 gr. R\u00e9f. 002221301<\/strong><\/p>\n<p class=\"y-product y-product__product-subtitle\">Avantage :<\/p>\n<p>Action permanente, de longue dur\u00e9e.<br \/>\nFabrication fran\u00e7aise.<\/p>\n<p>Retrouvez le mode d&#8217;emploi et le dosage du produit en t\u00e9l\u00e9chargeant sa Fiche Technique<\/p>\n<p><em>Avant toute utilisation, lire l&#8217;\u00e9tiquette et les informations concernant le produit.<\/em><\/p>\n","protected":false},"excerpt":{"rendered":"<p>Gel agissant par \u00e9vaporation en diffusant dans l&#8217;air un parfum marine.<\/p>\n","protected":false},"featured_media":2258,"template":"","meta":[],"product_brand":[],"product_type":[2],"product_visibility":[],"product_cat":[4148,4106,4132],"class_list":{"0":"post-3150","1":"product","2":"type-product","3":"status-publish","4":"has-post-thumbnail","6":"product_cat-marquesjdor","7":"product_cat-produitsnos-produits-zero-pictos","8":"product_cat-solodeur","9":"product_tag-desodorisant","10":"product_tag-gel","11":"product_tag-marine","12":"product_tag-neutralise","13":"product_tag-odeur","15":"first","16":"instock","17":"shipping-taxable","18":"product-type-simple"},"yoast_head":"<!-- This site is optimized with the Yoast SEO plugin v24.7 - https:\/\/yoast.com\/wordpress\/plugins\/seo\/ -->\n<title>J\u00e9dor Suprem&#039;neutral Odeur Marine - Hydrachim<\/title>\n<meta name=\"robots\" content=\"noindex, follow, max-snippet:-1, max-image-preview:large, max-video-preview:-1\" \/>\n<meta property=\"og:locale\" content=\"en_US\" \/>\n<meta property=\"og:type\" content=\"article\" \/>\n<meta property=\"og:title\" content=\"J\u00e9dor Suprem&#039;neutral Odeur Marine - Hydrachim\" \/>\n<meta property=\"og:description\" content=\"Gel agissant par \u00e9vaporation en diffusant dans l&#039;air un parfum marine.\" \/>\n<meta property=\"og:url\" content=\"https:\/\/staging.hydrachim.fr\/produit\/suprem-neutral-odeur\/\" \/>\n<meta property=\"og:site_name\" content=\"Hydrachim\" \/>\n<meta property=\"article:modified_time\" content=\"2019-10-10T12:02:07+00:00\" \/>\n<meta property=\"og:image\" content=\"https:\/\/staging.hydrachim.fr\/app\/uploads\/2019\/08\/2213-SUPREMNEUTRAL-ODEUR-PARFUM-MARINE-POTS-DE-250G.jpg\" \/>\n\t<meta property=\"og:image:width\" content=\"400\" \/>\n\t<meta property=\"og:image:height\" content=\"332\" \/>\n\t<meta property=\"og:image:type\" content=\"image\/jpeg\" \/>\n<meta name=\"twitter:card\" content=\"summary_large_image\" \/>\n<script type=\"application\/ld+json\" class=\"yoast-schema-graph\">{\"@context\":\"https:\/\/schema.org\",\"@graph\":[{\"@type\":\"WebPage\",\"@id\":\"https:\/\/staging.hydrachim.fr\/produit\/suprem-neutral-odeur\/\",\"url\":\"https:\/\/staging.hydrachim.fr\/produit\/suprem-neutral-odeur\/\",\"name\":\"J\u00e9dor Suprem'neutral Odeur Marine - Hydrachim\",\"isPartOf\":{\"@id\":\"https:\/\/staging.hydrachim.fr\/#website\"},\"primaryImageOfPage\":{\"@id\":\"https:\/\/staging.hydrachim.fr\/produit\/suprem-neutral-odeur\/#primaryimage\"},\"image\":{\"@id\":\"https:\/\/staging.hydrachim.fr\/produit\/suprem-neutral-odeur\/#primaryimage\"},\"thumbnailUrl\":\"https:\/\/staging.hydrachim.fr\/app\/uploads\/2019\/08\/2213-SUPREMNEUTRAL-ODEUR-PARFUM-MARINE-POTS-DE-250G.jpg\",\"datePublished\":\"2019-08-06T13:39:49+00:00\",\"dateModified\":\"2019-10-10T12:02:07+00:00\",\"breadcrumb\":{\"@id\":\"https:\/\/staging.hydrachim.fr\/produit\/suprem-neutral-odeur\/#breadcrumb\"},\"inLanguage\":\"en-US\",\"potentialAction\":[{\"@type\":\"ReadAction\",\"target\":[\"https:\/\/staging.hydrachim.fr\/produit\/suprem-neutral-odeur\/\"]}]},{\"@type\":\"ImageObject\",\"inLanguage\":\"en-US\",\"@id\":\"https:\/\/staging.hydrachim.fr\/produit\/suprem-neutral-odeur\/#primaryimage\",\"url\":\"https:\/\/staging.hydrachim.fr\/app\/uploads\/2019\/08\/2213-SUPREMNEUTRAL-ODEUR-PARFUM-MARINE-POTS-DE-250G.jpg\",\"contentUrl\":\"https:\/\/staging.hydrachim.fr\/app\/uploads\/2019\/08\/2213-SUPREMNEUTRAL-ODEUR-PARFUM-MARINE-POTS-DE-250G.jpg\",\"width\":400,\"height\":332},{\"@type\":\"BreadcrumbList\",\"@id\":\"https:\/\/staging.hydrachim.fr\/produit\/suprem-neutral-odeur\/#breadcrumb\",\"itemListElement\":[{\"@type\":\"ListItem\",\"position\":1,\"name\":\"Home\",\"item\":\"https:\/\/staging.hydrachim.fr\/en\/\"},{\"@type\":\"ListItem\",\"position\":2,\"name\":\"Shop\",\"item\":\"https:\/\/staging.hydrachim.fr\/en\/shop\/\"},{\"@type\":\"ListItem\",\"position\":3,\"name\":\"J\u00e9dor Suprem&rsquo;neutral Odeur Marine\"}]},{\"@type\":\"WebSite\",\"@id\":\"https:\/\/staging.hydrachim.fr\/#website\",\"url\":\"https:\/\/staging.hydrachim.fr\/\",\"name\":\"Hydrachim\",\"description\":\"La science de l&#039;hygi\u00e8ne\",\"potentialAction\":[{\"@type\":\"SearchAction\",\"target\":{\"@type\":\"EntryPoint\",\"urlTemplate\":\"https:\/\/staging.hydrachim.fr\/?s={search_term_string}\"},\"query-input\":{\"@type\":\"PropertyValueSpecification\",\"valueRequired\":true,\"valueName\":\"search_term_string\"}}],\"inLanguage\":\"en-US\"}]}<\/script>\n<!-- \/ Yoast SEO plugin. -->","yoast_head_json":{"title":"J\u00e9dor Suprem'neutral Odeur Marine - Hydrachim","robots":{"index":"noindex","follow":"follow","max-snippet":"max-snippet:-1","max-image-preview":"max-image-preview:large","max-video-preview":"max-video-preview:-1"},"og_locale":"en_US","og_type":"article","og_title":"J\u00e9dor Suprem'neutral Odeur Marine - Hydrachim","og_description":"Gel agissant par \u00e9vaporation en diffusant dans l'air un parfum marine.","og_url":"https:\/\/staging.hydrachim.fr\/produit\/suprem-neutral-odeur\/","og_site_name":"Hydrachim","article_modified_time":"2019-10-10T12:02:07+00:00","og_image":[{"width":400,"height":332,"url":"https:\/\/staging.hydrachim.fr\/app\/uploads\/2019\/08\/2213-SUPREMNEUTRAL-ODEUR-PARFUM-MARINE-POTS-DE-250G.jpg","type":"image\/jpeg"}],"twitter_card":"summary_large_image","schema":{"@context":"https:\/\/schema.org","@graph":[{"@type":"WebPage","@id":"https:\/\/staging.hydrachim.fr\/produit\/suprem-neutral-odeur\/","url":"https:\/\/staging.hydrachim.fr\/produit\/suprem-neutral-odeur\/","name":"J\u00e9dor Suprem'neutral Odeur Marine - Hydrachim","isPartOf":{"@id":"https:\/\/staging.hydrachim.fr\/#website"},"primaryImageOfPage":{"@id":"https:\/\/staging.hydrachim.fr\/produit\/suprem-neutral-odeur\/#primaryimage"},"image":{"@id":"https:\/\/staging.hydrachim.fr\/produit\/suprem-neutral-odeur\/#primaryimage"},"thumbnailUrl":"https:\/\/staging.hydrachim.fr\/app\/uploads\/2019\/08\/2213-SUPREMNEUTRAL-ODEUR-PARFUM-MARINE-POTS-DE-250G.jpg","datePublished":"2019-08-06T13:39:49+00:00","dateModified":"2019-10-10T12:02:07+00:00","breadcrumb":{"@id":"https:\/\/staging.hydrachim.fr\/produit\/suprem-neutral-odeur\/#breadcrumb"},"inLanguage":"en-US","potentialAction":[{"@type":"ReadAction","target":["https:\/\/staging.hydrachim.fr\/produit\/suprem-neutral-odeur\/"]}]},{"@type":"ImageObject","inLanguage":"en-US","@id":"https:\/\/staging.hydrachim.fr\/produit\/suprem-neutral-odeur\/#primaryimage","url":"https:\/\/staging.hydrachim.fr\/app\/uploads\/2019\/08\/2213-SUPREMNEUTRAL-ODEUR-PARFUM-MARINE-POTS-DE-250G.jpg","contentUrl":"https:\/\/staging.hydrachim.fr\/app\/uploads\/2019\/08\/2213-SUPREMNEUTRAL-ODEUR-PARFUM-MARINE-POTS-DE-250G.jpg","width":400,"height":332},{"@type":"BreadcrumbList","@id":"https:\/\/staging.hydrachim.fr\/produit\/suprem-neutral-odeur\/#breadcrumb","itemListElement":[{"@type":"ListItem","position":1,"name":"Home","item":"https:\/\/staging.hydrachim.fr\/en\/"},{"@type":"ListItem","position":2,"name":"Shop","item":"https:\/\/staging.hydrachim.fr\/en\/shop\/"},{"@type":"ListItem","position":3,"name":"J\u00e9dor Suprem&rsquo;neutral Odeur Marine"}]},{"@type":"WebSite","@id":"https:\/\/staging.hydrachim.fr\/#website","url":"https:\/\/staging.hydrachim.fr\/","name":"Hydrachim","description":"La science de l&#039;hygi\u00e8ne","potentialAction":[{"@type":"SearchAction","target":{"@type":"EntryPoint","urlTemplate":"https:\/\/staging.hydrachim.fr\/?s={search_term_string}"},"query-input":{"@type":"PropertyValueSpecification","valueRequired":true,"valueName":"search_term_string"}}],"inLanguage":"en-US"}]}},"acf":{"fiche_technique":"https:\/\/staging.hydrachim.fr\/app\/uploads\/2019\/10\/FT-2213_JEDOR-SUPREM-NEUTRAL-MARINE.pdf","fiche_methode":""},"_links":{"self":[{"href":"https:\/\/staging.hydrachim.fr\/en\/wp-json\/wp\/v2\/product\/3150","targetHints":{"allow":["GET"]}}],"collection":[{"href":"https:\/\/staging.hydrachim.fr\/en\/wp-json\/wp\/v2\/product"}],"about":[{"href":"https:\/\/staging.hydrachim.fr\/en\/wp-json\/wp\/v2\/types\/product"}],"wp:featuredmedia":[{"embeddable":true,"href":"https:\/\/staging.hydrachim.fr\/en\/wp-json\/wp\/v2\/media\/2258"}],"wp:attachment":[{"href":"https:\/\/staging.hydrachim.fr\/en\/wp-json\/wp\/v2\/media?parent=3150"}],"wp:term":[{"taxonomy":"product_brand","embeddable":true,"href":"https:\/\/staging.hydrachim.fr\/en\/wp-json\/wp\/v2\/product_brand?post=3150"},{"taxonomy":"product_type","embeddable":true,"href":"https:\/\/staging.hydrachim.fr\/en\/wp-json\/wp\/v2\/product_type?post=3150"},{"taxonomy":"product_visibility","embeddable":true,"href":"https:\/\/staging.hydrachim.fr\/en\/wp-json\/wp\/v2\/product_visibility?post=3150"},{"taxonomy":"product_cat","embeddable":true,"href":"https:\/\/staging.hydrachim.fr\/en\/wp-json\/wp\/v2\/product_cat?post=3150"}],"curies":[{"name":"wp","href":"https:\/\/api.w.org\/{rel}","templated":true}]}}