{"id":3155,"date":"2019-08-06T15:39:54","date_gmt":"2019-08-06T13:39:54","guid":{"rendered":"https:\/\/staging.hydrachim.fr\/product\/deterquat-ultra-dna\/"},"modified":"2019-10-14T16:15:20","modified_gmt":"2019-10-14T14:15:20","slug":"deterquat-ultra-dna","status":"publish","type":"product","link":"https:\/\/staging.hydrachim.fr\/en\/produit\/deterquat-ultra-dna\/","title":{"rendered":"Deterquat DNA"},"content":{"rendered":"<p><strong>D\u00e9graissant, Bact\u00e9ricide, Levuricide, Fongicide.<\/strong><\/p>\n<p>Le produit DETERQUAT DNA est un nettoyant, d\u00e9sinfectant, tout support pour le secteur de la transformation alimentaire artisanale et m\u00e9tiers de bouche.<br \/>\nLe DETERQUAT DNA est un produit bact\u00e9ricide en condition de salet\u00e9 \u00e0 1% selon la norme EN 1276 et EN 13697, en 5 minutes \u00e0 30\u00b0C. Levuricide en condition de salet\u00e9 \u00e0 2% selon la norme EN 1650 et EN 13697, en 15 minutes \u00e0 30\u00b0C.<br \/>\nFongicide en condition de salet\u00e9 \u00e0 3% selon la norme EN 1650 et EN 13697, en 15 minutes \u00e0 30\u00b0C.<\/p>\n<p><strong>Disponible en :<br \/>\n&#8211; Carton de 4 x 5L. R\u00e9f. 002043401<br \/>\n&#8211; Bidon de 10L. R\u00e9f. 002043406<br \/>\n&#8211; Bidon de 20L. R\u00e9f. 002043402<br \/>\n<\/strong><\/p>\n<p class=\"y-product y-product__product-subtitle\">Avantage :<\/p>\n<p>Pouvoir d\u00e9graissant renforc\u00e9.<\/p>\n<p>Retrouvez le mode d&#8217;emploi et le dosage du produit en t\u00e9l\u00e9chargeant, ci-dessous, sa Fiche Technique et\/ou sa Fiche M\u00e9thode.<\/p>\n<p><em>Utilisez les biocides avec pr\u00e9caution. Avant toute utilisation, lisez l&#8217;\u00e9tiquette et les informations concernant le produit.<\/em><\/p>\n","protected":false},"excerpt":{"rendered":"<p>D\u00e9terquat DNA<\/p>\n","protected":false},"featured_media":2253,"template":"","meta":[],"product_brand":[],"product_type":[2],"product_visibility":[],"product_cat":[4027,4116,4114,4174,4111,4151],"class_list":{"0":"post-3155","1":"product","2":"type-product","3":"status-publish","4":"has-post-thumbnail","6":"product_cat-agro-alimentaire-industrie","7":"product_cat-dsinfectionagro-alimentaire","8":"product_cat-dsinfectioncuisine","9":"product_cat-nouveautesdesinfection","10":"product_cat-produitsdesinfection","11":"product_cat-marquesdterquat","12":"product_tag-boucherie","13":"product_tag-charcuterie","14":"product_tag-degraissant","15":"product_tag-desinfectant","17":"first","18":"instock","19":"shipping-taxable","20":"product-type-simple"},"yoast_head":"<!-- This site is optimized with the Yoast SEO plugin v24.7 - https:\/\/yoast.com\/wordpress\/plugins\/seo\/ -->\n<title>Deterquat DNA - Hydrachim<\/title>\n<meta name=\"robots\" content=\"noindex, follow, max-snippet:-1, max-image-preview:large, max-video-preview:-1\" \/>\n<meta property=\"og:locale\" content=\"en_US\" \/>\n<meta property=\"og:type\" content=\"article\" \/>\n<meta property=\"og:title\" content=\"Deterquat DNA - Hydrachim\" \/>\n<meta property=\"og:description\" content=\"D\u00e9terquat DNA\" \/>\n<meta property=\"og:url\" content=\"https:\/\/staging.hydrachim.fr\/produit\/deterquat-ultra-dna\/\" \/>\n<meta property=\"og:site_name\" content=\"Hydrachim\" \/>\n<meta property=\"article:modified_time\" content=\"2019-10-14T14:15:20+00:00\" \/>\n<meta property=\"og:image\" content=\"https:\/\/staging.hydrachim.fr\/app\/uploads\/2019\/08\/0434-DETERQUAT-DNA-5L.jpg\" \/>\n\t<meta property=\"og:image:width\" content=\"400\" \/>\n\t<meta property=\"og:image:height\" content=\"580\" \/>\n\t<meta property=\"og:image:type\" content=\"image\/jpeg\" \/>\n<meta name=\"twitter:card\" content=\"summary_large_image\" \/>\n<meta name=\"twitter:label1\" content=\"Est. reading time\" \/>\n\t<meta name=\"twitter:data1\" content=\"1 minute\" \/>\n<script type=\"application\/ld+json\" class=\"yoast-schema-graph\">{\"@context\":\"https:\/\/schema.org\",\"@graph\":[{\"@type\":\"WebPage\",\"@id\":\"https:\/\/staging.hydrachim.fr\/produit\/deterquat-ultra-dna\/\",\"url\":\"https:\/\/staging.hydrachim.fr\/produit\/deterquat-ultra-dna\/\",\"name\":\"Deterquat DNA - Hydrachim\",\"isPartOf\":{\"@id\":\"https:\/\/staging.hydrachim.fr\/#website\"},\"primaryImageOfPage\":{\"@id\":\"https:\/\/staging.hydrachim.fr\/produit\/deterquat-ultra-dna\/#primaryimage\"},\"image\":{\"@id\":\"https:\/\/staging.hydrachim.fr\/produit\/deterquat-ultra-dna\/#primaryimage\"},\"thumbnailUrl\":\"https:\/\/staging.hydrachim.fr\/app\/uploads\/2019\/08\/0434-DETERQUAT-DNA-5L.jpg\",\"datePublished\":\"2019-08-06T13:39:54+00:00\",\"dateModified\":\"2019-10-14T14:15:20+00:00\",\"breadcrumb\":{\"@id\":\"https:\/\/staging.hydrachim.fr\/produit\/deterquat-ultra-dna\/#breadcrumb\"},\"inLanguage\":\"en-US\",\"potentialAction\":[{\"@type\":\"ReadAction\",\"target\":[\"https:\/\/staging.hydrachim.fr\/produit\/deterquat-ultra-dna\/\"]}]},{\"@type\":\"ImageObject\",\"inLanguage\":\"en-US\",\"@id\":\"https:\/\/staging.hydrachim.fr\/produit\/deterquat-ultra-dna\/#primaryimage\",\"url\":\"https:\/\/staging.hydrachim.fr\/app\/uploads\/2019\/08\/0434-DETERQUAT-DNA-5L.jpg\",\"contentUrl\":\"https:\/\/staging.hydrachim.fr\/app\/uploads\/2019\/08\/0434-DETERQUAT-DNA-5L.jpg\",\"width\":400,\"height\":580},{\"@type\":\"BreadcrumbList\",\"@id\":\"https:\/\/staging.hydrachim.fr\/produit\/deterquat-ultra-dna\/#breadcrumb\",\"itemListElement\":[{\"@type\":\"ListItem\",\"position\":1,\"name\":\"Home\",\"item\":\"https:\/\/staging.hydrachim.fr\/en\/\"},{\"@type\":\"ListItem\",\"position\":2,\"name\":\"Shop\",\"item\":\"https:\/\/staging.hydrachim.fr\/en\/shop\/\"},{\"@type\":\"ListItem\",\"position\":3,\"name\":\"Deterquat DNA\"}]},{\"@type\":\"WebSite\",\"@id\":\"https:\/\/staging.hydrachim.fr\/#website\",\"url\":\"https:\/\/staging.hydrachim.fr\/\",\"name\":\"Hydrachim\",\"description\":\"La science de l&#039;hygi\u00e8ne\",\"potentialAction\":[{\"@type\":\"SearchAction\",\"target\":{\"@type\":\"EntryPoint\",\"urlTemplate\":\"https:\/\/staging.hydrachim.fr\/?s={search_term_string}\"},\"query-input\":{\"@type\":\"PropertyValueSpecification\",\"valueRequired\":true,\"valueName\":\"search_term_string\"}}],\"inLanguage\":\"en-US\"}]}<\/script>\n<!-- \/ Yoast SEO plugin. -->","yoast_head_json":{"title":"Deterquat DNA - Hydrachim","robots":{"index":"noindex","follow":"follow","max-snippet":"max-snippet:-1","max-image-preview":"max-image-preview:large","max-video-preview":"max-video-preview:-1"},"og_locale":"en_US","og_type":"article","og_title":"Deterquat DNA - Hydrachim","og_description":"D\u00e9terquat DNA","og_url":"https:\/\/staging.hydrachim.fr\/produit\/deterquat-ultra-dna\/","og_site_name":"Hydrachim","article_modified_time":"2019-10-14T14:15:20+00:00","og_image":[{"width":400,"height":580,"url":"https:\/\/staging.hydrachim.fr\/app\/uploads\/2019\/08\/0434-DETERQUAT-DNA-5L.jpg","type":"image\/jpeg"}],"twitter_card":"summary_large_image","twitter_misc":{"Est. reading time":"1 minute"},"schema":{"@context":"https:\/\/schema.org","@graph":[{"@type":"WebPage","@id":"https:\/\/staging.hydrachim.fr\/produit\/deterquat-ultra-dna\/","url":"https:\/\/staging.hydrachim.fr\/produit\/deterquat-ultra-dna\/","name":"Deterquat DNA - Hydrachim","isPartOf":{"@id":"https:\/\/staging.hydrachim.fr\/#website"},"primaryImageOfPage":{"@id":"https:\/\/staging.hydrachim.fr\/produit\/deterquat-ultra-dna\/#primaryimage"},"image":{"@id":"https:\/\/staging.hydrachim.fr\/produit\/deterquat-ultra-dna\/#primaryimage"},"thumbnailUrl":"https:\/\/staging.hydrachim.fr\/app\/uploads\/2019\/08\/0434-DETERQUAT-DNA-5L.jpg","datePublished":"2019-08-06T13:39:54+00:00","dateModified":"2019-10-14T14:15:20+00:00","breadcrumb":{"@id":"https:\/\/staging.hydrachim.fr\/produit\/deterquat-ultra-dna\/#breadcrumb"},"inLanguage":"en-US","potentialAction":[{"@type":"ReadAction","target":["https:\/\/staging.hydrachim.fr\/produit\/deterquat-ultra-dna\/"]}]},{"@type":"ImageObject","inLanguage":"en-US","@id":"https:\/\/staging.hydrachim.fr\/produit\/deterquat-ultra-dna\/#primaryimage","url":"https:\/\/staging.hydrachim.fr\/app\/uploads\/2019\/08\/0434-DETERQUAT-DNA-5L.jpg","contentUrl":"https:\/\/staging.hydrachim.fr\/app\/uploads\/2019\/08\/0434-DETERQUAT-DNA-5L.jpg","width":400,"height":580},{"@type":"BreadcrumbList","@id":"https:\/\/staging.hydrachim.fr\/produit\/deterquat-ultra-dna\/#breadcrumb","itemListElement":[{"@type":"ListItem","position":1,"name":"Home","item":"https:\/\/staging.hydrachim.fr\/en\/"},{"@type":"ListItem","position":2,"name":"Shop","item":"https:\/\/staging.hydrachim.fr\/en\/shop\/"},{"@type":"ListItem","position":3,"name":"Deterquat DNA"}]},{"@type":"WebSite","@id":"https:\/\/staging.hydrachim.fr\/#website","url":"https:\/\/staging.hydrachim.fr\/","name":"Hydrachim","description":"La science de l&#039;hygi\u00e8ne","potentialAction":[{"@type":"SearchAction","target":{"@type":"EntryPoint","urlTemplate":"https:\/\/staging.hydrachim.fr\/?s={search_term_string}"},"query-input":{"@type":"PropertyValueSpecification","valueRequired":true,"valueName":"search_term_string"}}],"inLanguage":"en-US"}]}},"acf":{"fiche_technique":"https:\/\/staging.hydrachim.fr\/app\/uploads\/2019\/10\/FT_0434_DETERQUAT_DNA.pdf","fiche_methode":"https:\/\/staging.hydrachim.fr\/app\/uploads\/2019\/10\/0434__DETERQUAT_DNA___DETERQUAT.pdf"},"_links":{"self":[{"href":"https:\/\/staging.hydrachim.fr\/en\/wp-json\/wp\/v2\/product\/3155","targetHints":{"allow":["GET"]}}],"collection":[{"href":"https:\/\/staging.hydrachim.fr\/en\/wp-json\/wp\/v2\/product"}],"about":[{"href":"https:\/\/staging.hydrachim.fr\/en\/wp-json\/wp\/v2\/types\/product"}],"wp:featuredmedia":[{"embeddable":true,"href":"https:\/\/staging.hydrachim.fr\/en\/wp-json\/wp\/v2\/media\/2253"}],"wp:attachment":[{"href":"https:\/\/staging.hydrachim.fr\/en\/wp-json\/wp\/v2\/media?parent=3155"}],"wp:term":[{"taxonomy":"product_brand","embeddable":true,"href":"https:\/\/staging.hydrachim.fr\/en\/wp-json\/wp\/v2\/product_brand?post=3155"},{"taxonomy":"product_type","embeddable":true,"href":"https:\/\/staging.hydrachim.fr\/en\/wp-json\/wp\/v2\/product_type?post=3155"},{"taxonomy":"product_visibility","embeddable":true,"href":"https:\/\/staging.hydrachim.fr\/en\/wp-json\/wp\/v2\/product_visibility?post=3155"},{"taxonomy":"product_cat","embeddable":true,"href":"https:\/\/staging.hydrachim.fr\/en\/wp-json\/wp\/v2\/product_cat?post=3155"}],"curies":[{"name":"wp","href":"https:\/\/api.w.org\/{rel}","templated":true}]}}