{"id":3163,"date":"2019-08-06T15:40:03","date_gmt":"2019-08-06T13:40:03","guid":{"rendered":"https:\/\/staging.hydrachim.fr\/product\/gel-wc-detartrant-3-en-1\/"},"modified":"2019-10-11T09:12:45","modified_gmt":"2019-10-11T07:12:45","slug":"gel-wc-detartrant-3-en-1","status":"publish","type":"product","link":"https:\/\/staging.hydrachim.fr\/en\/produit\/gel-wc-detartrant-3-en-1\/","title":{"rendered":"Gel WC d\u00e9tartrant 3 en 1"},"content":{"rendered":"<p><strong>Nettoyant, D\u00e9tartrant, Surodorant longue dur\u00e9e &#8211; Eucalyptus<\/strong><\/p>\n<p>Gel de couleur vert tr\u00e8s parfum\u00e9 pour le nettoyage et le d\u00e9tartrage des cuvettes de WC.<br \/>\nLa forme du flacon (bec canard 750 mL) facilite l&#8217;action sous les rebords.<br \/>\nLa composition du produit assure la dissolution du tartre m\u00eame le plus ancien et laisse un parfum longue dur\u00e9e.<br \/>\nLes agents mouillants permettent un \u00e9talement uniforme du produit et un nettoyage parfait.<br \/>\nBonne adh\u00e9rence aux parois pour un d\u00e9tartrage prolong\u00e9 si n\u00e9cessaire.<\/p>\n<p><strong>Disponible en carton de 6 x 750mL. R\u00e9f. 002050701<br \/>\n<\/strong><\/p>\n<p class=\"y-product y-product__product-subtitle\">Avantage :<\/p>\n<p>Sans danger pour les fosses sceptiques.<\/p>\n<p>Retrouvez le mode d&#8217;emploi et le dosage du produit en t\u00e9l\u00e9chargeant, ci-dessous, sa Fiche Technique et\/ou sa Fiche M\u00e9thode.<\/p>\n<p><em>Avant toute utilisation, lisez l&#8217;\u00e9tiquette et les informations concernant le produit.<\/em><\/p>\n","protected":false},"excerpt":{"rendered":"<p>Nettoyage et le d\u00e9tartrage des cuvettes de WC.<\/p>\n","protected":false},"featured_media":5511,"template":"","meta":[],"product_brand":[],"product_type":[2],"product_visibility":[],"product_cat":[4145,4122,4123],"class_list":{"0":"post-3163","1":"product","2":"type-product","3":"status-publish","4":"has-post-thumbnail","6":"product_cat-marquesorlav","7":"product_cat-produitssanitaire","8":"product_cat-sanitairewc","9":"product_tag-eucalyptus","10":"product_tag-longue-duree","11":"product_tag-nettoyant","12":"product_tag-parfum","13":"product_tag-surodorant","15":"first","16":"instock","17":"shipping-taxable","18":"product-type-simple"},"yoast_head":"<!-- This site is optimized with the Yoast SEO plugin v24.7 - https:\/\/yoast.com\/wordpress\/plugins\/seo\/ -->\n<title>Gel WC d\u00e9tartrant 3 en 1 - Hydrachim<\/title>\n<meta name=\"robots\" content=\"noindex, follow, max-snippet:-1, max-image-preview:large, max-video-preview:-1\" \/>\n<meta property=\"og:locale\" content=\"en_US\" \/>\n<meta property=\"og:type\" content=\"article\" \/>\n<meta property=\"og:title\" content=\"Gel WC d\u00e9tartrant 3 en 1 - Hydrachim\" \/>\n<meta property=\"og:description\" content=\"Nettoyage et le d\u00e9tartrage des cuvettes de WC.\" \/>\n<meta property=\"og:url\" content=\"https:\/\/staging.hydrachim.fr\/produit\/gel-wc-detartrant-3-en-1\/\" \/>\n<meta property=\"og:site_name\" content=\"Hydrachim\" \/>\n<meta property=\"article:modified_time\" content=\"2019-10-11T07:12:45+00:00\" \/>\n<meta property=\"og:image\" content=\"https:\/\/staging.hydrachim.fr\/app\/uploads\/2019\/10\/0507_ORLAV_GEL_WC_DETARTRANT_PARFUM_LONGUE_DUREE2.png\" \/>\n\t<meta property=\"og:image:width\" content=\"600\" \/>\n\t<meta property=\"og:image:height\" content=\"910\" \/>\n\t<meta property=\"og:image:type\" content=\"image\/png\" \/>\n<meta name=\"twitter:card\" content=\"summary_large_image\" \/>\n<meta name=\"twitter:label1\" content=\"Est. reading time\" \/>\n\t<meta name=\"twitter:data1\" content=\"1 minute\" \/>\n<script type=\"application\/ld+json\" class=\"yoast-schema-graph\">{\"@context\":\"https:\/\/schema.org\",\"@graph\":[{\"@type\":\"WebPage\",\"@id\":\"https:\/\/staging.hydrachim.fr\/produit\/gel-wc-detartrant-3-en-1\/\",\"url\":\"https:\/\/staging.hydrachim.fr\/produit\/gel-wc-detartrant-3-en-1\/\",\"name\":\"Gel WC d\u00e9tartrant 3 en 1 - Hydrachim\",\"isPartOf\":{\"@id\":\"https:\/\/staging.hydrachim.fr\/#website\"},\"primaryImageOfPage\":{\"@id\":\"https:\/\/staging.hydrachim.fr\/produit\/gel-wc-detartrant-3-en-1\/#primaryimage\"},\"image\":{\"@id\":\"https:\/\/staging.hydrachim.fr\/produit\/gel-wc-detartrant-3-en-1\/#primaryimage\"},\"thumbnailUrl\":\"https:\/\/staging.hydrachim.fr\/app\/uploads\/2019\/10\/0507_ORLAV_GEL_WC_DETARTRANT_PARFUM_LONGUE_DUREE2.png\",\"datePublished\":\"2019-08-06T13:40:03+00:00\",\"dateModified\":\"2019-10-11T07:12:45+00:00\",\"breadcrumb\":{\"@id\":\"https:\/\/staging.hydrachim.fr\/produit\/gel-wc-detartrant-3-en-1\/#breadcrumb\"},\"inLanguage\":\"en-US\",\"potentialAction\":[{\"@type\":\"ReadAction\",\"target\":[\"https:\/\/staging.hydrachim.fr\/produit\/gel-wc-detartrant-3-en-1\/\"]}]},{\"@type\":\"ImageObject\",\"inLanguage\":\"en-US\",\"@id\":\"https:\/\/staging.hydrachim.fr\/produit\/gel-wc-detartrant-3-en-1\/#primaryimage\",\"url\":\"https:\/\/staging.hydrachim.fr\/app\/uploads\/2019\/10\/0507_ORLAV_GEL_WC_DETARTRANT_PARFUM_LONGUE_DUREE2.png\",\"contentUrl\":\"https:\/\/staging.hydrachim.fr\/app\/uploads\/2019\/10\/0507_ORLAV_GEL_WC_DETARTRANT_PARFUM_LONGUE_DUREE2.png\",\"width\":600,\"height\":910},{\"@type\":\"BreadcrumbList\",\"@id\":\"https:\/\/staging.hydrachim.fr\/produit\/gel-wc-detartrant-3-en-1\/#breadcrumb\",\"itemListElement\":[{\"@type\":\"ListItem\",\"position\":1,\"name\":\"Home\",\"item\":\"https:\/\/staging.hydrachim.fr\/en\/\"},{\"@type\":\"ListItem\",\"position\":2,\"name\":\"Shop\",\"item\":\"https:\/\/staging.hydrachim.fr\/en\/shop\/\"},{\"@type\":\"ListItem\",\"position\":3,\"name\":\"Gel WC d\u00e9tartrant 3 en 1\"}]},{\"@type\":\"WebSite\",\"@id\":\"https:\/\/staging.hydrachim.fr\/#website\",\"url\":\"https:\/\/staging.hydrachim.fr\/\",\"name\":\"Hydrachim\",\"description\":\"La science de l&#039;hygi\u00e8ne\",\"potentialAction\":[{\"@type\":\"SearchAction\",\"target\":{\"@type\":\"EntryPoint\",\"urlTemplate\":\"https:\/\/staging.hydrachim.fr\/?s={search_term_string}\"},\"query-input\":{\"@type\":\"PropertyValueSpecification\",\"valueRequired\":true,\"valueName\":\"search_term_string\"}}],\"inLanguage\":\"en-US\"}]}<\/script>\n<!-- \/ Yoast SEO plugin. -->","yoast_head_json":{"title":"Gel WC d\u00e9tartrant 3 en 1 - Hydrachim","robots":{"index":"noindex","follow":"follow","max-snippet":"max-snippet:-1","max-image-preview":"max-image-preview:large","max-video-preview":"max-video-preview:-1"},"og_locale":"en_US","og_type":"article","og_title":"Gel WC d\u00e9tartrant 3 en 1 - Hydrachim","og_description":"Nettoyage et le d\u00e9tartrage des cuvettes de WC.","og_url":"https:\/\/staging.hydrachim.fr\/produit\/gel-wc-detartrant-3-en-1\/","og_site_name":"Hydrachim","article_modified_time":"2019-10-11T07:12:45+00:00","og_image":[{"width":600,"height":910,"url":"https:\/\/staging.hydrachim.fr\/app\/uploads\/2019\/10\/0507_ORLAV_GEL_WC_DETARTRANT_PARFUM_LONGUE_DUREE2.png","type":"image\/png"}],"twitter_card":"summary_large_image","twitter_misc":{"Est. reading time":"1 minute"},"schema":{"@context":"https:\/\/schema.org","@graph":[{"@type":"WebPage","@id":"https:\/\/staging.hydrachim.fr\/produit\/gel-wc-detartrant-3-en-1\/","url":"https:\/\/staging.hydrachim.fr\/produit\/gel-wc-detartrant-3-en-1\/","name":"Gel WC d\u00e9tartrant 3 en 1 - Hydrachim","isPartOf":{"@id":"https:\/\/staging.hydrachim.fr\/#website"},"primaryImageOfPage":{"@id":"https:\/\/staging.hydrachim.fr\/produit\/gel-wc-detartrant-3-en-1\/#primaryimage"},"image":{"@id":"https:\/\/staging.hydrachim.fr\/produit\/gel-wc-detartrant-3-en-1\/#primaryimage"},"thumbnailUrl":"https:\/\/staging.hydrachim.fr\/app\/uploads\/2019\/10\/0507_ORLAV_GEL_WC_DETARTRANT_PARFUM_LONGUE_DUREE2.png","datePublished":"2019-08-06T13:40:03+00:00","dateModified":"2019-10-11T07:12:45+00:00","breadcrumb":{"@id":"https:\/\/staging.hydrachim.fr\/produit\/gel-wc-detartrant-3-en-1\/#breadcrumb"},"inLanguage":"en-US","potentialAction":[{"@type":"ReadAction","target":["https:\/\/staging.hydrachim.fr\/produit\/gel-wc-detartrant-3-en-1\/"]}]},{"@type":"ImageObject","inLanguage":"en-US","@id":"https:\/\/staging.hydrachim.fr\/produit\/gel-wc-detartrant-3-en-1\/#primaryimage","url":"https:\/\/staging.hydrachim.fr\/app\/uploads\/2019\/10\/0507_ORLAV_GEL_WC_DETARTRANT_PARFUM_LONGUE_DUREE2.png","contentUrl":"https:\/\/staging.hydrachim.fr\/app\/uploads\/2019\/10\/0507_ORLAV_GEL_WC_DETARTRANT_PARFUM_LONGUE_DUREE2.png","width":600,"height":910},{"@type":"BreadcrumbList","@id":"https:\/\/staging.hydrachim.fr\/produit\/gel-wc-detartrant-3-en-1\/#breadcrumb","itemListElement":[{"@type":"ListItem","position":1,"name":"Home","item":"https:\/\/staging.hydrachim.fr\/en\/"},{"@type":"ListItem","position":2,"name":"Shop","item":"https:\/\/staging.hydrachim.fr\/en\/shop\/"},{"@type":"ListItem","position":3,"name":"Gel WC d\u00e9tartrant 3 en 1"}]},{"@type":"WebSite","@id":"https:\/\/staging.hydrachim.fr\/#website","url":"https:\/\/staging.hydrachim.fr\/","name":"Hydrachim","description":"La science de l&#039;hygi\u00e8ne","potentialAction":[{"@type":"SearchAction","target":{"@type":"EntryPoint","urlTemplate":"https:\/\/staging.hydrachim.fr\/?s={search_term_string}"},"query-input":{"@type":"PropertyValueSpecification","valueRequired":true,"valueName":"search_term_string"}}],"inLanguage":"en-US"}]}},"acf":{"fiche_technique":"https:\/\/staging.hydrachim.fr\/app\/uploads\/2019\/09\/FT-0507-GEL-WC-DETARTRANT-3-en-1.pdf","fiche_methode":"https:\/\/staging.hydrachim.fr\/app\/uploads\/2019\/09\/0507-GEL-WC-DETARTRANT-PARFUM-LONGUE-DUREE.pdf"},"_links":{"self":[{"href":"https:\/\/staging.hydrachim.fr\/en\/wp-json\/wp\/v2\/product\/3163","targetHints":{"allow":["GET"]}}],"collection":[{"href":"https:\/\/staging.hydrachim.fr\/en\/wp-json\/wp\/v2\/product"}],"about":[{"href":"https:\/\/staging.hydrachim.fr\/en\/wp-json\/wp\/v2\/types\/product"}],"wp:featuredmedia":[{"embeddable":true,"href":"https:\/\/staging.hydrachim.fr\/en\/wp-json\/wp\/v2\/media\/5511"}],"wp:attachment":[{"href":"https:\/\/staging.hydrachim.fr\/en\/wp-json\/wp\/v2\/media?parent=3163"}],"wp:term":[{"taxonomy":"product_brand","embeddable":true,"href":"https:\/\/staging.hydrachim.fr\/en\/wp-json\/wp\/v2\/product_brand?post=3163"},{"taxonomy":"product_type","embeddable":true,"href":"https:\/\/staging.hydrachim.fr\/en\/wp-json\/wp\/v2\/product_type?post=3163"},{"taxonomy":"product_visibility","embeddable":true,"href":"https:\/\/staging.hydrachim.fr\/en\/wp-json\/wp\/v2\/product_visibility?post=3163"},{"taxonomy":"product_cat","embeddable":true,"href":"https:\/\/staging.hydrachim.fr\/en\/wp-json\/wp\/v2\/product_cat?post=3163"}],"curies":[{"name":"wp","href":"https:\/\/api.w.org\/{rel}","templated":true}]}}