{"id":3164,"date":"2019-08-06T15:40:04","date_gmt":"2019-08-06T13:40:04","guid":{"rendered":"https:\/\/staging.hydrachim.fr\/product\/bi-guard-dc\/"},"modified":"2019-10-07T17:18:55","modified_gmt":"2019-10-07T15:18:55","slug":"bi-guard-dc","status":"publish","type":"product","link":"https:\/\/staging.hydrachim.fr\/en\/produit\/bi-guard-dc\/","title":{"rendered":"BI GUARD DC"},"content":{"rendered":"<p><strong>BI-GUARD DC est un trempage actif \u00e9pais post-traite Bi-Phasique.<\/strong><\/p>\n<p>BI-GUARD DC est un d\u00e9sinfectant des trayons apr\u00e8s la traite.<br \/>\nIl est bas\u00e9 sur le m\u00e9lange de deux produits (BI-GUARD DCA + BI-GUARD DCB) qui une fois m\u00e9lang\u00e9s g\u00e9n\u00e8rent du dioxyde de chlore. Le m\u00e9lange est STABLE jusqu&#8217;\u00e0 7 jours et peut ainsi s&#8217;utiliser plusieurs jours.<br \/>\nBI-GUARD DC agit comme une protection contre les contaminations bact\u00e9riennes entrant par le sphincter, les microorganismes.<br \/>\nApplication manuelle ou en dosage automatique.<\/p>\n<p><strong>Disponible en 20kg, produits \u00e0 m\u00e9langer :<br \/>\n&#8211; bidon de 20kg Bi-GUARD DCA R\u00e9f. 001050402<br \/>\n&#8211; bidon de 20kg Bi-GUARD DCB R\u00e9f. 001050502<\/strong><\/p>\n<p class=\"y-product y-product__product-subtitle\">Avantage :<\/p>\n<p>Dioxyde de chlore g\u00e9n\u00e9r\u00e9 in situ et stable pendant 7 jours apr\u00e8s m\u00e9lange.<\/p>\n<p>Retrouvez le mode d&#8217;emploi et le dosage du produit en t\u00e9l\u00e9chargeant, ci-dessous, sa Fiche Technique<\/p>\n<p><em>Utilisez les biocides avec pr\u00e9caution. Avant toute utilisation, lisez l&#8217;\u00e9tiquette et les informations concernant le produit.<\/em><\/p>\n","protected":false},"excerpt":{"rendered":"<p>BI-GUARD DC est un d\u00e9sinfectant des trayons apr\u00e8s la traite.<\/p>\n","protected":false},"featured_media":5331,"template":"","meta":[],"product_brand":[],"product_type":[2],"product_visibility":[],"product_cat":[3979,4154,3985],"class_list":{"0":"post-3164","1":"product","2":"type-product","3":"status-publish","4":"has-post-thumbnail","6":"product_cat-produitselevage","7":"product_cat-marqueshydrachim-elevage","8":"product_cat-hygiene-mamelle","9":"product_tag-desinfectant","10":"product_tag-dioxyde-de-chlore","11":"product_tag-epais","12":"product_tag-mamelle","13":"product_tag-trempage","15":"first","16":"instock","17":"shipping-taxable","18":"product-type-simple"},"yoast_head":"<!-- This site is optimized with the Yoast SEO plugin v24.7 - https:\/\/yoast.com\/wordpress\/plugins\/seo\/ -->\n<title>BI GUARD DC - Hydrachim<\/title>\n<meta name=\"robots\" content=\"noindex, follow, max-snippet:-1, max-image-preview:large, max-video-preview:-1\" \/>\n<meta property=\"og:locale\" content=\"en_US\" \/>\n<meta property=\"og:type\" content=\"article\" \/>\n<meta property=\"og:title\" content=\"BI GUARD DC - Hydrachim\" \/>\n<meta property=\"og:description\" content=\"BI-GUARD DC est un d\u00e9sinfectant des trayons apr\u00e8s la traite.\" \/>\n<meta property=\"og:url\" content=\"https:\/\/staging.hydrachim.fr\/produit\/bi-guard-dc\/\" \/>\n<meta property=\"og:site_name\" content=\"Hydrachim\" \/>\n<meta property=\"article:modified_time\" content=\"2019-10-07T15:18:55+00:00\" \/>\n<meta property=\"og:image\" content=\"https:\/\/staging.hydrachim.fr\/app\/uploads\/2019\/10\/504_505_BIGUARD_DC.png\" \/>\n\t<meta property=\"og:image:width\" content=\"600\" \/>\n\t<meta property=\"og:image:height\" content=\"339\" \/>\n\t<meta property=\"og:image:type\" content=\"image\/png\" \/>\n<meta name=\"twitter:card\" content=\"summary_large_image\" \/>\n<meta name=\"twitter:label1\" content=\"Est. reading time\" \/>\n\t<meta name=\"twitter:data1\" content=\"1 minute\" \/>\n<script type=\"application\/ld+json\" class=\"yoast-schema-graph\">{\"@context\":\"https:\/\/schema.org\",\"@graph\":[{\"@type\":\"WebPage\",\"@id\":\"https:\/\/staging.hydrachim.fr\/produit\/bi-guard-dc\/\",\"url\":\"https:\/\/staging.hydrachim.fr\/produit\/bi-guard-dc\/\",\"name\":\"BI GUARD DC - Hydrachim\",\"isPartOf\":{\"@id\":\"https:\/\/staging.hydrachim.fr\/#website\"},\"primaryImageOfPage\":{\"@id\":\"https:\/\/staging.hydrachim.fr\/produit\/bi-guard-dc\/#primaryimage\"},\"image\":{\"@id\":\"https:\/\/staging.hydrachim.fr\/produit\/bi-guard-dc\/#primaryimage\"},\"thumbnailUrl\":\"https:\/\/staging.hydrachim.fr\/app\/uploads\/2019\/10\/504_505_BIGUARD_DC.png\",\"datePublished\":\"2019-08-06T13:40:04+00:00\",\"dateModified\":\"2019-10-07T15:18:55+00:00\",\"breadcrumb\":{\"@id\":\"https:\/\/staging.hydrachim.fr\/produit\/bi-guard-dc\/#breadcrumb\"},\"inLanguage\":\"en-US\",\"potentialAction\":[{\"@type\":\"ReadAction\",\"target\":[\"https:\/\/staging.hydrachim.fr\/produit\/bi-guard-dc\/\"]}]},{\"@type\":\"ImageObject\",\"inLanguage\":\"en-US\",\"@id\":\"https:\/\/staging.hydrachim.fr\/produit\/bi-guard-dc\/#primaryimage\",\"url\":\"https:\/\/staging.hydrachim.fr\/app\/uploads\/2019\/10\/504_505_BIGUARD_DC.png\",\"contentUrl\":\"https:\/\/staging.hydrachim.fr\/app\/uploads\/2019\/10\/504_505_BIGUARD_DC.png\",\"width\":600,\"height\":339},{\"@type\":\"BreadcrumbList\",\"@id\":\"https:\/\/staging.hydrachim.fr\/produit\/bi-guard-dc\/#breadcrumb\",\"itemListElement\":[{\"@type\":\"ListItem\",\"position\":1,\"name\":\"Home\",\"item\":\"https:\/\/staging.hydrachim.fr\/en\/\"},{\"@type\":\"ListItem\",\"position\":2,\"name\":\"Shop\",\"item\":\"https:\/\/staging.hydrachim.fr\/en\/shop\/\"},{\"@type\":\"ListItem\",\"position\":3,\"name\":\"BI GUARD DC\"}]},{\"@type\":\"WebSite\",\"@id\":\"https:\/\/staging.hydrachim.fr\/#website\",\"url\":\"https:\/\/staging.hydrachim.fr\/\",\"name\":\"Hydrachim\",\"description\":\"La science de l&#039;hygi\u00e8ne\",\"potentialAction\":[{\"@type\":\"SearchAction\",\"target\":{\"@type\":\"EntryPoint\",\"urlTemplate\":\"https:\/\/staging.hydrachim.fr\/?s={search_term_string}\"},\"query-input\":{\"@type\":\"PropertyValueSpecification\",\"valueRequired\":true,\"valueName\":\"search_term_string\"}}],\"inLanguage\":\"en-US\"}]}<\/script>\n<!-- \/ Yoast SEO plugin. -->","yoast_head_json":{"title":"BI GUARD DC - Hydrachim","robots":{"index":"noindex","follow":"follow","max-snippet":"max-snippet:-1","max-image-preview":"max-image-preview:large","max-video-preview":"max-video-preview:-1"},"og_locale":"en_US","og_type":"article","og_title":"BI GUARD DC - Hydrachim","og_description":"BI-GUARD DC est un d\u00e9sinfectant des trayons apr\u00e8s la traite.","og_url":"https:\/\/staging.hydrachim.fr\/produit\/bi-guard-dc\/","og_site_name":"Hydrachim","article_modified_time":"2019-10-07T15:18:55+00:00","og_image":[{"width":600,"height":339,"url":"https:\/\/staging.hydrachim.fr\/app\/uploads\/2019\/10\/504_505_BIGUARD_DC.png","type":"image\/png"}],"twitter_card":"summary_large_image","twitter_misc":{"Est. reading time":"1 minute"},"schema":{"@context":"https:\/\/schema.org","@graph":[{"@type":"WebPage","@id":"https:\/\/staging.hydrachim.fr\/produit\/bi-guard-dc\/","url":"https:\/\/staging.hydrachim.fr\/produit\/bi-guard-dc\/","name":"BI GUARD DC - Hydrachim","isPartOf":{"@id":"https:\/\/staging.hydrachim.fr\/#website"},"primaryImageOfPage":{"@id":"https:\/\/staging.hydrachim.fr\/produit\/bi-guard-dc\/#primaryimage"},"image":{"@id":"https:\/\/staging.hydrachim.fr\/produit\/bi-guard-dc\/#primaryimage"},"thumbnailUrl":"https:\/\/staging.hydrachim.fr\/app\/uploads\/2019\/10\/504_505_BIGUARD_DC.png","datePublished":"2019-08-06T13:40:04+00:00","dateModified":"2019-10-07T15:18:55+00:00","breadcrumb":{"@id":"https:\/\/staging.hydrachim.fr\/produit\/bi-guard-dc\/#breadcrumb"},"inLanguage":"en-US","potentialAction":[{"@type":"ReadAction","target":["https:\/\/staging.hydrachim.fr\/produit\/bi-guard-dc\/"]}]},{"@type":"ImageObject","inLanguage":"en-US","@id":"https:\/\/staging.hydrachim.fr\/produit\/bi-guard-dc\/#primaryimage","url":"https:\/\/staging.hydrachim.fr\/app\/uploads\/2019\/10\/504_505_BIGUARD_DC.png","contentUrl":"https:\/\/staging.hydrachim.fr\/app\/uploads\/2019\/10\/504_505_BIGUARD_DC.png","width":600,"height":339},{"@type":"BreadcrumbList","@id":"https:\/\/staging.hydrachim.fr\/produit\/bi-guard-dc\/#breadcrumb","itemListElement":[{"@type":"ListItem","position":1,"name":"Home","item":"https:\/\/staging.hydrachim.fr\/en\/"},{"@type":"ListItem","position":2,"name":"Shop","item":"https:\/\/staging.hydrachim.fr\/en\/shop\/"},{"@type":"ListItem","position":3,"name":"BI GUARD DC"}]},{"@type":"WebSite","@id":"https:\/\/staging.hydrachim.fr\/#website","url":"https:\/\/staging.hydrachim.fr\/","name":"Hydrachim","description":"La science de l&#039;hygi\u00e8ne","potentialAction":[{"@type":"SearchAction","target":{"@type":"EntryPoint","urlTemplate":"https:\/\/staging.hydrachim.fr\/?s={search_term_string}"},"query-input":{"@type":"PropertyValueSpecification","valueRequired":true,"valueName":"search_term_string"}}],"inLanguage":"en-US"}]}},"acf":{"fiche_technique":"https:\/\/staging.hydrachim.fr\/app\/uploads\/2019\/09\/FT-0504-0505-BI-GUARD-DC.pdf","fiche_methode":""},"_links":{"self":[{"href":"https:\/\/staging.hydrachim.fr\/en\/wp-json\/wp\/v2\/product\/3164","targetHints":{"allow":["GET"]}}],"collection":[{"href":"https:\/\/staging.hydrachim.fr\/en\/wp-json\/wp\/v2\/product"}],"about":[{"href":"https:\/\/staging.hydrachim.fr\/en\/wp-json\/wp\/v2\/types\/product"}],"wp:featuredmedia":[{"embeddable":true,"href":"https:\/\/staging.hydrachim.fr\/en\/wp-json\/wp\/v2\/media\/5331"}],"wp:attachment":[{"href":"https:\/\/staging.hydrachim.fr\/en\/wp-json\/wp\/v2\/media?parent=3164"}],"wp:term":[{"taxonomy":"product_brand","embeddable":true,"href":"https:\/\/staging.hydrachim.fr\/en\/wp-json\/wp\/v2\/product_brand?post=3164"},{"taxonomy":"product_type","embeddable":true,"href":"https:\/\/staging.hydrachim.fr\/en\/wp-json\/wp\/v2\/product_type?post=3164"},{"taxonomy":"product_visibility","embeddable":true,"href":"https:\/\/staging.hydrachim.fr\/en\/wp-json\/wp\/v2\/product_visibility?post=3164"},{"taxonomy":"product_cat","embeddable":true,"href":"https:\/\/staging.hydrachim.fr\/en\/wp-json\/wp\/v2\/product_cat?post=3164"}],"curies":[{"name":"wp","href":"https:\/\/api.w.org\/{rel}","templated":true}]}}