{"id":3171,"date":"2019-08-06T15:40:10","date_gmt":"2019-08-06T13:40:10","guid":{"rendered":"https:\/\/staging.hydrachim.fr\/product\/puresoft\/"},"modified":"2019-10-03T10:44:08","modified_gmt":"2019-10-03T08:44:08","slug":"puresoft","status":"publish","type":"product","link":"https:\/\/staging.hydrachim.fr\/en\/produit\/puresoft\/","title":{"rendered":"Pure&#8217;Soft"},"content":{"rendered":"<p><strong>Pure&#8217;Soft est un nettoyant d\u00e9sinfectant bact\u00e9ricide multi-surfaces.<\/strong><\/p>\n<p>PURE&#8217;SOFT est formul\u00e9 pour le nettoyage et la d\u00e9sinfection de toutes les surfaces et l&#8217;\u00e9limination des bact\u00e9ries.<br \/>\nIl peut s&#8217;utiliser pour la d\u00e9sinfection en collectivit\u00e9 type cr\u00e8ches, \u00e9coles, garderies (chambres, couloirs, salles d&#8217;attente, ascenseurs, escaliers).<br \/>\nUtilisation possible pour la d\u00e9sinfection des jouets.<\/p>\n<p><strong>Disponible en :<br \/>\n&#8211; Carton de 12 x 750 mL. R\u00e9f. 002042772<br \/>\n&#8211; Carton de 4 x 5 L. R\u00e9f. 002042704<\/strong><\/p>\n<p class=\"y-product y-product__product-subtitle\">Avantage :<\/p>\n<p>N&#8221;attaque pas les surfaces et le mat\u00e9riel.<br \/>\nFormul\u00e9 sans phosphate, sans phosphonate, sans EDTA, sans chlore et sans \u00e9tiquetage de danger.<\/p>\n<p>Retrouvez le mode d&#8217;emploi et le dosage du produit en t\u00e9l\u00e9chargeant sa Fiche Technique.<\/p>\n<p><em>Utilisez les biocides avec pr\u00e9caution. Avant toute utilisation, lisez l&#8217;\u00e9tiquette et les informations concernant le produit.<\/em><\/p>\n","protected":false},"excerpt":{"rendered":"<p>Nettoyant d\u00e9sinfectant bact\u00e9ricide multi-surfaces. Pr\u00eat \u00e0 l&#8217;emploi<\/p>\n","protected":false},"featured_media":2463,"template":"","meta":[],"product_brand":[],"product_type":[2],"product_visibility":[],"product_cat":[4111,4128,4106,4146,4107,4112],"class_list":{"0":"post-3171","1":"product","2":"type-product","3":"status-publish","4":"has-post-thumbnail","6":"product_cat-produitsdesinfection","7":"product_cat-solentretien","8":"product_cat-produitsnos-produits-zero-pictos","9":"product_cat-marquessoft-attitude","10":"product_cat-nos-produits-zro-pictossurface","11":"product_cat-dsinfectionsurface","12":"product_tag-bactericide","13":"product_tag-crche","14":"product_tag-desinfectant","15":"product_tag-liquide","16":"product_tag-mur","17":"product_tag-nettoyant","18":"product_tag-sans-phosphate","19":"product_tag-sol","21":"first","22":"instock","23":"shipping-taxable","24":"product-type-simple"},"yoast_head":"<!-- This site is optimized with the Yoast SEO plugin v24.7 - https:\/\/yoast.com\/wordpress\/plugins\/seo\/ -->\n<title>Pure&#039;Soft - Hydrachim<\/title>\n<meta name=\"robots\" content=\"noindex, follow, max-snippet:-1, max-image-preview:large, max-video-preview:-1\" \/>\n<meta property=\"og:locale\" content=\"en_US\" \/>\n<meta property=\"og:type\" content=\"article\" \/>\n<meta property=\"og:title\" content=\"Pure&#039;Soft - Hydrachim\" \/>\n<meta property=\"og:description\" content=\"Nettoyant d\u00e9sinfectant bact\u00e9ricide multi-surfaces. Pr\u00eat \u00e0 l&#039;emploi\" \/>\n<meta property=\"og:url\" content=\"https:\/\/staging.hydrachim.fr\/produit\/puresoft\/\" \/>\n<meta property=\"og:site_name\" content=\"Hydrachim\" \/>\n<meta property=\"article:modified_time\" content=\"2019-10-03T08:44:08+00:00\" \/>\n<meta property=\"og:image\" content=\"https:\/\/staging.hydrachim.fr\/app\/uploads\/2019\/08\/S0427-PURESOFT-5L1.jpg\" \/>\n\t<meta property=\"og:image:width\" content=\"600\" \/>\n\t<meta property=\"og:image:height\" content=\"849\" \/>\n\t<meta property=\"og:image:type\" content=\"image\/jpeg\" \/>\n<meta name=\"twitter:card\" content=\"summary_large_image\" \/>\n<meta name=\"twitter:label1\" content=\"Est. reading time\" \/>\n\t<meta name=\"twitter:data1\" content=\"1 minute\" \/>\n<script type=\"application\/ld+json\" class=\"yoast-schema-graph\">{\"@context\":\"https:\/\/schema.org\",\"@graph\":[{\"@type\":\"WebPage\",\"@id\":\"https:\/\/staging.hydrachim.fr\/produit\/puresoft\/\",\"url\":\"https:\/\/staging.hydrachim.fr\/produit\/puresoft\/\",\"name\":\"Pure'Soft - Hydrachim\",\"isPartOf\":{\"@id\":\"https:\/\/staging.hydrachim.fr\/#website\"},\"primaryImageOfPage\":{\"@id\":\"https:\/\/staging.hydrachim.fr\/produit\/puresoft\/#primaryimage\"},\"image\":{\"@id\":\"https:\/\/staging.hydrachim.fr\/produit\/puresoft\/#primaryimage\"},\"thumbnailUrl\":\"https:\/\/staging.hydrachim.fr\/app\/uploads\/2019\/08\/S0427-PURESOFT-5L1.jpg\",\"datePublished\":\"2019-08-06T13:40:10+00:00\",\"dateModified\":\"2019-10-03T08:44:08+00:00\",\"breadcrumb\":{\"@id\":\"https:\/\/staging.hydrachim.fr\/produit\/puresoft\/#breadcrumb\"},\"inLanguage\":\"en-US\",\"potentialAction\":[{\"@type\":\"ReadAction\",\"target\":[\"https:\/\/staging.hydrachim.fr\/produit\/puresoft\/\"]}]},{\"@type\":\"ImageObject\",\"inLanguage\":\"en-US\",\"@id\":\"https:\/\/staging.hydrachim.fr\/produit\/puresoft\/#primaryimage\",\"url\":\"https:\/\/staging.hydrachim.fr\/app\/uploads\/2019\/08\/S0427-PURESOFT-5L1.jpg\",\"contentUrl\":\"https:\/\/staging.hydrachim.fr\/app\/uploads\/2019\/08\/S0427-PURESOFT-5L1.jpg\",\"width\":600,\"height\":849},{\"@type\":\"BreadcrumbList\",\"@id\":\"https:\/\/staging.hydrachim.fr\/produit\/puresoft\/#breadcrumb\",\"itemListElement\":[{\"@type\":\"ListItem\",\"position\":1,\"name\":\"Home\",\"item\":\"https:\/\/staging.hydrachim.fr\/en\/\"},{\"@type\":\"ListItem\",\"position\":2,\"name\":\"Shop\",\"item\":\"https:\/\/staging.hydrachim.fr\/en\/shop\/\"},{\"@type\":\"ListItem\",\"position\":3,\"name\":\"Pure&rsquo;Soft\"}]},{\"@type\":\"WebSite\",\"@id\":\"https:\/\/staging.hydrachim.fr\/#website\",\"url\":\"https:\/\/staging.hydrachim.fr\/\",\"name\":\"Hydrachim\",\"description\":\"La science de l&#039;hygi\u00e8ne\",\"potentialAction\":[{\"@type\":\"SearchAction\",\"target\":{\"@type\":\"EntryPoint\",\"urlTemplate\":\"https:\/\/staging.hydrachim.fr\/?s={search_term_string}\"},\"query-input\":{\"@type\":\"PropertyValueSpecification\",\"valueRequired\":true,\"valueName\":\"search_term_string\"}}],\"inLanguage\":\"en-US\"}]}<\/script>\n<!-- \/ Yoast SEO plugin. -->","yoast_head_json":{"title":"Pure'Soft - Hydrachim","robots":{"index":"noindex","follow":"follow","max-snippet":"max-snippet:-1","max-image-preview":"max-image-preview:large","max-video-preview":"max-video-preview:-1"},"og_locale":"en_US","og_type":"article","og_title":"Pure'Soft - Hydrachim","og_description":"Nettoyant d\u00e9sinfectant bact\u00e9ricide multi-surfaces. Pr\u00eat \u00e0 l'emploi","og_url":"https:\/\/staging.hydrachim.fr\/produit\/puresoft\/","og_site_name":"Hydrachim","article_modified_time":"2019-10-03T08:44:08+00:00","og_image":[{"width":600,"height":849,"url":"https:\/\/staging.hydrachim.fr\/app\/uploads\/2019\/08\/S0427-PURESOFT-5L1.jpg","type":"image\/jpeg"}],"twitter_card":"summary_large_image","twitter_misc":{"Est. reading time":"1 minute"},"schema":{"@context":"https:\/\/schema.org","@graph":[{"@type":"WebPage","@id":"https:\/\/staging.hydrachim.fr\/produit\/puresoft\/","url":"https:\/\/staging.hydrachim.fr\/produit\/puresoft\/","name":"Pure'Soft - Hydrachim","isPartOf":{"@id":"https:\/\/staging.hydrachim.fr\/#website"},"primaryImageOfPage":{"@id":"https:\/\/staging.hydrachim.fr\/produit\/puresoft\/#primaryimage"},"image":{"@id":"https:\/\/staging.hydrachim.fr\/produit\/puresoft\/#primaryimage"},"thumbnailUrl":"https:\/\/staging.hydrachim.fr\/app\/uploads\/2019\/08\/S0427-PURESOFT-5L1.jpg","datePublished":"2019-08-06T13:40:10+00:00","dateModified":"2019-10-03T08:44:08+00:00","breadcrumb":{"@id":"https:\/\/staging.hydrachim.fr\/produit\/puresoft\/#breadcrumb"},"inLanguage":"en-US","potentialAction":[{"@type":"ReadAction","target":["https:\/\/staging.hydrachim.fr\/produit\/puresoft\/"]}]},{"@type":"ImageObject","inLanguage":"en-US","@id":"https:\/\/staging.hydrachim.fr\/produit\/puresoft\/#primaryimage","url":"https:\/\/staging.hydrachim.fr\/app\/uploads\/2019\/08\/S0427-PURESOFT-5L1.jpg","contentUrl":"https:\/\/staging.hydrachim.fr\/app\/uploads\/2019\/08\/S0427-PURESOFT-5L1.jpg","width":600,"height":849},{"@type":"BreadcrumbList","@id":"https:\/\/staging.hydrachim.fr\/produit\/puresoft\/#breadcrumb","itemListElement":[{"@type":"ListItem","position":1,"name":"Home","item":"https:\/\/staging.hydrachim.fr\/en\/"},{"@type":"ListItem","position":2,"name":"Shop","item":"https:\/\/staging.hydrachim.fr\/en\/shop\/"},{"@type":"ListItem","position":3,"name":"Pure&rsquo;Soft"}]},{"@type":"WebSite","@id":"https:\/\/staging.hydrachim.fr\/#website","url":"https:\/\/staging.hydrachim.fr\/","name":"Hydrachim","description":"La science de l&#039;hygi\u00e8ne","potentialAction":[{"@type":"SearchAction","target":{"@type":"EntryPoint","urlTemplate":"https:\/\/staging.hydrachim.fr\/?s={search_term_string}"},"query-input":{"@type":"PropertyValueSpecification","valueRequired":true,"valueName":"search_term_string"}}],"inLanguage":"en-US"}]}},"acf":{"fiche_technique":"https:\/\/staging.hydrachim.fr\/app\/uploads\/2019\/09\/FT-0427_SOFT-ATTITUDE_PURE-SOFT-2.pdf","fiche_methode":"https:\/\/staging.hydrachim.fr\/app\/uploads\/2019\/09\/0427-PURE-SOFT-Soft-Attitude.pdf"},"_links":{"self":[{"href":"https:\/\/staging.hydrachim.fr\/en\/wp-json\/wp\/v2\/product\/3171","targetHints":{"allow":["GET"]}}],"collection":[{"href":"https:\/\/staging.hydrachim.fr\/en\/wp-json\/wp\/v2\/product"}],"about":[{"href":"https:\/\/staging.hydrachim.fr\/en\/wp-json\/wp\/v2\/types\/product"}],"wp:featuredmedia":[{"embeddable":true,"href":"https:\/\/staging.hydrachim.fr\/en\/wp-json\/wp\/v2\/media\/2463"}],"wp:attachment":[{"href":"https:\/\/staging.hydrachim.fr\/en\/wp-json\/wp\/v2\/media?parent=3171"}],"wp:term":[{"taxonomy":"product_brand","embeddable":true,"href":"https:\/\/staging.hydrachim.fr\/en\/wp-json\/wp\/v2\/product_brand?post=3171"},{"taxonomy":"product_type","embeddable":true,"href":"https:\/\/staging.hydrachim.fr\/en\/wp-json\/wp\/v2\/product_type?post=3171"},{"taxonomy":"product_visibility","embeddable":true,"href":"https:\/\/staging.hydrachim.fr\/en\/wp-json\/wp\/v2\/product_visibility?post=3171"},{"taxonomy":"product_cat","embeddable":true,"href":"https:\/\/staging.hydrachim.fr\/en\/wp-json\/wp\/v2\/product_cat?post=3171"}],"curies":[{"name":"wp","href":"https:\/\/api.w.org\/{rel}","templated":true}]}}