{"id":3177,"date":"2019-08-06T15:40:17","date_gmt":"2019-08-06T13:40:17","guid":{"rendered":"https:\/\/staging.hydrachim.fr\/product\/multi-usage-sanitaire-fleurs-blanches-et-jasmin\/"},"modified":"2019-10-09T17:44:14","modified_gmt":"2019-10-09T15:44:14","slug":"multi-usage-sanitaire-fleurs-blanches-et-jasmin","status":"publish","type":"product","link":"https:\/\/staging.hydrachim.fr\/en\/produit\/multi-usage-sanitaire-fleurs-blanches-et-jasmin\/","title":{"rendered":"Multi-usages sanitaires fleurs blanches et jasmin"},"content":{"rendered":"<p><strong>Multi-usages sanitaires fleurs blanches et jasmin dissout le calcaire et les traces laiss\u00e9es par l&#8217;eau et le savon.<\/strong><\/p>\n<p>Multi-usages sanitaires est parfum\u00e9 aux fleurs blanches jasmin et redonne \u00e9clat aux baignoires, lavabos, robinetteries, carrelages muraux, vitres de douches, cuvettes WC.<\/p>\n<p><strong>Disponible en :<br \/>\n&#8211; Carton de 6 x 750mL. R\u00e9f. 002050301<br \/>\n&#8211; Carton de 4 x 5 L. R\u00e9f. 002050303<\/strong><\/p>\n<p class=\"y-product y-product__product-subtitle\">Avantage :<\/p>\n<p>D\u00e9sinfecte gr\u00e2ce \u00e0 son agent bact\u00e9ricide.<\/p>\n<p>Retrouvez le mode d&#8217;emploi et le dosage du produit en t\u00e9l\u00e9chargeant sa Fiche Technique et\/ou sa Fiche M\u00e9thode.<\/p>\n<p><em>Utilisez les biocides avec pr\u00e9caution. Avant toute utilisation, lisez l&#8217;\u00e9tiquette et les informations concernant le produit.<\/em><\/p>\n","protected":false},"excerpt":{"rendered":"<p>Nettoie &#8211; D\u00e9sinfecte &#8211; Parfume longuement les sanitaires.<\/p>\n","protected":false},"featured_media":4734,"template":"","meta":[],"product_brand":[],"product_type":[2],"product_visibility":[],"product_cat":[4145,4122,4124,4123],"class_list":{"0":"post-3177","1":"product","2":"type-product","3":"status-publish","4":"has-post-thumbnail","6":"product_cat-marquesorlav","7":"product_cat-produitssanitaire","8":"product_cat-sanitairesurface","9":"product_cat-sanitairewc","10":"product_tag-bactericide","11":"product_tag-biocide","12":"product_tag-lavabo","13":"product_tag-longue-duree","14":"product_tag-nettoyant","15":"product_tag-parfum","16":"product_tag-robinetterie","17":"product_tag-sanitaire","18":"product_tag-vitres-de-douches","20":"first","21":"instock","22":"shipping-taxable","23":"product-type-simple"},"yoast_head":"<!-- This site is optimized with the Yoast SEO plugin v24.7 - https:\/\/yoast.com\/wordpress\/plugins\/seo\/ -->\n<title>Multi-usages sanitaires fleurs blanches et jasmin - Hydrachim<\/title>\n<meta name=\"robots\" content=\"noindex, follow, max-snippet:-1, max-image-preview:large, max-video-preview:-1\" \/>\n<meta property=\"og:locale\" content=\"en_US\" \/>\n<meta property=\"og:type\" content=\"article\" \/>\n<meta property=\"og:title\" content=\"Multi-usages sanitaires fleurs blanches et jasmin - Hydrachim\" \/>\n<meta property=\"og:description\" content=\"Nettoie - D\u00e9sinfecte - Parfume longuement les sanitaires.\" \/>\n<meta property=\"og:url\" content=\"https:\/\/staging.hydrachim.fr\/produit\/multi-usage-sanitaire-fleurs-blanches-et-jasmin\/\" \/>\n<meta property=\"og:site_name\" content=\"Hydrachim\" \/>\n<meta property=\"article:modified_time\" content=\"2019-10-09T15:44:14+00:00\" \/>\n<meta property=\"og:image\" content=\"https:\/\/staging.hydrachim.fr\/app\/uploads\/2019\/09\/0503-ORLAV-MULTI-USAGES-SANITAIRES-JASMIN-750ML.png\" \/>\n\t<meta property=\"og:image:width\" content=\"600\" \/>\n\t<meta property=\"og:image:height\" content=\"429\" \/>\n\t<meta property=\"og:image:type\" content=\"image\/png\" \/>\n<meta name=\"twitter:card\" content=\"summary_large_image\" \/>\n<meta name=\"twitter:label1\" content=\"Est. reading time\" \/>\n\t<meta name=\"twitter:data1\" content=\"1 minute\" \/>\n<script type=\"application\/ld+json\" class=\"yoast-schema-graph\">{\"@context\":\"https:\/\/schema.org\",\"@graph\":[{\"@type\":\"WebPage\",\"@id\":\"https:\/\/staging.hydrachim.fr\/produit\/multi-usage-sanitaire-fleurs-blanches-et-jasmin\/\",\"url\":\"https:\/\/staging.hydrachim.fr\/produit\/multi-usage-sanitaire-fleurs-blanches-et-jasmin\/\",\"name\":\"Multi-usages sanitaires fleurs blanches et jasmin - Hydrachim\",\"isPartOf\":{\"@id\":\"https:\/\/staging.hydrachim.fr\/#website\"},\"primaryImageOfPage\":{\"@id\":\"https:\/\/staging.hydrachim.fr\/produit\/multi-usage-sanitaire-fleurs-blanches-et-jasmin\/#primaryimage\"},\"image\":{\"@id\":\"https:\/\/staging.hydrachim.fr\/produit\/multi-usage-sanitaire-fleurs-blanches-et-jasmin\/#primaryimage\"},\"thumbnailUrl\":\"https:\/\/staging.hydrachim.fr\/app\/uploads\/2019\/09\/0503-ORLAV-MULTI-USAGES-SANITAIRES-JASMIN-750ML.png\",\"datePublished\":\"2019-08-06T13:40:17+00:00\",\"dateModified\":\"2019-10-09T15:44:14+00:00\",\"breadcrumb\":{\"@id\":\"https:\/\/staging.hydrachim.fr\/produit\/multi-usage-sanitaire-fleurs-blanches-et-jasmin\/#breadcrumb\"},\"inLanguage\":\"en-US\",\"potentialAction\":[{\"@type\":\"ReadAction\",\"target\":[\"https:\/\/staging.hydrachim.fr\/produit\/multi-usage-sanitaire-fleurs-blanches-et-jasmin\/\"]}]},{\"@type\":\"ImageObject\",\"inLanguage\":\"en-US\",\"@id\":\"https:\/\/staging.hydrachim.fr\/produit\/multi-usage-sanitaire-fleurs-blanches-et-jasmin\/#primaryimage\",\"url\":\"https:\/\/staging.hydrachim.fr\/app\/uploads\/2019\/09\/0503-ORLAV-MULTI-USAGES-SANITAIRES-JASMIN-750ML.png\",\"contentUrl\":\"https:\/\/staging.hydrachim.fr\/app\/uploads\/2019\/09\/0503-ORLAV-MULTI-USAGES-SANITAIRES-JASMIN-750ML.png\",\"width\":600,\"height\":429},{\"@type\":\"BreadcrumbList\",\"@id\":\"https:\/\/staging.hydrachim.fr\/produit\/multi-usage-sanitaire-fleurs-blanches-et-jasmin\/#breadcrumb\",\"itemListElement\":[{\"@type\":\"ListItem\",\"position\":1,\"name\":\"Home\",\"item\":\"https:\/\/staging.hydrachim.fr\/en\/\"},{\"@type\":\"ListItem\",\"position\":2,\"name\":\"Shop\",\"item\":\"https:\/\/staging.hydrachim.fr\/en\/shop\/\"},{\"@type\":\"ListItem\",\"position\":3,\"name\":\"Multi-usages sanitaires fleurs blanches et jasmin\"}]},{\"@type\":\"WebSite\",\"@id\":\"https:\/\/staging.hydrachim.fr\/#website\",\"url\":\"https:\/\/staging.hydrachim.fr\/\",\"name\":\"Hydrachim\",\"description\":\"La science de l&#039;hygi\u00e8ne\",\"potentialAction\":[{\"@type\":\"SearchAction\",\"target\":{\"@type\":\"EntryPoint\",\"urlTemplate\":\"https:\/\/staging.hydrachim.fr\/?s={search_term_string}\"},\"query-input\":{\"@type\":\"PropertyValueSpecification\",\"valueRequired\":true,\"valueName\":\"search_term_string\"}}],\"inLanguage\":\"en-US\"}]}<\/script>\n<!-- \/ Yoast SEO plugin. -->","yoast_head_json":{"title":"Multi-usages sanitaires fleurs blanches et jasmin - Hydrachim","robots":{"index":"noindex","follow":"follow","max-snippet":"max-snippet:-1","max-image-preview":"max-image-preview:large","max-video-preview":"max-video-preview:-1"},"og_locale":"en_US","og_type":"article","og_title":"Multi-usages sanitaires fleurs blanches et jasmin - Hydrachim","og_description":"Nettoie - D\u00e9sinfecte - Parfume longuement les sanitaires.","og_url":"https:\/\/staging.hydrachim.fr\/produit\/multi-usage-sanitaire-fleurs-blanches-et-jasmin\/","og_site_name":"Hydrachim","article_modified_time":"2019-10-09T15:44:14+00:00","og_image":[{"width":600,"height":429,"url":"https:\/\/staging.hydrachim.fr\/app\/uploads\/2019\/09\/0503-ORLAV-MULTI-USAGES-SANITAIRES-JASMIN-750ML.png","type":"image\/png"}],"twitter_card":"summary_large_image","twitter_misc":{"Est. reading time":"1 minute"},"schema":{"@context":"https:\/\/schema.org","@graph":[{"@type":"WebPage","@id":"https:\/\/staging.hydrachim.fr\/produit\/multi-usage-sanitaire-fleurs-blanches-et-jasmin\/","url":"https:\/\/staging.hydrachim.fr\/produit\/multi-usage-sanitaire-fleurs-blanches-et-jasmin\/","name":"Multi-usages sanitaires fleurs blanches et jasmin - Hydrachim","isPartOf":{"@id":"https:\/\/staging.hydrachim.fr\/#website"},"primaryImageOfPage":{"@id":"https:\/\/staging.hydrachim.fr\/produit\/multi-usage-sanitaire-fleurs-blanches-et-jasmin\/#primaryimage"},"image":{"@id":"https:\/\/staging.hydrachim.fr\/produit\/multi-usage-sanitaire-fleurs-blanches-et-jasmin\/#primaryimage"},"thumbnailUrl":"https:\/\/staging.hydrachim.fr\/app\/uploads\/2019\/09\/0503-ORLAV-MULTI-USAGES-SANITAIRES-JASMIN-750ML.png","datePublished":"2019-08-06T13:40:17+00:00","dateModified":"2019-10-09T15:44:14+00:00","breadcrumb":{"@id":"https:\/\/staging.hydrachim.fr\/produit\/multi-usage-sanitaire-fleurs-blanches-et-jasmin\/#breadcrumb"},"inLanguage":"en-US","potentialAction":[{"@type":"ReadAction","target":["https:\/\/staging.hydrachim.fr\/produit\/multi-usage-sanitaire-fleurs-blanches-et-jasmin\/"]}]},{"@type":"ImageObject","inLanguage":"en-US","@id":"https:\/\/staging.hydrachim.fr\/produit\/multi-usage-sanitaire-fleurs-blanches-et-jasmin\/#primaryimage","url":"https:\/\/staging.hydrachim.fr\/app\/uploads\/2019\/09\/0503-ORLAV-MULTI-USAGES-SANITAIRES-JASMIN-750ML.png","contentUrl":"https:\/\/staging.hydrachim.fr\/app\/uploads\/2019\/09\/0503-ORLAV-MULTI-USAGES-SANITAIRES-JASMIN-750ML.png","width":600,"height":429},{"@type":"BreadcrumbList","@id":"https:\/\/staging.hydrachim.fr\/produit\/multi-usage-sanitaire-fleurs-blanches-et-jasmin\/#breadcrumb","itemListElement":[{"@type":"ListItem","position":1,"name":"Home","item":"https:\/\/staging.hydrachim.fr\/en\/"},{"@type":"ListItem","position":2,"name":"Shop","item":"https:\/\/staging.hydrachim.fr\/en\/shop\/"},{"@type":"ListItem","position":3,"name":"Multi-usages sanitaires fleurs blanches et jasmin"}]},{"@type":"WebSite","@id":"https:\/\/staging.hydrachim.fr\/#website","url":"https:\/\/staging.hydrachim.fr\/","name":"Hydrachim","description":"La science de l&#039;hygi\u00e8ne","potentialAction":[{"@type":"SearchAction","target":{"@type":"EntryPoint","urlTemplate":"https:\/\/staging.hydrachim.fr\/?s={search_term_string}"},"query-input":{"@type":"PropertyValueSpecification","valueRequired":true,"valueName":"search_term_string"}}],"inLanguage":"en-US"}]}},"acf":{"fiche_technique":"https:\/\/staging.hydrachim.fr\/app\/uploads\/2019\/09\/FT-0503-Multi-usages-Sanitaires-Fleurs-blanches_Jasmin.pdf","fiche_methode":"https:\/\/staging.hydrachim.fr\/app\/uploads\/2019\/09\/0503-MULTI-USAGES-SANITAIRES-JASMIN-750ML.pdf"},"_links":{"self":[{"href":"https:\/\/staging.hydrachim.fr\/en\/wp-json\/wp\/v2\/product\/3177","targetHints":{"allow":["GET"]}}],"collection":[{"href":"https:\/\/staging.hydrachim.fr\/en\/wp-json\/wp\/v2\/product"}],"about":[{"href":"https:\/\/staging.hydrachim.fr\/en\/wp-json\/wp\/v2\/types\/product"}],"wp:featuredmedia":[{"embeddable":true,"href":"https:\/\/staging.hydrachim.fr\/en\/wp-json\/wp\/v2\/media\/4734"}],"wp:attachment":[{"href":"https:\/\/staging.hydrachim.fr\/en\/wp-json\/wp\/v2\/media?parent=3177"}],"wp:term":[{"taxonomy":"product_brand","embeddable":true,"href":"https:\/\/staging.hydrachim.fr\/en\/wp-json\/wp\/v2\/product_brand?post=3177"},{"taxonomy":"product_type","embeddable":true,"href":"https:\/\/staging.hydrachim.fr\/en\/wp-json\/wp\/v2\/product_type?post=3177"},{"taxonomy":"product_visibility","embeddable":true,"href":"https:\/\/staging.hydrachim.fr\/en\/wp-json\/wp\/v2\/product_visibility?post=3177"},{"taxonomy":"product_cat","embeddable":true,"href":"https:\/\/staging.hydrachim.fr\/en\/wp-json\/wp\/v2\/product_cat?post=3177"}],"curies":[{"name":"wp","href":"https:\/\/api.w.org\/{rel}","templated":true}]}}