{"id":3178,"date":"2019-08-06T15:40:18","date_gmt":"2019-08-06T13:40:18","guid":{"rendered":"https:\/\/staging.hydrachim.fr\/product\/multi-usages-sanitaires\/"},"modified":"2019-10-11T09:05:39","modified_gmt":"2019-10-11T07:05:39","slug":"multi-usages-sanitaires","status":"publish","type":"product","link":"https:\/\/staging.hydrachim.fr\/en\/produit\/multi-usages-sanitaires\/","title":{"rendered":"Multi usages sanitaires"},"content":{"rendered":"<p><strong>Multi-usages sanitaires &#8211; parfum bouquet fleuri<\/strong><\/p>\n<p>Nettoie, d\u00e9sinfecte et parfume longuement les sanitaires. Il dissout le calcaire et les traces laiss\u00e9es par l&#8217;eau et le savon. Il redonne tout leur \u00e9clat aux baignoires, lavabos, robinetteries, carrelages muraux, vitres de douches, cuvettes WC, etc&amp;<\/p>\n<p><strong>Disponible en :<br \/>\n&#8211; Carton de 6 x 750 mL. R\u00e9f. 002036001<br \/>\n&#8211; Carton de 4x5L. R\u00e9f. 002036002<\/strong><\/p>\n<p class=\"y-product y-product__product-subtitle\">Avantage :<\/p>\n<p>D\u00e9sinfecte gr\u00e2ce \u00e0 son agent bact\u00e9ricide selon la norme EN 1276 en pur en condition de salet\u00e9 en 5 minutes \u00e0 20\u00b0C.<\/p>\n<p>Retrouvez le mode d&#8217;emploi et le dosage du produit en t\u00e9l\u00e9chargeant, ci-dessous, sa Fiche Technique et\/ou sa Fiche M\u00e9thode.<\/p>\n<p><em>Utilisez les biocides avec pr\u00e9caution. Avant toute utilisation, lisez l&#8217;\u00e9tiquette et les informations concernant le produit.<\/em><\/p>\n","protected":false},"excerpt":{"rendered":"<p>Nettoyant, d\u00e9sinfectant, parfum longue dur\u00e9e.<\/p>\n","protected":false},"featured_media":5510,"template":"","meta":[],"product_brand":[],"product_type":[2],"product_visibility":[],"product_cat":[4145,4122,4124],"class_list":{"0":"post-3178","1":"product","2":"type-product","3":"status-publish","4":"has-post-thumbnail","6":"product_cat-marquesorlav","7":"product_cat-produitssanitaire","8":"product_cat-sanitairesurface","9":"product_tag-anti-tartre","10":"product_tag-bactericide","11":"product_tag-calcaire","12":"product_tag-concentre","13":"product_tag-detartrant","14":"product_tag-douche","15":"product_tag-liquide","16":"product_tag-nettoyage","17":"product_tag-nettoyant","18":"product_tag-salle-de-bain","19":"product_tag-sanitaire","21":"first","22":"instock","23":"shipping-taxable","24":"product-type-simple"},"yoast_head":"<!-- This site is optimized with the Yoast SEO plugin v24.7 - https:\/\/yoast.com\/wordpress\/plugins\/seo\/ -->\n<title>Multi usages sanitaires - Hydrachim<\/title>\n<meta name=\"robots\" content=\"noindex, follow, max-snippet:-1, max-image-preview:large, max-video-preview:-1\" \/>\n<meta property=\"og:locale\" content=\"en_US\" \/>\n<meta property=\"og:type\" content=\"article\" \/>\n<meta property=\"og:title\" content=\"Multi usages sanitaires - Hydrachim\" \/>\n<meta property=\"og:description\" content=\"Nettoyant, d\u00e9sinfectant, parfum longue dur\u00e9e.\" \/>\n<meta property=\"og:url\" content=\"https:\/\/staging.hydrachim.fr\/produit\/multi-usages-sanitaires\/\" \/>\n<meta property=\"og:site_name\" content=\"Hydrachim\" \/>\n<meta property=\"article:modified_time\" content=\"2019-10-11T07:05:39+00:00\" \/>\n<meta property=\"og:image\" content=\"https:\/\/staging.hydrachim.fr\/app\/uploads\/2019\/10\/0360_ORLAV_0360_MULTI_USAGES_SANITAIRES_750ml.png\" \/>\n\t<meta property=\"og:image:width\" content=\"600\" \/>\n\t<meta property=\"og:image:height\" content=\"1147\" \/>\n\t<meta property=\"og:image:type\" content=\"image\/png\" \/>\n<meta name=\"twitter:card\" content=\"summary_large_image\" \/>\n<meta name=\"twitter:label1\" content=\"Est. reading time\" \/>\n\t<meta name=\"twitter:data1\" content=\"1 minute\" \/>\n<script type=\"application\/ld+json\" class=\"yoast-schema-graph\">{\"@context\":\"https:\/\/schema.org\",\"@graph\":[{\"@type\":\"WebPage\",\"@id\":\"https:\/\/staging.hydrachim.fr\/produit\/multi-usages-sanitaires\/\",\"url\":\"https:\/\/staging.hydrachim.fr\/produit\/multi-usages-sanitaires\/\",\"name\":\"Multi usages sanitaires - Hydrachim\",\"isPartOf\":{\"@id\":\"https:\/\/staging.hydrachim.fr\/#website\"},\"primaryImageOfPage\":{\"@id\":\"https:\/\/staging.hydrachim.fr\/produit\/multi-usages-sanitaires\/#primaryimage\"},\"image\":{\"@id\":\"https:\/\/staging.hydrachim.fr\/produit\/multi-usages-sanitaires\/#primaryimage\"},\"thumbnailUrl\":\"https:\/\/staging.hydrachim.fr\/app\/uploads\/2019\/10\/0360_ORLAV_0360_MULTI_USAGES_SANITAIRES_750ml.png\",\"datePublished\":\"2019-08-06T13:40:18+00:00\",\"dateModified\":\"2019-10-11T07:05:39+00:00\",\"breadcrumb\":{\"@id\":\"https:\/\/staging.hydrachim.fr\/produit\/multi-usages-sanitaires\/#breadcrumb\"},\"inLanguage\":\"en-US\",\"potentialAction\":[{\"@type\":\"ReadAction\",\"target\":[\"https:\/\/staging.hydrachim.fr\/produit\/multi-usages-sanitaires\/\"]}]},{\"@type\":\"ImageObject\",\"inLanguage\":\"en-US\",\"@id\":\"https:\/\/staging.hydrachim.fr\/produit\/multi-usages-sanitaires\/#primaryimage\",\"url\":\"https:\/\/staging.hydrachim.fr\/app\/uploads\/2019\/10\/0360_ORLAV_0360_MULTI_USAGES_SANITAIRES_750ml.png\",\"contentUrl\":\"https:\/\/staging.hydrachim.fr\/app\/uploads\/2019\/10\/0360_ORLAV_0360_MULTI_USAGES_SANITAIRES_750ml.png\",\"width\":600,\"height\":1147},{\"@type\":\"BreadcrumbList\",\"@id\":\"https:\/\/staging.hydrachim.fr\/produit\/multi-usages-sanitaires\/#breadcrumb\",\"itemListElement\":[{\"@type\":\"ListItem\",\"position\":1,\"name\":\"Home\",\"item\":\"https:\/\/staging.hydrachim.fr\/en\/\"},{\"@type\":\"ListItem\",\"position\":2,\"name\":\"Shop\",\"item\":\"https:\/\/staging.hydrachim.fr\/en\/shop\/\"},{\"@type\":\"ListItem\",\"position\":3,\"name\":\"Multi usages sanitaires\"}]},{\"@type\":\"WebSite\",\"@id\":\"https:\/\/staging.hydrachim.fr\/#website\",\"url\":\"https:\/\/staging.hydrachim.fr\/\",\"name\":\"Hydrachim\",\"description\":\"La science de l&#039;hygi\u00e8ne\",\"potentialAction\":[{\"@type\":\"SearchAction\",\"target\":{\"@type\":\"EntryPoint\",\"urlTemplate\":\"https:\/\/staging.hydrachim.fr\/?s={search_term_string}\"},\"query-input\":{\"@type\":\"PropertyValueSpecification\",\"valueRequired\":true,\"valueName\":\"search_term_string\"}}],\"inLanguage\":\"en-US\"}]}<\/script>\n<!-- \/ Yoast SEO plugin. -->","yoast_head_json":{"title":"Multi usages sanitaires - Hydrachim","robots":{"index":"noindex","follow":"follow","max-snippet":"max-snippet:-1","max-image-preview":"max-image-preview:large","max-video-preview":"max-video-preview:-1"},"og_locale":"en_US","og_type":"article","og_title":"Multi usages sanitaires - Hydrachim","og_description":"Nettoyant, d\u00e9sinfectant, parfum longue dur\u00e9e.","og_url":"https:\/\/staging.hydrachim.fr\/produit\/multi-usages-sanitaires\/","og_site_name":"Hydrachim","article_modified_time":"2019-10-11T07:05:39+00:00","og_image":[{"width":600,"height":1147,"url":"https:\/\/staging.hydrachim.fr\/app\/uploads\/2019\/10\/0360_ORLAV_0360_MULTI_USAGES_SANITAIRES_750ml.png","type":"image\/png"}],"twitter_card":"summary_large_image","twitter_misc":{"Est. reading time":"1 minute"},"schema":{"@context":"https:\/\/schema.org","@graph":[{"@type":"WebPage","@id":"https:\/\/staging.hydrachim.fr\/produit\/multi-usages-sanitaires\/","url":"https:\/\/staging.hydrachim.fr\/produit\/multi-usages-sanitaires\/","name":"Multi usages sanitaires - Hydrachim","isPartOf":{"@id":"https:\/\/staging.hydrachim.fr\/#website"},"primaryImageOfPage":{"@id":"https:\/\/staging.hydrachim.fr\/produit\/multi-usages-sanitaires\/#primaryimage"},"image":{"@id":"https:\/\/staging.hydrachim.fr\/produit\/multi-usages-sanitaires\/#primaryimage"},"thumbnailUrl":"https:\/\/staging.hydrachim.fr\/app\/uploads\/2019\/10\/0360_ORLAV_0360_MULTI_USAGES_SANITAIRES_750ml.png","datePublished":"2019-08-06T13:40:18+00:00","dateModified":"2019-10-11T07:05:39+00:00","breadcrumb":{"@id":"https:\/\/staging.hydrachim.fr\/produit\/multi-usages-sanitaires\/#breadcrumb"},"inLanguage":"en-US","potentialAction":[{"@type":"ReadAction","target":["https:\/\/staging.hydrachim.fr\/produit\/multi-usages-sanitaires\/"]}]},{"@type":"ImageObject","inLanguage":"en-US","@id":"https:\/\/staging.hydrachim.fr\/produit\/multi-usages-sanitaires\/#primaryimage","url":"https:\/\/staging.hydrachim.fr\/app\/uploads\/2019\/10\/0360_ORLAV_0360_MULTI_USAGES_SANITAIRES_750ml.png","contentUrl":"https:\/\/staging.hydrachim.fr\/app\/uploads\/2019\/10\/0360_ORLAV_0360_MULTI_USAGES_SANITAIRES_750ml.png","width":600,"height":1147},{"@type":"BreadcrumbList","@id":"https:\/\/staging.hydrachim.fr\/produit\/multi-usages-sanitaires\/#breadcrumb","itemListElement":[{"@type":"ListItem","position":1,"name":"Home","item":"https:\/\/staging.hydrachim.fr\/en\/"},{"@type":"ListItem","position":2,"name":"Shop","item":"https:\/\/staging.hydrachim.fr\/en\/shop\/"},{"@type":"ListItem","position":3,"name":"Multi usages sanitaires"}]},{"@type":"WebSite","@id":"https:\/\/staging.hydrachim.fr\/#website","url":"https:\/\/staging.hydrachim.fr\/","name":"Hydrachim","description":"La science de l&#039;hygi\u00e8ne","potentialAction":[{"@type":"SearchAction","target":{"@type":"EntryPoint","urlTemplate":"https:\/\/staging.hydrachim.fr\/?s={search_term_string}"},"query-input":{"@type":"PropertyValueSpecification","valueRequired":true,"valueName":"search_term_string"}}],"inLanguage":"en-US"}]}},"acf":{"fiche_technique":"https:\/\/staging.hydrachim.fr\/app\/uploads\/2019\/09\/FT-0360-MULTI-USAGES-SANITAIRE.pdf","fiche_methode":"https:\/\/staging.hydrachim.fr\/app\/uploads\/2019\/09\/0360-MULTI-USAGE-SANITAIRE-ORLAV.pdf"},"_links":{"self":[{"href":"https:\/\/staging.hydrachim.fr\/en\/wp-json\/wp\/v2\/product\/3178","targetHints":{"allow":["GET"]}}],"collection":[{"href":"https:\/\/staging.hydrachim.fr\/en\/wp-json\/wp\/v2\/product"}],"about":[{"href":"https:\/\/staging.hydrachim.fr\/en\/wp-json\/wp\/v2\/types\/product"}],"wp:featuredmedia":[{"embeddable":true,"href":"https:\/\/staging.hydrachim.fr\/en\/wp-json\/wp\/v2\/media\/5510"}],"wp:attachment":[{"href":"https:\/\/staging.hydrachim.fr\/en\/wp-json\/wp\/v2\/media?parent=3178"}],"wp:term":[{"taxonomy":"product_brand","embeddable":true,"href":"https:\/\/staging.hydrachim.fr\/en\/wp-json\/wp\/v2\/product_brand?post=3178"},{"taxonomy":"product_type","embeddable":true,"href":"https:\/\/staging.hydrachim.fr\/en\/wp-json\/wp\/v2\/product_type?post=3178"},{"taxonomy":"product_visibility","embeddable":true,"href":"https:\/\/staging.hydrachim.fr\/en\/wp-json\/wp\/v2\/product_visibility?post=3178"},{"taxonomy":"product_cat","embeddable":true,"href":"https:\/\/staging.hydrachim.fr\/en\/wp-json\/wp\/v2\/product_cat?post=3178"}],"curies":[{"name":"wp","href":"https:\/\/api.w.org\/{rel}","templated":true}]}}