{"id":3183,"date":"2019-08-06T15:40:23","date_gmt":"2019-08-06T13:40:23","guid":{"rendered":"https:\/\/staging.hydrachim.fr\/product\/enzy-jet\/"},"modified":"2019-10-01T17:05:57","modified_gmt":"2019-10-01T15:05:57","slug":"enzy-jet","status":"publish","type":"product","link":"https:\/\/staging.hydrachim.fr\/en\/produit\/enzy-jet\/","title":{"rendered":"Enzy jet"},"content":{"rendered":"<p><strong>Enzy jet est un d\u00e9tergent enzymatique sp\u00e9cialement formul\u00e9 pour le contr\u00f4le et l&#8217;\u00e9limination de biofilms.<\/strong><\/p>\n<p>ENZY JET jet est un d\u00e9tergent enzymatique sp\u00e9cialement formul\u00e9 pour le contr\u00f4le et l&#8217;\u00e9limination de biofilms dans les installations de l&#8217;industrie agro-alimentaire, pharmaceutique, chimique, des r\u00e9seaux sanitaires et des collectivit\u00e9s. ENZY JET s&#8217;applique sur surfaces ouvertes \u00e0 l&#8217;aide de dispositifs de projection de mousse. Monocomposant moussant, il contient une activit\u00e9 enzymatique r\u00e9siduelle. Il est donc conseill\u00e9, car il agit efficacement en facilitant l&#8217;\u00e9limination de ces derniers sur les surfaces.<\/p>\n<p><strong>Disponible en bidon de 20 Kg. R\u00e9f. 002130701.<br \/>\n<\/strong><\/p>\n<p class=\"y-product y-product__product-subtitle\">Avantage :<\/p>\n<p>Conseill\u00e9 comme traitement pr\u00e9ventif contre la formation de biofilms, Il\u00a0 agit efficacement,\u00a0sur les surfaces,\u00a0 en facilitant leurs \u00e9limination\n<\/p>\n<p>Retrouvez le mode d&#8217;emploi et le dosage du produit en t\u00e9l\u00e9chargeant, ci-dessous, sa Fiche Technique et\/ou sa Fiche M\u00e9thode.<\/p>\n","protected":false},"excerpt":{"rendered":"<p>Traitement enzymatique pour les surfaces ouvertes.<\/p>\n","protected":false},"featured_media":5085,"template":"","meta":[],"product_brand":[],"product_type":[2],"product_visibility":[],"product_cat":[4009,4163],"class_list":{"0":"post-3183","1":"product","2":"type-product","3":"status-publish","4":"has-post-thumbnail","6":"product_cat-produitshygiene-enzymatique","7":"product_cat-marqueshygine-enzymatique","8":"product_tag-biofilm","9":"product_tag-enzymatique","10":"product_tag-hydrazym","11":"product_tag-moussant","12":"product_tag-multi-surfaces","13":"product_tag-multisurface","14":"product_tag-nettoyage","15":"product_tag-non-caustique","16":"product_tag-surface","18":"first","19":"instock","20":"shipping-taxable","21":"product-type-simple"},"yoast_head":"<!-- This site is optimized with the Yoast SEO plugin v24.7 - https:\/\/yoast.com\/wordpress\/plugins\/seo\/ -->\n<title>Enzy jet - Hydrachim<\/title>\n<meta name=\"robots\" content=\"noindex, follow, max-snippet:-1, max-image-preview:large, max-video-preview:-1\" \/>\n<meta property=\"og:locale\" content=\"en_US\" \/>\n<meta property=\"og:type\" content=\"article\" \/>\n<meta property=\"og:title\" content=\"Enzy jet - Hydrachim\" \/>\n<meta property=\"og:description\" content=\"Traitement enzymatique pour les surfaces ouvertes.\" \/>\n<meta property=\"og:url\" content=\"https:\/\/staging.hydrachim.fr\/produit\/enzy-jet\/\" \/>\n<meta property=\"og:site_name\" content=\"Hydrachim\" \/>\n<meta property=\"article:modified_time\" content=\"2019-10-01T15:05:57+00:00\" \/>\n<meta property=\"og:image\" content=\"https:\/\/staging.hydrachim.fr\/app\/uploads\/2019\/10\/1307-enzy-jet-20-kg-PHOTO-WEB.png\" \/>\n\t<meta property=\"og:image:width\" content=\"584\" \/>\n\t<meta property=\"og:image:height\" content=\"800\" \/>\n\t<meta property=\"og:image:type\" content=\"image\/png\" \/>\n<meta name=\"twitter:card\" content=\"summary_large_image\" \/>\n<meta name=\"twitter:label1\" content=\"Est. reading time\" \/>\n\t<meta name=\"twitter:data1\" content=\"1 minute\" \/>\n<script type=\"application\/ld+json\" class=\"yoast-schema-graph\">{\"@context\":\"https:\/\/schema.org\",\"@graph\":[{\"@type\":\"WebPage\",\"@id\":\"https:\/\/staging.hydrachim.fr\/produit\/enzy-jet\/\",\"url\":\"https:\/\/staging.hydrachim.fr\/produit\/enzy-jet\/\",\"name\":\"Enzy jet - Hydrachim\",\"isPartOf\":{\"@id\":\"https:\/\/staging.hydrachim.fr\/#website\"},\"primaryImageOfPage\":{\"@id\":\"https:\/\/staging.hydrachim.fr\/produit\/enzy-jet\/#primaryimage\"},\"image\":{\"@id\":\"https:\/\/staging.hydrachim.fr\/produit\/enzy-jet\/#primaryimage\"},\"thumbnailUrl\":\"https:\/\/staging.hydrachim.fr\/app\/uploads\/2019\/10\/1307-enzy-jet-20-kg-PHOTO-WEB.png\",\"datePublished\":\"2019-08-06T13:40:23+00:00\",\"dateModified\":\"2019-10-01T15:05:57+00:00\",\"breadcrumb\":{\"@id\":\"https:\/\/staging.hydrachim.fr\/produit\/enzy-jet\/#breadcrumb\"},\"inLanguage\":\"en-US\",\"potentialAction\":[{\"@type\":\"ReadAction\",\"target\":[\"https:\/\/staging.hydrachim.fr\/produit\/enzy-jet\/\"]}]},{\"@type\":\"ImageObject\",\"inLanguage\":\"en-US\",\"@id\":\"https:\/\/staging.hydrachim.fr\/produit\/enzy-jet\/#primaryimage\",\"url\":\"https:\/\/staging.hydrachim.fr\/app\/uploads\/2019\/10\/1307-enzy-jet-20-kg-PHOTO-WEB.png\",\"contentUrl\":\"https:\/\/staging.hydrachim.fr\/app\/uploads\/2019\/10\/1307-enzy-jet-20-kg-PHOTO-WEB.png\",\"width\":584,\"height\":800},{\"@type\":\"BreadcrumbList\",\"@id\":\"https:\/\/staging.hydrachim.fr\/produit\/enzy-jet\/#breadcrumb\",\"itemListElement\":[{\"@type\":\"ListItem\",\"position\":1,\"name\":\"Home\",\"item\":\"https:\/\/staging.hydrachim.fr\/en\/\"},{\"@type\":\"ListItem\",\"position\":2,\"name\":\"Shop\",\"item\":\"https:\/\/staging.hydrachim.fr\/en\/shop\/\"},{\"@type\":\"ListItem\",\"position\":3,\"name\":\"Enzy jet\"}]},{\"@type\":\"WebSite\",\"@id\":\"https:\/\/staging.hydrachim.fr\/#website\",\"url\":\"https:\/\/staging.hydrachim.fr\/\",\"name\":\"Hydrachim\",\"description\":\"La science de l&#039;hygi\u00e8ne\",\"potentialAction\":[{\"@type\":\"SearchAction\",\"target\":{\"@type\":\"EntryPoint\",\"urlTemplate\":\"https:\/\/staging.hydrachim.fr\/?s={search_term_string}\"},\"query-input\":{\"@type\":\"PropertyValueSpecification\",\"valueRequired\":true,\"valueName\":\"search_term_string\"}}],\"inLanguage\":\"en-US\"}]}<\/script>\n<!-- \/ Yoast SEO plugin. -->","yoast_head_json":{"title":"Enzy jet - Hydrachim","robots":{"index":"noindex","follow":"follow","max-snippet":"max-snippet:-1","max-image-preview":"max-image-preview:large","max-video-preview":"max-video-preview:-1"},"og_locale":"en_US","og_type":"article","og_title":"Enzy jet - Hydrachim","og_description":"Traitement enzymatique pour les surfaces ouvertes.","og_url":"https:\/\/staging.hydrachim.fr\/produit\/enzy-jet\/","og_site_name":"Hydrachim","article_modified_time":"2019-10-01T15:05:57+00:00","og_image":[{"width":584,"height":800,"url":"https:\/\/staging.hydrachim.fr\/app\/uploads\/2019\/10\/1307-enzy-jet-20-kg-PHOTO-WEB.png","type":"image\/png"}],"twitter_card":"summary_large_image","twitter_misc":{"Est. reading time":"1 minute"},"schema":{"@context":"https:\/\/schema.org","@graph":[{"@type":"WebPage","@id":"https:\/\/staging.hydrachim.fr\/produit\/enzy-jet\/","url":"https:\/\/staging.hydrachim.fr\/produit\/enzy-jet\/","name":"Enzy jet - Hydrachim","isPartOf":{"@id":"https:\/\/staging.hydrachim.fr\/#website"},"primaryImageOfPage":{"@id":"https:\/\/staging.hydrachim.fr\/produit\/enzy-jet\/#primaryimage"},"image":{"@id":"https:\/\/staging.hydrachim.fr\/produit\/enzy-jet\/#primaryimage"},"thumbnailUrl":"https:\/\/staging.hydrachim.fr\/app\/uploads\/2019\/10\/1307-enzy-jet-20-kg-PHOTO-WEB.png","datePublished":"2019-08-06T13:40:23+00:00","dateModified":"2019-10-01T15:05:57+00:00","breadcrumb":{"@id":"https:\/\/staging.hydrachim.fr\/produit\/enzy-jet\/#breadcrumb"},"inLanguage":"en-US","potentialAction":[{"@type":"ReadAction","target":["https:\/\/staging.hydrachim.fr\/produit\/enzy-jet\/"]}]},{"@type":"ImageObject","inLanguage":"en-US","@id":"https:\/\/staging.hydrachim.fr\/produit\/enzy-jet\/#primaryimage","url":"https:\/\/staging.hydrachim.fr\/app\/uploads\/2019\/10\/1307-enzy-jet-20-kg-PHOTO-WEB.png","contentUrl":"https:\/\/staging.hydrachim.fr\/app\/uploads\/2019\/10\/1307-enzy-jet-20-kg-PHOTO-WEB.png","width":584,"height":800},{"@type":"BreadcrumbList","@id":"https:\/\/staging.hydrachim.fr\/produit\/enzy-jet\/#breadcrumb","itemListElement":[{"@type":"ListItem","position":1,"name":"Home","item":"https:\/\/staging.hydrachim.fr\/en\/"},{"@type":"ListItem","position":2,"name":"Shop","item":"https:\/\/staging.hydrachim.fr\/en\/shop\/"},{"@type":"ListItem","position":3,"name":"Enzy jet"}]},{"@type":"WebSite","@id":"https:\/\/staging.hydrachim.fr\/#website","url":"https:\/\/staging.hydrachim.fr\/","name":"Hydrachim","description":"La science de l&#039;hygi\u00e8ne","potentialAction":[{"@type":"SearchAction","target":{"@type":"EntryPoint","urlTemplate":"https:\/\/staging.hydrachim.fr\/?s={search_term_string}"},"query-input":{"@type":"PropertyValueSpecification","valueRequired":true,"valueName":"search_term_string"}}],"inLanguage":"en-US"}]}},"acf":{"fiche_technique":"https:\/\/staging.hydrachim.fr\/app\/uploads\/2019\/09\/FT-1307-ENZY-JET-FR.pdf","fiche_methode":""},"_links":{"self":[{"href":"https:\/\/staging.hydrachim.fr\/en\/wp-json\/wp\/v2\/product\/3183","targetHints":{"allow":["GET"]}}],"collection":[{"href":"https:\/\/staging.hydrachim.fr\/en\/wp-json\/wp\/v2\/product"}],"about":[{"href":"https:\/\/staging.hydrachim.fr\/en\/wp-json\/wp\/v2\/types\/product"}],"wp:featuredmedia":[{"embeddable":true,"href":"https:\/\/staging.hydrachim.fr\/en\/wp-json\/wp\/v2\/media\/5085"}],"wp:attachment":[{"href":"https:\/\/staging.hydrachim.fr\/en\/wp-json\/wp\/v2\/media?parent=3183"}],"wp:term":[{"taxonomy":"product_brand","embeddable":true,"href":"https:\/\/staging.hydrachim.fr\/en\/wp-json\/wp\/v2\/product_brand?post=3183"},{"taxonomy":"product_type","embeddable":true,"href":"https:\/\/staging.hydrachim.fr\/en\/wp-json\/wp\/v2\/product_type?post=3183"},{"taxonomy":"product_visibility","embeddable":true,"href":"https:\/\/staging.hydrachim.fr\/en\/wp-json\/wp\/v2\/product_visibility?post=3183"},{"taxonomy":"product_cat","embeddable":true,"href":"https:\/\/staging.hydrachim.fr\/en\/wp-json\/wp\/v2\/product_cat?post=3183"}],"curies":[{"name":"wp","href":"https:\/\/api.w.org\/{rel}","templated":true}]}}