{"id":3184,"date":"2019-08-06T15:40:24","date_gmt":"2019-08-06T13:40:24","guid":{"rendered":"https:\/\/staging.hydrachim.fr\/product\/lindispensable-5-en-1\/"},"modified":"2019-10-10T10:27:52","modified_gmt":"2019-10-10T08:27:52","slug":"lindispensable-5-en-1","status":"publish","type":"product","link":"https:\/\/staging.hydrachim.fr\/en\/produit\/lindispensable-5-en-1\/","title":{"rendered":"L&#8217;indispensable 5 en 1"},"content":{"rendered":"<p><strong>Nettoyant 5 en 1 &#8211; Multi-Usages &#8211; Multi-Surfaces. Parfum cl\u00e9mentine\/orange.<\/strong><\/p>\n<p>L&#8217;INDISPENSABLE est un produit multi-usages pour le nettoyage des sols, des murs, plans de travail, surfaces modernes.<br \/>\nPr\u00eat \u00e0 l&#8217;emploi, 5 en 1, il nettoie, d\u00e9graisse et d\u00e9poussi\u00e8re en un seul geste.<br \/>\nIl laisse une agr\u00e9able odeur de cl\u00e9mentine\/orange et fait briller les surfaces.<\/p>\n<p><strong>Disponible en :<br \/>\n&#8211; Carton de 4 x 5L. R\u00e9f. 002185401<br \/>\n&#8211; Carton de 12 x 750 mL. R\u00e9f. 002185403<\/strong><\/p>\n<p class=\"y-product y-product__product-subtitle\">Avantage :<\/p>\n<p>Conforme au contact alimentaire*.<\/p>\n<p>Retrouvez le mode d&#8217;emploi et le dosage du produit en t\u00e9l\u00e9chargeant sa Fiche Technique et\/ou sa Fiche M\u00e9thode.<\/p>\n<p><em>Avant toute utilisation, lisez l&#8217;\u00e9tiquette et les informations concernant le produit.<br \/>\n*Produit conforme \u00e0 la l\u00e9gislation relative aux proc\u00e9d\u00e9s et aux produits utilis\u00e9s pour le nettoyage des mat\u00e9riaux et objets destin\u00e9s \u00e0 entrer en contact avec des denr\u00e9es, produits et boissons pour l\u2019alimentation de l\u2019homme et des animaux (Arr\u00eat\u00e9 du 08\/09\/1999 modifi\u00e9 le 19.12.2013). Rin\u00e7age obligatoire.<\/em><\/p>\n","protected":false},"excerpt":{"rendered":"<p>L&#8217;INDISPENSABLE est un produit multi-usages pour le nettoyage des sols, des murs, plans de travail, surfaces modernes&#8230;<\/p>\n","protected":false},"featured_media":5496,"template":"","meta":[],"product_brand":[],"product_type":[2],"product_visibility":[],"product_cat":[4128,4106,4145,4107,4127],"class_list":{"0":"post-3184","1":"product","2":"type-product","3":"status-publish","4":"has-post-thumbnail","6":"product_cat-solentretien","7":"product_cat-produitsnos-produits-zero-pictos","8":"product_cat-marquesorlav","9":"product_cat-nos-produits-zro-pictossurface","10":"product_cat-produitssurface-sol","11":"product_tag-clementine","12":"product_tag-lavabo","13":"product_tag-multi-surfaces","14":"product_tag-multi-usages","15":"product_tag-mur","16":"product_tag-nettoyant","17":"product_tag-orange","18":"product_tag-plan-de-travail","19":"product_tag-robinetterie","20":"product_tag-sanitaire","21":"product_tag-vitres-de-douches","23":"first","24":"instock","25":"shipping-taxable","26":"product-type-simple"},"yoast_head":"<!-- This site is optimized with the Yoast SEO plugin v24.7 - https:\/\/yoast.com\/wordpress\/plugins\/seo\/ -->\n<title>L&#039;indispensable 5 en 1 - Hydrachim<\/title>\n<meta name=\"robots\" content=\"noindex, follow, max-snippet:-1, max-image-preview:large, max-video-preview:-1\" \/>\n<meta property=\"og:locale\" content=\"en_US\" \/>\n<meta property=\"og:type\" content=\"article\" \/>\n<meta property=\"og:title\" content=\"L&#039;indispensable 5 en 1 - Hydrachim\" \/>\n<meta property=\"og:description\" content=\"L&#039;INDISPENSABLE est un produit multi-usages pour le nettoyage des sols, des murs, plans de travail, surfaces modernes...\" \/>\n<meta property=\"og:url\" content=\"https:\/\/staging.hydrachim.fr\/produit\/lindispensable-5-en-1\/\" \/>\n<meta property=\"og:site_name\" content=\"Hydrachim\" \/>\n<meta property=\"article:modified_time\" content=\"2019-10-10T08:27:52+00:00\" \/>\n<meta property=\"og:image\" content=\"https:\/\/staging.hydrachim.fr\/app\/uploads\/2019\/10\/1854_L_indispensable_multi_usage_5L.png\" \/>\n\t<meta property=\"og:image:width\" content=\"600\" \/>\n\t<meta property=\"og:image:height\" content=\"429\" \/>\n\t<meta property=\"og:image:type\" content=\"image\/png\" \/>\n<meta name=\"twitter:card\" content=\"summary_large_image\" \/>\n<meta name=\"twitter:label1\" content=\"Est. reading time\" \/>\n\t<meta name=\"twitter:data1\" content=\"1 minute\" \/>\n<script type=\"application\/ld+json\" class=\"yoast-schema-graph\">{\"@context\":\"https:\/\/schema.org\",\"@graph\":[{\"@type\":\"WebPage\",\"@id\":\"https:\/\/staging.hydrachim.fr\/produit\/lindispensable-5-en-1\/\",\"url\":\"https:\/\/staging.hydrachim.fr\/produit\/lindispensable-5-en-1\/\",\"name\":\"L'indispensable 5 en 1 - Hydrachim\",\"isPartOf\":{\"@id\":\"https:\/\/staging.hydrachim.fr\/#website\"},\"primaryImageOfPage\":{\"@id\":\"https:\/\/staging.hydrachim.fr\/produit\/lindispensable-5-en-1\/#primaryimage\"},\"image\":{\"@id\":\"https:\/\/staging.hydrachim.fr\/produit\/lindispensable-5-en-1\/#primaryimage\"},\"thumbnailUrl\":\"https:\/\/staging.hydrachim.fr\/app\/uploads\/2019\/10\/1854_L_indispensable_multi_usage_5L.png\",\"datePublished\":\"2019-08-06T13:40:24+00:00\",\"dateModified\":\"2019-10-10T08:27:52+00:00\",\"breadcrumb\":{\"@id\":\"https:\/\/staging.hydrachim.fr\/produit\/lindispensable-5-en-1\/#breadcrumb\"},\"inLanguage\":\"en-US\",\"potentialAction\":[{\"@type\":\"ReadAction\",\"target\":[\"https:\/\/staging.hydrachim.fr\/produit\/lindispensable-5-en-1\/\"]}]},{\"@type\":\"ImageObject\",\"inLanguage\":\"en-US\",\"@id\":\"https:\/\/staging.hydrachim.fr\/produit\/lindispensable-5-en-1\/#primaryimage\",\"url\":\"https:\/\/staging.hydrachim.fr\/app\/uploads\/2019\/10\/1854_L_indispensable_multi_usage_5L.png\",\"contentUrl\":\"https:\/\/staging.hydrachim.fr\/app\/uploads\/2019\/10\/1854_L_indispensable_multi_usage_5L.png\",\"width\":600,\"height\":429},{\"@type\":\"BreadcrumbList\",\"@id\":\"https:\/\/staging.hydrachim.fr\/produit\/lindispensable-5-en-1\/#breadcrumb\",\"itemListElement\":[{\"@type\":\"ListItem\",\"position\":1,\"name\":\"Home\",\"item\":\"https:\/\/staging.hydrachim.fr\/en\/\"},{\"@type\":\"ListItem\",\"position\":2,\"name\":\"Shop\",\"item\":\"https:\/\/staging.hydrachim.fr\/en\/shop\/\"},{\"@type\":\"ListItem\",\"position\":3,\"name\":\"L&rsquo;indispensable 5 en 1\"}]},{\"@type\":\"WebSite\",\"@id\":\"https:\/\/staging.hydrachim.fr\/#website\",\"url\":\"https:\/\/staging.hydrachim.fr\/\",\"name\":\"Hydrachim\",\"description\":\"La science de l&#039;hygi\u00e8ne\",\"potentialAction\":[{\"@type\":\"SearchAction\",\"target\":{\"@type\":\"EntryPoint\",\"urlTemplate\":\"https:\/\/staging.hydrachim.fr\/?s={search_term_string}\"},\"query-input\":{\"@type\":\"PropertyValueSpecification\",\"valueRequired\":true,\"valueName\":\"search_term_string\"}}],\"inLanguage\":\"en-US\"}]}<\/script>\n<!-- \/ Yoast SEO plugin. -->","yoast_head_json":{"title":"L'indispensable 5 en 1 - Hydrachim","robots":{"index":"noindex","follow":"follow","max-snippet":"max-snippet:-1","max-image-preview":"max-image-preview:large","max-video-preview":"max-video-preview:-1"},"og_locale":"en_US","og_type":"article","og_title":"L'indispensable 5 en 1 - Hydrachim","og_description":"L'INDISPENSABLE est un produit multi-usages pour le nettoyage des sols, des murs, plans de travail, surfaces modernes...","og_url":"https:\/\/staging.hydrachim.fr\/produit\/lindispensable-5-en-1\/","og_site_name":"Hydrachim","article_modified_time":"2019-10-10T08:27:52+00:00","og_image":[{"width":600,"height":429,"url":"https:\/\/staging.hydrachim.fr\/app\/uploads\/2019\/10\/1854_L_indispensable_multi_usage_5L.png","type":"image\/png"}],"twitter_card":"summary_large_image","twitter_misc":{"Est. reading time":"1 minute"},"schema":{"@context":"https:\/\/schema.org","@graph":[{"@type":"WebPage","@id":"https:\/\/staging.hydrachim.fr\/produit\/lindispensable-5-en-1\/","url":"https:\/\/staging.hydrachim.fr\/produit\/lindispensable-5-en-1\/","name":"L'indispensable 5 en 1 - Hydrachim","isPartOf":{"@id":"https:\/\/staging.hydrachim.fr\/#website"},"primaryImageOfPage":{"@id":"https:\/\/staging.hydrachim.fr\/produit\/lindispensable-5-en-1\/#primaryimage"},"image":{"@id":"https:\/\/staging.hydrachim.fr\/produit\/lindispensable-5-en-1\/#primaryimage"},"thumbnailUrl":"https:\/\/staging.hydrachim.fr\/app\/uploads\/2019\/10\/1854_L_indispensable_multi_usage_5L.png","datePublished":"2019-08-06T13:40:24+00:00","dateModified":"2019-10-10T08:27:52+00:00","breadcrumb":{"@id":"https:\/\/staging.hydrachim.fr\/produit\/lindispensable-5-en-1\/#breadcrumb"},"inLanguage":"en-US","potentialAction":[{"@type":"ReadAction","target":["https:\/\/staging.hydrachim.fr\/produit\/lindispensable-5-en-1\/"]}]},{"@type":"ImageObject","inLanguage":"en-US","@id":"https:\/\/staging.hydrachim.fr\/produit\/lindispensable-5-en-1\/#primaryimage","url":"https:\/\/staging.hydrachim.fr\/app\/uploads\/2019\/10\/1854_L_indispensable_multi_usage_5L.png","contentUrl":"https:\/\/staging.hydrachim.fr\/app\/uploads\/2019\/10\/1854_L_indispensable_multi_usage_5L.png","width":600,"height":429},{"@type":"BreadcrumbList","@id":"https:\/\/staging.hydrachim.fr\/produit\/lindispensable-5-en-1\/#breadcrumb","itemListElement":[{"@type":"ListItem","position":1,"name":"Home","item":"https:\/\/staging.hydrachim.fr\/en\/"},{"@type":"ListItem","position":2,"name":"Shop","item":"https:\/\/staging.hydrachim.fr\/en\/shop\/"},{"@type":"ListItem","position":3,"name":"L&rsquo;indispensable 5 en 1"}]},{"@type":"WebSite","@id":"https:\/\/staging.hydrachim.fr\/#website","url":"https:\/\/staging.hydrachim.fr\/","name":"Hydrachim","description":"La science de l&#039;hygi\u00e8ne","potentialAction":[{"@type":"SearchAction","target":{"@type":"EntryPoint","urlTemplate":"https:\/\/staging.hydrachim.fr\/?s={search_term_string}"},"query-input":{"@type":"PropertyValueSpecification","valueRequired":true,"valueName":"search_term_string"}}],"inLanguage":"en-US"}]}},"acf":{"fiche_technique":"https:\/\/staging.hydrachim.fr\/app\/uploads\/2019\/10\/FT_1854_L_INDISPENSABLE_5_en_1.pdf","fiche_methode":"https:\/\/staging.hydrachim.fr\/app\/uploads\/2019\/09\/1854-INDISPENSABLE-MULTI-USAGES-5-EN-1-ORLAV-h.pdf"},"_links":{"self":[{"href":"https:\/\/staging.hydrachim.fr\/en\/wp-json\/wp\/v2\/product\/3184","targetHints":{"allow":["GET"]}}],"collection":[{"href":"https:\/\/staging.hydrachim.fr\/en\/wp-json\/wp\/v2\/product"}],"about":[{"href":"https:\/\/staging.hydrachim.fr\/en\/wp-json\/wp\/v2\/types\/product"}],"wp:featuredmedia":[{"embeddable":true,"href":"https:\/\/staging.hydrachim.fr\/en\/wp-json\/wp\/v2\/media\/5496"}],"wp:attachment":[{"href":"https:\/\/staging.hydrachim.fr\/en\/wp-json\/wp\/v2\/media?parent=3184"}],"wp:term":[{"taxonomy":"product_brand","embeddable":true,"href":"https:\/\/staging.hydrachim.fr\/en\/wp-json\/wp\/v2\/product_brand?post=3184"},{"taxonomy":"product_type","embeddable":true,"href":"https:\/\/staging.hydrachim.fr\/en\/wp-json\/wp\/v2\/product_type?post=3184"},{"taxonomy":"product_visibility","embeddable":true,"href":"https:\/\/staging.hydrachim.fr\/en\/wp-json\/wp\/v2\/product_visibility?post=3184"},{"taxonomy":"product_cat","embeddable":true,"href":"https:\/\/staging.hydrachim.fr\/en\/wp-json\/wp\/v2\/product_cat?post=3184"}],"curies":[{"name":"wp","href":"https:\/\/api.w.org\/{rel}","templated":true}]}}