{"id":3185,"date":"2019-08-06T15:40:25","date_gmt":"2019-08-06T13:40:25","guid":{"rendered":"https:\/\/staging.hydrachim.fr\/product\/baseactiv\/"},"modified":"2019-10-14T11:47:57","modified_gmt":"2019-10-14T09:47:57","slug":"baseactiv","status":"publish","type":"product","link":"https:\/\/staging.hydrachim.fr\/en\/produit\/baseactiv\/","title":{"rendered":"Base&#8217;activ"},"content":{"rendered":"<p><strong>Base Alcaline pour l&#8217;entretien des installatiosn de traite.<\/strong><\/p>\n<p>BASE&#8217;ACTIV est un produit liquide alcalin non chlor\u00e9. Il est utilis\u00e9 pour \u00e9liminer les souillures organiques comme le lait et les mati\u00e8res grasses.<br \/>\nBASE&#8217;ACTIV est stable et efficace m\u00eame \u00e0 des temp\u00e9ratures \u00e9lev\u00e9es.<br \/>\nSon fort pouvoir alcalin est apport\u00e9 par la pr\u00e9sence d&#8217;hydroxyde de sodium, se qui lui conf\u00e8re des propri\u00e9t\u00e9s d\u00e9tergentes m\u00eame \u00e0 forte temp\u00e9rature.<br \/>\nSes agents phosphonates renforcent l&#8217;activit\u00e9 d\u00e9tergente et dispersante des mati\u00e8res organiques ainsi que son pouvoir anti-tartre.<br \/>\nProduit utilisable en agriculture biologique conforme au (CE) 834\/2007 (et ses amendements).<\/p>\n<p><strong>Disponible en bidon de 24kg R\u00e9f. 001122872.<\/strong><\/p>\n<p class=\"y-product y-product__product-subtitle\">Avantage :<\/p>\n<p> Base&#8217;Activ a un fort pouvoir nettoyant et d\u00e9sincrustant.<\/p>\n<p>Retrouvez le mode d&#8217;emploi et le dosage du produit en t\u00e9l\u00e9chargeant la Fiche Technique.<\/p>\n","protected":false},"excerpt":{"rendered":"<p>Alcalin non moussant pour robot de traite.<\/p>\n","protected":false},"featured_media":5097,"template":"","meta":[],"product_brand":[],"product_type":[2],"product_visibility":[],"product_cat":[4154],"class_list":{"0":"post-3185","1":"product","2":"type-product","3":"status-publish","4":"has-post-thumbnail","6":"product_cat-marqueshydrachim-elevage","7":"product_tag-alcalin","8":"product_tag-concentre","9":"product_tag-detergent","10":"product_tag-economique","11":"product_tag-liquide","12":"product_tag-materiel","13":"product_tag-materiel-de-traite","14":"product_tag-tank","16":"first","17":"instock","18":"shipping-taxable","19":"product-type-simple"},"yoast_head":"<!-- This site is optimized with the Yoast SEO plugin v24.7 - https:\/\/yoast.com\/wordpress\/plugins\/seo\/ -->\n<title>Base&#039;activ - Hydrachim<\/title>\n<meta name=\"robots\" content=\"noindex, follow, max-snippet:-1, max-image-preview:large, max-video-preview:-1\" \/>\n<meta property=\"og:locale\" content=\"en_US\" \/>\n<meta property=\"og:type\" content=\"article\" \/>\n<meta property=\"og:title\" content=\"Base&#039;activ - Hydrachim\" \/>\n<meta property=\"og:description\" content=\"Alcalin non moussant pour robot de traite.\" \/>\n<meta property=\"og:url\" content=\"https:\/\/staging.hydrachim.fr\/produit\/baseactiv\/\" \/>\n<meta property=\"og:site_name\" content=\"Hydrachim\" \/>\n<meta property=\"article:modified_time\" content=\"2019-10-14T09:47:57+00:00\" \/>\n<meta property=\"og:image\" content=\"https:\/\/staging.hydrachim.fr\/app\/uploads\/2019\/10\/1228-Base-activ-PHOTO-WEB.png\" \/>\n\t<meta property=\"og:image:width\" content=\"525\" \/>\n\t<meta property=\"og:image:height\" content=\"600\" \/>\n\t<meta property=\"og:image:type\" content=\"image\/png\" \/>\n<meta name=\"twitter:card\" content=\"summary_large_image\" \/>\n<meta name=\"twitter:label1\" content=\"Est. reading time\" \/>\n\t<meta name=\"twitter:data1\" content=\"1 minute\" \/>\n<script type=\"application\/ld+json\" class=\"yoast-schema-graph\">{\"@context\":\"https:\/\/schema.org\",\"@graph\":[{\"@type\":\"WebPage\",\"@id\":\"https:\/\/staging.hydrachim.fr\/produit\/baseactiv\/\",\"url\":\"https:\/\/staging.hydrachim.fr\/produit\/baseactiv\/\",\"name\":\"Base'activ - Hydrachim\",\"isPartOf\":{\"@id\":\"https:\/\/staging.hydrachim.fr\/#website\"},\"primaryImageOfPage\":{\"@id\":\"https:\/\/staging.hydrachim.fr\/produit\/baseactiv\/#primaryimage\"},\"image\":{\"@id\":\"https:\/\/staging.hydrachim.fr\/produit\/baseactiv\/#primaryimage\"},\"thumbnailUrl\":\"https:\/\/staging.hydrachim.fr\/app\/uploads\/2019\/10\/1228-Base-activ-PHOTO-WEB.png\",\"datePublished\":\"2019-08-06T13:40:25+00:00\",\"dateModified\":\"2019-10-14T09:47:57+00:00\",\"breadcrumb\":{\"@id\":\"https:\/\/staging.hydrachim.fr\/produit\/baseactiv\/#breadcrumb\"},\"inLanguage\":\"en-US\",\"potentialAction\":[{\"@type\":\"ReadAction\",\"target\":[\"https:\/\/staging.hydrachim.fr\/produit\/baseactiv\/\"]}]},{\"@type\":\"ImageObject\",\"inLanguage\":\"en-US\",\"@id\":\"https:\/\/staging.hydrachim.fr\/produit\/baseactiv\/#primaryimage\",\"url\":\"https:\/\/staging.hydrachim.fr\/app\/uploads\/2019\/10\/1228-Base-activ-PHOTO-WEB.png\",\"contentUrl\":\"https:\/\/staging.hydrachim.fr\/app\/uploads\/2019\/10\/1228-Base-activ-PHOTO-WEB.png\",\"width\":525,\"height\":600},{\"@type\":\"BreadcrumbList\",\"@id\":\"https:\/\/staging.hydrachim.fr\/produit\/baseactiv\/#breadcrumb\",\"itemListElement\":[{\"@type\":\"ListItem\",\"position\":1,\"name\":\"Home\",\"item\":\"https:\/\/staging.hydrachim.fr\/en\/\"},{\"@type\":\"ListItem\",\"position\":2,\"name\":\"Shop\",\"item\":\"https:\/\/staging.hydrachim.fr\/en\/shop\/\"},{\"@type\":\"ListItem\",\"position\":3,\"name\":\"Base&rsquo;activ\"}]},{\"@type\":\"WebSite\",\"@id\":\"https:\/\/staging.hydrachim.fr\/#website\",\"url\":\"https:\/\/staging.hydrachim.fr\/\",\"name\":\"Hydrachim\",\"description\":\"La science de l&#039;hygi\u00e8ne\",\"potentialAction\":[{\"@type\":\"SearchAction\",\"target\":{\"@type\":\"EntryPoint\",\"urlTemplate\":\"https:\/\/staging.hydrachim.fr\/?s={search_term_string}\"},\"query-input\":{\"@type\":\"PropertyValueSpecification\",\"valueRequired\":true,\"valueName\":\"search_term_string\"}}],\"inLanguage\":\"en-US\"}]}<\/script>\n<!-- \/ Yoast SEO plugin. -->","yoast_head_json":{"title":"Base'activ - Hydrachim","robots":{"index":"noindex","follow":"follow","max-snippet":"max-snippet:-1","max-image-preview":"max-image-preview:large","max-video-preview":"max-video-preview:-1"},"og_locale":"en_US","og_type":"article","og_title":"Base'activ - Hydrachim","og_description":"Alcalin non moussant pour robot de traite.","og_url":"https:\/\/staging.hydrachim.fr\/produit\/baseactiv\/","og_site_name":"Hydrachim","article_modified_time":"2019-10-14T09:47:57+00:00","og_image":[{"width":525,"height":600,"url":"https:\/\/staging.hydrachim.fr\/app\/uploads\/2019\/10\/1228-Base-activ-PHOTO-WEB.png","type":"image\/png"}],"twitter_card":"summary_large_image","twitter_misc":{"Est. reading time":"1 minute"},"schema":{"@context":"https:\/\/schema.org","@graph":[{"@type":"WebPage","@id":"https:\/\/staging.hydrachim.fr\/produit\/baseactiv\/","url":"https:\/\/staging.hydrachim.fr\/produit\/baseactiv\/","name":"Base'activ - Hydrachim","isPartOf":{"@id":"https:\/\/staging.hydrachim.fr\/#website"},"primaryImageOfPage":{"@id":"https:\/\/staging.hydrachim.fr\/produit\/baseactiv\/#primaryimage"},"image":{"@id":"https:\/\/staging.hydrachim.fr\/produit\/baseactiv\/#primaryimage"},"thumbnailUrl":"https:\/\/staging.hydrachim.fr\/app\/uploads\/2019\/10\/1228-Base-activ-PHOTO-WEB.png","datePublished":"2019-08-06T13:40:25+00:00","dateModified":"2019-10-14T09:47:57+00:00","breadcrumb":{"@id":"https:\/\/staging.hydrachim.fr\/produit\/baseactiv\/#breadcrumb"},"inLanguage":"en-US","potentialAction":[{"@type":"ReadAction","target":["https:\/\/staging.hydrachim.fr\/produit\/baseactiv\/"]}]},{"@type":"ImageObject","inLanguage":"en-US","@id":"https:\/\/staging.hydrachim.fr\/produit\/baseactiv\/#primaryimage","url":"https:\/\/staging.hydrachim.fr\/app\/uploads\/2019\/10\/1228-Base-activ-PHOTO-WEB.png","contentUrl":"https:\/\/staging.hydrachim.fr\/app\/uploads\/2019\/10\/1228-Base-activ-PHOTO-WEB.png","width":525,"height":600},{"@type":"BreadcrumbList","@id":"https:\/\/staging.hydrachim.fr\/produit\/baseactiv\/#breadcrumb","itemListElement":[{"@type":"ListItem","position":1,"name":"Home","item":"https:\/\/staging.hydrachim.fr\/en\/"},{"@type":"ListItem","position":2,"name":"Shop","item":"https:\/\/staging.hydrachim.fr\/en\/shop\/"},{"@type":"ListItem","position":3,"name":"Base&rsquo;activ"}]},{"@type":"WebSite","@id":"https:\/\/staging.hydrachim.fr\/#website","url":"https:\/\/staging.hydrachim.fr\/","name":"Hydrachim","description":"La science de l&#039;hygi\u00e8ne","potentialAction":[{"@type":"SearchAction","target":{"@type":"EntryPoint","urlTemplate":"https:\/\/staging.hydrachim.fr\/?s={search_term_string}"},"query-input":{"@type":"PropertyValueSpecification","valueRequired":true,"valueName":"search_term_string"}}],"inLanguage":"en-US"}]}},"acf":{"fiche_technique":"https:\/\/staging.hydrachim.fr\/app\/uploads\/2019\/10\/FT_1228_BASE_ACTIV_.pdf","fiche_methode":""},"_links":{"self":[{"href":"https:\/\/staging.hydrachim.fr\/en\/wp-json\/wp\/v2\/product\/3185","targetHints":{"allow":["GET"]}}],"collection":[{"href":"https:\/\/staging.hydrachim.fr\/en\/wp-json\/wp\/v2\/product"}],"about":[{"href":"https:\/\/staging.hydrachim.fr\/en\/wp-json\/wp\/v2\/types\/product"}],"wp:featuredmedia":[{"embeddable":true,"href":"https:\/\/staging.hydrachim.fr\/en\/wp-json\/wp\/v2\/media\/5097"}],"wp:attachment":[{"href":"https:\/\/staging.hydrachim.fr\/en\/wp-json\/wp\/v2\/media?parent=3185"}],"wp:term":[{"taxonomy":"product_brand","embeddable":true,"href":"https:\/\/staging.hydrachim.fr\/en\/wp-json\/wp\/v2\/product_brand?post=3185"},{"taxonomy":"product_type","embeddable":true,"href":"https:\/\/staging.hydrachim.fr\/en\/wp-json\/wp\/v2\/product_type?post=3185"},{"taxonomy":"product_visibility","embeddable":true,"href":"https:\/\/staging.hydrachim.fr\/en\/wp-json\/wp\/v2\/product_visibility?post=3185"},{"taxonomy":"product_cat","embeddable":true,"href":"https:\/\/staging.hydrachim.fr\/en\/wp-json\/wp\/v2\/product_cat?post=3185"}],"curies":[{"name":"wp","href":"https:\/\/api.w.org\/{rel}","templated":true}]}}