{"id":3191,"date":"2019-08-06T15:40:32","date_gmt":"2019-08-06T13:40:32","guid":{"rendered":"https:\/\/staging.hydrachim.fr\/product\/deonetsoft-parfum-fleurs-dolivier\/"},"modified":"2019-10-03T10:51:53","modified_gmt":"2019-10-03T08:51:53","slug":"deonetsoft-parfum-fleurs-dolivier","status":"publish","type":"product","link":"https:\/\/staging.hydrachim.fr\/en\/produit\/deonetsoft-parfum-fleurs-dolivier\/","title":{"rendered":"D\u00e9onet&#8217;Soft parfum fleurs d&#8217;olivier"},"content":{"rendered":"<p><strong>Le D\u00e9onet&#8217;Soft est un produit \u00e0 base d&#8217;ingr\u00e9dients d&#8217;origine v\u00e9g\u00e9tale qui nettoie tous les types de sols.<\/strong><\/p>\n<p>D\u00e9onet&#8217;Soft ne n\u00e9cessite pas de rin\u00e7age*. Le D\u00e9onet&#8217;Soft peut \u00e9galement \u00eatre utilis\u00e9 pour l&#8217;entretien des murs, des sols, des fa\u00efences, des thermoplastiques et du mobilier sanitaire. Il neutralise les mauvaises odeurs. D\u00e9onet&#8217;Soft est tr\u00e8s r\u00e9manent et laisse un agr\u00e9able parfum de fleurs d&#8217;olivier apr\u00e8s le nettoyage.<\/p>\n<p><strong>Disponible en :<br \/>\n&#8211; Carton de 6 x 1 L. R\u00e9f. 002183802<br \/>\n&#8211; Carton de 4 x 5 L (avec bouchon doseur gradu\u00e9). R\u00e9f. 002183801<br \/>\n&#8211; Carton de 250 dosettes de 16 ml. R\u00e9f. 002185201<\/strong><\/p>\n<p class=\"y-product y-product__product-subtitle\">Avantage :<\/p>\n<p>Le D\u00e9onet&#8217;Soft est formul\u00e9 sans allerg\u00e8ne**, sans phosphate, sans EDTA, \u00e0 base de tensio-actifs d&#8217;origine v\u00e9g\u00e9tale, \u00e0 base de savon d&#8217;origine v\u00e9g\u00e9tale (colza et noix de coco), sans \u00e9tiquetage de danger.<\/p>\n<p>Retrouvez le mode d&#8217;emploi et le dosage du produit en t\u00e9l\u00e9chargeant sa Fiche Technique.<\/p>\n<p><em>*Rincer sur les surfaces en contact alimentaires.<br \/>\n**parmi les allerg\u00e8nes list\u00e9s dans les r\u00e8glements Cosm\u00e9tique n\u00b01223\/2009 et D\u00e9tergent n\u00b0648\/2004.<br \/>\nAvant toute utilisation, lisez l&#8217;\u00e9tiquette et les informations concernant le produit.<\/em><\/p>\n","protected":false},"excerpt":{"rendered":"<p>Nettoyant sols parfum fleurs d&#8217;olivier<\/p>\n","protected":false},"featured_media":2404,"template":"","meta":[],"product_brand":[],"product_type":[2],"product_visibility":[],"product_cat":[4106,4146,4110],"class_list":{"0":"post-3191","1":"product","2":"type-product","3":"status-publish","4":"has-post-thumbnail","6":"product_cat-produitsnos-produits-zero-pictos","7":"product_cat-marquessoft-attitude","8":"product_cat-nos-produits-zro-pictossol","9":"product_tag-0-picto","10":"product_tag-liquide","11":"product_tag-nettoyant","12":"product_tag-sol","14":"first","15":"instock","16":"shipping-taxable","17":"product-type-simple"},"yoast_head":"<!-- This site is optimized with the Yoast SEO plugin v24.7 - https:\/\/yoast.com\/wordpress\/plugins\/seo\/ -->\n<title>D\u00e9onet&#039;Soft parfum fleurs d&#039;olivier - Hydrachim<\/title>\n<meta name=\"robots\" content=\"noindex, follow, max-snippet:-1, max-image-preview:large, max-video-preview:-1\" \/>\n<meta property=\"og:locale\" content=\"en_US\" \/>\n<meta property=\"og:type\" content=\"article\" \/>\n<meta property=\"og:title\" content=\"D\u00e9onet&#039;Soft parfum fleurs d&#039;olivier - Hydrachim\" \/>\n<meta property=\"og:description\" content=\"Nettoyant sols parfum fleurs d&#039;olivier\" \/>\n<meta property=\"og:url\" content=\"https:\/\/staging.hydrachim.fr\/produit\/deonetsoft-parfum-fleurs-dolivier\/\" \/>\n<meta property=\"og:site_name\" content=\"Hydrachim\" \/>\n<meta property=\"article:modified_time\" content=\"2019-10-03T08:51:53+00:00\" \/>\n<meta property=\"og:image\" content=\"https:\/\/staging.hydrachim.fr\/app\/uploads\/2019\/08\/1838-DEONETSOFT-FLEUR-DOLIVIER-5L.jpg\" \/>\n\t<meta property=\"og:image:width\" content=\"212\" \/>\n\t<meta property=\"og:image:height\" content=\"250\" \/>\n\t<meta property=\"og:image:type\" content=\"image\/jpeg\" \/>\n<meta name=\"twitter:card\" content=\"summary_large_image\" \/>\n<meta name=\"twitter:label1\" content=\"Est. reading time\" \/>\n\t<meta name=\"twitter:data1\" content=\"1 minute\" \/>\n<script type=\"application\/ld+json\" class=\"yoast-schema-graph\">{\"@context\":\"https:\/\/schema.org\",\"@graph\":[{\"@type\":\"WebPage\",\"@id\":\"https:\/\/staging.hydrachim.fr\/produit\/deonetsoft-parfum-fleurs-dolivier\/\",\"url\":\"https:\/\/staging.hydrachim.fr\/produit\/deonetsoft-parfum-fleurs-dolivier\/\",\"name\":\"D\u00e9onet'Soft parfum fleurs d'olivier - Hydrachim\",\"isPartOf\":{\"@id\":\"https:\/\/staging.hydrachim.fr\/#website\"},\"primaryImageOfPage\":{\"@id\":\"https:\/\/staging.hydrachim.fr\/produit\/deonetsoft-parfum-fleurs-dolivier\/#primaryimage\"},\"image\":{\"@id\":\"https:\/\/staging.hydrachim.fr\/produit\/deonetsoft-parfum-fleurs-dolivier\/#primaryimage\"},\"thumbnailUrl\":\"https:\/\/staging.hydrachim.fr\/app\/uploads\/2019\/08\/1838-DEONETSOFT-FLEUR-DOLIVIER-5L.jpg\",\"datePublished\":\"2019-08-06T13:40:32+00:00\",\"dateModified\":\"2019-10-03T08:51:53+00:00\",\"breadcrumb\":{\"@id\":\"https:\/\/staging.hydrachim.fr\/produit\/deonetsoft-parfum-fleurs-dolivier\/#breadcrumb\"},\"inLanguage\":\"en-US\",\"potentialAction\":[{\"@type\":\"ReadAction\",\"target\":[\"https:\/\/staging.hydrachim.fr\/produit\/deonetsoft-parfum-fleurs-dolivier\/\"]}]},{\"@type\":\"ImageObject\",\"inLanguage\":\"en-US\",\"@id\":\"https:\/\/staging.hydrachim.fr\/produit\/deonetsoft-parfum-fleurs-dolivier\/#primaryimage\",\"url\":\"https:\/\/staging.hydrachim.fr\/app\/uploads\/2019\/08\/1838-DEONETSOFT-FLEUR-DOLIVIER-5L.jpg\",\"contentUrl\":\"https:\/\/staging.hydrachim.fr\/app\/uploads\/2019\/08\/1838-DEONETSOFT-FLEUR-DOLIVIER-5L.jpg\",\"width\":212,\"height\":250},{\"@type\":\"BreadcrumbList\",\"@id\":\"https:\/\/staging.hydrachim.fr\/produit\/deonetsoft-parfum-fleurs-dolivier\/#breadcrumb\",\"itemListElement\":[{\"@type\":\"ListItem\",\"position\":1,\"name\":\"Home\",\"item\":\"https:\/\/staging.hydrachim.fr\/en\/\"},{\"@type\":\"ListItem\",\"position\":2,\"name\":\"Shop\",\"item\":\"https:\/\/staging.hydrachim.fr\/en\/shop\/\"},{\"@type\":\"ListItem\",\"position\":3,\"name\":\"D\u00e9onet&rsquo;Soft parfum fleurs d&rsquo;olivier\"}]},{\"@type\":\"WebSite\",\"@id\":\"https:\/\/staging.hydrachim.fr\/#website\",\"url\":\"https:\/\/staging.hydrachim.fr\/\",\"name\":\"Hydrachim\",\"description\":\"La science de l&#039;hygi\u00e8ne\",\"potentialAction\":[{\"@type\":\"SearchAction\",\"target\":{\"@type\":\"EntryPoint\",\"urlTemplate\":\"https:\/\/staging.hydrachim.fr\/?s={search_term_string}\"},\"query-input\":{\"@type\":\"PropertyValueSpecification\",\"valueRequired\":true,\"valueName\":\"search_term_string\"}}],\"inLanguage\":\"en-US\"}]}<\/script>\n<!-- \/ Yoast SEO plugin. -->","yoast_head_json":{"title":"D\u00e9onet'Soft parfum fleurs d'olivier - Hydrachim","robots":{"index":"noindex","follow":"follow","max-snippet":"max-snippet:-1","max-image-preview":"max-image-preview:large","max-video-preview":"max-video-preview:-1"},"og_locale":"en_US","og_type":"article","og_title":"D\u00e9onet'Soft parfum fleurs d'olivier - Hydrachim","og_description":"Nettoyant sols parfum fleurs d'olivier","og_url":"https:\/\/staging.hydrachim.fr\/produit\/deonetsoft-parfum-fleurs-dolivier\/","og_site_name":"Hydrachim","article_modified_time":"2019-10-03T08:51:53+00:00","og_image":[{"width":212,"height":250,"url":"https:\/\/staging.hydrachim.fr\/app\/uploads\/2019\/08\/1838-DEONETSOFT-FLEUR-DOLIVIER-5L.jpg","type":"image\/jpeg"}],"twitter_card":"summary_large_image","twitter_misc":{"Est. reading time":"1 minute"},"schema":{"@context":"https:\/\/schema.org","@graph":[{"@type":"WebPage","@id":"https:\/\/staging.hydrachim.fr\/produit\/deonetsoft-parfum-fleurs-dolivier\/","url":"https:\/\/staging.hydrachim.fr\/produit\/deonetsoft-parfum-fleurs-dolivier\/","name":"D\u00e9onet'Soft parfum fleurs d'olivier - Hydrachim","isPartOf":{"@id":"https:\/\/staging.hydrachim.fr\/#website"},"primaryImageOfPage":{"@id":"https:\/\/staging.hydrachim.fr\/produit\/deonetsoft-parfum-fleurs-dolivier\/#primaryimage"},"image":{"@id":"https:\/\/staging.hydrachim.fr\/produit\/deonetsoft-parfum-fleurs-dolivier\/#primaryimage"},"thumbnailUrl":"https:\/\/staging.hydrachim.fr\/app\/uploads\/2019\/08\/1838-DEONETSOFT-FLEUR-DOLIVIER-5L.jpg","datePublished":"2019-08-06T13:40:32+00:00","dateModified":"2019-10-03T08:51:53+00:00","breadcrumb":{"@id":"https:\/\/staging.hydrachim.fr\/produit\/deonetsoft-parfum-fleurs-dolivier\/#breadcrumb"},"inLanguage":"en-US","potentialAction":[{"@type":"ReadAction","target":["https:\/\/staging.hydrachim.fr\/produit\/deonetsoft-parfum-fleurs-dolivier\/"]}]},{"@type":"ImageObject","inLanguage":"en-US","@id":"https:\/\/staging.hydrachim.fr\/produit\/deonetsoft-parfum-fleurs-dolivier\/#primaryimage","url":"https:\/\/staging.hydrachim.fr\/app\/uploads\/2019\/08\/1838-DEONETSOFT-FLEUR-DOLIVIER-5L.jpg","contentUrl":"https:\/\/staging.hydrachim.fr\/app\/uploads\/2019\/08\/1838-DEONETSOFT-FLEUR-DOLIVIER-5L.jpg","width":212,"height":250},{"@type":"BreadcrumbList","@id":"https:\/\/staging.hydrachim.fr\/produit\/deonetsoft-parfum-fleurs-dolivier\/#breadcrumb","itemListElement":[{"@type":"ListItem","position":1,"name":"Home","item":"https:\/\/staging.hydrachim.fr\/en\/"},{"@type":"ListItem","position":2,"name":"Shop","item":"https:\/\/staging.hydrachim.fr\/en\/shop\/"},{"@type":"ListItem","position":3,"name":"D\u00e9onet&rsquo;Soft parfum fleurs d&rsquo;olivier"}]},{"@type":"WebSite","@id":"https:\/\/staging.hydrachim.fr\/#website","url":"https:\/\/staging.hydrachim.fr\/","name":"Hydrachim","description":"La science de l&#039;hygi\u00e8ne","potentialAction":[{"@type":"SearchAction","target":{"@type":"EntryPoint","urlTemplate":"https:\/\/staging.hydrachim.fr\/?s={search_term_string}"},"query-input":{"@type":"PropertyValueSpecification","valueRequired":true,"valueName":"search_term_string"}}],"inLanguage":"en-US"}]}},"acf":{"fiche_technique":"https:\/\/staging.hydrachim.fr\/app\/uploads\/2019\/09\/FT-1838_SOFT-ATTITUDE_DEONET-SOFT-FLEUR-D-OLIVIER.pdf","fiche_methode":""},"_links":{"self":[{"href":"https:\/\/staging.hydrachim.fr\/en\/wp-json\/wp\/v2\/product\/3191","targetHints":{"allow":["GET"]}}],"collection":[{"href":"https:\/\/staging.hydrachim.fr\/en\/wp-json\/wp\/v2\/product"}],"about":[{"href":"https:\/\/staging.hydrachim.fr\/en\/wp-json\/wp\/v2\/types\/product"}],"wp:featuredmedia":[{"embeddable":true,"href":"https:\/\/staging.hydrachim.fr\/en\/wp-json\/wp\/v2\/media\/2404"}],"wp:attachment":[{"href":"https:\/\/staging.hydrachim.fr\/en\/wp-json\/wp\/v2\/media?parent=3191"}],"wp:term":[{"taxonomy":"product_brand","embeddable":true,"href":"https:\/\/staging.hydrachim.fr\/en\/wp-json\/wp\/v2\/product_brand?post=3191"},{"taxonomy":"product_type","embeddable":true,"href":"https:\/\/staging.hydrachim.fr\/en\/wp-json\/wp\/v2\/product_type?post=3191"},{"taxonomy":"product_visibility","embeddable":true,"href":"https:\/\/staging.hydrachim.fr\/en\/wp-json\/wp\/v2\/product_visibility?post=3191"},{"taxonomy":"product_cat","embeddable":true,"href":"https:\/\/staging.hydrachim.fr\/en\/wp-json\/wp\/v2\/product_cat?post=3191"}],"curies":[{"name":"wp","href":"https:\/\/api.w.org\/{rel}","templated":true}]}}