{"id":3192,"date":"2019-08-06T15:40:32","date_gmt":"2019-08-06T13:40:32","guid":{"rendered":"https:\/\/staging.hydrachim.fr\/product\/lactieasy\/"},"modified":"2019-10-11T16:38:13","modified_gmt":"2019-10-11T14:38:13","slug":"lactieasy","status":"publish","type":"product","link":"https:\/\/staging.hydrachim.fr\/en\/produit\/lactieasy\/","title":{"rendered":"Lacti&#8217; Easy"},"content":{"rendered":"<p><strong>Lacti&#8217; Easy est un nettoyant d\u00e9sinfectant des trayons 2 en 1 (avant et apr\u00e8s traite).<\/strong><\/p>\n<p>Lacti&#8217; Easy est un produit d&#8217;hygi\u00e8ne qui permet \u00e0 la fois un nettoyage avant traite des trayons pour une hygi\u00e8ne parfaite et une d\u00e9sinfection surgraissante apr\u00e8s traite permettant aux trayons de retrouver douceur et souplesse.<br \/>\nFormul\u00e9 \u00e0 base d&#8217;acide lactique.<br \/>\nProduit utilisable en agriculture biologique conforme au (CE) 834\/2007 (et ses amendements).<\/p>\n<p><strong>Disponible en :<br \/>\n&#8211; bidon de 20Kg R\u00e9f 001157704,<br \/>\n&#8211; f\u00fbt de 60Kg R\u00e9f. 001157705.<\/strong><\/p>\n<p class=\"y-product y-product__product-subtitle\">Avantage :<\/p>\n<p>Lacti&#8217; Easy a une action d\u00e9sinfectante tout en respectant l&#8217;\u00e9piderme.<\/p>\n<p>Retrouvez le mode d&#8217;emploi et le dosage du produit en t\u00e9l\u00e9chargeant la Fiche Technique.<\/p>\n<p><em>Utilisez les biocides avec pr\u00e9caution. Avant toute utilisation, lisez l&#8217;\u00e9tiquette et les informations concernant le produit.<\/em><\/p>\n","protected":false},"excerpt":{"rendered":"<p>Lacti&#8217; Easy nettoyant d\u00e9sinfectant des trayons 2 en 1.<\/p>\n","protected":false},"featured_media":5329,"template":"","meta":[],"product_brand":[],"product_type":[2],"product_visibility":[],"product_cat":[3979,4115,4154,3985],"class_list":{"0":"post-3192","1":"product","2":"type-product","3":"status-publish","4":"has-post-thumbnail","6":"product_cat-produitselevage","7":"product_cat-dsinfectionlevage","8":"product_cat-marqueshydrachim-elevage","9":"product_cat-hygiene-mamelle","10":"product_tag-apres-traite","11":"product_tag-hygiene-des-mamelles","12":"product_tag-mamelle","13":"product_tag-nettoyant","14":"product_tag-robot-de-traite","15":"product_tag-trempage","17":"first","18":"instock","19":"shipping-taxable","20":"product-type-simple"},"yoast_head":"<!-- This site is optimized with the Yoast SEO plugin v24.7 - https:\/\/yoast.com\/wordpress\/plugins\/seo\/ -->\n<title>Lacti&#039; Easy - Hydrachim<\/title>\n<meta name=\"robots\" content=\"noindex, follow, max-snippet:-1, max-image-preview:large, max-video-preview:-1\" \/>\n<meta property=\"og:locale\" content=\"en_US\" \/>\n<meta property=\"og:type\" content=\"article\" \/>\n<meta property=\"og:title\" content=\"Lacti&#039; Easy - Hydrachim\" \/>\n<meta property=\"og:description\" content=\"Lacti&#039; Easy nettoyant d\u00e9sinfectant des trayons 2 en 1.\" \/>\n<meta property=\"og:url\" content=\"https:\/\/staging.hydrachim.fr\/produit\/lactieasy\/\" \/>\n<meta property=\"og:site_name\" content=\"Hydrachim\" \/>\n<meta property=\"article:modified_time\" content=\"2019-10-11T14:38:13+00:00\" \/>\n<meta property=\"og:image\" content=\"https:\/\/staging.hydrachim.fr\/app\/uploads\/2019\/10\/1577_SOFTATTITUDE_LACTIEASY_20KG.png\" \/>\n\t<meta property=\"og:image:width\" content=\"600\" \/>\n\t<meta property=\"og:image:height\" content=\"877\" \/>\n\t<meta property=\"og:image:type\" content=\"image\/png\" \/>\n<meta name=\"twitter:card\" content=\"summary_large_image\" \/>\n<meta name=\"twitter:label1\" content=\"Est. reading time\" \/>\n\t<meta name=\"twitter:data1\" content=\"1 minute\" \/>\n<script type=\"application\/ld+json\" class=\"yoast-schema-graph\">{\"@context\":\"https:\/\/schema.org\",\"@graph\":[{\"@type\":\"WebPage\",\"@id\":\"https:\/\/staging.hydrachim.fr\/produit\/lactieasy\/\",\"url\":\"https:\/\/staging.hydrachim.fr\/produit\/lactieasy\/\",\"name\":\"Lacti' Easy - Hydrachim\",\"isPartOf\":{\"@id\":\"https:\/\/staging.hydrachim.fr\/#website\"},\"primaryImageOfPage\":{\"@id\":\"https:\/\/staging.hydrachim.fr\/produit\/lactieasy\/#primaryimage\"},\"image\":{\"@id\":\"https:\/\/staging.hydrachim.fr\/produit\/lactieasy\/#primaryimage\"},\"thumbnailUrl\":\"https:\/\/staging.hydrachim.fr\/app\/uploads\/2019\/10\/1577_SOFTATTITUDE_LACTIEASY_20KG.png\",\"datePublished\":\"2019-08-06T13:40:32+00:00\",\"dateModified\":\"2019-10-11T14:38:13+00:00\",\"breadcrumb\":{\"@id\":\"https:\/\/staging.hydrachim.fr\/produit\/lactieasy\/#breadcrumb\"},\"inLanguage\":\"en-US\",\"potentialAction\":[{\"@type\":\"ReadAction\",\"target\":[\"https:\/\/staging.hydrachim.fr\/produit\/lactieasy\/\"]}]},{\"@type\":\"ImageObject\",\"inLanguage\":\"en-US\",\"@id\":\"https:\/\/staging.hydrachim.fr\/produit\/lactieasy\/#primaryimage\",\"url\":\"https:\/\/staging.hydrachim.fr\/app\/uploads\/2019\/10\/1577_SOFTATTITUDE_LACTIEASY_20KG.png\",\"contentUrl\":\"https:\/\/staging.hydrachim.fr\/app\/uploads\/2019\/10\/1577_SOFTATTITUDE_LACTIEASY_20KG.png\",\"width\":600,\"height\":877},{\"@type\":\"BreadcrumbList\",\"@id\":\"https:\/\/staging.hydrachim.fr\/produit\/lactieasy\/#breadcrumb\",\"itemListElement\":[{\"@type\":\"ListItem\",\"position\":1,\"name\":\"Home\",\"item\":\"https:\/\/staging.hydrachim.fr\/en\/\"},{\"@type\":\"ListItem\",\"position\":2,\"name\":\"Shop\",\"item\":\"https:\/\/staging.hydrachim.fr\/en\/shop\/\"},{\"@type\":\"ListItem\",\"position\":3,\"name\":\"Lacti&rsquo; Easy\"}]},{\"@type\":\"WebSite\",\"@id\":\"https:\/\/staging.hydrachim.fr\/#website\",\"url\":\"https:\/\/staging.hydrachim.fr\/\",\"name\":\"Hydrachim\",\"description\":\"La science de l&#039;hygi\u00e8ne\",\"potentialAction\":[{\"@type\":\"SearchAction\",\"target\":{\"@type\":\"EntryPoint\",\"urlTemplate\":\"https:\/\/staging.hydrachim.fr\/?s={search_term_string}\"},\"query-input\":{\"@type\":\"PropertyValueSpecification\",\"valueRequired\":true,\"valueName\":\"search_term_string\"}}],\"inLanguage\":\"en-US\"}]}<\/script>\n<!-- \/ Yoast SEO plugin. -->","yoast_head_json":{"title":"Lacti' Easy - Hydrachim","robots":{"index":"noindex","follow":"follow","max-snippet":"max-snippet:-1","max-image-preview":"max-image-preview:large","max-video-preview":"max-video-preview:-1"},"og_locale":"en_US","og_type":"article","og_title":"Lacti' Easy - Hydrachim","og_description":"Lacti' Easy nettoyant d\u00e9sinfectant des trayons 2 en 1.","og_url":"https:\/\/staging.hydrachim.fr\/produit\/lactieasy\/","og_site_name":"Hydrachim","article_modified_time":"2019-10-11T14:38:13+00:00","og_image":[{"width":600,"height":877,"url":"https:\/\/staging.hydrachim.fr\/app\/uploads\/2019\/10\/1577_SOFTATTITUDE_LACTIEASY_20KG.png","type":"image\/png"}],"twitter_card":"summary_large_image","twitter_misc":{"Est. reading time":"1 minute"},"schema":{"@context":"https:\/\/schema.org","@graph":[{"@type":"WebPage","@id":"https:\/\/staging.hydrachim.fr\/produit\/lactieasy\/","url":"https:\/\/staging.hydrachim.fr\/produit\/lactieasy\/","name":"Lacti' Easy - Hydrachim","isPartOf":{"@id":"https:\/\/staging.hydrachim.fr\/#website"},"primaryImageOfPage":{"@id":"https:\/\/staging.hydrachim.fr\/produit\/lactieasy\/#primaryimage"},"image":{"@id":"https:\/\/staging.hydrachim.fr\/produit\/lactieasy\/#primaryimage"},"thumbnailUrl":"https:\/\/staging.hydrachim.fr\/app\/uploads\/2019\/10\/1577_SOFTATTITUDE_LACTIEASY_20KG.png","datePublished":"2019-08-06T13:40:32+00:00","dateModified":"2019-10-11T14:38:13+00:00","breadcrumb":{"@id":"https:\/\/staging.hydrachim.fr\/produit\/lactieasy\/#breadcrumb"},"inLanguage":"en-US","potentialAction":[{"@type":"ReadAction","target":["https:\/\/staging.hydrachim.fr\/produit\/lactieasy\/"]}]},{"@type":"ImageObject","inLanguage":"en-US","@id":"https:\/\/staging.hydrachim.fr\/produit\/lactieasy\/#primaryimage","url":"https:\/\/staging.hydrachim.fr\/app\/uploads\/2019\/10\/1577_SOFTATTITUDE_LACTIEASY_20KG.png","contentUrl":"https:\/\/staging.hydrachim.fr\/app\/uploads\/2019\/10\/1577_SOFTATTITUDE_LACTIEASY_20KG.png","width":600,"height":877},{"@type":"BreadcrumbList","@id":"https:\/\/staging.hydrachim.fr\/produit\/lactieasy\/#breadcrumb","itemListElement":[{"@type":"ListItem","position":1,"name":"Home","item":"https:\/\/staging.hydrachim.fr\/en\/"},{"@type":"ListItem","position":2,"name":"Shop","item":"https:\/\/staging.hydrachim.fr\/en\/shop\/"},{"@type":"ListItem","position":3,"name":"Lacti&rsquo; Easy"}]},{"@type":"WebSite","@id":"https:\/\/staging.hydrachim.fr\/#website","url":"https:\/\/staging.hydrachim.fr\/","name":"Hydrachim","description":"La science de l&#039;hygi\u00e8ne","potentialAction":[{"@type":"SearchAction","target":{"@type":"EntryPoint","urlTemplate":"https:\/\/staging.hydrachim.fr\/?s={search_term_string}"},"query-input":{"@type":"PropertyValueSpecification","valueRequired":true,"valueName":"search_term_string"}}],"inLanguage":"en-US"}]}},"acf":{"fiche_technique":"https:\/\/staging.hydrachim.fr\/app\/uploads\/2019\/10\/FT-1577_FT-LACTI-EASY.pdf","fiche_methode":""},"_links":{"self":[{"href":"https:\/\/staging.hydrachim.fr\/en\/wp-json\/wp\/v2\/product\/3192","targetHints":{"allow":["GET"]}}],"collection":[{"href":"https:\/\/staging.hydrachim.fr\/en\/wp-json\/wp\/v2\/product"}],"about":[{"href":"https:\/\/staging.hydrachim.fr\/en\/wp-json\/wp\/v2\/types\/product"}],"wp:featuredmedia":[{"embeddable":true,"href":"https:\/\/staging.hydrachim.fr\/en\/wp-json\/wp\/v2\/media\/5329"}],"wp:attachment":[{"href":"https:\/\/staging.hydrachim.fr\/en\/wp-json\/wp\/v2\/media?parent=3192"}],"wp:term":[{"taxonomy":"product_brand","embeddable":true,"href":"https:\/\/staging.hydrachim.fr\/en\/wp-json\/wp\/v2\/product_brand?post=3192"},{"taxonomy":"product_type","embeddable":true,"href":"https:\/\/staging.hydrachim.fr\/en\/wp-json\/wp\/v2\/product_type?post=3192"},{"taxonomy":"product_visibility","embeddable":true,"href":"https:\/\/staging.hydrachim.fr\/en\/wp-json\/wp\/v2\/product_visibility?post=3192"},{"taxonomy":"product_cat","embeddable":true,"href":"https:\/\/staging.hydrachim.fr\/en\/wp-json\/wp\/v2\/product_cat?post=3192"}],"curies":[{"name":"wp","href":"https:\/\/api.w.org\/{rel}","templated":true}]}}