{"id":3193,"date":"2019-08-06T15:40:33","date_gmt":"2019-08-06T13:40:33","guid":{"rendered":"https:\/\/staging.hydrachim.fr\/product\/ecospray\/"},"modified":"2019-08-06T15:40:34","modified_gmt":"2019-08-06T13:40:34","slug":"ecospray","status":"publish","type":"product","link":"https:\/\/staging.hydrachim.fr\/en\/produit\/ecospray\/","title":{"rendered":"ecospray"},"content":{"rendered":"<h2 class=\"description-produit\">Trempage LIQUIDE surgraissant \u00e0 base d&#8217;acides naturels apr\u00e8s traite<\/h2>\n<p class=\"text-description-produit\">ECOSPRAY est un produit HAUTE PROTECTION dermoprotecteur, \u00e0 base d&#8217;acides naturels, permettant une d\u00e9sinfection optimum, ses agents adoucissants et surgraissants permettent aux trayons de retrouver douceur et souplesse. La peau retrouve toute son \u00e9lasticit\u00e9 naturelle.<br \/> <br \/>\nECOSPRAY est facile d&#8217;emploi, il s&#8217;utilise en trempage liquide ou en pulv\u00e9risation.<br \/> <br \/>\nConvient \u00e9galement en pulv\u00e9risation automatique en robot de traite.<\/p>\n<p class=\"information-produit\"><span class=\"dose-utilisation\">Disponible en bidon de 20 Kg.<\/span><\/p>\n<div class=\"plus-produit\"><span>ECOSPRAY pr\u00e9vient des ger\u00e7ures et des crevasses.<br \/> <br \/>\n<\/span><\/div>\n<p><span class=\"mode-demploi\">Retrouvez <b>le mode d&#8217;emploi et le dosage du produit<\/b> en t\u00e9l\u00e9chargeant, ci-dessous, sa Fiche Technique et\/ou sa Fiche M\u00e9thode.<\/span><\/p>\n<div id='wpdm_file_1224' class='wpdm_file wpdm-only-button'>\n<div class='cont'>\n<div class='btn_outer'>\n<div class='btn_outer_c' style='background-image: url(https:\/\/staging.hydrachim.com\/wp-content\/plugins\/download-manager\/icon\/file_extension_pdf.png)'><a class='btn_left   login-please' rel='1224' title='FT 1530 ECOSPRAY' href='https:\/\/staging.hydrachim.com\/wp-login.php?redirect_to=\/wp-json\/wp\/v2\/product'>T\u00e9l\u00e9charger<br \/> la fiche technique<\/a><span class='btn_right counter'>Login Required<\/span><\/div>\n<\/div>\n<div class='clear'><\/div>\n<\/div>\n<\/div>\n<p><a class=\"lien-fds-pdt\" href=\"https:\/\/staging.hydrachim.com\/fiches-donnees-de-securite\/\">Fiches de Donn\u00e9es de S\u00e9curit\u00e9<\/a><\/p>\n<p class=\"remarque-importante\">Utilisez les biocides avec pr\u00e9caution. Avant toute utilisation, lisez l&#8217;\u00e9tiquette et les informations concernant le produit.<\/p>\n<p><!-- Start Shareaholic ClassicBookmarks Automatic --><!-- End Shareaholic ClassicBookmarks Automatic --><\/p>\n","protected":false},"excerpt":{"rendered":"<p>Trempage LIQUIDE surgraissant \u00e0 base d&#8217;acides naturels apr\u00e8s traite.<\/p>\n","protected":false},"featured_media":2632,"template":"","meta":[],"product_brand":[],"product_type":[2],"product_visibility":[],"product_cat":[15],"class_list":{"0":"post-3193","1":"product","2":"type-product","3":"status-publish","4":"has-post-thumbnail","6":"product_cat-uncategorized","8":"first","9":"instock","10":"shipping-taxable","11":"purchasable","12":"product-type-simple"},"yoast_head":"<!-- This site is optimized with the Yoast SEO plugin v24.7 - https:\/\/yoast.com\/wordpress\/plugins\/seo\/ -->\n<title>ecospray - Hydrachim<\/title>\n<meta name=\"robots\" content=\"noindex, follow, max-snippet:-1, max-image-preview:large, max-video-preview:-1\" \/>\n<meta property=\"og:locale\" content=\"en_US\" \/>\n<meta property=\"og:type\" content=\"article\" \/>\n<meta property=\"og:title\" content=\"ecospray - Hydrachim\" \/>\n<meta property=\"og:description\" content=\"Trempage LIQUIDE surgraissant \u00e0 base d&#039;acides naturels apr\u00e8s traite.\" \/>\n<meta property=\"og:url\" content=\"https:\/\/staging.hydrachim.fr\/en\/produit\/ecospray\/\" \/>\n<meta property=\"og:site_name\" content=\"Hydrachim\" \/>\n<meta property=\"article:modified_time\" content=\"2019-08-06T13:40:34+00:00\" \/>\n<meta property=\"og:image\" content=\"https:\/\/staging.hydrachim.fr\/app\/uploads\/2019\/08\/easy-mouss-pour-mamelle.jpg\" \/>\n\t<meta property=\"og:image:width\" content=\"310\" \/>\n\t<meta property=\"og:image:height\" content=\"205\" \/>\n\t<meta property=\"og:image:type\" content=\"image\/jpeg\" \/>\n<meta name=\"twitter:card\" content=\"summary_large_image\" \/>\n<meta name=\"twitter:label1\" content=\"Est. reading time\" \/>\n\t<meta name=\"twitter:data1\" content=\"1 minute\" \/>\n<script type=\"application\/ld+json\" class=\"yoast-schema-graph\">{\"@context\":\"https:\/\/schema.org\",\"@graph\":[{\"@type\":\"WebPage\",\"@id\":\"https:\/\/staging.hydrachim.fr\/en\/produit\/ecospray\/\",\"url\":\"https:\/\/staging.hydrachim.fr\/en\/produit\/ecospray\/\",\"name\":\"ecospray - Hydrachim\",\"isPartOf\":{\"@id\":\"https:\/\/staging.hydrachim.fr\/#website\"},\"primaryImageOfPage\":{\"@id\":\"https:\/\/staging.hydrachim.fr\/en\/produit\/ecospray\/#primaryimage\"},\"image\":{\"@id\":\"https:\/\/staging.hydrachim.fr\/en\/produit\/ecospray\/#primaryimage\"},\"thumbnailUrl\":\"https:\/\/staging.hydrachim.fr\/app\/uploads\/2019\/08\/easy-mouss-pour-mamelle.jpg\",\"datePublished\":\"2019-08-06T13:40:33+00:00\",\"dateModified\":\"2019-08-06T13:40:34+00:00\",\"breadcrumb\":{\"@id\":\"https:\/\/staging.hydrachim.fr\/en\/produit\/ecospray\/#breadcrumb\"},\"inLanguage\":\"en-US\",\"potentialAction\":[{\"@type\":\"ReadAction\",\"target\":[\"https:\/\/staging.hydrachim.fr\/en\/produit\/ecospray\/\"]}]},{\"@type\":\"ImageObject\",\"inLanguage\":\"en-US\",\"@id\":\"https:\/\/staging.hydrachim.fr\/en\/produit\/ecospray\/#primaryimage\",\"url\":\"https:\/\/staging.hydrachim.fr\/app\/uploads\/2019\/08\/easy-mouss-pour-mamelle.jpg\",\"contentUrl\":\"https:\/\/staging.hydrachim.fr\/app\/uploads\/2019\/08\/easy-mouss-pour-mamelle.jpg\",\"width\":310,\"height\":205},{\"@type\":\"BreadcrumbList\",\"@id\":\"https:\/\/staging.hydrachim.fr\/en\/produit\/ecospray\/#breadcrumb\",\"itemListElement\":[{\"@type\":\"ListItem\",\"position\":1,\"name\":\"Home\",\"item\":\"https:\/\/staging.hydrachim.fr\/en\/\"},{\"@type\":\"ListItem\",\"position\":2,\"name\":\"Shop\",\"item\":\"https:\/\/staging.hydrachim.fr\/en\/shop\/\"},{\"@type\":\"ListItem\",\"position\":3,\"name\":\"ecospray\"}]},{\"@type\":\"WebSite\",\"@id\":\"https:\/\/staging.hydrachim.fr\/#website\",\"url\":\"https:\/\/staging.hydrachim.fr\/\",\"name\":\"Hydrachim\",\"description\":\"La science de l&#039;hygi\u00e8ne\",\"potentialAction\":[{\"@type\":\"SearchAction\",\"target\":{\"@type\":\"EntryPoint\",\"urlTemplate\":\"https:\/\/staging.hydrachim.fr\/?s={search_term_string}\"},\"query-input\":{\"@type\":\"PropertyValueSpecification\",\"valueRequired\":true,\"valueName\":\"search_term_string\"}}],\"inLanguage\":\"en-US\"}]}<\/script>\n<!-- \/ Yoast SEO plugin. -->","yoast_head_json":{"title":"ecospray - Hydrachim","robots":{"index":"noindex","follow":"follow","max-snippet":"max-snippet:-1","max-image-preview":"max-image-preview:large","max-video-preview":"max-video-preview:-1"},"og_locale":"en_US","og_type":"article","og_title":"ecospray - Hydrachim","og_description":"Trempage LIQUIDE surgraissant \u00e0 base d'acides naturels apr\u00e8s traite.","og_url":"https:\/\/staging.hydrachim.fr\/en\/produit\/ecospray\/","og_site_name":"Hydrachim","article_modified_time":"2019-08-06T13:40:34+00:00","og_image":[{"width":310,"height":205,"url":"https:\/\/staging.hydrachim.fr\/app\/uploads\/2019\/08\/easy-mouss-pour-mamelle.jpg","type":"image\/jpeg"}],"twitter_card":"summary_large_image","twitter_misc":{"Est. reading time":"1 minute"},"schema":{"@context":"https:\/\/schema.org","@graph":[{"@type":"WebPage","@id":"https:\/\/staging.hydrachim.fr\/en\/produit\/ecospray\/","url":"https:\/\/staging.hydrachim.fr\/en\/produit\/ecospray\/","name":"ecospray - Hydrachim","isPartOf":{"@id":"https:\/\/staging.hydrachim.fr\/#website"},"primaryImageOfPage":{"@id":"https:\/\/staging.hydrachim.fr\/en\/produit\/ecospray\/#primaryimage"},"image":{"@id":"https:\/\/staging.hydrachim.fr\/en\/produit\/ecospray\/#primaryimage"},"thumbnailUrl":"https:\/\/staging.hydrachim.fr\/app\/uploads\/2019\/08\/easy-mouss-pour-mamelle.jpg","datePublished":"2019-08-06T13:40:33+00:00","dateModified":"2019-08-06T13:40:34+00:00","breadcrumb":{"@id":"https:\/\/staging.hydrachim.fr\/en\/produit\/ecospray\/#breadcrumb"},"inLanguage":"en-US","potentialAction":[{"@type":"ReadAction","target":["https:\/\/staging.hydrachim.fr\/en\/produit\/ecospray\/"]}]},{"@type":"ImageObject","inLanguage":"en-US","@id":"https:\/\/staging.hydrachim.fr\/en\/produit\/ecospray\/#primaryimage","url":"https:\/\/staging.hydrachim.fr\/app\/uploads\/2019\/08\/easy-mouss-pour-mamelle.jpg","contentUrl":"https:\/\/staging.hydrachim.fr\/app\/uploads\/2019\/08\/easy-mouss-pour-mamelle.jpg","width":310,"height":205},{"@type":"BreadcrumbList","@id":"https:\/\/staging.hydrachim.fr\/en\/produit\/ecospray\/#breadcrumb","itemListElement":[{"@type":"ListItem","position":1,"name":"Home","item":"https:\/\/staging.hydrachim.fr\/en\/"},{"@type":"ListItem","position":2,"name":"Shop","item":"https:\/\/staging.hydrachim.fr\/en\/shop\/"},{"@type":"ListItem","position":3,"name":"ecospray"}]},{"@type":"WebSite","@id":"https:\/\/staging.hydrachim.fr\/#website","url":"https:\/\/staging.hydrachim.fr\/","name":"Hydrachim","description":"La science de l&#039;hygi\u00e8ne","potentialAction":[{"@type":"SearchAction","target":{"@type":"EntryPoint","urlTemplate":"https:\/\/staging.hydrachim.fr\/?s={search_term_string}"},"query-input":{"@type":"PropertyValueSpecification","valueRequired":true,"valueName":"search_term_string"}}],"inLanguage":"en-US"}]}},"acf":{"fiche_technique":null,"fiche_methode":null},"_links":{"self":[{"href":"https:\/\/staging.hydrachim.fr\/en\/wp-json\/wp\/v2\/product\/3193","targetHints":{"allow":["GET"]}}],"collection":[{"href":"https:\/\/staging.hydrachim.fr\/en\/wp-json\/wp\/v2\/product"}],"about":[{"href":"https:\/\/staging.hydrachim.fr\/en\/wp-json\/wp\/v2\/types\/product"}],"wp:featuredmedia":[{"embeddable":true,"href":"https:\/\/staging.hydrachim.fr\/en\/wp-json\/wp\/v2\/media\/2632"}],"wp:attachment":[{"href":"https:\/\/staging.hydrachim.fr\/en\/wp-json\/wp\/v2\/media?parent=3193"}],"wp:term":[{"taxonomy":"product_brand","embeddable":true,"href":"https:\/\/staging.hydrachim.fr\/en\/wp-json\/wp\/v2\/product_brand?post=3193"},{"taxonomy":"product_type","embeddable":true,"href":"https:\/\/staging.hydrachim.fr\/en\/wp-json\/wp\/v2\/product_type?post=3193"},{"taxonomy":"product_visibility","embeddable":true,"href":"https:\/\/staging.hydrachim.fr\/en\/wp-json\/wp\/v2\/product_visibility?post=3193"},{"taxonomy":"product_cat","embeddable":true,"href":"https:\/\/staging.hydrachim.fr\/en\/wp-json\/wp\/v2\/product_cat?post=3193"}],"curies":[{"name":"wp","href":"https:\/\/api.w.org\/{rel}","templated":true}]}}