{"id":3194,"date":"2019-08-06T15:40:34","date_gmt":"2019-08-06T13:40:34","guid":{"rendered":"https:\/\/staging.hydrachim.fr\/product\/degraisssoft\/"},"modified":"2019-10-03T11:17:44","modified_gmt":"2019-10-03T09:17:44","slug":"degraisssoft","status":"publish","type":"product","link":"https:\/\/staging.hydrachim.fr\/en\/produit\/degraisssoft\/","title":{"rendered":"D\u00e9graiss&#8217;Soft"},"content":{"rendered":"<p><strong>D\u00e9graiss&#8217;Soft liquide est un d\u00e9graissant polyvalent d\u00e9velopp\u00e9 pour le d\u00e9graissage et le nettoyage des surfaces alimentaires.<\/strong><\/p>\n<p>Le D\u00e9graiss&#8217;Soft est un produit pr\u00eat \u00e0 l&#8217;emploi qui d\u00e9graisse et nettoie toutes les surfaces alimentaires. Il nettoie sans ternir ni sans rayer. Le D\u00e9graiss&#8217;Soft \u00e9limine les graisses animales, v\u00e9g\u00e9tales, min\u00e9rales, les huiles&#8230;<br \/>\nCe produit peut \u00eatre utilis\u00e9 pour pr\u00e9parer une surface avant d\u00e9sinfection.<\/p>\n<p><strong>Disponible en :<br \/>\n&#8211; Carton de 12 x 750 mL. R\u00e9f. 00284807<br \/>\n&#8211; Carton de 4 x 5 L. R\u00e9f. 002184802<\/strong><\/p>\n<p class=\"y-product y-product__product-subtitle\">Avantage :<\/p>\n<p>Le D\u00e9graiss&#8217;Soft est formul\u00e9 sans phosphate, sans phosphonate, sans EDTA, sans solvant p\u00e9trolier, sans chlore, sans \u00e9tiquetage de danger.<\/p>\n<p>Retrouvez le mode d&#8217;emploi et le dosage du produit en t\u00e9l\u00e9chargeant sa Fiche Technique.<\/p>\n<p><em>Avant toute utilisation, lisez l&#8217;\u00e9tiquette et les informations concernant le produit.<\/em><\/p>\n","protected":false},"excerpt":{"rendered":"<p>D\u00e9graissant pr\u00eat \u00e0 l&#8217;emploi.<\/p>\n","protected":false},"featured_media":5023,"template":"","meta":[],"product_brand":[],"product_type":[2],"product_visibility":[],"product_cat":[4109,4117,4119,4106,4146],"class_list":{"0":"post-3194","1":"product","2":"type-product","3":"status-publish","4":"has-post-thumbnail","6":"product_cat-nos-produits-zro-pictoscuisine","7":"product_cat-produitscuisine","8":"product_cat-cuisineentretien","9":"product_cat-produitsnos-produits-zero-pictos","10":"product_cat-marquessoft-attitude","11":"product_tag-0-picto","12":"product_tag-alimentaire","13":"product_tag-degraissant","14":"product_tag-liquide","15":"product_tag-polyvalent","16":"product_tag-pret-a-lemploi","18":"first","19":"instock","20":"shipping-taxable","21":"product-type-simple"},"yoast_head":"<!-- This site is optimized with the Yoast SEO plugin v24.7 - https:\/\/yoast.com\/wordpress\/plugins\/seo\/ -->\n<title>D\u00e9graiss&#039;Soft - Hydrachim<\/title>\n<meta name=\"robots\" content=\"noindex, follow, max-snippet:-1, max-image-preview:large, max-video-preview:-1\" \/>\n<meta property=\"og:locale\" content=\"en_US\" \/>\n<meta property=\"og:type\" content=\"article\" \/>\n<meta property=\"og:title\" content=\"D\u00e9graiss&#039;Soft - Hydrachim\" \/>\n<meta property=\"og:description\" content=\"D\u00e9graissant pr\u00eat \u00e0 l&#039;emploi.\" \/>\n<meta property=\"og:url\" content=\"https:\/\/staging.hydrachim.fr\/produit\/degraisssoft\/\" \/>\n<meta property=\"og:site_name\" content=\"Hydrachim\" \/>\n<meta property=\"article:modified_time\" content=\"2019-10-03T09:17:44+00:00\" \/>\n<meta property=\"og:image\" content=\"https:\/\/staging.hydrachim.fr\/app\/uploads\/2019\/09\/1848-DEGRAISSSOFT-1848-5L.png\" \/>\n\t<meta property=\"og:image:width\" content=\"507\" \/>\n\t<meta property=\"og:image:height\" content=\"779\" \/>\n\t<meta property=\"og:image:type\" content=\"image\/png\" \/>\n<meta name=\"twitter:card\" content=\"summary_large_image\" \/>\n<meta name=\"twitter:label1\" content=\"Est. reading time\" \/>\n\t<meta name=\"twitter:data1\" content=\"1 minute\" \/>\n<script type=\"application\/ld+json\" class=\"yoast-schema-graph\">{\"@context\":\"https:\/\/schema.org\",\"@graph\":[{\"@type\":\"WebPage\",\"@id\":\"https:\/\/staging.hydrachim.fr\/produit\/degraisssoft\/\",\"url\":\"https:\/\/staging.hydrachim.fr\/produit\/degraisssoft\/\",\"name\":\"D\u00e9graiss'Soft - Hydrachim\",\"isPartOf\":{\"@id\":\"https:\/\/staging.hydrachim.fr\/#website\"},\"primaryImageOfPage\":{\"@id\":\"https:\/\/staging.hydrachim.fr\/produit\/degraisssoft\/#primaryimage\"},\"image\":{\"@id\":\"https:\/\/staging.hydrachim.fr\/produit\/degraisssoft\/#primaryimage\"},\"thumbnailUrl\":\"https:\/\/staging.hydrachim.fr\/app\/uploads\/2019\/09\/1848-DEGRAISSSOFT-1848-5L.png\",\"datePublished\":\"2019-08-06T13:40:34+00:00\",\"dateModified\":\"2019-10-03T09:17:44+00:00\",\"breadcrumb\":{\"@id\":\"https:\/\/staging.hydrachim.fr\/produit\/degraisssoft\/#breadcrumb\"},\"inLanguage\":\"en-US\",\"potentialAction\":[{\"@type\":\"ReadAction\",\"target\":[\"https:\/\/staging.hydrachim.fr\/produit\/degraisssoft\/\"]}]},{\"@type\":\"ImageObject\",\"inLanguage\":\"en-US\",\"@id\":\"https:\/\/staging.hydrachim.fr\/produit\/degraisssoft\/#primaryimage\",\"url\":\"https:\/\/staging.hydrachim.fr\/app\/uploads\/2019\/09\/1848-DEGRAISSSOFT-1848-5L.png\",\"contentUrl\":\"https:\/\/staging.hydrachim.fr\/app\/uploads\/2019\/09\/1848-DEGRAISSSOFT-1848-5L.png\",\"width\":507,\"height\":779},{\"@type\":\"BreadcrumbList\",\"@id\":\"https:\/\/staging.hydrachim.fr\/produit\/degraisssoft\/#breadcrumb\",\"itemListElement\":[{\"@type\":\"ListItem\",\"position\":1,\"name\":\"Home\",\"item\":\"https:\/\/staging.hydrachim.fr\/en\/\"},{\"@type\":\"ListItem\",\"position\":2,\"name\":\"Shop\",\"item\":\"https:\/\/staging.hydrachim.fr\/en\/shop\/\"},{\"@type\":\"ListItem\",\"position\":3,\"name\":\"D\u00e9graiss&rsquo;Soft\"}]},{\"@type\":\"WebSite\",\"@id\":\"https:\/\/staging.hydrachim.fr\/#website\",\"url\":\"https:\/\/staging.hydrachim.fr\/\",\"name\":\"Hydrachim\",\"description\":\"La science de l&#039;hygi\u00e8ne\",\"potentialAction\":[{\"@type\":\"SearchAction\",\"target\":{\"@type\":\"EntryPoint\",\"urlTemplate\":\"https:\/\/staging.hydrachim.fr\/?s={search_term_string}\"},\"query-input\":{\"@type\":\"PropertyValueSpecification\",\"valueRequired\":true,\"valueName\":\"search_term_string\"}}],\"inLanguage\":\"en-US\"}]}<\/script>\n<!-- \/ Yoast SEO plugin. -->","yoast_head_json":{"title":"D\u00e9graiss'Soft - Hydrachim","robots":{"index":"noindex","follow":"follow","max-snippet":"max-snippet:-1","max-image-preview":"max-image-preview:large","max-video-preview":"max-video-preview:-1"},"og_locale":"en_US","og_type":"article","og_title":"D\u00e9graiss'Soft - Hydrachim","og_description":"D\u00e9graissant pr\u00eat \u00e0 l'emploi.","og_url":"https:\/\/staging.hydrachim.fr\/produit\/degraisssoft\/","og_site_name":"Hydrachim","article_modified_time":"2019-10-03T09:17:44+00:00","og_image":[{"width":507,"height":779,"url":"https:\/\/staging.hydrachim.fr\/app\/uploads\/2019\/09\/1848-DEGRAISSSOFT-1848-5L.png","type":"image\/png"}],"twitter_card":"summary_large_image","twitter_misc":{"Est. reading time":"1 minute"},"schema":{"@context":"https:\/\/schema.org","@graph":[{"@type":"WebPage","@id":"https:\/\/staging.hydrachim.fr\/produit\/degraisssoft\/","url":"https:\/\/staging.hydrachim.fr\/produit\/degraisssoft\/","name":"D\u00e9graiss'Soft - Hydrachim","isPartOf":{"@id":"https:\/\/staging.hydrachim.fr\/#website"},"primaryImageOfPage":{"@id":"https:\/\/staging.hydrachim.fr\/produit\/degraisssoft\/#primaryimage"},"image":{"@id":"https:\/\/staging.hydrachim.fr\/produit\/degraisssoft\/#primaryimage"},"thumbnailUrl":"https:\/\/staging.hydrachim.fr\/app\/uploads\/2019\/09\/1848-DEGRAISSSOFT-1848-5L.png","datePublished":"2019-08-06T13:40:34+00:00","dateModified":"2019-10-03T09:17:44+00:00","breadcrumb":{"@id":"https:\/\/staging.hydrachim.fr\/produit\/degraisssoft\/#breadcrumb"},"inLanguage":"en-US","potentialAction":[{"@type":"ReadAction","target":["https:\/\/staging.hydrachim.fr\/produit\/degraisssoft\/"]}]},{"@type":"ImageObject","inLanguage":"en-US","@id":"https:\/\/staging.hydrachim.fr\/produit\/degraisssoft\/#primaryimage","url":"https:\/\/staging.hydrachim.fr\/app\/uploads\/2019\/09\/1848-DEGRAISSSOFT-1848-5L.png","contentUrl":"https:\/\/staging.hydrachim.fr\/app\/uploads\/2019\/09\/1848-DEGRAISSSOFT-1848-5L.png","width":507,"height":779},{"@type":"BreadcrumbList","@id":"https:\/\/staging.hydrachim.fr\/produit\/degraisssoft\/#breadcrumb","itemListElement":[{"@type":"ListItem","position":1,"name":"Home","item":"https:\/\/staging.hydrachim.fr\/en\/"},{"@type":"ListItem","position":2,"name":"Shop","item":"https:\/\/staging.hydrachim.fr\/en\/shop\/"},{"@type":"ListItem","position":3,"name":"D\u00e9graiss&rsquo;Soft"}]},{"@type":"WebSite","@id":"https:\/\/staging.hydrachim.fr\/#website","url":"https:\/\/staging.hydrachim.fr\/","name":"Hydrachim","description":"La science de l&#039;hygi\u00e8ne","potentialAction":[{"@type":"SearchAction","target":{"@type":"EntryPoint","urlTemplate":"https:\/\/staging.hydrachim.fr\/?s={search_term_string}"},"query-input":{"@type":"PropertyValueSpecification","valueRequired":true,"valueName":"search_term_string"}}],"inLanguage":"en-US"}]}},"acf":{"fiche_technique":"https:\/\/staging.hydrachim.fr\/app\/uploads\/2019\/09\/FT-1848_SOFT-ATTITUDE_DEGRAISS-SOFT.pdf","fiche_methode":""},"_links":{"self":[{"href":"https:\/\/staging.hydrachim.fr\/en\/wp-json\/wp\/v2\/product\/3194","targetHints":{"allow":["GET"]}}],"collection":[{"href":"https:\/\/staging.hydrachim.fr\/en\/wp-json\/wp\/v2\/product"}],"about":[{"href":"https:\/\/staging.hydrachim.fr\/en\/wp-json\/wp\/v2\/types\/product"}],"wp:featuredmedia":[{"embeddable":true,"href":"https:\/\/staging.hydrachim.fr\/en\/wp-json\/wp\/v2\/media\/5023"}],"wp:attachment":[{"href":"https:\/\/staging.hydrachim.fr\/en\/wp-json\/wp\/v2\/media?parent=3194"}],"wp:term":[{"taxonomy":"product_brand","embeddable":true,"href":"https:\/\/staging.hydrachim.fr\/en\/wp-json\/wp\/v2\/product_brand?post=3194"},{"taxonomy":"product_type","embeddable":true,"href":"https:\/\/staging.hydrachim.fr\/en\/wp-json\/wp\/v2\/product_type?post=3194"},{"taxonomy":"product_visibility","embeddable":true,"href":"https:\/\/staging.hydrachim.fr\/en\/wp-json\/wp\/v2\/product_visibility?post=3194"},{"taxonomy":"product_cat","embeddable":true,"href":"https:\/\/staging.hydrachim.fr\/en\/wp-json\/wp\/v2\/product_cat?post=3194"}],"curies":[{"name":"wp","href":"https:\/\/api.w.org\/{rel}","templated":true}]}}