{"id":3198,"date":"2019-08-06T15:40:38","date_gmt":"2019-08-06T13:40:38","guid":{"rendered":"https:\/\/staging.hydrachim.fr\/product\/bacsoft\/"},"modified":"2021-04-08T10:43:08","modified_gmt":"2021-04-08T08:43:08","slug":"bacsoft","status":"publish","type":"product","link":"https:\/\/staging.hydrachim.fr\/en\/produit\/bacsoft\/","title":{"rendered":"Bac&#8217;Soft"},"content":{"rendered":"<p><strong>Bac&#8217;Soft liquide est un nettoyant d\u00e9sinfectant bact\u00e9ricide d\u00e9velopp\u00e9 pour la d\u00e9sinfection des surfaces alimentaires et l&#8217;\u00e9limination des bact\u00e9ries.<\/strong><\/p>\n<p>Le Bac&#8217;Soft est un produit pr\u00eat \u00e0 l&#8217;emploi qui nettoie et d\u00e9sinfecte les surfaces alimentaires et \u00e9limine les bact\u00e9ries.<br \/>\nLe Bac&#8217;Soft est bact\u00e9ricide selon les normes EN 1276 et EN 13697 spectre 6, temps de contact de 5 minutes \u00e0 20\u00b0C en condition de salet\u00e9.<\/p>\n<p><strong>Disponible en :<br \/>\n&#8211; Carton de 12 x 750 mL. R\u00e9f. 002042782<br \/>\n&#8211; Carton de 4 x 5 L. R\u00e9f. 002042703<\/strong><\/p>\n<p class=\"y-product y-product__product-subtitle\">Avantage :<\/p>\n<p>N&#8221;attaque pas les surfaces et le mat\u00e9riel.<br \/>\nFormul\u00e9 sans phosphate, sans phosphonate, sans EDTA, sans chlore et sans \u00e9tiquetage de danger.<\/p>\n<p>Retrouvez le mode d&#8217;emploi et le dosage du produit en t\u00e9l\u00e9chargeant sa Fiche Technique et\/ou sa Fiche M\u00e9thode.<\/p>\n<p><em>Utilisez les biocides avec pr\u00e9caution. Avant toute utilisation, lisez l&#8217;\u00e9tiquette et les informations concernant le produit.<\/em><\/p>\n","protected":false},"excerpt":{"rendered":"<p>Nettoyant d\u00e9sinfectant bact\u00e9ricide surfaces alimentaires. Pr\u00eat \u00e0 l&#8217;emploi .<\/p>\n","protected":false},"featured_media":5007,"template":"","meta":[],"product_brand":[],"product_type":[2],"product_visibility":[],"product_cat":[4109,4114,4117,4111,4118,4106,4146],"class_list":{"0":"post-3198","1":"product","2":"type-product","3":"status-publish","4":"has-post-thumbnail","6":"product_cat-nos-produits-zro-pictoscuisine","7":"product_cat-dsinfectioncuisine","8":"product_cat-produitscuisine","9":"product_cat-produitsdesinfection","10":"product_cat-produits-produitscuisinedsinfection","11":"product_cat-produitsnos-produits-zero-pictos","12":"product_cat-marquessoft-attitude","13":"product_tag-alimentaire","14":"product_tag-bactericide","15":"product_tag-fongicide","16":"product_tag-liquide","17":"product_tag-multisurface","18":"product_tag-nettoyant","19":"product_tag-pret-a-lemploi","21":"first","22":"instock","23":"shipping-taxable","24":"product-type-simple"},"yoast_head":"<!-- This site is optimized with the Yoast SEO plugin v24.7 - https:\/\/yoast.com\/wordpress\/plugins\/seo\/ -->\n<title>Bac&#039;Soft - Hydrachim<\/title>\n<meta name=\"robots\" content=\"noindex, follow, max-snippet:-1, max-image-preview:large, max-video-preview:-1\" \/>\n<meta property=\"og:locale\" content=\"en_US\" \/>\n<meta property=\"og:type\" content=\"article\" \/>\n<meta property=\"og:title\" content=\"Bac&#039;Soft - Hydrachim\" \/>\n<meta property=\"og:description\" content=\"Nettoyant d\u00e9sinfectant bact\u00e9ricide surfaces alimentaires. Pr\u00eat \u00e0 l&#039;emploi .\" \/>\n<meta property=\"og:url\" content=\"https:\/\/staging.hydrachim.fr\/produit\/bacsoft\/\" \/>\n<meta property=\"og:site_name\" content=\"Hydrachim\" \/>\n<meta property=\"article:modified_time\" content=\"2021-04-08T08:43:08+00:00\" \/>\n<meta property=\"og:image\" content=\"https:\/\/staging.hydrachim.fr\/app\/uploads\/2019\/09\/0427-BACSOFT-5L.png\" \/>\n\t<meta property=\"og:image:width\" content=\"507\" \/>\n\t<meta property=\"og:image:height\" content=\"779\" \/>\n\t<meta property=\"og:image:type\" content=\"image\/png\" \/>\n<meta name=\"twitter:card\" content=\"summary_large_image\" \/>\n<meta name=\"twitter:label1\" content=\"Est. reading time\" \/>\n\t<meta name=\"twitter:data1\" content=\"1 minute\" \/>\n<script type=\"application\/ld+json\" class=\"yoast-schema-graph\">{\"@context\":\"https:\/\/schema.org\",\"@graph\":[{\"@type\":\"WebPage\",\"@id\":\"https:\/\/staging.hydrachim.fr\/produit\/bacsoft\/\",\"url\":\"https:\/\/staging.hydrachim.fr\/produit\/bacsoft\/\",\"name\":\"Bac'Soft - Hydrachim\",\"isPartOf\":{\"@id\":\"https:\/\/staging.hydrachim.fr\/#website\"},\"primaryImageOfPage\":{\"@id\":\"https:\/\/staging.hydrachim.fr\/produit\/bacsoft\/#primaryimage\"},\"image\":{\"@id\":\"https:\/\/staging.hydrachim.fr\/produit\/bacsoft\/#primaryimage\"},\"thumbnailUrl\":\"https:\/\/staging.hydrachim.fr\/app\/uploads\/2019\/09\/0427-BACSOFT-5L.png\",\"datePublished\":\"2019-08-06T13:40:38+00:00\",\"dateModified\":\"2021-04-08T08:43:08+00:00\",\"breadcrumb\":{\"@id\":\"https:\/\/staging.hydrachim.fr\/produit\/bacsoft\/#breadcrumb\"},\"inLanguage\":\"en-US\",\"potentialAction\":[{\"@type\":\"ReadAction\",\"target\":[\"https:\/\/staging.hydrachim.fr\/produit\/bacsoft\/\"]}]},{\"@type\":\"ImageObject\",\"inLanguage\":\"en-US\",\"@id\":\"https:\/\/staging.hydrachim.fr\/produit\/bacsoft\/#primaryimage\",\"url\":\"https:\/\/staging.hydrachim.fr\/app\/uploads\/2019\/09\/0427-BACSOFT-5L.png\",\"contentUrl\":\"https:\/\/staging.hydrachim.fr\/app\/uploads\/2019\/09\/0427-BACSOFT-5L.png\",\"width\":507,\"height\":779,\"caption\":\"ALT 0427-BACSOFT-5L\"},{\"@type\":\"BreadcrumbList\",\"@id\":\"https:\/\/staging.hydrachim.fr\/produit\/bacsoft\/#breadcrumb\",\"itemListElement\":[{\"@type\":\"ListItem\",\"position\":1,\"name\":\"Home\",\"item\":\"https:\/\/staging.hydrachim.fr\/en\/\"},{\"@type\":\"ListItem\",\"position\":2,\"name\":\"Shop\",\"item\":\"https:\/\/staging.hydrachim.fr\/en\/shop\/\"},{\"@type\":\"ListItem\",\"position\":3,\"name\":\"Bac&rsquo;Soft\"}]},{\"@type\":\"WebSite\",\"@id\":\"https:\/\/staging.hydrachim.fr\/#website\",\"url\":\"https:\/\/staging.hydrachim.fr\/\",\"name\":\"Hydrachim\",\"description\":\"La science de l&#039;hygi\u00e8ne\",\"potentialAction\":[{\"@type\":\"SearchAction\",\"target\":{\"@type\":\"EntryPoint\",\"urlTemplate\":\"https:\/\/staging.hydrachim.fr\/?s={search_term_string}\"},\"query-input\":{\"@type\":\"PropertyValueSpecification\",\"valueRequired\":true,\"valueName\":\"search_term_string\"}}],\"inLanguage\":\"en-US\"}]}<\/script>\n<!-- \/ Yoast SEO plugin. -->","yoast_head_json":{"title":"Bac'Soft - Hydrachim","robots":{"index":"noindex","follow":"follow","max-snippet":"max-snippet:-1","max-image-preview":"max-image-preview:large","max-video-preview":"max-video-preview:-1"},"og_locale":"en_US","og_type":"article","og_title":"Bac'Soft - Hydrachim","og_description":"Nettoyant d\u00e9sinfectant bact\u00e9ricide surfaces alimentaires. Pr\u00eat \u00e0 l'emploi .","og_url":"https:\/\/staging.hydrachim.fr\/produit\/bacsoft\/","og_site_name":"Hydrachim","article_modified_time":"2021-04-08T08:43:08+00:00","og_image":[{"width":507,"height":779,"url":"https:\/\/staging.hydrachim.fr\/app\/uploads\/2019\/09\/0427-BACSOFT-5L.png","type":"image\/png"}],"twitter_card":"summary_large_image","twitter_misc":{"Est. reading time":"1 minute"},"schema":{"@context":"https:\/\/schema.org","@graph":[{"@type":"WebPage","@id":"https:\/\/staging.hydrachim.fr\/produit\/bacsoft\/","url":"https:\/\/staging.hydrachim.fr\/produit\/bacsoft\/","name":"Bac'Soft - Hydrachim","isPartOf":{"@id":"https:\/\/staging.hydrachim.fr\/#website"},"primaryImageOfPage":{"@id":"https:\/\/staging.hydrachim.fr\/produit\/bacsoft\/#primaryimage"},"image":{"@id":"https:\/\/staging.hydrachim.fr\/produit\/bacsoft\/#primaryimage"},"thumbnailUrl":"https:\/\/staging.hydrachim.fr\/app\/uploads\/2019\/09\/0427-BACSOFT-5L.png","datePublished":"2019-08-06T13:40:38+00:00","dateModified":"2021-04-08T08:43:08+00:00","breadcrumb":{"@id":"https:\/\/staging.hydrachim.fr\/produit\/bacsoft\/#breadcrumb"},"inLanguage":"en-US","potentialAction":[{"@type":"ReadAction","target":["https:\/\/staging.hydrachim.fr\/produit\/bacsoft\/"]}]},{"@type":"ImageObject","inLanguage":"en-US","@id":"https:\/\/staging.hydrachim.fr\/produit\/bacsoft\/#primaryimage","url":"https:\/\/staging.hydrachim.fr\/app\/uploads\/2019\/09\/0427-BACSOFT-5L.png","contentUrl":"https:\/\/staging.hydrachim.fr\/app\/uploads\/2019\/09\/0427-BACSOFT-5L.png","width":507,"height":779,"caption":"ALT 0427-BACSOFT-5L"},{"@type":"BreadcrumbList","@id":"https:\/\/staging.hydrachim.fr\/produit\/bacsoft\/#breadcrumb","itemListElement":[{"@type":"ListItem","position":1,"name":"Home","item":"https:\/\/staging.hydrachim.fr\/en\/"},{"@type":"ListItem","position":2,"name":"Shop","item":"https:\/\/staging.hydrachim.fr\/en\/shop\/"},{"@type":"ListItem","position":3,"name":"Bac&rsquo;Soft"}]},{"@type":"WebSite","@id":"https:\/\/staging.hydrachim.fr\/#website","url":"https:\/\/staging.hydrachim.fr\/","name":"Hydrachim","description":"La science de l&#039;hygi\u00e8ne","potentialAction":[{"@type":"SearchAction","target":{"@type":"EntryPoint","urlTemplate":"https:\/\/staging.hydrachim.fr\/?s={search_term_string}"},"query-input":{"@type":"PropertyValueSpecification","valueRequired":true,"valueName":"search_term_string"}}],"inLanguage":"en-US"}]}},"acf":{"fiche_technique":"https:\/\/staging.hydrachim.fr\/app\/uploads\/2019\/09\/FT-0427_SOFT-ATTITUDE_BAC-SOFT-1.pdf","fiche_methode":"https:\/\/staging.hydrachim.fr\/app\/uploads\/2019\/09\/0427-BAC-SOFT-Soft-Attitude.pdf"},"_links":{"self":[{"href":"https:\/\/staging.hydrachim.fr\/en\/wp-json\/wp\/v2\/product\/3198","targetHints":{"allow":["GET"]}}],"collection":[{"href":"https:\/\/staging.hydrachim.fr\/en\/wp-json\/wp\/v2\/product"}],"about":[{"href":"https:\/\/staging.hydrachim.fr\/en\/wp-json\/wp\/v2\/types\/product"}],"wp:featuredmedia":[{"embeddable":true,"href":"https:\/\/staging.hydrachim.fr\/en\/wp-json\/wp\/v2\/media\/5007"}],"wp:attachment":[{"href":"https:\/\/staging.hydrachim.fr\/en\/wp-json\/wp\/v2\/media?parent=3198"}],"wp:term":[{"taxonomy":"product_brand","embeddable":true,"href":"https:\/\/staging.hydrachim.fr\/en\/wp-json\/wp\/v2\/product_brand?post=3198"},{"taxonomy":"product_type","embeddable":true,"href":"https:\/\/staging.hydrachim.fr\/en\/wp-json\/wp\/v2\/product_type?post=3198"},{"taxonomy":"product_visibility","embeddable":true,"href":"https:\/\/staging.hydrachim.fr\/en\/wp-json\/wp\/v2\/product_visibility?post=3198"},{"taxonomy":"product_cat","embeddable":true,"href":"https:\/\/staging.hydrachim.fr\/en\/wp-json\/wp\/v2\/product_cat?post=3198"}],"curies":[{"name":"wp","href":"https:\/\/api.w.org\/{rel}","templated":true}]}}