{"id":3199,"date":"2019-08-06T15:40:39","date_gmt":"2019-08-06T13:40:39","guid":{"rendered":"https:\/\/staging.hydrachim.fr\/product\/caplacti\/"},"modified":"2019-10-11T16:38:27","modified_gmt":"2019-10-11T14:38:27","slug":"caplacti","status":"publish","type":"product","link":"https:\/\/staging.hydrachim.fr\/en\/produit\/caplacti\/","title":{"rendered":"Cap&#8217;Lacti"},"content":{"rendered":"<p><strong>Trempage d\u00e9sinfectant des trayons apr\u00e8s traite.<\/strong><\/p>\n<p>Cap&#8217;Lacti\u00a0permet \u00e0 la fois une hygi\u00e8ne parfaite du trayon et une d\u00e9sinfection optimum gr\u00e2ce \u00e0 sa formule \u00e0 base d&#8217;acide lactique.<br \/>\nCap&#8217;Lacti laisse un film visible jusqu&#8217;\u00e0 la traite suivante et assure une protection physique du trayon face aux agressions bact\u00e9riennes et environnementales.<br \/>\nCap&#8217;Lacti est l\u00e9g\u00e8rement parfum\u00e9 thym-citron. Parfum sans allerg\u00e8ne.<br \/>\nSa composition lui permet d&#8217;\u00eatre utilis\u00e9 \u00e0 des temp\u00e9ratures n\u00e9gatives, jusqu&#8217;\u00e0 -12\u00b0C.<br \/>\nProduit utilisable en agriculture biologique conforme au (CE) 834\/2007 (et ses amendements).<\/p>\n<p><strong>Disponible en :<br \/>\n&#8211; bidon de 20Kg R\u00e9f.001154105<br \/>\n&#8211; f\u00fbt de 60Kg R\u00e9f. 001154107.<\/strong><\/p>\n<p class=\"y-product y-product__product-subtitle\">Avantage :<\/p>\n<p>Cap&#8217;Lacti est un produit haute protection apr\u00e8s traite.\n<\/p>\n<p>Retrouvez le mode d&#8217;emploi et le dosage du produit en t\u00e9l\u00e9chargeant, ci-dessous, sa Fiche Technique et\/ou sa Fiche M\u00e9thode.<\/p>\n<p><em>Utilisez les biocides avec pr\u00e9caution. Avant toute utilisation, lisez l&#8217;\u00e9tiquette et les informations concernant le produit.<\/em><\/p>\n","protected":false},"excerpt":{"rendered":"<p>Hygi\u00e8ne des trayons apr\u00e8s traite, filmog\u00e8ne.<\/p>\n","protected":false},"featured_media":2376,"template":"","meta":[],"product_brand":[],"product_type":[2],"product_visibility":[],"product_cat":[3979,4154,3985],"class_list":{"0":"post-3199","1":"product","2":"type-product","3":"status-publish","4":"has-post-thumbnail","6":"product_cat-produitselevage","7":"product_cat-marqueshydrachim-elevage","8":"product_cat-hygiene-mamelle","9":"product_tag-agriculture-biologique","10":"product_tag-apres-traite","11":"product_tag-barriere","12":"product_tag-epais","13":"product_tag-hygiene-des-mamelles","14":"product_tag-mamelle","15":"product_tag-pret-a-lemploi","16":"product_tag-protection","17":"product_tag-trempage","19":"first","20":"instock","21":"shipping-taxable","22":"product-type-simple"},"yoast_head":"<!-- This site is optimized with the Yoast SEO plugin v24.7 - https:\/\/yoast.com\/wordpress\/plugins\/seo\/ -->\n<title>Cap&#039;Lacti - Hydrachim<\/title>\n<meta name=\"robots\" content=\"noindex, follow, max-snippet:-1, max-image-preview:large, max-video-preview:-1\" \/>\n<meta property=\"og:locale\" content=\"en_US\" \/>\n<meta property=\"og:type\" content=\"article\" \/>\n<meta property=\"og:title\" content=\"Cap&#039;Lacti - Hydrachim\" \/>\n<meta property=\"og:description\" content=\"Hygi\u00e8ne des trayons apr\u00e8s traite, filmog\u00e8ne.\" \/>\n<meta property=\"og:url\" content=\"https:\/\/staging.hydrachim.fr\/produit\/caplacti\/\" \/>\n<meta property=\"og:site_name\" content=\"Hydrachim\" \/>\n<meta property=\"article:modified_time\" content=\"2019-10-11T14:38:27+00:00\" \/>\n<meta property=\"og:image\" content=\"https:\/\/staging.hydrachim.fr\/app\/uploads\/2019\/08\/1541-SOFT-ATTITUDE-CAP-LACTI-20KG.jpg\" \/>\n\t<meta property=\"og:image:width\" content=\"300\" \/>\n\t<meta property=\"og:image:height\" content=\"453\" \/>\n\t<meta property=\"og:image:type\" content=\"image\/jpeg\" \/>\n<meta name=\"twitter:card\" content=\"summary_large_image\" \/>\n<meta name=\"twitter:label1\" content=\"Est. reading time\" \/>\n\t<meta name=\"twitter:data1\" content=\"1 minute\" \/>\n<script type=\"application\/ld+json\" class=\"yoast-schema-graph\">{\"@context\":\"https:\/\/schema.org\",\"@graph\":[{\"@type\":\"WebPage\",\"@id\":\"https:\/\/staging.hydrachim.fr\/produit\/caplacti\/\",\"url\":\"https:\/\/staging.hydrachim.fr\/produit\/caplacti\/\",\"name\":\"Cap'Lacti - Hydrachim\",\"isPartOf\":{\"@id\":\"https:\/\/staging.hydrachim.fr\/#website\"},\"primaryImageOfPage\":{\"@id\":\"https:\/\/staging.hydrachim.fr\/produit\/caplacti\/#primaryimage\"},\"image\":{\"@id\":\"https:\/\/staging.hydrachim.fr\/produit\/caplacti\/#primaryimage\"},\"thumbnailUrl\":\"https:\/\/staging.hydrachim.fr\/app\/uploads\/2019\/08\/1541-SOFT-ATTITUDE-CAP-LACTI-20KG.jpg\",\"datePublished\":\"2019-08-06T13:40:39+00:00\",\"dateModified\":\"2019-10-11T14:38:27+00:00\",\"breadcrumb\":{\"@id\":\"https:\/\/staging.hydrachim.fr\/produit\/caplacti\/#breadcrumb\"},\"inLanguage\":\"en-US\",\"potentialAction\":[{\"@type\":\"ReadAction\",\"target\":[\"https:\/\/staging.hydrachim.fr\/produit\/caplacti\/\"]}]},{\"@type\":\"ImageObject\",\"inLanguage\":\"en-US\",\"@id\":\"https:\/\/staging.hydrachim.fr\/produit\/caplacti\/#primaryimage\",\"url\":\"https:\/\/staging.hydrachim.fr\/app\/uploads\/2019\/08\/1541-SOFT-ATTITUDE-CAP-LACTI-20KG.jpg\",\"contentUrl\":\"https:\/\/staging.hydrachim.fr\/app\/uploads\/2019\/08\/1541-SOFT-ATTITUDE-CAP-LACTI-20KG.jpg\",\"width\":300,\"height\":453},{\"@type\":\"BreadcrumbList\",\"@id\":\"https:\/\/staging.hydrachim.fr\/produit\/caplacti\/#breadcrumb\",\"itemListElement\":[{\"@type\":\"ListItem\",\"position\":1,\"name\":\"Home\",\"item\":\"https:\/\/staging.hydrachim.fr\/en\/\"},{\"@type\":\"ListItem\",\"position\":2,\"name\":\"Shop\",\"item\":\"https:\/\/staging.hydrachim.fr\/en\/shop\/\"},{\"@type\":\"ListItem\",\"position\":3,\"name\":\"Cap&rsquo;Lacti\"}]},{\"@type\":\"WebSite\",\"@id\":\"https:\/\/staging.hydrachim.fr\/#website\",\"url\":\"https:\/\/staging.hydrachim.fr\/\",\"name\":\"Hydrachim\",\"description\":\"La science de l&#039;hygi\u00e8ne\",\"potentialAction\":[{\"@type\":\"SearchAction\",\"target\":{\"@type\":\"EntryPoint\",\"urlTemplate\":\"https:\/\/staging.hydrachim.fr\/?s={search_term_string}\"},\"query-input\":{\"@type\":\"PropertyValueSpecification\",\"valueRequired\":true,\"valueName\":\"search_term_string\"}}],\"inLanguage\":\"en-US\"}]}<\/script>\n<!-- \/ Yoast SEO plugin. -->","yoast_head_json":{"title":"Cap'Lacti - Hydrachim","robots":{"index":"noindex","follow":"follow","max-snippet":"max-snippet:-1","max-image-preview":"max-image-preview:large","max-video-preview":"max-video-preview:-1"},"og_locale":"en_US","og_type":"article","og_title":"Cap'Lacti - Hydrachim","og_description":"Hygi\u00e8ne des trayons apr\u00e8s traite, filmog\u00e8ne.","og_url":"https:\/\/staging.hydrachim.fr\/produit\/caplacti\/","og_site_name":"Hydrachim","article_modified_time":"2019-10-11T14:38:27+00:00","og_image":[{"width":300,"height":453,"url":"https:\/\/staging.hydrachim.fr\/app\/uploads\/2019\/08\/1541-SOFT-ATTITUDE-CAP-LACTI-20KG.jpg","type":"image\/jpeg"}],"twitter_card":"summary_large_image","twitter_misc":{"Est. reading time":"1 minute"},"schema":{"@context":"https:\/\/schema.org","@graph":[{"@type":"WebPage","@id":"https:\/\/staging.hydrachim.fr\/produit\/caplacti\/","url":"https:\/\/staging.hydrachim.fr\/produit\/caplacti\/","name":"Cap'Lacti - Hydrachim","isPartOf":{"@id":"https:\/\/staging.hydrachim.fr\/#website"},"primaryImageOfPage":{"@id":"https:\/\/staging.hydrachim.fr\/produit\/caplacti\/#primaryimage"},"image":{"@id":"https:\/\/staging.hydrachim.fr\/produit\/caplacti\/#primaryimage"},"thumbnailUrl":"https:\/\/staging.hydrachim.fr\/app\/uploads\/2019\/08\/1541-SOFT-ATTITUDE-CAP-LACTI-20KG.jpg","datePublished":"2019-08-06T13:40:39+00:00","dateModified":"2019-10-11T14:38:27+00:00","breadcrumb":{"@id":"https:\/\/staging.hydrachim.fr\/produit\/caplacti\/#breadcrumb"},"inLanguage":"en-US","potentialAction":[{"@type":"ReadAction","target":["https:\/\/staging.hydrachim.fr\/produit\/caplacti\/"]}]},{"@type":"ImageObject","inLanguage":"en-US","@id":"https:\/\/staging.hydrachim.fr\/produit\/caplacti\/#primaryimage","url":"https:\/\/staging.hydrachim.fr\/app\/uploads\/2019\/08\/1541-SOFT-ATTITUDE-CAP-LACTI-20KG.jpg","contentUrl":"https:\/\/staging.hydrachim.fr\/app\/uploads\/2019\/08\/1541-SOFT-ATTITUDE-CAP-LACTI-20KG.jpg","width":300,"height":453},{"@type":"BreadcrumbList","@id":"https:\/\/staging.hydrachim.fr\/produit\/caplacti\/#breadcrumb","itemListElement":[{"@type":"ListItem","position":1,"name":"Home","item":"https:\/\/staging.hydrachim.fr\/en\/"},{"@type":"ListItem","position":2,"name":"Shop","item":"https:\/\/staging.hydrachim.fr\/en\/shop\/"},{"@type":"ListItem","position":3,"name":"Cap&rsquo;Lacti"}]},{"@type":"WebSite","@id":"https:\/\/staging.hydrachim.fr\/#website","url":"https:\/\/staging.hydrachim.fr\/","name":"Hydrachim","description":"La science de l&#039;hygi\u00e8ne","potentialAction":[{"@type":"SearchAction","target":{"@type":"EntryPoint","urlTemplate":"https:\/\/staging.hydrachim.fr\/?s={search_term_string}"},"query-input":{"@type":"PropertyValueSpecification","valueRequired":true,"valueName":"search_term_string"}}],"inLanguage":"en-US"}]}},"acf":{"fiche_technique":"https:\/\/staging.hydrachim.fr\/app\/uploads\/2019\/10\/FT-1541_FT-CAP-LACTI.pdf","fiche_methode":""},"_links":{"self":[{"href":"https:\/\/staging.hydrachim.fr\/en\/wp-json\/wp\/v2\/product\/3199","targetHints":{"allow":["GET"]}}],"collection":[{"href":"https:\/\/staging.hydrachim.fr\/en\/wp-json\/wp\/v2\/product"}],"about":[{"href":"https:\/\/staging.hydrachim.fr\/en\/wp-json\/wp\/v2\/types\/product"}],"wp:featuredmedia":[{"embeddable":true,"href":"https:\/\/staging.hydrachim.fr\/en\/wp-json\/wp\/v2\/media\/2376"}],"wp:attachment":[{"href":"https:\/\/staging.hydrachim.fr\/en\/wp-json\/wp\/v2\/media?parent=3199"}],"wp:term":[{"taxonomy":"product_brand","embeddable":true,"href":"https:\/\/staging.hydrachim.fr\/en\/wp-json\/wp\/v2\/product_brand?post=3199"},{"taxonomy":"product_type","embeddable":true,"href":"https:\/\/staging.hydrachim.fr\/en\/wp-json\/wp\/v2\/product_type?post=3199"},{"taxonomy":"product_visibility","embeddable":true,"href":"https:\/\/staging.hydrachim.fr\/en\/wp-json\/wp\/v2\/product_visibility?post=3199"},{"taxonomy":"product_cat","embeddable":true,"href":"https:\/\/staging.hydrachim.fr\/en\/wp-json\/wp\/v2\/product_cat?post=3199"}],"curies":[{"name":"wp","href":"https:\/\/api.w.org\/{rel}","templated":true}]}}