{"id":3201,"date":"2019-08-06T15:40:41","date_gmt":"2019-08-06T13:40:41","guid":{"rendered":"https:\/\/staging.hydrachim.fr\/product\/washingsoft\/"},"modified":"2019-10-03T10:54:13","modified_gmt":"2019-10-03T08:54:13","slug":"washingsoft","status":"publish","type":"product","link":"https:\/\/staging.hydrachim.fr\/en\/produit\/washingsoft\/","title":{"rendered":"Washing&#8217;Soft"},"content":{"rendered":"<p><strong>Gr\u00e2ce \u00e0 son efficacit\u00e9 d\u00e9graissante, Washing&#8217;Soft est id\u00e9al pour l&#8217;entretien r\u00e9gulier des sols gras ou souill\u00e9s.<\/strong><\/p>\n<p>Il ne n\u00e9cessite pas de rin\u00e7age* et peut s&#8217;utiliser sur toutes les surfaces carrel\u00e9es ainsi que sur les sols plastiques.<br \/>\nSon utilisation en autolaveuse est conseill\u00e9e gr\u00e2ce \u00e0 sa formulation peu moussante.<\/p>\n<p><strong>Disponible en :<br \/>\n&#8211; Carton de 6 x 1 L doseur. R\u00e9f. 002184092<br \/>\n&#8211; Carton de 2 x 5 L. R\u00e9f. 002184005<\/strong><\/p>\n<p class=\"y-product y-product__product-subtitle\">Avantage :<\/p>\n<p>Sans allerg\u00e8ne**, sans phosphate.<\/p>\n<p>Retrouvez le mode d&#8217;emploi et le dosage du produit en t\u00e9l\u00e9chargeant sa Fiche Technique<\/p>\n<p><em> *Rin\u00e7age n\u00e9cessaire pour les surfaces en contact alimentaire.<br \/>\n**parmi les allerg\u00e8nes list\u00e9s dans les r\u00e8glements Cosm\u00e9tique n\u00b01223\/2009 et D\u00e9tergent n\u00b0648\/2004.<br \/>\nAvant toute utilisation, lisez l&#8217;\u00e9tiquette et les informations concernant le produit.<\/em><\/p>\n","protected":false},"excerpt":{"rendered":"<p>D\u00e9graissant r\u00e9novant pour le sol.<\/p>\n","protected":false},"featured_media":5013,"template":"","meta":[],"product_brand":[],"product_type":[2],"product_visibility":[],"product_cat":[4128,4106,4146,4110,4127],"class_list":{"0":"post-3201","1":"product","2":"type-product","3":"status-publish","4":"has-post-thumbnail","6":"product_cat-solentretien","7":"product_cat-produitsnos-produits-zero-pictos","8":"product_cat-marquessoft-attitude","9":"product_cat-nos-produits-zro-pictossol","10":"product_cat-produitssurface-sol","11":"product_tag-0-picto","12":"product_tag-degraissant","13":"product_tag-liquide","14":"product_tag-manuel","15":"product_tag-renovant","16":"product_tag-sans-phosphate","17":"product_tag-sol","19":"first","20":"instock","21":"shipping-taxable","22":"product-type-simple"},"yoast_head":"<!-- This site is optimized with the Yoast SEO plugin v24.7 - https:\/\/yoast.com\/wordpress\/plugins\/seo\/ -->\n<title>Washing&#039;Soft - Hydrachim<\/title>\n<meta name=\"robots\" content=\"noindex, follow, max-snippet:-1, max-image-preview:large, max-video-preview:-1\" \/>\n<meta property=\"og:locale\" content=\"en_US\" \/>\n<meta property=\"og:type\" content=\"article\" \/>\n<meta property=\"og:title\" content=\"Washing&#039;Soft - Hydrachim\" \/>\n<meta property=\"og:description\" content=\"D\u00e9graissant r\u00e9novant pour le sol.\" \/>\n<meta property=\"og:url\" content=\"https:\/\/staging.hydrachim.fr\/produit\/washingsoft\/\" \/>\n<meta property=\"og:site_name\" content=\"Hydrachim\" \/>\n<meta property=\"article:modified_time\" content=\"2019-10-03T08:54:13+00:00\" \/>\n<meta property=\"og:image\" content=\"https:\/\/staging.hydrachim.fr\/app\/uploads\/2019\/09\/1840-WASHINGSOFT-5L.png\" \/>\n\t<meta property=\"og:image:width\" content=\"600\" \/>\n\t<meta property=\"og:image:height\" content=\"849\" \/>\n\t<meta property=\"og:image:type\" content=\"image\/png\" \/>\n<meta name=\"twitter:card\" content=\"summary_large_image\" \/>\n<meta name=\"twitter:label1\" content=\"Est. reading time\" \/>\n\t<meta name=\"twitter:data1\" content=\"1 minute\" \/>\n<script type=\"application\/ld+json\" class=\"yoast-schema-graph\">{\"@context\":\"https:\/\/schema.org\",\"@graph\":[{\"@type\":\"WebPage\",\"@id\":\"https:\/\/staging.hydrachim.fr\/produit\/washingsoft\/\",\"url\":\"https:\/\/staging.hydrachim.fr\/produit\/washingsoft\/\",\"name\":\"Washing'Soft - Hydrachim\",\"isPartOf\":{\"@id\":\"https:\/\/staging.hydrachim.fr\/#website\"},\"primaryImageOfPage\":{\"@id\":\"https:\/\/staging.hydrachim.fr\/produit\/washingsoft\/#primaryimage\"},\"image\":{\"@id\":\"https:\/\/staging.hydrachim.fr\/produit\/washingsoft\/#primaryimage\"},\"thumbnailUrl\":\"https:\/\/staging.hydrachim.fr\/app\/uploads\/2019\/09\/1840-WASHINGSOFT-5L.png\",\"datePublished\":\"2019-08-06T13:40:41+00:00\",\"dateModified\":\"2019-10-03T08:54:13+00:00\",\"breadcrumb\":{\"@id\":\"https:\/\/staging.hydrachim.fr\/produit\/washingsoft\/#breadcrumb\"},\"inLanguage\":\"en-US\",\"potentialAction\":[{\"@type\":\"ReadAction\",\"target\":[\"https:\/\/staging.hydrachim.fr\/produit\/washingsoft\/\"]}]},{\"@type\":\"ImageObject\",\"inLanguage\":\"en-US\",\"@id\":\"https:\/\/staging.hydrachim.fr\/produit\/washingsoft\/#primaryimage\",\"url\":\"https:\/\/staging.hydrachim.fr\/app\/uploads\/2019\/09\/1840-WASHINGSOFT-5L.png\",\"contentUrl\":\"https:\/\/staging.hydrachim.fr\/app\/uploads\/2019\/09\/1840-WASHINGSOFT-5L.png\",\"width\":600,\"height\":849},{\"@type\":\"BreadcrumbList\",\"@id\":\"https:\/\/staging.hydrachim.fr\/produit\/washingsoft\/#breadcrumb\",\"itemListElement\":[{\"@type\":\"ListItem\",\"position\":1,\"name\":\"Home\",\"item\":\"https:\/\/staging.hydrachim.fr\/en\/\"},{\"@type\":\"ListItem\",\"position\":2,\"name\":\"Shop\",\"item\":\"https:\/\/staging.hydrachim.fr\/en\/shop\/\"},{\"@type\":\"ListItem\",\"position\":3,\"name\":\"Washing&rsquo;Soft\"}]},{\"@type\":\"WebSite\",\"@id\":\"https:\/\/staging.hydrachim.fr\/#website\",\"url\":\"https:\/\/staging.hydrachim.fr\/\",\"name\":\"Hydrachim\",\"description\":\"La science de l&#039;hygi\u00e8ne\",\"potentialAction\":[{\"@type\":\"SearchAction\",\"target\":{\"@type\":\"EntryPoint\",\"urlTemplate\":\"https:\/\/staging.hydrachim.fr\/?s={search_term_string}\"},\"query-input\":{\"@type\":\"PropertyValueSpecification\",\"valueRequired\":true,\"valueName\":\"search_term_string\"}}],\"inLanguage\":\"en-US\"}]}<\/script>\n<!-- \/ Yoast SEO plugin. -->","yoast_head_json":{"title":"Washing'Soft - Hydrachim","robots":{"index":"noindex","follow":"follow","max-snippet":"max-snippet:-1","max-image-preview":"max-image-preview:large","max-video-preview":"max-video-preview:-1"},"og_locale":"en_US","og_type":"article","og_title":"Washing'Soft - Hydrachim","og_description":"D\u00e9graissant r\u00e9novant pour le sol.","og_url":"https:\/\/staging.hydrachim.fr\/produit\/washingsoft\/","og_site_name":"Hydrachim","article_modified_time":"2019-10-03T08:54:13+00:00","og_image":[{"width":600,"height":849,"url":"https:\/\/staging.hydrachim.fr\/app\/uploads\/2019\/09\/1840-WASHINGSOFT-5L.png","type":"image\/png"}],"twitter_card":"summary_large_image","twitter_misc":{"Est. reading time":"1 minute"},"schema":{"@context":"https:\/\/schema.org","@graph":[{"@type":"WebPage","@id":"https:\/\/staging.hydrachim.fr\/produit\/washingsoft\/","url":"https:\/\/staging.hydrachim.fr\/produit\/washingsoft\/","name":"Washing'Soft - Hydrachim","isPartOf":{"@id":"https:\/\/staging.hydrachim.fr\/#website"},"primaryImageOfPage":{"@id":"https:\/\/staging.hydrachim.fr\/produit\/washingsoft\/#primaryimage"},"image":{"@id":"https:\/\/staging.hydrachim.fr\/produit\/washingsoft\/#primaryimage"},"thumbnailUrl":"https:\/\/staging.hydrachim.fr\/app\/uploads\/2019\/09\/1840-WASHINGSOFT-5L.png","datePublished":"2019-08-06T13:40:41+00:00","dateModified":"2019-10-03T08:54:13+00:00","breadcrumb":{"@id":"https:\/\/staging.hydrachim.fr\/produit\/washingsoft\/#breadcrumb"},"inLanguage":"en-US","potentialAction":[{"@type":"ReadAction","target":["https:\/\/staging.hydrachim.fr\/produit\/washingsoft\/"]}]},{"@type":"ImageObject","inLanguage":"en-US","@id":"https:\/\/staging.hydrachim.fr\/produit\/washingsoft\/#primaryimage","url":"https:\/\/staging.hydrachim.fr\/app\/uploads\/2019\/09\/1840-WASHINGSOFT-5L.png","contentUrl":"https:\/\/staging.hydrachim.fr\/app\/uploads\/2019\/09\/1840-WASHINGSOFT-5L.png","width":600,"height":849},{"@type":"BreadcrumbList","@id":"https:\/\/staging.hydrachim.fr\/produit\/washingsoft\/#breadcrumb","itemListElement":[{"@type":"ListItem","position":1,"name":"Home","item":"https:\/\/staging.hydrachim.fr\/en\/"},{"@type":"ListItem","position":2,"name":"Shop","item":"https:\/\/staging.hydrachim.fr\/en\/shop\/"},{"@type":"ListItem","position":3,"name":"Washing&rsquo;Soft"}]},{"@type":"WebSite","@id":"https:\/\/staging.hydrachim.fr\/#website","url":"https:\/\/staging.hydrachim.fr\/","name":"Hydrachim","description":"La science de l&#039;hygi\u00e8ne","potentialAction":[{"@type":"SearchAction","target":{"@type":"EntryPoint","urlTemplate":"https:\/\/staging.hydrachim.fr\/?s={search_term_string}"},"query-input":{"@type":"PropertyValueSpecification","valueRequired":true,"valueName":"search_term_string"}}],"inLanguage":"en-US"}]}},"acf":{"fiche_technique":"https:\/\/staging.hydrachim.fr\/app\/uploads\/2019\/09\/FT-1840_SOFT-ATTITUDE_WASHING-SOFT.pdf","fiche_methode":"https:\/\/staging.hydrachim.fr\/app\/uploads\/2019\/09\/1840-WASHING-SOFT-Soft-Attitude.pdf"},"_links":{"self":[{"href":"https:\/\/staging.hydrachim.fr\/en\/wp-json\/wp\/v2\/product\/3201","targetHints":{"allow":["GET"]}}],"collection":[{"href":"https:\/\/staging.hydrachim.fr\/en\/wp-json\/wp\/v2\/product"}],"about":[{"href":"https:\/\/staging.hydrachim.fr\/en\/wp-json\/wp\/v2\/types\/product"}],"wp:featuredmedia":[{"embeddable":true,"href":"https:\/\/staging.hydrachim.fr\/en\/wp-json\/wp\/v2\/media\/5013"}],"wp:attachment":[{"href":"https:\/\/staging.hydrachim.fr\/en\/wp-json\/wp\/v2\/media?parent=3201"}],"wp:term":[{"taxonomy":"product_brand","embeddable":true,"href":"https:\/\/staging.hydrachim.fr\/en\/wp-json\/wp\/v2\/product_brand?post=3201"},{"taxonomy":"product_type","embeddable":true,"href":"https:\/\/staging.hydrachim.fr\/en\/wp-json\/wp\/v2\/product_type?post=3201"},{"taxonomy":"product_visibility","embeddable":true,"href":"https:\/\/staging.hydrachim.fr\/en\/wp-json\/wp\/v2\/product_visibility?post=3201"},{"taxonomy":"product_cat","embeddable":true,"href":"https:\/\/staging.hydrachim.fr\/en\/wp-json\/wp\/v2\/product_cat?post=3201"}],"curies":[{"name":"wp","href":"https:\/\/api.w.org\/{rel}","templated":true}]}}