{"id":3207,"date":"2019-08-06T15:40:47","date_gmt":"2019-08-06T13:40:47","guid":{"rendered":"https:\/\/staging.hydrachim.fr\/product\/respecthome-concentre\/"},"modified":"2019-10-14T15:45:26","modified_gmt":"2019-10-14T13:45:26","slug":"respecthome-concentre","status":"publish","type":"product","link":"https:\/\/staging.hydrachim.fr\/en\/produit\/respecthome-concentre\/","title":{"rendered":"Respect&#8217;Home\u00ae Concentr\u00e9"},"content":{"rendered":"<p><strong>Nettoyant polyvalent bact\u00e9ricide &amp; levuricide.<\/strong><\/p>\n<p>RESPECT&#8217;HOME\u00ae CONCENTR\u00c9 est un biocide tr\u00e8s polyvalent utilis\u00e9 pour toutes les :<br \/>\n&#8211; Surfaces neutres : cr\u00e8ches, jouets, EHPAD, salles d\u2018attente, cabinets m\u00e9dicaux&#8230;<br \/>\n&#8211; Surfaces sanitaires : carrelages, wc, douches, sols, meubles.<br \/>\n&#8211; Surfaces alimentaires : plans de travail, tables, murs, sols, appareils de d\u00e9coupe.<br \/>\nRESPECT&#8217;HOME\u00ae CONCENTR\u00c9 est un d\u00e9tartrant quotidien qui pr\u00e9vient l&#8217;installation du calcaire et fait briller les surfaces. Agr\u00e9able \u00e0 l&#8217;utilisation, avec sa note parfum\u00e9e d&#8217;huile essentielle d&#8217;arbre \u00e0 th\u00e9.<\/p>\n<p><strong>Disponible en carton de 4 x 5 L. R\u00e9f.\u00a0002185601.<br \/>\n<\/strong><\/p>\n<p class=\"y-product y-product__product-subtitle\">Avantage :<\/p>\n<p>La formule du RESPECT\u2019HOME\u00ae CONCENTR\u00c9 est soutenue au niveau du r\u00e8glement biocide (CE) n\u00b0528\/2012 en vue d\u2019obtenir une AMM.<br \/>\nRESPECT\u2019HOME\u00ae CONCENTR\u00c9 est formul\u00e9 Sans ammonium quaternaire, Sans phosphate, Sans phosphonate, Sans EDTA, Sans chlore, Avec de l&#8217;huile essentielle d&#8217;arbre \u00e0 th\u00e9.<\/p>\n<p>Retrouvez le mode d&#8217;emploi et le dosage du produit en t\u00e9l\u00e9chargeant sa Fiche Technique et\/ou sa Fiche M\u00e9thode.<\/p>\n<p><em>Utilisez les biocides avec pr\u00e9caution. Avant toute utilisation, lisez l&#8217;\u00e9tiquette et les informations concernant le produit.<br \/>\nProduit conforme \u00e0 la l\u00e9gislation relative aux proc\u00e9d\u00e9s et aux produits utilis\u00e9s pour le nettoyage des mat\u00e9riaux et objets destin\u00e9s \u00e0 entrer en contact avec des denr\u00e9es, produits et boissons pour l\u2019alimentation de l\u2019homme et des animaux (Arr\u00eat\u00e9 du 08\/09\/1999 modifi\u00e9 le 19.12.2013). Rin\u00e7age obligatoire.<br \/>\n Ecod\u00e9tergent certifi\u00e9 par ECOCERT Greenlife selon le r\u00e9f\u00e9rentiel ECOCERT disponible sur http:\/\/detergents.ecocert.com.<\/em><\/p>\n","protected":false},"excerpt":{"rendered":"<p>Nettoyant d\u00e9graissant d\u00e9sinfectant \u00e0 base d&#8217;acide lactique. Ecodetergent Ecocert.<\/p>\n","protected":false},"featured_media":4899,"template":"","meta":[],"product_brand":[],"product_type":[2],"product_visibility":[],"product_cat":[4114,4098,4174,4111,4097,4147,4143,4173,4099,4113,4100,4112],"class_list":{"0":"post-3207","1":"product","2":"type-product","3":"status-publish","4":"has-post-thumbnail","6":"product_cat-dsinfectioncuisine","7":"product_cat-ecocertcuisine","8":"product_cat-nouveautesdesinfection","9":"product_cat-produitsdesinfection","10":"product_cat-produitsecocert","11":"product_cat-marques-marquesidegreenidegreen","12":"product_cat-nouveautes","13":"product_cat-nouveautesproduits-verts","14":"product_cat-ecocertsanitaire","15":"product_cat-dsinfectionsanitaire","16":"product_cat-ecocertsurface","17":"product_cat-dsinfectionsurface","18":"product_tag-bactericide","19":"product_tag-biocide","20":"product_tag-concentre","21":"product_tag-degraissant","22":"product_tag-desinfectant","23":"product_tag-ecocert","24":"product_tag-levuricide","25":"product_tag-multi-surfaces","26":"product_tag-nettoyant","27":"product_tag-polyvalent","28":"product_tag-tp2","29":"product_tag-tp4","31":"first","32":"instock","33":"shipping-taxable","34":"product-type-simple"},"yoast_head":"<!-- This site is optimized with the Yoast SEO plugin v24.7 - https:\/\/yoast.com\/wordpress\/plugins\/seo\/ -->\n<title>Respect&#039;Home\u00ae Concentr\u00e9 - Hydrachim<\/title>\n<meta name=\"robots\" content=\"noindex, follow, max-snippet:-1, max-image-preview:large, max-video-preview:-1\" \/>\n<meta property=\"og:locale\" content=\"en_US\" \/>\n<meta property=\"og:type\" content=\"article\" \/>\n<meta property=\"og:title\" content=\"Respect&#039;Home\u00ae Concentr\u00e9 - Hydrachim\" \/>\n<meta property=\"og:description\" content=\"Nettoyant d\u00e9graissant d\u00e9sinfectant \u00e0 base d&#039;acide lactique. Ecodetergent Ecocert.\" \/>\n<meta property=\"og:url\" content=\"https:\/\/staging.hydrachim.fr\/produit\/respecthome-concentre\/\" \/>\n<meta property=\"og:site_name\" content=\"Hydrachim\" \/>\n<meta property=\"article:modified_time\" content=\"2019-10-14T13:45:26+00:00\" \/>\n<meta property=\"og:image\" content=\"https:\/\/staging.hydrachim.fr\/app\/uploads\/2019\/09\/1856_RESPECT-HOME-CONCENTRE_ECODETERGENT-ECOCERT_5L.png\" \/>\n\t<meta property=\"og:image:width\" content=\"534\" \/>\n\t<meta property=\"og:image:height\" content=\"834\" \/>\n\t<meta property=\"og:image:type\" content=\"image\/png\" \/>\n<meta name=\"twitter:card\" content=\"summary_large_image\" \/>\n<meta name=\"twitter:label1\" content=\"Est. reading time\" \/>\n\t<meta name=\"twitter:data1\" content=\"1 minute\" \/>\n<script type=\"application\/ld+json\" class=\"yoast-schema-graph\">{\"@context\":\"https:\/\/schema.org\",\"@graph\":[{\"@type\":\"WebPage\",\"@id\":\"https:\/\/staging.hydrachim.fr\/produit\/respecthome-concentre\/\",\"url\":\"https:\/\/staging.hydrachim.fr\/produit\/respecthome-concentre\/\",\"name\":\"Respect'Home\u00ae Concentr\u00e9 - Hydrachim\",\"isPartOf\":{\"@id\":\"https:\/\/staging.hydrachim.fr\/#website\"},\"primaryImageOfPage\":{\"@id\":\"https:\/\/staging.hydrachim.fr\/produit\/respecthome-concentre\/#primaryimage\"},\"image\":{\"@id\":\"https:\/\/staging.hydrachim.fr\/produit\/respecthome-concentre\/#primaryimage\"},\"thumbnailUrl\":\"https:\/\/staging.hydrachim.fr\/app\/uploads\/2019\/09\/1856_RESPECT-HOME-CONCENTRE_ECODETERGENT-ECOCERT_5L.png\",\"datePublished\":\"2019-08-06T13:40:47+00:00\",\"dateModified\":\"2019-10-14T13:45:26+00:00\",\"breadcrumb\":{\"@id\":\"https:\/\/staging.hydrachim.fr\/produit\/respecthome-concentre\/#breadcrumb\"},\"inLanguage\":\"en-US\",\"potentialAction\":[{\"@type\":\"ReadAction\",\"target\":[\"https:\/\/staging.hydrachim.fr\/produit\/respecthome-concentre\/\"]}]},{\"@type\":\"ImageObject\",\"inLanguage\":\"en-US\",\"@id\":\"https:\/\/staging.hydrachim.fr\/produit\/respecthome-concentre\/#primaryimage\",\"url\":\"https:\/\/staging.hydrachim.fr\/app\/uploads\/2019\/09\/1856_RESPECT-HOME-CONCENTRE_ECODETERGENT-ECOCERT_5L.png\",\"contentUrl\":\"https:\/\/staging.hydrachim.fr\/app\/uploads\/2019\/09\/1856_RESPECT-HOME-CONCENTRE_ECODETERGENT-ECOCERT_5L.png\",\"width\":534,\"height\":834},{\"@type\":\"BreadcrumbList\",\"@id\":\"https:\/\/staging.hydrachim.fr\/produit\/respecthome-concentre\/#breadcrumb\",\"itemListElement\":[{\"@type\":\"ListItem\",\"position\":1,\"name\":\"Home\",\"item\":\"https:\/\/staging.hydrachim.fr\/en\/\"},{\"@type\":\"ListItem\",\"position\":2,\"name\":\"Shop\",\"item\":\"https:\/\/staging.hydrachim.fr\/en\/shop\/\"},{\"@type\":\"ListItem\",\"position\":3,\"name\":\"Respect&rsquo;Home\u00ae Concentr\u00e9\"}]},{\"@type\":\"WebSite\",\"@id\":\"https:\/\/staging.hydrachim.fr\/#website\",\"url\":\"https:\/\/staging.hydrachim.fr\/\",\"name\":\"Hydrachim\",\"description\":\"La science de l&#039;hygi\u00e8ne\",\"potentialAction\":[{\"@type\":\"SearchAction\",\"target\":{\"@type\":\"EntryPoint\",\"urlTemplate\":\"https:\/\/staging.hydrachim.fr\/?s={search_term_string}\"},\"query-input\":{\"@type\":\"PropertyValueSpecification\",\"valueRequired\":true,\"valueName\":\"search_term_string\"}}],\"inLanguage\":\"en-US\"}]}<\/script>\n<!-- \/ Yoast SEO plugin. -->","yoast_head_json":{"title":"Respect'Home\u00ae Concentr\u00e9 - Hydrachim","robots":{"index":"noindex","follow":"follow","max-snippet":"max-snippet:-1","max-image-preview":"max-image-preview:large","max-video-preview":"max-video-preview:-1"},"og_locale":"en_US","og_type":"article","og_title":"Respect'Home\u00ae Concentr\u00e9 - Hydrachim","og_description":"Nettoyant d\u00e9graissant d\u00e9sinfectant \u00e0 base d'acide lactique. Ecodetergent Ecocert.","og_url":"https:\/\/staging.hydrachim.fr\/produit\/respecthome-concentre\/","og_site_name":"Hydrachim","article_modified_time":"2019-10-14T13:45:26+00:00","og_image":[{"width":534,"height":834,"url":"https:\/\/staging.hydrachim.fr\/app\/uploads\/2019\/09\/1856_RESPECT-HOME-CONCENTRE_ECODETERGENT-ECOCERT_5L.png","type":"image\/png"}],"twitter_card":"summary_large_image","twitter_misc":{"Est. reading time":"1 minute"},"schema":{"@context":"https:\/\/schema.org","@graph":[{"@type":"WebPage","@id":"https:\/\/staging.hydrachim.fr\/produit\/respecthome-concentre\/","url":"https:\/\/staging.hydrachim.fr\/produit\/respecthome-concentre\/","name":"Respect'Home\u00ae Concentr\u00e9 - Hydrachim","isPartOf":{"@id":"https:\/\/staging.hydrachim.fr\/#website"},"primaryImageOfPage":{"@id":"https:\/\/staging.hydrachim.fr\/produit\/respecthome-concentre\/#primaryimage"},"image":{"@id":"https:\/\/staging.hydrachim.fr\/produit\/respecthome-concentre\/#primaryimage"},"thumbnailUrl":"https:\/\/staging.hydrachim.fr\/app\/uploads\/2019\/09\/1856_RESPECT-HOME-CONCENTRE_ECODETERGENT-ECOCERT_5L.png","datePublished":"2019-08-06T13:40:47+00:00","dateModified":"2019-10-14T13:45:26+00:00","breadcrumb":{"@id":"https:\/\/staging.hydrachim.fr\/produit\/respecthome-concentre\/#breadcrumb"},"inLanguage":"en-US","potentialAction":[{"@type":"ReadAction","target":["https:\/\/staging.hydrachim.fr\/produit\/respecthome-concentre\/"]}]},{"@type":"ImageObject","inLanguage":"en-US","@id":"https:\/\/staging.hydrachim.fr\/produit\/respecthome-concentre\/#primaryimage","url":"https:\/\/staging.hydrachim.fr\/app\/uploads\/2019\/09\/1856_RESPECT-HOME-CONCENTRE_ECODETERGENT-ECOCERT_5L.png","contentUrl":"https:\/\/staging.hydrachim.fr\/app\/uploads\/2019\/09\/1856_RESPECT-HOME-CONCENTRE_ECODETERGENT-ECOCERT_5L.png","width":534,"height":834},{"@type":"BreadcrumbList","@id":"https:\/\/staging.hydrachim.fr\/produit\/respecthome-concentre\/#breadcrumb","itemListElement":[{"@type":"ListItem","position":1,"name":"Home","item":"https:\/\/staging.hydrachim.fr\/en\/"},{"@type":"ListItem","position":2,"name":"Shop","item":"https:\/\/staging.hydrachim.fr\/en\/shop\/"},{"@type":"ListItem","position":3,"name":"Respect&rsquo;Home\u00ae Concentr\u00e9"}]},{"@type":"WebSite","@id":"https:\/\/staging.hydrachim.fr\/#website","url":"https:\/\/staging.hydrachim.fr\/","name":"Hydrachim","description":"La science de l&#039;hygi\u00e8ne","potentialAction":[{"@type":"SearchAction","target":{"@type":"EntryPoint","urlTemplate":"https:\/\/staging.hydrachim.fr\/?s={search_term_string}"},"query-input":{"@type":"PropertyValueSpecification","valueRequired":true,"valueName":"search_term_string"}}],"inLanguage":"en-US"}]}},"acf":{"fiche_technique":"https:\/\/staging.hydrachim.fr\/app\/uploads\/2019\/09\/FT-1856-IDEGREEN-ECOCERT-RESPECT-HOME-CONCENTRE.pdf","fiche_methode":"https:\/\/staging.hydrachim.fr\/app\/uploads\/2019\/09\/1856-RESPECT-HOME-CONCENTRE-IDEGREEN-ECOCERT_h.pdf"},"_links":{"self":[{"href":"https:\/\/staging.hydrachim.fr\/en\/wp-json\/wp\/v2\/product\/3207","targetHints":{"allow":["GET"]}}],"collection":[{"href":"https:\/\/staging.hydrachim.fr\/en\/wp-json\/wp\/v2\/product"}],"about":[{"href":"https:\/\/staging.hydrachim.fr\/en\/wp-json\/wp\/v2\/types\/product"}],"wp:featuredmedia":[{"embeddable":true,"href":"https:\/\/staging.hydrachim.fr\/en\/wp-json\/wp\/v2\/media\/4899"}],"wp:attachment":[{"href":"https:\/\/staging.hydrachim.fr\/en\/wp-json\/wp\/v2\/media?parent=3207"}],"wp:term":[{"taxonomy":"product_brand","embeddable":true,"href":"https:\/\/staging.hydrachim.fr\/en\/wp-json\/wp\/v2\/product_brand?post=3207"},{"taxonomy":"product_type","embeddable":true,"href":"https:\/\/staging.hydrachim.fr\/en\/wp-json\/wp\/v2\/product_type?post=3207"},{"taxonomy":"product_visibility","embeddable":true,"href":"https:\/\/staging.hydrachim.fr\/en\/wp-json\/wp\/v2\/product_visibility?post=3207"},{"taxonomy":"product_cat","embeddable":true,"href":"https:\/\/staging.hydrachim.fr\/en\/wp-json\/wp\/v2\/product_cat?post=3207"}],"curies":[{"name":"wp","href":"https:\/\/api.w.org\/{rel}","templated":true}]}}