{"id":3213,"date":"2019-08-06T15:40:55","date_gmt":"2019-08-06T13:40:55","guid":{"rendered":"https:\/\/staging.hydrachim.fr\/product\/jedor-3d-parfum-agrume-sans-allergene\/"},"modified":"2019-10-04T14:14:44","modified_gmt":"2019-10-04T12:14:44","slug":"jedor-3d-parfum-agrume-sans-allergene","status":"publish","type":"product","link":"https:\/\/staging.hydrachim.fr\/en\/produit\/jedor-3d-parfum-agrume-sans-allergene\/","title":{"rendered":"J\u00e9dor 3D Agrume sans allerg\u00e8ne"},"content":{"rendered":"<p><strong>Tendance parfum\u00e9e : agrume.<\/strong><\/p>\n<p>J\u00e9dor 3D parfum agrume est un nettoyant d\u00e9sodorisant d\u00e9sinfectant r\u00e9manent (la r\u00e9manence varie en fonction de la taille de la pi\u00e8ce, de la surface, de l&#8217;a\u00e9ration et du passage apr\u00e8s nettoyage). Il supprime les mauvaises odeurs en laissant un frais parfum d&#8217;agrumes. Ce produit est faiblement moussant aux doses pr\u00e9conis\u00e9es et ne contient pas d&#8217;allerg\u00e8ne*. Il peut \u00eatre utilis\u00e9 manuellement ou en autolaveuse et ne n\u00e9cessite aucun rin\u00e7age sur les surfaces non alimentaires. Il peut-\u00eatre utilis\u00e9 pour l&#8217;entretien des murs, sols, fa\u00efences, thermoplastiques, mobilier sanitaire, int\u00e9rieurs des voitures. Son emploi est recommand\u00e9 pour l&#8217;entretien r\u00e9gulier des locaux o\u00f9 peuvent se d\u00e9velopper microbes et bact\u00e9ries (maisons de retraite, \u00e9coles, lieux publics, collectivit\u00e9s).<\/p>\n<p><strong>Disponible en :<br \/>\n&#8211; Carton de 6 x 1L doseur. R\u00e9f. 002530501<br \/>\n&#8211; Carton de 4 x 5L. R\u00e9f. 002530502<\/strong><\/p>\n<p class=\"y-product y-product__product-subtitle\">Avantage :<\/p>\n<p>Sans allerg\u00e8ne*.<br \/>\nBact\u00e9ricide, fongicide et levuricide.<br \/>\nFabrication fran\u00e7aise.<\/p>\n<p>Retrouvez le mode d&#8217;emploi et le dosage du produit en t\u00e9l\u00e9chargeant sa Fiche Technique et\/ou sa Fiche M\u00e9thode.<\/p>\n<p><em>Utilisez les biocides avec pr\u00e9caution. Avant toute utilisation, lire l&#8217;\u00e9tiquette et les informations concernant le produit.<br \/>\n*parmi les allerg\u00e8nes list\u00e9s dans les r\u00e8glements Cosm\u00e9tique n\u00b01223\/2009 et D\u00e9tergent n\u00b0648\/2004.<\/em><\/p>\n","protected":false},"excerpt":{"rendered":"<p>Nettoyant &#8211; D\u00e9sodorisant &#8211; D\u00e9sinfectant des surfaces. Parfum r\u00e9manent.<\/p>\n","protected":false},"featured_media":5202,"template":"","meta":[],"product_brand":[],"product_type":[2],"product_visibility":[],"product_cat":[4111,4128,4148,4132,4112,4127],"class_list":{"0":"post-3213","1":"product","2":"type-product","3":"status-publish","4":"has-post-thumbnail","6":"product_cat-produitsdesinfection","7":"product_cat-solentretien","8":"product_cat-marquesjdor","9":"product_cat-solodeur","10":"product_cat-dsinfectionsurface","11":"product_cat-produitssurface-sol","12":"product_tag-3d","13":"product_tag-agrume","14":"product_tag-auto-laveuse","15":"product_tag-bactericide","16":"product_tag-desinfectant","17":"product_tag-desodorisant","18":"product_tag-detergent","19":"product_tag-fongicide","20":"product_tag-levuricide","21":"product_tag-liquide","22":"product_tag-manuel","23":"product_tag-nettoyant","24":"product_tag-sans-allergene","25":"product_tag-surodorant","27":"first","28":"instock","29":"shipping-taxable","30":"product-type-simple"},"yoast_head":"<!-- This site is optimized with the Yoast SEO plugin v24.7 - https:\/\/yoast.com\/wordpress\/plugins\/seo\/ -->\n<title>J\u00e9dor 3D Agrume sans allerg\u00e8ne - Hydrachim<\/title>\n<meta name=\"robots\" content=\"noindex, follow, max-snippet:-1, max-image-preview:large, max-video-preview:-1\" \/>\n<meta property=\"og:locale\" content=\"en_US\" \/>\n<meta property=\"og:type\" content=\"article\" \/>\n<meta property=\"og:title\" content=\"J\u00e9dor 3D Agrume sans allerg\u00e8ne - Hydrachim\" \/>\n<meta property=\"og:description\" content=\"Nettoyant - D\u00e9sodorisant - D\u00e9sinfectant des surfaces. Parfum r\u00e9manent.\" \/>\n<meta property=\"og:url\" content=\"https:\/\/staging.hydrachim.fr\/produit\/jedor-3d-parfum-agrume-sans-allergene\/\" \/>\n<meta property=\"og:site_name\" content=\"Hydrachim\" \/>\n<meta property=\"article:modified_time\" content=\"2019-10-04T12:14:44+00:00\" \/>\n<meta property=\"og:image\" content=\"https:\/\/staging.hydrachim.fr\/app\/uploads\/2019\/10\/5305-JEDOR-3D-NETT.-DESINFEC.-DESODO.NDB-AGRUME-SANS-ALLERGENE-5L.png\" \/>\n\t<meta property=\"og:image:width\" content=\"1000\" \/>\n\t<meta property=\"og:image:height\" content=\"714\" \/>\n\t<meta property=\"og:image:type\" content=\"image\/png\" \/>\n<meta name=\"twitter:card\" content=\"summary_large_image\" \/>\n<meta name=\"twitter:label1\" content=\"Est. reading time\" \/>\n\t<meta name=\"twitter:data1\" content=\"1 minute\" \/>\n<script type=\"application\/ld+json\" class=\"yoast-schema-graph\">{\"@context\":\"https:\/\/schema.org\",\"@graph\":[{\"@type\":\"WebPage\",\"@id\":\"https:\/\/staging.hydrachim.fr\/produit\/jedor-3d-parfum-agrume-sans-allergene\/\",\"url\":\"https:\/\/staging.hydrachim.fr\/produit\/jedor-3d-parfum-agrume-sans-allergene\/\",\"name\":\"J\u00e9dor 3D Agrume sans allerg\u00e8ne - Hydrachim\",\"isPartOf\":{\"@id\":\"https:\/\/staging.hydrachim.fr\/#website\"},\"primaryImageOfPage\":{\"@id\":\"https:\/\/staging.hydrachim.fr\/produit\/jedor-3d-parfum-agrume-sans-allergene\/#primaryimage\"},\"image\":{\"@id\":\"https:\/\/staging.hydrachim.fr\/produit\/jedor-3d-parfum-agrume-sans-allergene\/#primaryimage\"},\"thumbnailUrl\":\"https:\/\/staging.hydrachim.fr\/app\/uploads\/2019\/10\/5305-JEDOR-3D-NETT.-DESINFEC.-DESODO.NDB-AGRUME-SANS-ALLERGENE-5L.png\",\"datePublished\":\"2019-08-06T13:40:55+00:00\",\"dateModified\":\"2019-10-04T12:14:44+00:00\",\"breadcrumb\":{\"@id\":\"https:\/\/staging.hydrachim.fr\/produit\/jedor-3d-parfum-agrume-sans-allergene\/#breadcrumb\"},\"inLanguage\":\"en-US\",\"potentialAction\":[{\"@type\":\"ReadAction\",\"target\":[\"https:\/\/staging.hydrachim.fr\/produit\/jedor-3d-parfum-agrume-sans-allergene\/\"]}]},{\"@type\":\"ImageObject\",\"inLanguage\":\"en-US\",\"@id\":\"https:\/\/staging.hydrachim.fr\/produit\/jedor-3d-parfum-agrume-sans-allergene\/#primaryimage\",\"url\":\"https:\/\/staging.hydrachim.fr\/app\/uploads\/2019\/10\/5305-JEDOR-3D-NETT.-DESINFEC.-DESODO.NDB-AGRUME-SANS-ALLERGENE-5L.png\",\"contentUrl\":\"https:\/\/staging.hydrachim.fr\/app\/uploads\/2019\/10\/5305-JEDOR-3D-NETT.-DESINFEC.-DESODO.NDB-AGRUME-SANS-ALLERGENE-5L.png\",\"width\":1000,\"height\":714},{\"@type\":\"BreadcrumbList\",\"@id\":\"https:\/\/staging.hydrachim.fr\/produit\/jedor-3d-parfum-agrume-sans-allergene\/#breadcrumb\",\"itemListElement\":[{\"@type\":\"ListItem\",\"position\":1,\"name\":\"Home\",\"item\":\"https:\/\/staging.hydrachim.fr\/en\/\"},{\"@type\":\"ListItem\",\"position\":2,\"name\":\"Shop\",\"item\":\"https:\/\/staging.hydrachim.fr\/en\/shop\/\"},{\"@type\":\"ListItem\",\"position\":3,\"name\":\"J\u00e9dor 3D Agrume sans allerg\u00e8ne\"}]},{\"@type\":\"WebSite\",\"@id\":\"https:\/\/staging.hydrachim.fr\/#website\",\"url\":\"https:\/\/staging.hydrachim.fr\/\",\"name\":\"Hydrachim\",\"description\":\"La science de l&#039;hygi\u00e8ne\",\"potentialAction\":[{\"@type\":\"SearchAction\",\"target\":{\"@type\":\"EntryPoint\",\"urlTemplate\":\"https:\/\/staging.hydrachim.fr\/?s={search_term_string}\"},\"query-input\":{\"@type\":\"PropertyValueSpecification\",\"valueRequired\":true,\"valueName\":\"search_term_string\"}}],\"inLanguage\":\"en-US\"}]}<\/script>\n<!-- \/ Yoast SEO plugin. -->","yoast_head_json":{"title":"J\u00e9dor 3D Agrume sans allerg\u00e8ne - Hydrachim","robots":{"index":"noindex","follow":"follow","max-snippet":"max-snippet:-1","max-image-preview":"max-image-preview:large","max-video-preview":"max-video-preview:-1"},"og_locale":"en_US","og_type":"article","og_title":"J\u00e9dor 3D Agrume sans allerg\u00e8ne - Hydrachim","og_description":"Nettoyant - D\u00e9sodorisant - D\u00e9sinfectant des surfaces. Parfum r\u00e9manent.","og_url":"https:\/\/staging.hydrachim.fr\/produit\/jedor-3d-parfum-agrume-sans-allergene\/","og_site_name":"Hydrachim","article_modified_time":"2019-10-04T12:14:44+00:00","og_image":[{"width":1000,"height":714,"url":"https:\/\/staging.hydrachim.fr\/app\/uploads\/2019\/10\/5305-JEDOR-3D-NETT.-DESINFEC.-DESODO.NDB-AGRUME-SANS-ALLERGENE-5L.png","type":"image\/png"}],"twitter_card":"summary_large_image","twitter_misc":{"Est. reading time":"1 minute"},"schema":{"@context":"https:\/\/schema.org","@graph":[{"@type":"WebPage","@id":"https:\/\/staging.hydrachim.fr\/produit\/jedor-3d-parfum-agrume-sans-allergene\/","url":"https:\/\/staging.hydrachim.fr\/produit\/jedor-3d-parfum-agrume-sans-allergene\/","name":"J\u00e9dor 3D Agrume sans allerg\u00e8ne - Hydrachim","isPartOf":{"@id":"https:\/\/staging.hydrachim.fr\/#website"},"primaryImageOfPage":{"@id":"https:\/\/staging.hydrachim.fr\/produit\/jedor-3d-parfum-agrume-sans-allergene\/#primaryimage"},"image":{"@id":"https:\/\/staging.hydrachim.fr\/produit\/jedor-3d-parfum-agrume-sans-allergene\/#primaryimage"},"thumbnailUrl":"https:\/\/staging.hydrachim.fr\/app\/uploads\/2019\/10\/5305-JEDOR-3D-NETT.-DESINFEC.-DESODO.NDB-AGRUME-SANS-ALLERGENE-5L.png","datePublished":"2019-08-06T13:40:55+00:00","dateModified":"2019-10-04T12:14:44+00:00","breadcrumb":{"@id":"https:\/\/staging.hydrachim.fr\/produit\/jedor-3d-parfum-agrume-sans-allergene\/#breadcrumb"},"inLanguage":"en-US","potentialAction":[{"@type":"ReadAction","target":["https:\/\/staging.hydrachim.fr\/produit\/jedor-3d-parfum-agrume-sans-allergene\/"]}]},{"@type":"ImageObject","inLanguage":"en-US","@id":"https:\/\/staging.hydrachim.fr\/produit\/jedor-3d-parfum-agrume-sans-allergene\/#primaryimage","url":"https:\/\/staging.hydrachim.fr\/app\/uploads\/2019\/10\/5305-JEDOR-3D-NETT.-DESINFEC.-DESODO.NDB-AGRUME-SANS-ALLERGENE-5L.png","contentUrl":"https:\/\/staging.hydrachim.fr\/app\/uploads\/2019\/10\/5305-JEDOR-3D-NETT.-DESINFEC.-DESODO.NDB-AGRUME-SANS-ALLERGENE-5L.png","width":1000,"height":714},{"@type":"BreadcrumbList","@id":"https:\/\/staging.hydrachim.fr\/produit\/jedor-3d-parfum-agrume-sans-allergene\/#breadcrumb","itemListElement":[{"@type":"ListItem","position":1,"name":"Home","item":"https:\/\/staging.hydrachim.fr\/en\/"},{"@type":"ListItem","position":2,"name":"Shop","item":"https:\/\/staging.hydrachim.fr\/en\/shop\/"},{"@type":"ListItem","position":3,"name":"J\u00e9dor 3D Agrume sans allerg\u00e8ne"}]},{"@type":"WebSite","@id":"https:\/\/staging.hydrachim.fr\/#website","url":"https:\/\/staging.hydrachim.fr\/","name":"Hydrachim","description":"La science de l&#039;hygi\u00e8ne","potentialAction":[{"@type":"SearchAction","target":{"@type":"EntryPoint","urlTemplate":"https:\/\/staging.hydrachim.fr\/?s={search_term_string}"},"query-input":{"@type":"PropertyValueSpecification","valueRequired":true,"valueName":"search_term_string"}}],"inLanguage":"en-US"}]}},"acf":{"fiche_technique":"https:\/\/staging.hydrachim.fr\/app\/uploads\/2019\/10\/FT-JEDOR-3D-AGRUME-SS-ALLERGENE.pdf","fiche_methode":"https:\/\/staging.hydrachim.fr\/app\/uploads\/2019\/10\/JEDOR-3D_DETERGENT-DESODORISANT-DESINFECTANT_TENDANCE-AGRUME.pdf"},"_links":{"self":[{"href":"https:\/\/staging.hydrachim.fr\/en\/wp-json\/wp\/v2\/product\/3213","targetHints":{"allow":["GET"]}}],"collection":[{"href":"https:\/\/staging.hydrachim.fr\/en\/wp-json\/wp\/v2\/product"}],"about":[{"href":"https:\/\/staging.hydrachim.fr\/en\/wp-json\/wp\/v2\/types\/product"}],"wp:featuredmedia":[{"embeddable":true,"href":"https:\/\/staging.hydrachim.fr\/en\/wp-json\/wp\/v2\/media\/5202"}],"wp:attachment":[{"href":"https:\/\/staging.hydrachim.fr\/en\/wp-json\/wp\/v2\/media?parent=3213"}],"wp:term":[{"taxonomy":"product_brand","embeddable":true,"href":"https:\/\/staging.hydrachim.fr\/en\/wp-json\/wp\/v2\/product_brand?post=3213"},{"taxonomy":"product_type","embeddable":true,"href":"https:\/\/staging.hydrachim.fr\/en\/wp-json\/wp\/v2\/product_type?post=3213"},{"taxonomy":"product_visibility","embeddable":true,"href":"https:\/\/staging.hydrachim.fr\/en\/wp-json\/wp\/v2\/product_visibility?post=3213"},{"taxonomy":"product_cat","embeddable":true,"href":"https:\/\/staging.hydrachim.fr\/en\/wp-json\/wp\/v2\/product_cat?post=3213"}],"curies":[{"name":"wp","href":"https:\/\/api.w.org\/{rel}","templated":true}]}}