{"id":3230,"date":"2019-08-06T15:41:15","date_gmt":"2019-08-06T13:41:15","guid":{"rendered":"https:\/\/staging.hydrachim.fr\/product\/jedor-2d-parfum-pin-eucalyptus\/"},"modified":"2019-10-03T15:02:20","modified_gmt":"2019-10-03T13:02:20","slug":"jedor-2d-parfum-pin-eucalyptus","status":"publish","type":"product","link":"https:\/\/staging.hydrachim.fr\/en\/produit\/jedor-2d-parfum-pin-eucalyptus\/","title":{"rendered":"J\u00e9dor 2D Pin Eucalyptus"},"content":{"rendered":"<p><strong>Tendance parfum\u00e9e : fra\u00eecheur.<\/strong><\/p>\n<p>J\u00e9dor 2D parfum pin eucalyptus est un nettoyant d\u00e9sodorisant r\u00e9manent (la r\u00e9manence varie en fonction de la taille de la pi\u00e8ce, de la surface, de l&#8217;a\u00e9ration et du passage apr\u00e8s nettoyage). Il supprime les mauvaises odeurs en laissant un frais parfum de pin et d&#8217;eucalyptus. Ce produit est faiblement moussant aux doses pr\u00e9conis\u00e9es. Il peut \u00eatre utilis\u00e9 manuellement ou en autolaveuse et ne n\u00e9cessite aucun rin\u00e7age sur les surfaces non alimentaires. Il peut-\u00eatre utilis\u00e9 pour l&#8217;entretien des murs, sols, fa\u00efences, thermoplastiques, mobilier sanitaire, int\u00e9rieurs des voitures.<\/p>\n<p><strong>Disponible en :<br \/>\n&#8211; Carton de 6 x 1L doseur. R\u00e9f. 002524201<br \/>\n&#8211; Carton de 4 x 5L. R\u00e9f. 002524202<\/strong><\/p>\n<p class=\"y-product y-product__product-subtitle\">Avantage :<\/p>\n<p>Parfum frais et r\u00e9manent.<br \/>\nFabrication fran\u00e7aise.<\/p>\n<p>Retrouvez le mode d&#8217;emploi et le dosage du produit en t\u00e9l\u00e9chargeant sa Fiche Technique et\/ou sa Fiche M\u00e9thode.<\/p>\n<p><em>Avant toute utilisation, lire l&#8217;\u00e9tiquette et les informations concernant le produit.<\/em><\/p>\n","protected":false},"excerpt":{"rendered":"<p>Nettoyant -D\u00e9sodorisant des surfaces. Parfum r\u00e9manent.<\/p>\n","protected":false},"featured_media":5175,"template":"","meta":[],"product_brand":[],"product_type":[2],"product_visibility":[],"product_cat":[4128,4148,4132,4127],"class_list":{"0":"post-3230","1":"product","2":"type-product","3":"status-publish","4":"has-post-thumbnail","6":"product_cat-solentretien","7":"product_cat-marquesjdor","8":"product_cat-solodeur","9":"product_cat-produitssurface-sol","10":"product_tag-2d","11":"product_tag-desodorisant","12":"product_tag-detergent","13":"product_tag-eucalyptus","14":"product_tag-liquide","15":"product_tag-nettoyant","16":"product_tag-pin","17":"product_tag-surodorant","19":"first","20":"instock","21":"shipping-taxable","22":"product-type-simple"},"yoast_head":"<!-- This site is optimized with the Yoast SEO plugin v24.7 - https:\/\/yoast.com\/wordpress\/plugins\/seo\/ -->\n<title>J\u00e9dor 2D Pin Eucalyptus - Hydrachim<\/title>\n<meta name=\"robots\" content=\"noindex, follow, max-snippet:-1, max-image-preview:large, max-video-preview:-1\" \/>\n<meta property=\"og:locale\" content=\"en_US\" \/>\n<meta property=\"og:type\" content=\"article\" \/>\n<meta property=\"og:title\" content=\"J\u00e9dor 2D Pin Eucalyptus - Hydrachim\" \/>\n<meta property=\"og:description\" content=\"Nettoyant -D\u00e9sodorisant des surfaces. Parfum r\u00e9manent.\" \/>\n<meta property=\"og:url\" content=\"https:\/\/staging.hydrachim.fr\/produit\/jedor-2d-parfum-pin-eucalyptus\/\" \/>\n<meta property=\"og:site_name\" content=\"Hydrachim\" \/>\n<meta property=\"article:modified_time\" content=\"2019-10-03T13:02:20+00:00\" \/>\n<meta property=\"og:image\" content=\"https:\/\/staging.hydrachim.fr\/app\/uploads\/2019\/10\/ETI01056-ETIQ-JEDOR-FRAICHEURS-TTIMPRIME-R-2D-PIN-EUCALYPTUS-5242-140X100-EGA.png\" \/>\n\t<meta property=\"og:image:width\" content=\"1000\" \/>\n\t<meta property=\"og:image:height\" content=\"714\" \/>\n\t<meta property=\"og:image:type\" content=\"image\/png\" \/>\n<meta name=\"twitter:card\" content=\"summary_large_image\" \/>\n<meta name=\"twitter:label1\" content=\"Est. reading time\" \/>\n\t<meta name=\"twitter:data1\" content=\"1 minute\" \/>\n<script type=\"application\/ld+json\" class=\"yoast-schema-graph\">{\"@context\":\"https:\/\/schema.org\",\"@graph\":[{\"@type\":\"WebPage\",\"@id\":\"https:\/\/staging.hydrachim.fr\/produit\/jedor-2d-parfum-pin-eucalyptus\/\",\"url\":\"https:\/\/staging.hydrachim.fr\/produit\/jedor-2d-parfum-pin-eucalyptus\/\",\"name\":\"J\u00e9dor 2D Pin Eucalyptus - Hydrachim\",\"isPartOf\":{\"@id\":\"https:\/\/staging.hydrachim.fr\/#website\"},\"primaryImageOfPage\":{\"@id\":\"https:\/\/staging.hydrachim.fr\/produit\/jedor-2d-parfum-pin-eucalyptus\/#primaryimage\"},\"image\":{\"@id\":\"https:\/\/staging.hydrachim.fr\/produit\/jedor-2d-parfum-pin-eucalyptus\/#primaryimage\"},\"thumbnailUrl\":\"https:\/\/staging.hydrachim.fr\/app\/uploads\/2019\/10\/ETI01056-ETIQ-JEDOR-FRAICHEURS-TTIMPRIME-R-2D-PIN-EUCALYPTUS-5242-140X100-EGA.png\",\"datePublished\":\"2019-08-06T13:41:15+00:00\",\"dateModified\":\"2019-10-03T13:02:20+00:00\",\"breadcrumb\":{\"@id\":\"https:\/\/staging.hydrachim.fr\/produit\/jedor-2d-parfum-pin-eucalyptus\/#breadcrumb\"},\"inLanguage\":\"en-US\",\"potentialAction\":[{\"@type\":\"ReadAction\",\"target\":[\"https:\/\/staging.hydrachim.fr\/produit\/jedor-2d-parfum-pin-eucalyptus\/\"]}]},{\"@type\":\"ImageObject\",\"inLanguage\":\"en-US\",\"@id\":\"https:\/\/staging.hydrachim.fr\/produit\/jedor-2d-parfum-pin-eucalyptus\/#primaryimage\",\"url\":\"https:\/\/staging.hydrachim.fr\/app\/uploads\/2019\/10\/ETI01056-ETIQ-JEDOR-FRAICHEURS-TTIMPRIME-R-2D-PIN-EUCALYPTUS-5242-140X100-EGA.png\",\"contentUrl\":\"https:\/\/staging.hydrachim.fr\/app\/uploads\/2019\/10\/ETI01056-ETIQ-JEDOR-FRAICHEURS-TTIMPRIME-R-2D-PIN-EUCALYPTUS-5242-140X100-EGA.png\",\"width\":1000,\"height\":714},{\"@type\":\"BreadcrumbList\",\"@id\":\"https:\/\/staging.hydrachim.fr\/produit\/jedor-2d-parfum-pin-eucalyptus\/#breadcrumb\",\"itemListElement\":[{\"@type\":\"ListItem\",\"position\":1,\"name\":\"Home\",\"item\":\"https:\/\/staging.hydrachim.fr\/en\/\"},{\"@type\":\"ListItem\",\"position\":2,\"name\":\"Shop\",\"item\":\"https:\/\/staging.hydrachim.fr\/en\/shop\/\"},{\"@type\":\"ListItem\",\"position\":3,\"name\":\"J\u00e9dor 2D Pin Eucalyptus\"}]},{\"@type\":\"WebSite\",\"@id\":\"https:\/\/staging.hydrachim.fr\/#website\",\"url\":\"https:\/\/staging.hydrachim.fr\/\",\"name\":\"Hydrachim\",\"description\":\"La science de l&#039;hygi\u00e8ne\",\"potentialAction\":[{\"@type\":\"SearchAction\",\"target\":{\"@type\":\"EntryPoint\",\"urlTemplate\":\"https:\/\/staging.hydrachim.fr\/?s={search_term_string}\"},\"query-input\":{\"@type\":\"PropertyValueSpecification\",\"valueRequired\":true,\"valueName\":\"search_term_string\"}}],\"inLanguage\":\"en-US\"}]}<\/script>\n<!-- \/ Yoast SEO plugin. -->","yoast_head_json":{"title":"J\u00e9dor 2D Pin Eucalyptus - Hydrachim","robots":{"index":"noindex","follow":"follow","max-snippet":"max-snippet:-1","max-image-preview":"max-image-preview:large","max-video-preview":"max-video-preview:-1"},"og_locale":"en_US","og_type":"article","og_title":"J\u00e9dor 2D Pin Eucalyptus - Hydrachim","og_description":"Nettoyant -D\u00e9sodorisant des surfaces. Parfum r\u00e9manent.","og_url":"https:\/\/staging.hydrachim.fr\/produit\/jedor-2d-parfum-pin-eucalyptus\/","og_site_name":"Hydrachim","article_modified_time":"2019-10-03T13:02:20+00:00","og_image":[{"width":1000,"height":714,"url":"https:\/\/staging.hydrachim.fr\/app\/uploads\/2019\/10\/ETI01056-ETIQ-JEDOR-FRAICHEURS-TTIMPRIME-R-2D-PIN-EUCALYPTUS-5242-140X100-EGA.png","type":"image\/png"}],"twitter_card":"summary_large_image","twitter_misc":{"Est. reading time":"1 minute"},"schema":{"@context":"https:\/\/schema.org","@graph":[{"@type":"WebPage","@id":"https:\/\/staging.hydrachim.fr\/produit\/jedor-2d-parfum-pin-eucalyptus\/","url":"https:\/\/staging.hydrachim.fr\/produit\/jedor-2d-parfum-pin-eucalyptus\/","name":"J\u00e9dor 2D Pin Eucalyptus - Hydrachim","isPartOf":{"@id":"https:\/\/staging.hydrachim.fr\/#website"},"primaryImageOfPage":{"@id":"https:\/\/staging.hydrachim.fr\/produit\/jedor-2d-parfum-pin-eucalyptus\/#primaryimage"},"image":{"@id":"https:\/\/staging.hydrachim.fr\/produit\/jedor-2d-parfum-pin-eucalyptus\/#primaryimage"},"thumbnailUrl":"https:\/\/staging.hydrachim.fr\/app\/uploads\/2019\/10\/ETI01056-ETIQ-JEDOR-FRAICHEURS-TTIMPRIME-R-2D-PIN-EUCALYPTUS-5242-140X100-EGA.png","datePublished":"2019-08-06T13:41:15+00:00","dateModified":"2019-10-03T13:02:20+00:00","breadcrumb":{"@id":"https:\/\/staging.hydrachim.fr\/produit\/jedor-2d-parfum-pin-eucalyptus\/#breadcrumb"},"inLanguage":"en-US","potentialAction":[{"@type":"ReadAction","target":["https:\/\/staging.hydrachim.fr\/produit\/jedor-2d-parfum-pin-eucalyptus\/"]}]},{"@type":"ImageObject","inLanguage":"en-US","@id":"https:\/\/staging.hydrachim.fr\/produit\/jedor-2d-parfum-pin-eucalyptus\/#primaryimage","url":"https:\/\/staging.hydrachim.fr\/app\/uploads\/2019\/10\/ETI01056-ETIQ-JEDOR-FRAICHEURS-TTIMPRIME-R-2D-PIN-EUCALYPTUS-5242-140X100-EGA.png","contentUrl":"https:\/\/staging.hydrachim.fr\/app\/uploads\/2019\/10\/ETI01056-ETIQ-JEDOR-FRAICHEURS-TTIMPRIME-R-2D-PIN-EUCALYPTUS-5242-140X100-EGA.png","width":1000,"height":714},{"@type":"BreadcrumbList","@id":"https:\/\/staging.hydrachim.fr\/produit\/jedor-2d-parfum-pin-eucalyptus\/#breadcrumb","itemListElement":[{"@type":"ListItem","position":1,"name":"Home","item":"https:\/\/staging.hydrachim.fr\/en\/"},{"@type":"ListItem","position":2,"name":"Shop","item":"https:\/\/staging.hydrachim.fr\/en\/shop\/"},{"@type":"ListItem","position":3,"name":"J\u00e9dor 2D Pin Eucalyptus"}]},{"@type":"WebSite","@id":"https:\/\/staging.hydrachim.fr\/#website","url":"https:\/\/staging.hydrachim.fr\/","name":"Hydrachim","description":"La science de l&#039;hygi\u00e8ne","potentialAction":[{"@type":"SearchAction","target":{"@type":"EntryPoint","urlTemplate":"https:\/\/staging.hydrachim.fr\/?s={search_term_string}"},"query-input":{"@type":"PropertyValueSpecification","valueRequired":true,"valueName":"search_term_string"}}],"inLanguage":"en-US"}]}},"acf":{"fiche_technique":"https:\/\/staging.hydrachim.fr\/app\/uploads\/2019\/10\/FT-JEDOR-2D-FRAICHEUR.pdf","fiche_methode":"https:\/\/staging.hydrachim.fr\/app\/uploads\/2019\/10\/JEDOR-2D_DETERGENT-SURODORANT_TENDANCE-FRAICHEUR.pdf"},"_links":{"self":[{"href":"https:\/\/staging.hydrachim.fr\/en\/wp-json\/wp\/v2\/product\/3230","targetHints":{"allow":["GET"]}}],"collection":[{"href":"https:\/\/staging.hydrachim.fr\/en\/wp-json\/wp\/v2\/product"}],"about":[{"href":"https:\/\/staging.hydrachim.fr\/en\/wp-json\/wp\/v2\/types\/product"}],"wp:featuredmedia":[{"embeddable":true,"href":"https:\/\/staging.hydrachim.fr\/en\/wp-json\/wp\/v2\/media\/5175"}],"wp:attachment":[{"href":"https:\/\/staging.hydrachim.fr\/en\/wp-json\/wp\/v2\/media?parent=3230"}],"wp:term":[{"taxonomy":"product_brand","embeddable":true,"href":"https:\/\/staging.hydrachim.fr\/en\/wp-json\/wp\/v2\/product_brand?post=3230"},{"taxonomy":"product_type","embeddable":true,"href":"https:\/\/staging.hydrachim.fr\/en\/wp-json\/wp\/v2\/product_type?post=3230"},{"taxonomy":"product_visibility","embeddable":true,"href":"https:\/\/staging.hydrachim.fr\/en\/wp-json\/wp\/v2\/product_visibility?post=3230"},{"taxonomy":"product_cat","embeddable":true,"href":"https:\/\/staging.hydrachim.fr\/en\/wp-json\/wp\/v2\/product_cat?post=3230"}],"curies":[{"name":"wp","href":"https:\/\/api.w.org\/{rel}","templated":true}]}}