{"id":3245,"date":"2019-08-06T15:41:32","date_gmt":"2019-08-06T13:41:32","guid":{"rendered":"https:\/\/staging.hydrachim.fr\/product\/vslsoft\/"},"modified":"2019-08-06T15:41:33","modified_gmt":"2019-08-06T13:41:33","slug":"vslsoft","status":"publish","type":"product","link":"https:\/\/staging.hydrachim.fr\/en\/produit\/vslsoft\/","title":{"rendered":"vslsoft"},"content":{"rendered":"<h2 class=\"description-produit\">VSL&rsquo;Soft liquide est un nettoyant concentr\u00e9 d\u00e9velopp\u00e9 pour le lavage de la vaisselle \u00e0 la main tout en laissant un agr\u00e9able parfum fleurs d&rsquo;amandier.<\/h2>\n<p class=\"text-description-produit\"><img decoding=\"async\" class=\"conditionnement-produit\" alt=\"\" src=\"https:\/\/staging.hydrachim.com\/wp-content\/uploads\/2014\/07\/1846-vsl-soft.jpg\" \/>Le VSL&rsquo;Soft est un produit \u00e0 base d&rsquo;ingr\u00e9dients v\u00e9g\u00e9tale qui est nettoie et d\u00e9graisse les surfaces en profondeur : les salet\u00e9s sont d\u00e9coll\u00e9es rapidement. Il est formul\u00e9 pour pr\u00e9server l&#8217;\u00e9piderme. Agr\u00e9able \u00e0 l&#8217;utilisation, Le VSL&#8217;Soft est d\u00e9licatement parfum\u00e9.<\/p>\n<p class=\"information-produit\"><span class=\"dose-utilisation\">Disponible en carton de 4 x 5 L et de 12 x 1 L<\/span><\/p>\n<div class=\"plus-produit\"><span>Le VSL&rsquo;Soft est formul\u00e9 sans phosphate, sans parab\u00e8ne, sans allerg\u00e8nes*, sans isothiazolinone, sans Valeur Limite d&#8217;Exposition R\u00e9glementaire, \u00e0 base de tensio actifs d&#8217;origine v\u00e9g\u00e9tale, doux pour la peau.<\/span><\/div>\n<p><span class=\"mode-demploi\">Retrouvez <b>le mode d&#8217;emploi et le dosage du produit<\/b> en t\u00e9l\u00e9chargeant, ci-dessous, sa Fiche Technique et\/ou sa Fiche M\u00e9thode.<\/span> <\/p>\n<div id='wpdm_file_1187' class='wpdm_file wpdm-only-button'>\n<div class='cont'>\n<div class='btn_outer'>\n<div class='btn_outer_c' style='background-image: url(https:\/\/staging.hydrachim.com\/wp-content\/plugins\/download-manager\/icon\/file_extension_pdf.png)'><a class='btn_left   login-please' rel='1187'>T\u00e9l\u00e9charger la<br \/> Fiche Technique<\/a><span class='btn_right counter'>Login Required<\/span><\/div>\n<\/div>\n<div class='clear'><\/div>\n<\/div>\n<\/div>\n<p><a href=\"https:\/\/staging.hydrachim.com\/fiches-donnees-de-securite\/\" class=\"lien-fds-pdt\">Fiches de Donn\u00e9es de S\u00e9curit\u00e9<\/a><\/p>\n<div id='wpdm_file_1288' class='wpdm_file wpdm-only-button'>\n<div class='cont'>\n<div class='btn_outer'>\n<div class='btn_outer_c' style='background-image: url(https:\/\/staging.hydrachim.com\/wp-content\/plugins\/download-manager\/icon\/file_extension_pdf.png)'><a class='btn_left   login-please' rel='1288' title='1846 - VSL SOFT - Soft Attitude' href='https:\/\/staging.hydrachim.com\/wp-login.php?redirect_to=\/wp-json\/wp\/v2\/product'>T\u00e9l\u00e9charger<br \/> la fiche M\u00e9thode<\/a><span class='btn_right counter'>Login Required<\/span><\/div>\n<\/div>\n<div class='clear'><\/div>\n<\/div>\n<\/div>\n<p class=\"remarque-importante\">*parmi les allerg\u00e8nes list\u00e9s dans les r\u00e8glements Cosm\u00e9tique n\u00b01223\/2009 et D\u00e9tergent n\u00b0648\/2004. Utilisez les biocides avec pr\u00e9caution. Avant toute utilisation, lisez l&#8217;\u00e9tiquette et les informations concernant le produit.<\/p>\n<p><!-- Start Shareaholic ClassicBookmarks Automatic --><!-- End Shareaholic ClassicBookmarks Automatic --><\/p>\n","protected":false},"excerpt":{"rendered":"<p>VSL&#039;Soft liquide parfum fleurs d&#039;amandier<\/p>\n","protected":false},"featured_media":0,"template":"","meta":[],"product_brand":[],"product_type":[2],"product_visibility":[],"product_cat":[15],"class_list":{"0":"post-3245","1":"product","2":"type-product","3":"status-publish","5":"product_cat-uncategorized","6":"product_tag-degraissant","7":"product_tag-fleur-doranger","8":"product_tag-liquide","9":"product_tag-nettoyant","10":"product_tag-vaisselle-2","11":"product_tag-vslsoft","13":"first","14":"instock","15":"shipping-taxable","16":"purchasable","17":"product-type-simple"},"yoast_head":"<!-- This site is optimized with the Yoast SEO plugin v24.7 - https:\/\/yoast.com\/wordpress\/plugins\/seo\/ -->\n<title>vslsoft - Hydrachim<\/title>\n<meta name=\"robots\" content=\"noindex, follow, max-snippet:-1, max-image-preview:large, max-video-preview:-1\" \/>\n<meta property=\"og:locale\" content=\"en_US\" \/>\n<meta property=\"og:type\" content=\"article\" \/>\n<meta property=\"og:title\" content=\"vslsoft - Hydrachim\" \/>\n<meta property=\"og:description\" content=\"VSL&#039;Soft liquide parfum fleurs d&#039;amandier\" \/>\n<meta property=\"og:url\" content=\"https:\/\/staging.hydrachim.fr\/produit\/vslsoft\/\" \/>\n<meta property=\"og:site_name\" content=\"Hydrachim\" \/>\n<meta property=\"article:modified_time\" content=\"2019-08-06T13:41:33+00:00\" \/>\n<meta property=\"og:image\" content=\"https:\/\/staging.hydrachim.com\/wp-content\/uploads\/2014\/07\/1846-vsl-soft.jpg\" \/>\n<meta name=\"twitter:card\" content=\"summary_large_image\" \/>\n<meta name=\"twitter:label1\" content=\"Est. reading time\" \/>\n\t<meta name=\"twitter:data1\" content=\"1 minute\" \/>\n<script type=\"application\/ld+json\" class=\"yoast-schema-graph\">{\"@context\":\"https:\/\/schema.org\",\"@graph\":[{\"@type\":\"WebPage\",\"@id\":\"https:\/\/staging.hydrachim.fr\/produit\/vslsoft\/\",\"url\":\"https:\/\/staging.hydrachim.fr\/produit\/vslsoft\/\",\"name\":\"vslsoft - Hydrachim\",\"isPartOf\":{\"@id\":\"https:\/\/staging.hydrachim.fr\/#website\"},\"primaryImageOfPage\":{\"@id\":\"https:\/\/staging.hydrachim.fr\/produit\/vslsoft\/#primaryimage\"},\"image\":{\"@id\":\"https:\/\/staging.hydrachim.fr\/produit\/vslsoft\/#primaryimage\"},\"thumbnailUrl\":\"https:\/\/staging.hydrachim.com\/wp-content\/uploads\/2014\/07\/1846-vsl-soft.jpg\",\"datePublished\":\"2019-08-06T13:41:32+00:00\",\"dateModified\":\"2019-08-06T13:41:33+00:00\",\"breadcrumb\":{\"@id\":\"https:\/\/staging.hydrachim.fr\/produit\/vslsoft\/#breadcrumb\"},\"inLanguage\":\"en-US\",\"potentialAction\":[{\"@type\":\"ReadAction\",\"target\":[\"https:\/\/staging.hydrachim.fr\/produit\/vslsoft\/\"]}]},{\"@type\":\"ImageObject\",\"inLanguage\":\"en-US\",\"@id\":\"https:\/\/staging.hydrachim.fr\/produit\/vslsoft\/#primaryimage\",\"url\":\"https:\/\/staging.hydrachim.com\/wp-content\/uploads\/2014\/07\/1846-vsl-soft.jpg\",\"contentUrl\":\"https:\/\/staging.hydrachim.com\/wp-content\/uploads\/2014\/07\/1846-vsl-soft.jpg\"},{\"@type\":\"BreadcrumbList\",\"@id\":\"https:\/\/staging.hydrachim.fr\/produit\/vslsoft\/#breadcrumb\",\"itemListElement\":[{\"@type\":\"ListItem\",\"position\":1,\"name\":\"Home\",\"item\":\"https:\/\/staging.hydrachim.fr\/en\/\"},{\"@type\":\"ListItem\",\"position\":2,\"name\":\"Shop\",\"item\":\"https:\/\/staging.hydrachim.fr\/en\/shop\/\"},{\"@type\":\"ListItem\",\"position\":3,\"name\":\"vslsoft\"}]},{\"@type\":\"WebSite\",\"@id\":\"https:\/\/staging.hydrachim.fr\/#website\",\"url\":\"https:\/\/staging.hydrachim.fr\/\",\"name\":\"Hydrachim\",\"description\":\"La science de l&#039;hygi\u00e8ne\",\"potentialAction\":[{\"@type\":\"SearchAction\",\"target\":{\"@type\":\"EntryPoint\",\"urlTemplate\":\"https:\/\/staging.hydrachim.fr\/?s={search_term_string}\"},\"query-input\":{\"@type\":\"PropertyValueSpecification\",\"valueRequired\":true,\"valueName\":\"search_term_string\"}}],\"inLanguage\":\"en-US\"}]}<\/script>\n<!-- \/ Yoast SEO plugin. -->","yoast_head_json":{"title":"vslsoft - Hydrachim","robots":{"index":"noindex","follow":"follow","max-snippet":"max-snippet:-1","max-image-preview":"max-image-preview:large","max-video-preview":"max-video-preview:-1"},"og_locale":"en_US","og_type":"article","og_title":"vslsoft - Hydrachim","og_description":"VSL&#039;Soft liquide parfum fleurs d&#039;amandier","og_url":"https:\/\/staging.hydrachim.fr\/produit\/vslsoft\/","og_site_name":"Hydrachim","article_modified_time":"2019-08-06T13:41:33+00:00","og_image":[{"url":"https:\/\/staging.hydrachim.com\/wp-content\/uploads\/2014\/07\/1846-vsl-soft.jpg","type":"","width":"","height":""}],"twitter_card":"summary_large_image","twitter_misc":{"Est. reading time":"1 minute"},"schema":{"@context":"https:\/\/schema.org","@graph":[{"@type":"WebPage","@id":"https:\/\/staging.hydrachim.fr\/produit\/vslsoft\/","url":"https:\/\/staging.hydrachim.fr\/produit\/vslsoft\/","name":"vslsoft - Hydrachim","isPartOf":{"@id":"https:\/\/staging.hydrachim.fr\/#website"},"primaryImageOfPage":{"@id":"https:\/\/staging.hydrachim.fr\/produit\/vslsoft\/#primaryimage"},"image":{"@id":"https:\/\/staging.hydrachim.fr\/produit\/vslsoft\/#primaryimage"},"thumbnailUrl":"https:\/\/staging.hydrachim.com\/wp-content\/uploads\/2014\/07\/1846-vsl-soft.jpg","datePublished":"2019-08-06T13:41:32+00:00","dateModified":"2019-08-06T13:41:33+00:00","breadcrumb":{"@id":"https:\/\/staging.hydrachim.fr\/produit\/vslsoft\/#breadcrumb"},"inLanguage":"en-US","potentialAction":[{"@type":"ReadAction","target":["https:\/\/staging.hydrachim.fr\/produit\/vslsoft\/"]}]},{"@type":"ImageObject","inLanguage":"en-US","@id":"https:\/\/staging.hydrachim.fr\/produit\/vslsoft\/#primaryimage","url":"https:\/\/staging.hydrachim.com\/wp-content\/uploads\/2014\/07\/1846-vsl-soft.jpg","contentUrl":"https:\/\/staging.hydrachim.com\/wp-content\/uploads\/2014\/07\/1846-vsl-soft.jpg"},{"@type":"BreadcrumbList","@id":"https:\/\/staging.hydrachim.fr\/produit\/vslsoft\/#breadcrumb","itemListElement":[{"@type":"ListItem","position":1,"name":"Home","item":"https:\/\/staging.hydrachim.fr\/en\/"},{"@type":"ListItem","position":2,"name":"Shop","item":"https:\/\/staging.hydrachim.fr\/en\/shop\/"},{"@type":"ListItem","position":3,"name":"vslsoft"}]},{"@type":"WebSite","@id":"https:\/\/staging.hydrachim.fr\/#website","url":"https:\/\/staging.hydrachim.fr\/","name":"Hydrachim","description":"La science de l&#039;hygi\u00e8ne","potentialAction":[{"@type":"SearchAction","target":{"@type":"EntryPoint","urlTemplate":"https:\/\/staging.hydrachim.fr\/?s={search_term_string}"},"query-input":{"@type":"PropertyValueSpecification","valueRequired":true,"valueName":"search_term_string"}}],"inLanguage":"en-US"}]}},"acf":{"fiche_technique":null,"fiche_methode":null},"_links":{"self":[{"href":"https:\/\/staging.hydrachim.fr\/en\/wp-json\/wp\/v2\/product\/3245","targetHints":{"allow":["GET"]}}],"collection":[{"href":"https:\/\/staging.hydrachim.fr\/en\/wp-json\/wp\/v2\/product"}],"about":[{"href":"https:\/\/staging.hydrachim.fr\/en\/wp-json\/wp\/v2\/types\/product"}],"wp:attachment":[{"href":"https:\/\/staging.hydrachim.fr\/en\/wp-json\/wp\/v2\/media?parent=3245"}],"wp:term":[{"taxonomy":"product_brand","embeddable":true,"href":"https:\/\/staging.hydrachim.fr\/en\/wp-json\/wp\/v2\/product_brand?post=3245"},{"taxonomy":"product_type","embeddable":true,"href":"https:\/\/staging.hydrachim.fr\/en\/wp-json\/wp\/v2\/product_type?post=3245"},{"taxonomy":"product_visibility","embeddable":true,"href":"https:\/\/staging.hydrachim.fr\/en\/wp-json\/wp\/v2\/product_visibility?post=3245"},{"taxonomy":"product_cat","embeddable":true,"href":"https:\/\/staging.hydrachim.fr\/en\/wp-json\/wp\/v2\/product_cat?post=3245"}],"curies":[{"name":"wp","href":"https:\/\/api.w.org\/{rel}","templated":true}]}}