{"id":3250,"date":"2019-08-06T15:41:37","date_gmt":"2019-08-06T13:41:37","guid":{"rendered":"https:\/\/staging.hydrachim.fr\/product\/sanitsoft\/"},"modified":"2019-10-03T11:16:43","modified_gmt":"2019-10-03T09:16:43","slug":"sanitsoft","status":"publish","type":"product","link":"https:\/\/staging.hydrachim.fr\/en\/produit\/sanitsoft\/","title":{"rendered":"Sanit&#8217;Soft"},"content":{"rendered":"<p><strong>Sanit&#8217;Soft liquide est un nettoyant journalier 3 en 1 d\u00e9velopp\u00e9 pour l&#8217;entretien des sanitaires tout en laissant un agr\u00e9able parfum fleurs d&#8217;olivier.<\/strong><\/p>\n<p>Le Sanit&#8217;Soft est un produit pr\u00eat \u00e0 l&#8217;emploi qui d\u00e9tartre, nettoie et d\u00e9sodorise les baignoires, lavabos, vitres de douches, cuvettes de WC, robinetteries&#8230;<br \/>\nGr\u00e2ce \u00e0 sa micro mousse, il adh\u00e8re parfaitement aux surfaces pour un meilleur d\u00e9tartrage et une dissolution rapide du calcaire et des traces laiss\u00e9es par l&#8217;eau et le savon.<br \/>\nLe Sanit&#8217;Soft laisse une agr\u00e9able sensation de propre gr\u00e2ce \u00e0 son parfum de fleurs d&#8217;olivier.<\/p>\n<p><strong>Disponible en :<br \/>\n&#8211; Carton de 4 x 5L. R\u00e9f. 002184302<br \/>\n&#8211; Carton de 12 x 750 mL. R\u00e9f. 002184311<\/strong><\/p>\n<p class=\"y-product y-product__product-subtitle\">Avantage :<\/p>\n<p>Le Sanit&#8217;Soft est formul\u00e9 sans allerg\u00e8ne*, sans phosphate, sans acide phosphorique, sans acide nitrique, sans acide chlorhydrique, sans acide sulfurique, sans danger pour les fosses septiques.<\/p>\n<p>Retrouvez le mode d&#8217;emploi et le dosage du produit en t\u00e9l\u00e9chargeant sa Fiche Technique et\/ou sa Fiche M\u00e9thode.<\/p>\n<p><em>*parmi les allerg\u00e8nes list\u00e9s dans les r\u00e8glements Cosm\u00e9tique n\u00b01223\/2009 et D\u00e9tergent n\u00b0648\/2004.<br \/>\nAvant toute utilisation, lisez l&#8217;\u00e9tiquette et les informations concernant le produit.<\/em><\/p>\n","protected":false},"excerpt":{"rendered":"<p>Nettoyant sanitaires parfum fleurs d&#8217;olivier<\/p>\n","protected":false},"featured_media":5147,"template":"","meta":[],"product_brand":[],"product_type":[2],"product_visibility":[],"product_cat":[4106,4108,4122,4146,4124,4123],"class_list":{"0":"post-3250","1":"product","2":"type-product","3":"status-publish","4":"has-post-thumbnail","6":"product_cat-produitsnos-produits-zero-pictos","7":"product_cat-nos-produits-zro-pictossanitaire","8":"product_cat-produitssanitaire","9":"product_cat-marquessoft-attitude","10":"product_cat-sanitairesurface","11":"product_cat-sanitairewc","12":"product_tag-0-picto","13":"product_tag-3-en-1","14":"product_tag-desodorisant","15":"product_tag-detartrant","16":"product_tag-fleur-dolivier","17":"product_tag-liquide","18":"product_tag-nettoyant","19":"product_tag-pret-a-lemploi","20":"product_tag-sanitaire","22":"first","23":"instock","24":"shipping-taxable","25":"product-type-simple"},"yoast_head":"<!-- This site is optimized with the Yoast SEO plugin v24.7 - https:\/\/yoast.com\/wordpress\/plugins\/seo\/ -->\n<title>Sanit&#039;Soft - Hydrachim<\/title>\n<meta name=\"robots\" content=\"noindex, follow, max-snippet:-1, max-image-preview:large, max-video-preview:-1\" \/>\n<meta property=\"og:locale\" content=\"en_US\" \/>\n<meta property=\"og:type\" content=\"article\" \/>\n<meta property=\"og:title\" content=\"Sanit&#039;Soft - Hydrachim\" \/>\n<meta property=\"og:description\" content=\"Nettoyant sanitaires parfum fleurs d&#039;olivier\" \/>\n<meta property=\"og:url\" content=\"https:\/\/staging.hydrachim.fr\/produit\/sanitsoft\/\" \/>\n<meta property=\"og:site_name\" content=\"Hydrachim\" \/>\n<meta property=\"article:modified_time\" content=\"2019-10-03T09:16:43+00:00\" \/>\n<meta property=\"og:image\" content=\"https:\/\/staging.hydrachim.fr\/app\/uploads\/2019\/10\/1843-SANISOFT-750-ML_marge.png\" \/>\n\t<meta property=\"og:image:width\" content=\"469\" \/>\n\t<meta property=\"og:image:height\" content=\"1134\" \/>\n\t<meta property=\"og:image:type\" content=\"image\/png\" \/>\n<meta name=\"twitter:card\" content=\"summary_large_image\" \/>\n<meta name=\"twitter:label1\" content=\"Est. reading time\" \/>\n\t<meta name=\"twitter:data1\" content=\"1 minute\" \/>\n<script type=\"application\/ld+json\" class=\"yoast-schema-graph\">{\"@context\":\"https:\/\/schema.org\",\"@graph\":[{\"@type\":\"WebPage\",\"@id\":\"https:\/\/staging.hydrachim.fr\/produit\/sanitsoft\/\",\"url\":\"https:\/\/staging.hydrachim.fr\/produit\/sanitsoft\/\",\"name\":\"Sanit'Soft - Hydrachim\",\"isPartOf\":{\"@id\":\"https:\/\/staging.hydrachim.fr\/#website\"},\"primaryImageOfPage\":{\"@id\":\"https:\/\/staging.hydrachim.fr\/produit\/sanitsoft\/#primaryimage\"},\"image\":{\"@id\":\"https:\/\/staging.hydrachim.fr\/produit\/sanitsoft\/#primaryimage\"},\"thumbnailUrl\":\"https:\/\/staging.hydrachim.fr\/app\/uploads\/2019\/10\/1843-SANISOFT-750-ML_marge.png\",\"datePublished\":\"2019-08-06T13:41:37+00:00\",\"dateModified\":\"2019-10-03T09:16:43+00:00\",\"breadcrumb\":{\"@id\":\"https:\/\/staging.hydrachim.fr\/produit\/sanitsoft\/#breadcrumb\"},\"inLanguage\":\"en-US\",\"potentialAction\":[{\"@type\":\"ReadAction\",\"target\":[\"https:\/\/staging.hydrachim.fr\/produit\/sanitsoft\/\"]}]},{\"@type\":\"ImageObject\",\"inLanguage\":\"en-US\",\"@id\":\"https:\/\/staging.hydrachim.fr\/produit\/sanitsoft\/#primaryimage\",\"url\":\"https:\/\/staging.hydrachim.fr\/app\/uploads\/2019\/10\/1843-SANISOFT-750-ML_marge.png\",\"contentUrl\":\"https:\/\/staging.hydrachim.fr\/app\/uploads\/2019\/10\/1843-SANISOFT-750-ML_marge.png\",\"width\":469,\"height\":1134},{\"@type\":\"BreadcrumbList\",\"@id\":\"https:\/\/staging.hydrachim.fr\/produit\/sanitsoft\/#breadcrumb\",\"itemListElement\":[{\"@type\":\"ListItem\",\"position\":1,\"name\":\"Home\",\"item\":\"https:\/\/staging.hydrachim.fr\/en\/\"},{\"@type\":\"ListItem\",\"position\":2,\"name\":\"Shop\",\"item\":\"https:\/\/staging.hydrachim.fr\/en\/shop\/\"},{\"@type\":\"ListItem\",\"position\":3,\"name\":\"Sanit&rsquo;Soft\"}]},{\"@type\":\"WebSite\",\"@id\":\"https:\/\/staging.hydrachim.fr\/#website\",\"url\":\"https:\/\/staging.hydrachim.fr\/\",\"name\":\"Hydrachim\",\"description\":\"La science de l&#039;hygi\u00e8ne\",\"potentialAction\":[{\"@type\":\"SearchAction\",\"target\":{\"@type\":\"EntryPoint\",\"urlTemplate\":\"https:\/\/staging.hydrachim.fr\/?s={search_term_string}\"},\"query-input\":{\"@type\":\"PropertyValueSpecification\",\"valueRequired\":true,\"valueName\":\"search_term_string\"}}],\"inLanguage\":\"en-US\"}]}<\/script>\n<!-- \/ Yoast SEO plugin. -->","yoast_head_json":{"title":"Sanit'Soft - Hydrachim","robots":{"index":"noindex","follow":"follow","max-snippet":"max-snippet:-1","max-image-preview":"max-image-preview:large","max-video-preview":"max-video-preview:-1"},"og_locale":"en_US","og_type":"article","og_title":"Sanit'Soft - Hydrachim","og_description":"Nettoyant sanitaires parfum fleurs d'olivier","og_url":"https:\/\/staging.hydrachim.fr\/produit\/sanitsoft\/","og_site_name":"Hydrachim","article_modified_time":"2019-10-03T09:16:43+00:00","og_image":[{"width":469,"height":1134,"url":"https:\/\/staging.hydrachim.fr\/app\/uploads\/2019\/10\/1843-SANISOFT-750-ML_marge.png","type":"image\/png"}],"twitter_card":"summary_large_image","twitter_misc":{"Est. reading time":"1 minute"},"schema":{"@context":"https:\/\/schema.org","@graph":[{"@type":"WebPage","@id":"https:\/\/staging.hydrachim.fr\/produit\/sanitsoft\/","url":"https:\/\/staging.hydrachim.fr\/produit\/sanitsoft\/","name":"Sanit'Soft - Hydrachim","isPartOf":{"@id":"https:\/\/staging.hydrachim.fr\/#website"},"primaryImageOfPage":{"@id":"https:\/\/staging.hydrachim.fr\/produit\/sanitsoft\/#primaryimage"},"image":{"@id":"https:\/\/staging.hydrachim.fr\/produit\/sanitsoft\/#primaryimage"},"thumbnailUrl":"https:\/\/staging.hydrachim.fr\/app\/uploads\/2019\/10\/1843-SANISOFT-750-ML_marge.png","datePublished":"2019-08-06T13:41:37+00:00","dateModified":"2019-10-03T09:16:43+00:00","breadcrumb":{"@id":"https:\/\/staging.hydrachim.fr\/produit\/sanitsoft\/#breadcrumb"},"inLanguage":"en-US","potentialAction":[{"@type":"ReadAction","target":["https:\/\/staging.hydrachim.fr\/produit\/sanitsoft\/"]}]},{"@type":"ImageObject","inLanguage":"en-US","@id":"https:\/\/staging.hydrachim.fr\/produit\/sanitsoft\/#primaryimage","url":"https:\/\/staging.hydrachim.fr\/app\/uploads\/2019\/10\/1843-SANISOFT-750-ML_marge.png","contentUrl":"https:\/\/staging.hydrachim.fr\/app\/uploads\/2019\/10\/1843-SANISOFT-750-ML_marge.png","width":469,"height":1134},{"@type":"BreadcrumbList","@id":"https:\/\/staging.hydrachim.fr\/produit\/sanitsoft\/#breadcrumb","itemListElement":[{"@type":"ListItem","position":1,"name":"Home","item":"https:\/\/staging.hydrachim.fr\/en\/"},{"@type":"ListItem","position":2,"name":"Shop","item":"https:\/\/staging.hydrachim.fr\/en\/shop\/"},{"@type":"ListItem","position":3,"name":"Sanit&rsquo;Soft"}]},{"@type":"WebSite","@id":"https:\/\/staging.hydrachim.fr\/#website","url":"https:\/\/staging.hydrachim.fr\/","name":"Hydrachim","description":"La science de l&#039;hygi\u00e8ne","potentialAction":[{"@type":"SearchAction","target":{"@type":"EntryPoint","urlTemplate":"https:\/\/staging.hydrachim.fr\/?s={search_term_string}"},"query-input":{"@type":"PropertyValueSpecification","valueRequired":true,"valueName":"search_term_string"}}],"inLanguage":"en-US"}]}},"acf":{"fiche_technique":"https:\/\/staging.hydrachim.fr\/app\/uploads\/2019\/09\/FT-1843_SOFT-ATTITUDE_SANIT-SOFT.pdf","fiche_methode":"https:\/\/staging.hydrachim.fr\/app\/uploads\/2019\/09\/1843-SANIT-SOFT-Soft-Attitude.pdf"},"_links":{"self":[{"href":"https:\/\/staging.hydrachim.fr\/en\/wp-json\/wp\/v2\/product\/3250","targetHints":{"allow":["GET"]}}],"collection":[{"href":"https:\/\/staging.hydrachim.fr\/en\/wp-json\/wp\/v2\/product"}],"about":[{"href":"https:\/\/staging.hydrachim.fr\/en\/wp-json\/wp\/v2\/types\/product"}],"wp:featuredmedia":[{"embeddable":true,"href":"https:\/\/staging.hydrachim.fr\/en\/wp-json\/wp\/v2\/media\/5147"}],"wp:attachment":[{"href":"https:\/\/staging.hydrachim.fr\/en\/wp-json\/wp\/v2\/media?parent=3250"}],"wp:term":[{"taxonomy":"product_brand","embeddable":true,"href":"https:\/\/staging.hydrachim.fr\/en\/wp-json\/wp\/v2\/product_brand?post=3250"},{"taxonomy":"product_type","embeddable":true,"href":"https:\/\/staging.hydrachim.fr\/en\/wp-json\/wp\/v2\/product_type?post=3250"},{"taxonomy":"product_visibility","embeddable":true,"href":"https:\/\/staging.hydrachim.fr\/en\/wp-json\/wp\/v2\/product_visibility?post=3250"},{"taxonomy":"product_cat","embeddable":true,"href":"https:\/\/staging.hydrachim.fr\/en\/wp-json\/wp\/v2\/product_cat?post=3250"}],"curies":[{"name":"wp","href":"https:\/\/api.w.org\/{rel}","templated":true}]}}