{"id":3251,"date":"2019-08-06T15:41:38","date_gmt":"2019-08-06T13:41:38","guid":{"rendered":"https:\/\/staging.hydrachim.fr\/product\/wcsoft-gel\/"},"modified":"2019-08-06T15:41:39","modified_gmt":"2019-08-06T13:41:39","slug":"wcsoft-gel","status":"publish","type":"product","link":"https:\/\/staging.hydrachim.fr\/en\/produit\/wcsoft-gel\/","title":{"rendered":"wcsoft-gel"},"content":{"rendered":"<h2 class=\"description-produit\">WC&rsquo;Soft Gel liquide est un produit d&rsquo;hygi\u00e8ne d\u00e9velopp\u00e9 pour l&rsquo;entretien des WC tout en laissant un agr\u00e9able parfum fleurs d&rsquo;olivier.<\/h2>\n<p class=\"text-description-produit\"><img decoding=\"async\" class=\"conditionnement-produit\" alt=\"\" src=\"https:\/\/staging.hydrachim.com\/wp-content\/uploads\/2014\/07\/1844-wc-soft-gel.jpg\" \/>Le WC&rsquo;Soft Gel est un produit pr\u00eat \u00e0 l&#8217;emploi qui d\u00e9tartre, nettoie, d\u00e9sodorise et fait briller les WC, bidets et urinoirs. La forme bec du flacon facilite l&#8217;application de WC&rsquo;Soft Gel et sa formule g\u00e9lifi\u00e9e permet une parfaite adh\u00e9rence aux parois. Le d\u00e9tartrage et la dissolution du calcaire sont optimums. Le WC&rsquo;Soft Gel est adapt\u00e9 \u00e0 un usage quotidien. Son parfum fleurs d&#8217;olivier supprime  les mauvaises odeurs et laisse une agr\u00e9able sensation de propre.<\/p>\n<p class=\"information-produit\"><span class=\"dose-utilisation\">Disponible en carton de 12 x 750 mL (flacon bec canard)<\/span><\/p>\n<div class=\"plus-produit\"><span>Le WC&rsquo;Soft Gel est formul\u00e9 sans danger pour les fosses septiques, sans phosphate, sans acide phosphorique, sans acide nitrique, sans acide chorhydrique, sans acide sulfurique.<\/span><\/div>\n<p><span class=\"mode-demploi\">Retrouvez <b>le mode d&#8217;emploi et le dosage du produit<\/b> en t\u00e9l\u00e9chargeant, ci-dessous, sa Fiche Technique et\/ou sa Fiche M\u00e9thode.<\/span> <\/p>\n<div id='wpdm_file_1189' class='wpdm_file wpdm-only-button'>\n<div class='cont'>\n<div class='btn_outer'>\n<div class='btn_outer_c' style='background-image: url(https:\/\/staging.hydrachim.com\/wp-content\/plugins\/download-manager\/icon\/file_extension_pdf.png)'><a class='btn_left   login-please' rel='1189'>T\u00e9l\u00e9charger la<br \/> Fiche Technique<\/a><span class='btn_right counter'>Login Required<\/span><\/div>\n<\/div>\n<div class='clear'><\/div>\n<\/div>\n<\/div>\n<p><a href=\"https:\/\/staging.hydrachim.com\/fiches-donnees-de-securite\/\" class=\"lien-fds-pdt\">Fiches de Donn\u00e9es de S\u00e9curit\u00e9<\/a><\/p>\n<div id='wpdm_file_1287' class='wpdm_file wpdm-only-button'>\n<div class='cont'>\n<div class='btn_outer'>\n<div class='btn_outer_c' style='background-image: url(https:\/\/staging.hydrachim.com\/wp-content\/plugins\/download-manager\/icon\/file_extension_pdf.png)'><a class='btn_left   login-please' rel='1287' title='1844 - WC SOFT GEL - Soft Attitude' href='https:\/\/staging.hydrachim.com\/wp-login.php?redirect_to=\/wp-json\/wp\/v2\/product'>T\u00e9l\u00e9charger<br \/> la fiche m\u00e9thode<\/a><span class='btn_right counter'>Login Required<\/span><\/div>\n<\/div>\n<div class='clear'><\/div>\n<\/div>\n<\/div>\n<p class=\"remarque-importante\">Utilisez les biocides avec pr\u00e9caution. Avant toute utilisation, lisez l&#8217;\u00e9tiquette et les informations concernant le produit.<\/p>\n<p><!-- Start Shareaholic ClassicBookmarks Automatic --><!-- End Shareaholic ClassicBookmarks Automatic --><\/p>\n","protected":false},"excerpt":{"rendered":"<p>WC&#039;Soft Gel liquide parfum fleurs d&#039;olivier<\/p>\n","protected":false},"featured_media":0,"template":"","meta":[],"product_brand":[],"product_type":[2],"product_visibility":[],"product_cat":[15],"class_list":{"0":"post-3251","1":"product","2":"type-product","3":"status-publish","5":"product_cat-uncategorized","6":"product_tag-desodorisant","7":"product_tag-detartrant","8":"product_tag-fleur-dolivier","9":"product_tag-liquide","10":"product_tag-nettoyant","11":"product_tag-sanitaire","12":"product_tag-wc","14":"first","15":"instock","16":"shipping-taxable","17":"purchasable","18":"product-type-simple"},"yoast_head":"<!-- This site is optimized with the Yoast SEO plugin v24.7 - https:\/\/yoast.com\/wordpress\/plugins\/seo\/ -->\n<title>wcsoft-gel - Hydrachim<\/title>\n<meta name=\"robots\" content=\"noindex, follow, max-snippet:-1, max-image-preview:large, max-video-preview:-1\" \/>\n<meta property=\"og:locale\" content=\"en_US\" \/>\n<meta property=\"og:type\" content=\"article\" \/>\n<meta property=\"og:title\" content=\"wcsoft-gel - Hydrachim\" \/>\n<meta property=\"og:description\" content=\"WC&#039;Soft Gel liquide parfum fleurs d&#039;olivier\" \/>\n<meta property=\"og:url\" content=\"https:\/\/staging.hydrachim.fr\/produit\/wcsoft-gel\/\" \/>\n<meta property=\"og:site_name\" content=\"Hydrachim\" \/>\n<meta property=\"article:modified_time\" content=\"2019-08-06T13:41:39+00:00\" \/>\n<meta property=\"og:image\" content=\"https:\/\/staging.hydrachim.com\/wp-content\/uploads\/2014\/07\/1844-wc-soft-gel.jpg\" \/>\n<meta name=\"twitter:card\" content=\"summary_large_image\" \/>\n<meta name=\"twitter:label1\" content=\"Est. reading time\" \/>\n\t<meta name=\"twitter:data1\" content=\"1 minute\" \/>\n<script type=\"application\/ld+json\" class=\"yoast-schema-graph\">{\"@context\":\"https:\/\/schema.org\",\"@graph\":[{\"@type\":\"WebPage\",\"@id\":\"https:\/\/staging.hydrachim.fr\/produit\/wcsoft-gel\/\",\"url\":\"https:\/\/staging.hydrachim.fr\/produit\/wcsoft-gel\/\",\"name\":\"wcsoft-gel - Hydrachim\",\"isPartOf\":{\"@id\":\"https:\/\/staging.hydrachim.fr\/#website\"},\"primaryImageOfPage\":{\"@id\":\"https:\/\/staging.hydrachim.fr\/produit\/wcsoft-gel\/#primaryimage\"},\"image\":{\"@id\":\"https:\/\/staging.hydrachim.fr\/produit\/wcsoft-gel\/#primaryimage\"},\"thumbnailUrl\":\"https:\/\/staging.hydrachim.com\/wp-content\/uploads\/2014\/07\/1844-wc-soft-gel.jpg\",\"datePublished\":\"2019-08-06T13:41:38+00:00\",\"dateModified\":\"2019-08-06T13:41:39+00:00\",\"breadcrumb\":{\"@id\":\"https:\/\/staging.hydrachim.fr\/produit\/wcsoft-gel\/#breadcrumb\"},\"inLanguage\":\"en-US\",\"potentialAction\":[{\"@type\":\"ReadAction\",\"target\":[\"https:\/\/staging.hydrachim.fr\/produit\/wcsoft-gel\/\"]}]},{\"@type\":\"ImageObject\",\"inLanguage\":\"en-US\",\"@id\":\"https:\/\/staging.hydrachim.fr\/produit\/wcsoft-gel\/#primaryimage\",\"url\":\"https:\/\/staging.hydrachim.com\/wp-content\/uploads\/2014\/07\/1844-wc-soft-gel.jpg\",\"contentUrl\":\"https:\/\/staging.hydrachim.com\/wp-content\/uploads\/2014\/07\/1844-wc-soft-gel.jpg\"},{\"@type\":\"BreadcrumbList\",\"@id\":\"https:\/\/staging.hydrachim.fr\/produit\/wcsoft-gel\/#breadcrumb\",\"itemListElement\":[{\"@type\":\"ListItem\",\"position\":1,\"name\":\"Home\",\"item\":\"https:\/\/staging.hydrachim.fr\/en\/\"},{\"@type\":\"ListItem\",\"position\":2,\"name\":\"Shop\",\"item\":\"https:\/\/staging.hydrachim.fr\/en\/shop\/\"},{\"@type\":\"ListItem\",\"position\":3,\"name\":\"wcsoft-gel\"}]},{\"@type\":\"WebSite\",\"@id\":\"https:\/\/staging.hydrachim.fr\/#website\",\"url\":\"https:\/\/staging.hydrachim.fr\/\",\"name\":\"Hydrachim\",\"description\":\"La science de l&#039;hygi\u00e8ne\",\"potentialAction\":[{\"@type\":\"SearchAction\",\"target\":{\"@type\":\"EntryPoint\",\"urlTemplate\":\"https:\/\/staging.hydrachim.fr\/?s={search_term_string}\"},\"query-input\":{\"@type\":\"PropertyValueSpecification\",\"valueRequired\":true,\"valueName\":\"search_term_string\"}}],\"inLanguage\":\"en-US\"}]}<\/script>\n<!-- \/ Yoast SEO plugin. -->","yoast_head_json":{"title":"wcsoft-gel - Hydrachim","robots":{"index":"noindex","follow":"follow","max-snippet":"max-snippet:-1","max-image-preview":"max-image-preview:large","max-video-preview":"max-video-preview:-1"},"og_locale":"en_US","og_type":"article","og_title":"wcsoft-gel - Hydrachim","og_description":"WC&#039;Soft Gel liquide parfum fleurs d&#039;olivier","og_url":"https:\/\/staging.hydrachim.fr\/produit\/wcsoft-gel\/","og_site_name":"Hydrachim","article_modified_time":"2019-08-06T13:41:39+00:00","og_image":[{"url":"https:\/\/staging.hydrachim.com\/wp-content\/uploads\/2014\/07\/1844-wc-soft-gel.jpg","type":"","width":"","height":""}],"twitter_card":"summary_large_image","twitter_misc":{"Est. reading time":"1 minute"},"schema":{"@context":"https:\/\/schema.org","@graph":[{"@type":"WebPage","@id":"https:\/\/staging.hydrachim.fr\/produit\/wcsoft-gel\/","url":"https:\/\/staging.hydrachim.fr\/produit\/wcsoft-gel\/","name":"wcsoft-gel - Hydrachim","isPartOf":{"@id":"https:\/\/staging.hydrachim.fr\/#website"},"primaryImageOfPage":{"@id":"https:\/\/staging.hydrachim.fr\/produit\/wcsoft-gel\/#primaryimage"},"image":{"@id":"https:\/\/staging.hydrachim.fr\/produit\/wcsoft-gel\/#primaryimage"},"thumbnailUrl":"https:\/\/staging.hydrachim.com\/wp-content\/uploads\/2014\/07\/1844-wc-soft-gel.jpg","datePublished":"2019-08-06T13:41:38+00:00","dateModified":"2019-08-06T13:41:39+00:00","breadcrumb":{"@id":"https:\/\/staging.hydrachim.fr\/produit\/wcsoft-gel\/#breadcrumb"},"inLanguage":"en-US","potentialAction":[{"@type":"ReadAction","target":["https:\/\/staging.hydrachim.fr\/produit\/wcsoft-gel\/"]}]},{"@type":"ImageObject","inLanguage":"en-US","@id":"https:\/\/staging.hydrachim.fr\/produit\/wcsoft-gel\/#primaryimage","url":"https:\/\/staging.hydrachim.com\/wp-content\/uploads\/2014\/07\/1844-wc-soft-gel.jpg","contentUrl":"https:\/\/staging.hydrachim.com\/wp-content\/uploads\/2014\/07\/1844-wc-soft-gel.jpg"},{"@type":"BreadcrumbList","@id":"https:\/\/staging.hydrachim.fr\/produit\/wcsoft-gel\/#breadcrumb","itemListElement":[{"@type":"ListItem","position":1,"name":"Home","item":"https:\/\/staging.hydrachim.fr\/en\/"},{"@type":"ListItem","position":2,"name":"Shop","item":"https:\/\/staging.hydrachim.fr\/en\/shop\/"},{"@type":"ListItem","position":3,"name":"wcsoft-gel"}]},{"@type":"WebSite","@id":"https:\/\/staging.hydrachim.fr\/#website","url":"https:\/\/staging.hydrachim.fr\/","name":"Hydrachim","description":"La science de l&#039;hygi\u00e8ne","potentialAction":[{"@type":"SearchAction","target":{"@type":"EntryPoint","urlTemplate":"https:\/\/staging.hydrachim.fr\/?s={search_term_string}"},"query-input":{"@type":"PropertyValueSpecification","valueRequired":true,"valueName":"search_term_string"}}],"inLanguage":"en-US"}]}},"acf":{"fiche_technique":null,"fiche_methode":null},"_links":{"self":[{"href":"https:\/\/staging.hydrachim.fr\/en\/wp-json\/wp\/v2\/product\/3251","targetHints":{"allow":["GET"]}}],"collection":[{"href":"https:\/\/staging.hydrachim.fr\/en\/wp-json\/wp\/v2\/product"}],"about":[{"href":"https:\/\/staging.hydrachim.fr\/en\/wp-json\/wp\/v2\/types\/product"}],"wp:attachment":[{"href":"https:\/\/staging.hydrachim.fr\/en\/wp-json\/wp\/v2\/media?parent=3251"}],"wp:term":[{"taxonomy":"product_brand","embeddable":true,"href":"https:\/\/staging.hydrachim.fr\/en\/wp-json\/wp\/v2\/product_brand?post=3251"},{"taxonomy":"product_type","embeddable":true,"href":"https:\/\/staging.hydrachim.fr\/en\/wp-json\/wp\/v2\/product_type?post=3251"},{"taxonomy":"product_visibility","embeddable":true,"href":"https:\/\/staging.hydrachim.fr\/en\/wp-json\/wp\/v2\/product_visibility?post=3251"},{"taxonomy":"product_cat","embeddable":true,"href":"https:\/\/staging.hydrachim.fr\/en\/wp-json\/wp\/v2\/product_cat?post=3251"}],"curies":[{"name":"wp","href":"https:\/\/api.w.org\/{rel}","templated":true}]}}