{"id":3263,"date":"2019-08-06T15:41:51","date_gmt":"2019-08-06T13:41:51","guid":{"rendered":"https:\/\/staging.hydrachim.fr\/product\/solsoft\/"},"modified":"2019-10-03T10:53:23","modified_gmt":"2019-10-03T08:53:23","slug":"solsoft","status":"publish","type":"product","link":"https:\/\/staging.hydrachim.fr\/en\/produit\/solsoft\/","title":{"rendered":"Sol&#8217;Soft"},"content":{"rendered":"<p><strong>Le Sol&#8217;Soft est un produit \u00e0 base d&#8217;ingr\u00e9dients v\u00e9g\u00e9tale qui est id\u00e9al en cuisine pour l&#8217;entretien r\u00e9gulier des sols gras ou souill\u00e9s. Il ne n\u00e9cessite pas de rin\u00e7age*. <\/strong><\/p>\n<p>Le Sol&#8217;Soft est un produit \u00e0 base d&#8217;ingr\u00e9dients v\u00e9g\u00e9tale qui est id\u00e9al en cuisine pour l&#8217;entretien r\u00e9gulier des sols gras ou souill\u00e9s. Il ne n\u00e9cessite pas de rin\u00e7age*. Le Sol&#8217;Soft peut \u00e9galement s&#8217;utiliser pour l&#8217;entretien des murs, sols, des fa\u00efences, des thermoplastiques et du mobilier sanitaire. Son utilisation en autolaveuse est possible gr\u00e2ce \u00e0 sa formulation peu moussante.<\/p>\n<p><strong>Disponible en carton de 2 x 5 L. R\u00e9f. 002184004<\/strong><\/p>\n<p class=\"y-product y-product__product-subtitle\">Avantage :<\/p>\n<p>Le Sol&#8217;Soft est formul\u00e9 sans parfum, sans allerg\u00e8ne**, sans phosphate, \u00e0 base d&#8217;agents super d\u00e9graissants et \u00e0 base de tensio-actifs d&#8217;origine v\u00e9g\u00e9tale.<\/p>\n<p>Retrouvez le mode d&#8217;emploi et le dosage du produit en t\u00e9l\u00e9chargeant sa Fiche Technique.<\/p>\n<p><em> *Rin\u00e7age n\u00e9cessaire pour les surfaces en contact alimentaire.<br \/>\n**parmi les allerg\u00e8nes list\u00e9s dans les r\u00e8glements Cosm\u00e9tique n\u00b01223\/2009 et D\u00e9tergent n\u00b0648\/2004.<br \/>\nAvant toute utilisation, lisez l&#8217;\u00e9tiquette et les informations concernant le produit.<\/em><\/p>\n","protected":false},"excerpt":{"rendered":"<p>Super d\u00e9graissant pour l&#8217;entretien des sols en cuisine.<\/p>\n","protected":false},"featured_media":5012,"template":"","meta":[],"product_brand":[],"product_type":[2],"product_visibility":[],"product_cat":[4117,4128,4119,4106,4146,4110,4127],"class_list":{"0":"post-3263","1":"product","2":"type-product","3":"status-publish","4":"has-post-thumbnail","6":"product_cat-produitscuisine","7":"product_cat-solentretien","8":"product_cat-cuisineentretien","9":"product_cat-produitsnos-produits-zero-pictos","10":"product_cat-marquessoft-attitude","11":"product_cat-nos-produits-zro-pictossol","12":"product_cat-produitssurface-sol","13":"product_tag-0-picto","14":"product_tag-degraissant","15":"product_tag-liquide","16":"product_tag-manuel","18":"first","19":"instock","20":"shipping-taxable","21":"product-type-simple"},"yoast_head":"<!-- This site is optimized with the Yoast SEO plugin v24.7 - https:\/\/yoast.com\/wordpress\/plugins\/seo\/ -->\n<title>Sol&#039;Soft - Hydrachim<\/title>\n<meta name=\"robots\" content=\"noindex, follow, max-snippet:-1, max-image-preview:large, max-video-preview:-1\" \/>\n<meta property=\"og:locale\" content=\"en_US\" \/>\n<meta property=\"og:type\" content=\"article\" \/>\n<meta property=\"og:title\" content=\"Sol&#039;Soft - Hydrachim\" \/>\n<meta property=\"og:description\" content=\"Super d\u00e9graissant pour l&#039;entretien des sols en cuisine.\" \/>\n<meta property=\"og:url\" content=\"https:\/\/staging.hydrachim.fr\/produit\/solsoft\/\" \/>\n<meta property=\"og:site_name\" content=\"Hydrachim\" \/>\n<meta property=\"article:modified_time\" content=\"2019-10-03T08:53:23+00:00\" \/>\n<meta property=\"og:image\" content=\"https:\/\/staging.hydrachim.fr\/app\/uploads\/2019\/09\/1840-SOL-SOFT-5l.png\" \/>\n\t<meta property=\"og:image:width\" content=\"507\" \/>\n\t<meta property=\"og:image:height\" content=\"779\" \/>\n\t<meta property=\"og:image:type\" content=\"image\/png\" \/>\n<meta name=\"twitter:card\" content=\"summary_large_image\" \/>\n<meta name=\"twitter:label1\" content=\"Est. reading time\" \/>\n\t<meta name=\"twitter:data1\" content=\"1 minute\" \/>\n<script type=\"application\/ld+json\" class=\"yoast-schema-graph\">{\"@context\":\"https:\/\/schema.org\",\"@graph\":[{\"@type\":\"WebPage\",\"@id\":\"https:\/\/staging.hydrachim.fr\/produit\/solsoft\/\",\"url\":\"https:\/\/staging.hydrachim.fr\/produit\/solsoft\/\",\"name\":\"Sol'Soft - Hydrachim\",\"isPartOf\":{\"@id\":\"https:\/\/staging.hydrachim.fr\/#website\"},\"primaryImageOfPage\":{\"@id\":\"https:\/\/staging.hydrachim.fr\/produit\/solsoft\/#primaryimage\"},\"image\":{\"@id\":\"https:\/\/staging.hydrachim.fr\/produit\/solsoft\/#primaryimage\"},\"thumbnailUrl\":\"https:\/\/staging.hydrachim.fr\/app\/uploads\/2019\/09\/1840-SOL-SOFT-5l.png\",\"datePublished\":\"2019-08-06T13:41:51+00:00\",\"dateModified\":\"2019-10-03T08:53:23+00:00\",\"breadcrumb\":{\"@id\":\"https:\/\/staging.hydrachim.fr\/produit\/solsoft\/#breadcrumb\"},\"inLanguage\":\"en-US\",\"potentialAction\":[{\"@type\":\"ReadAction\",\"target\":[\"https:\/\/staging.hydrachim.fr\/produit\/solsoft\/\"]}]},{\"@type\":\"ImageObject\",\"inLanguage\":\"en-US\",\"@id\":\"https:\/\/staging.hydrachim.fr\/produit\/solsoft\/#primaryimage\",\"url\":\"https:\/\/staging.hydrachim.fr\/app\/uploads\/2019\/09\/1840-SOL-SOFT-5l.png\",\"contentUrl\":\"https:\/\/staging.hydrachim.fr\/app\/uploads\/2019\/09\/1840-SOL-SOFT-5l.png\",\"width\":507,\"height\":779},{\"@type\":\"BreadcrumbList\",\"@id\":\"https:\/\/staging.hydrachim.fr\/produit\/solsoft\/#breadcrumb\",\"itemListElement\":[{\"@type\":\"ListItem\",\"position\":1,\"name\":\"Home\",\"item\":\"https:\/\/staging.hydrachim.fr\/en\/\"},{\"@type\":\"ListItem\",\"position\":2,\"name\":\"Shop\",\"item\":\"https:\/\/staging.hydrachim.fr\/en\/shop\/\"},{\"@type\":\"ListItem\",\"position\":3,\"name\":\"Sol&rsquo;Soft\"}]},{\"@type\":\"WebSite\",\"@id\":\"https:\/\/staging.hydrachim.fr\/#website\",\"url\":\"https:\/\/staging.hydrachim.fr\/\",\"name\":\"Hydrachim\",\"description\":\"La science de l&#039;hygi\u00e8ne\",\"potentialAction\":[{\"@type\":\"SearchAction\",\"target\":{\"@type\":\"EntryPoint\",\"urlTemplate\":\"https:\/\/staging.hydrachim.fr\/?s={search_term_string}\"},\"query-input\":{\"@type\":\"PropertyValueSpecification\",\"valueRequired\":true,\"valueName\":\"search_term_string\"}}],\"inLanguage\":\"en-US\"}]}<\/script>\n<!-- \/ Yoast SEO plugin. -->","yoast_head_json":{"title":"Sol'Soft - Hydrachim","robots":{"index":"noindex","follow":"follow","max-snippet":"max-snippet:-1","max-image-preview":"max-image-preview:large","max-video-preview":"max-video-preview:-1"},"og_locale":"en_US","og_type":"article","og_title":"Sol'Soft - Hydrachim","og_description":"Super d\u00e9graissant pour l'entretien des sols en cuisine.","og_url":"https:\/\/staging.hydrachim.fr\/produit\/solsoft\/","og_site_name":"Hydrachim","article_modified_time":"2019-10-03T08:53:23+00:00","og_image":[{"width":507,"height":779,"url":"https:\/\/staging.hydrachim.fr\/app\/uploads\/2019\/09\/1840-SOL-SOFT-5l.png","type":"image\/png"}],"twitter_card":"summary_large_image","twitter_misc":{"Est. reading time":"1 minute"},"schema":{"@context":"https:\/\/schema.org","@graph":[{"@type":"WebPage","@id":"https:\/\/staging.hydrachim.fr\/produit\/solsoft\/","url":"https:\/\/staging.hydrachim.fr\/produit\/solsoft\/","name":"Sol'Soft - Hydrachim","isPartOf":{"@id":"https:\/\/staging.hydrachim.fr\/#website"},"primaryImageOfPage":{"@id":"https:\/\/staging.hydrachim.fr\/produit\/solsoft\/#primaryimage"},"image":{"@id":"https:\/\/staging.hydrachim.fr\/produit\/solsoft\/#primaryimage"},"thumbnailUrl":"https:\/\/staging.hydrachim.fr\/app\/uploads\/2019\/09\/1840-SOL-SOFT-5l.png","datePublished":"2019-08-06T13:41:51+00:00","dateModified":"2019-10-03T08:53:23+00:00","breadcrumb":{"@id":"https:\/\/staging.hydrachim.fr\/produit\/solsoft\/#breadcrumb"},"inLanguage":"en-US","potentialAction":[{"@type":"ReadAction","target":["https:\/\/staging.hydrachim.fr\/produit\/solsoft\/"]}]},{"@type":"ImageObject","inLanguage":"en-US","@id":"https:\/\/staging.hydrachim.fr\/produit\/solsoft\/#primaryimage","url":"https:\/\/staging.hydrachim.fr\/app\/uploads\/2019\/09\/1840-SOL-SOFT-5l.png","contentUrl":"https:\/\/staging.hydrachim.fr\/app\/uploads\/2019\/09\/1840-SOL-SOFT-5l.png","width":507,"height":779},{"@type":"BreadcrumbList","@id":"https:\/\/staging.hydrachim.fr\/produit\/solsoft\/#breadcrumb","itemListElement":[{"@type":"ListItem","position":1,"name":"Home","item":"https:\/\/staging.hydrachim.fr\/en\/"},{"@type":"ListItem","position":2,"name":"Shop","item":"https:\/\/staging.hydrachim.fr\/en\/shop\/"},{"@type":"ListItem","position":3,"name":"Sol&rsquo;Soft"}]},{"@type":"WebSite","@id":"https:\/\/staging.hydrachim.fr\/#website","url":"https:\/\/staging.hydrachim.fr\/","name":"Hydrachim","description":"La science de l&#039;hygi\u00e8ne","potentialAction":[{"@type":"SearchAction","target":{"@type":"EntryPoint","urlTemplate":"https:\/\/staging.hydrachim.fr\/?s={search_term_string}"},"query-input":{"@type":"PropertyValueSpecification","valueRequired":true,"valueName":"search_term_string"}}],"inLanguage":"en-US"}]}},"acf":{"fiche_technique":"https:\/\/staging.hydrachim.fr\/app\/uploads\/2019\/09\/FT-1840_SOFT-ATTITUDE_SOL-SOFT.pdf","fiche_methode":""},"_links":{"self":[{"href":"https:\/\/staging.hydrachim.fr\/en\/wp-json\/wp\/v2\/product\/3263","targetHints":{"allow":["GET"]}}],"collection":[{"href":"https:\/\/staging.hydrachim.fr\/en\/wp-json\/wp\/v2\/product"}],"about":[{"href":"https:\/\/staging.hydrachim.fr\/en\/wp-json\/wp\/v2\/types\/product"}],"wp:featuredmedia":[{"embeddable":true,"href":"https:\/\/staging.hydrachim.fr\/en\/wp-json\/wp\/v2\/media\/5012"}],"wp:attachment":[{"href":"https:\/\/staging.hydrachim.fr\/en\/wp-json\/wp\/v2\/media?parent=3263"}],"wp:term":[{"taxonomy":"product_brand","embeddable":true,"href":"https:\/\/staging.hydrachim.fr\/en\/wp-json\/wp\/v2\/product_brand?post=3263"},{"taxonomy":"product_type","embeddable":true,"href":"https:\/\/staging.hydrachim.fr\/en\/wp-json\/wp\/v2\/product_type?post=3263"},{"taxonomy":"product_visibility","embeddable":true,"href":"https:\/\/staging.hydrachim.fr\/en\/wp-json\/wp\/v2\/product_visibility?post=3263"},{"taxonomy":"product_cat","embeddable":true,"href":"https:\/\/staging.hydrachim.fr\/en\/wp-json\/wp\/v2\/product_cat?post=3263"}],"curies":[{"name":"wp","href":"https:\/\/api.w.org\/{rel}","templated":true}]}}