{"id":3280,"date":"2019-08-06T15:42:08","date_gmt":"2019-08-06T13:42:08","guid":{"rendered":"https:\/\/staging.hydrachim.fr\/product\/deterquat-veg\/"},"modified":"2019-08-06T15:42:09","modified_gmt":"2019-08-06T13:42:09","slug":"deterquat-veg","status":"publish","type":"product","link":"https:\/\/staging.hydrachim.fr\/en\/produit\/deterquat-veg\/","title":{"rendered":"deterquat-veg"},"content":{"rendered":"<h2 class=\"description-produit\">D\u00e9terquat VEG liquide est un auxiliaire technologique d\u00e9velopp\u00e9 pour le traitement des l\u00e9gumes.<\/h2>\n<p class=\"text-description-produit\"><img decoding=\"async\" class=\"conditionnement-produit\" alt=\"\" src=\"https:\/\/staging.hydrachim.com\/wp-content\/uploads\/2014\/07\/a078-deterquat-veg.jpg\" \/>Le D\u00e9terquat VEG est un produit qui est utilis\u00e9 pour le traitement des fruits, l\u00e9gumes, champignons, salade de 4<sup>\u00e8me<\/sup> gamme, conform\u00e9ment \u00e0 l&rsquo;arr\u00eat\u00e9 du 27 ao\u00fbt 2009 relatif \u00e0 l&#8217;emploi d&rsquo;auxiliaires technologiques dans la fabrication de certaines denr\u00e9es alimentaires.\n<\/p>\n<p class=\"information-produit\"><span class=\"dose-utilisation\">Disponible en carton de 4 x 5 L et en bidon de 20 L<\/span><\/p>\n<div class=\"plus-produit\"><span>Le D\u00e9terquat VEG permet une meilleure conservation des l\u00e9gumes lors de leur pr\u00e9paration.<\/span><\/div>\n<p><span class=\"mode-demploi\">Retrouvez <b>le mode d&#8217;emploi et le dosage du produit<\/b> en t\u00e9l\u00e9chargeant, ci-dessous, sa Fiche Technique et\/ou sa Fiche M\u00e9thode.<\/span><\/p>\n<div id='wpdm_file_1157' class='wpdm_file wpdm-only-button'>\n<div class='cont'>\n<div class='btn_outer'>\n<div class='btn_outer_c' style='background-image: url(https:\/\/staging.hydrachim.com\/wp-content\/plugins\/download-manager\/icon\/file_extension_pdf.png)'><a class='btn_left   login-please' rel='1157' title='FT - A078 D\u00e9terquat VEG' href='https:\/\/staging.hydrachim.com\/wp-login.php?redirect_to=\/wp-json\/wp\/v2\/product'>T\u00e9l\u00e9charger la<br \/> Fiche Technique<\/a><span class='btn_right counter'>Login Required<\/span><\/div>\n<\/div>\n<div class='clear'><\/div>\n<\/div>\n<\/div>\n<p><a href=\"https:\/\/staging.hydrachim.com\/fiches-donnees-de-securite\/\" class=\"lien-fds-pdt\">Fiches de Donn\u00e9es de S\u00e9curit\u00e9<\/a><\/p>\n<div id='wpdm_file_1158' class='wpdm_file wpdm-only-button'>\n<div class='cont'>\n<div class='btn_outer'>\n<div class='btn_outer_c' style='background-image: url(https:\/\/staging.hydrachim.com\/wp-content\/plugins\/download-manager\/icon\/file_extension_pdf.png)'><a class='btn_left   login-please' rel='1158' title='FM - A078 D\u00e9terquat VEG' href='https:\/\/staging.hydrachim.com\/wp-login.php?redirect_to=\/wp-json\/wp\/v2\/product'>T\u00e9l\u00e9charger la<br \/> Fiche M\u00e9thode<\/a><span class='btn_right counter'>Login Required<\/span><\/div>\n<\/div>\n<div class='clear'><\/div>\n<\/div>\n<\/div>\n<p class=\"remarque-importante\">Utilisez les biocides avec pr\u00e9caution. Avant toute utilisation, lisez l&#8217;\u00e9tiquette et les informations concernant le produit.<\/p>\n<p><!-- Start Shareaholic ClassicBookmarks Automatic --><!-- End Shareaholic ClassicBookmarks Automatic --><\/p>\n","protected":false},"excerpt":{"rendered":"<p>D\u00e9terquat VEG liquide<\/p>\n","protected":false},"featured_media":2582,"template":"","meta":[],"product_brand":[],"product_type":[2],"product_visibility":[],"product_cat":[4027],"class_list":{"0":"post-3280","1":"product","2":"type-product","3":"status-publish","4":"has-post-thumbnail","6":"product_cat-agro-alimentaire-industrie","7":"product_tag-lgume","8":"product_tag-liquide","9":"product_tag-veg","11":"first","12":"instock","13":"shipping-taxable","14":"purchasable","15":"product-type-simple"},"yoast_head":"<!-- This site is optimized with the Yoast SEO plugin v24.7 - https:\/\/yoast.com\/wordpress\/plugins\/seo\/ -->\n<title>deterquat-veg - Hydrachim<\/title>\n<meta name=\"robots\" content=\"noindex, follow, max-snippet:-1, max-image-preview:large, max-video-preview:-1\" \/>\n<meta property=\"og:locale\" content=\"en_US\" \/>\n<meta property=\"og:type\" content=\"article\" \/>\n<meta property=\"og:title\" content=\"deterquat-veg - Hydrachim\" \/>\n<meta property=\"og:description\" content=\"D\u00e9terquat VEG liquide\" \/>\n<meta property=\"og:url\" content=\"https:\/\/staging.hydrachim.fr\/produit\/deterquat-veg\/\" \/>\n<meta property=\"og:site_name\" content=\"Hydrachim\" \/>\n<meta property=\"article:modified_time\" content=\"2019-08-06T13:42:09+00:00\" \/>\n<meta property=\"og:image\" content=\"https:\/\/staging.hydrachim.fr\/app\/uploads\/2019\/08\/fruits-a-tremper.jpg\" \/>\n\t<meta property=\"og:image:width\" content=\"310\" \/>\n\t<meta property=\"og:image:height\" content=\"205\" \/>\n\t<meta property=\"og:image:type\" content=\"image\/jpeg\" \/>\n<meta name=\"twitter:card\" content=\"summary_large_image\" \/>\n<meta name=\"twitter:label1\" content=\"Est. reading time\" \/>\n\t<meta name=\"twitter:data1\" content=\"1 minute\" \/>\n<script type=\"application\/ld+json\" class=\"yoast-schema-graph\">{\"@context\":\"https:\/\/schema.org\",\"@graph\":[{\"@type\":\"WebPage\",\"@id\":\"https:\/\/staging.hydrachim.fr\/produit\/deterquat-veg\/\",\"url\":\"https:\/\/staging.hydrachim.fr\/produit\/deterquat-veg\/\",\"name\":\"deterquat-veg - Hydrachim\",\"isPartOf\":{\"@id\":\"https:\/\/staging.hydrachim.fr\/#website\"},\"primaryImageOfPage\":{\"@id\":\"https:\/\/staging.hydrachim.fr\/produit\/deterquat-veg\/#primaryimage\"},\"image\":{\"@id\":\"https:\/\/staging.hydrachim.fr\/produit\/deterquat-veg\/#primaryimage\"},\"thumbnailUrl\":\"https:\/\/staging.hydrachim.fr\/app\/uploads\/2019\/08\/fruits-a-tremper.jpg\",\"datePublished\":\"2019-08-06T13:42:08+00:00\",\"dateModified\":\"2019-08-06T13:42:09+00:00\",\"breadcrumb\":{\"@id\":\"https:\/\/staging.hydrachim.fr\/produit\/deterquat-veg\/#breadcrumb\"},\"inLanguage\":\"en-US\",\"potentialAction\":[{\"@type\":\"ReadAction\",\"target\":[\"https:\/\/staging.hydrachim.fr\/produit\/deterquat-veg\/\"]}]},{\"@type\":\"ImageObject\",\"inLanguage\":\"en-US\",\"@id\":\"https:\/\/staging.hydrachim.fr\/produit\/deterquat-veg\/#primaryimage\",\"url\":\"https:\/\/staging.hydrachim.fr\/app\/uploads\/2019\/08\/fruits-a-tremper.jpg\",\"contentUrl\":\"https:\/\/staging.hydrachim.fr\/app\/uploads\/2019\/08\/fruits-a-tremper.jpg\",\"width\":310,\"height\":205},{\"@type\":\"BreadcrumbList\",\"@id\":\"https:\/\/staging.hydrachim.fr\/produit\/deterquat-veg\/#breadcrumb\",\"itemListElement\":[{\"@type\":\"ListItem\",\"position\":1,\"name\":\"Home\",\"item\":\"https:\/\/staging.hydrachim.fr\/en\/\"},{\"@type\":\"ListItem\",\"position\":2,\"name\":\"Shop\",\"item\":\"https:\/\/staging.hydrachim.fr\/en\/shop\/\"},{\"@type\":\"ListItem\",\"position\":3,\"name\":\"deterquat-veg\"}]},{\"@type\":\"WebSite\",\"@id\":\"https:\/\/staging.hydrachim.fr\/#website\",\"url\":\"https:\/\/staging.hydrachim.fr\/\",\"name\":\"Hydrachim\",\"description\":\"La science de l&#039;hygi\u00e8ne\",\"potentialAction\":[{\"@type\":\"SearchAction\",\"target\":{\"@type\":\"EntryPoint\",\"urlTemplate\":\"https:\/\/staging.hydrachim.fr\/?s={search_term_string}\"},\"query-input\":{\"@type\":\"PropertyValueSpecification\",\"valueRequired\":true,\"valueName\":\"search_term_string\"}}],\"inLanguage\":\"en-US\"}]}<\/script>\n<!-- \/ Yoast SEO plugin. -->","yoast_head_json":{"title":"deterquat-veg - Hydrachim","robots":{"index":"noindex","follow":"follow","max-snippet":"max-snippet:-1","max-image-preview":"max-image-preview:large","max-video-preview":"max-video-preview:-1"},"og_locale":"en_US","og_type":"article","og_title":"deterquat-veg - Hydrachim","og_description":"D\u00e9terquat VEG liquide","og_url":"https:\/\/staging.hydrachim.fr\/produit\/deterquat-veg\/","og_site_name":"Hydrachim","article_modified_time":"2019-08-06T13:42:09+00:00","og_image":[{"width":310,"height":205,"url":"https:\/\/staging.hydrachim.fr\/app\/uploads\/2019\/08\/fruits-a-tremper.jpg","type":"image\/jpeg"}],"twitter_card":"summary_large_image","twitter_misc":{"Est. reading time":"1 minute"},"schema":{"@context":"https:\/\/schema.org","@graph":[{"@type":"WebPage","@id":"https:\/\/staging.hydrachim.fr\/produit\/deterquat-veg\/","url":"https:\/\/staging.hydrachim.fr\/produit\/deterquat-veg\/","name":"deterquat-veg - Hydrachim","isPartOf":{"@id":"https:\/\/staging.hydrachim.fr\/#website"},"primaryImageOfPage":{"@id":"https:\/\/staging.hydrachim.fr\/produit\/deterquat-veg\/#primaryimage"},"image":{"@id":"https:\/\/staging.hydrachim.fr\/produit\/deterquat-veg\/#primaryimage"},"thumbnailUrl":"https:\/\/staging.hydrachim.fr\/app\/uploads\/2019\/08\/fruits-a-tremper.jpg","datePublished":"2019-08-06T13:42:08+00:00","dateModified":"2019-08-06T13:42:09+00:00","breadcrumb":{"@id":"https:\/\/staging.hydrachim.fr\/produit\/deterquat-veg\/#breadcrumb"},"inLanguage":"en-US","potentialAction":[{"@type":"ReadAction","target":["https:\/\/staging.hydrachim.fr\/produit\/deterquat-veg\/"]}]},{"@type":"ImageObject","inLanguage":"en-US","@id":"https:\/\/staging.hydrachim.fr\/produit\/deterquat-veg\/#primaryimage","url":"https:\/\/staging.hydrachim.fr\/app\/uploads\/2019\/08\/fruits-a-tremper.jpg","contentUrl":"https:\/\/staging.hydrachim.fr\/app\/uploads\/2019\/08\/fruits-a-tremper.jpg","width":310,"height":205},{"@type":"BreadcrumbList","@id":"https:\/\/staging.hydrachim.fr\/produit\/deterquat-veg\/#breadcrumb","itemListElement":[{"@type":"ListItem","position":1,"name":"Home","item":"https:\/\/staging.hydrachim.fr\/en\/"},{"@type":"ListItem","position":2,"name":"Shop","item":"https:\/\/staging.hydrachim.fr\/en\/shop\/"},{"@type":"ListItem","position":3,"name":"deterquat-veg"}]},{"@type":"WebSite","@id":"https:\/\/staging.hydrachim.fr\/#website","url":"https:\/\/staging.hydrachim.fr\/","name":"Hydrachim","description":"La science de l&#039;hygi\u00e8ne","potentialAction":[{"@type":"SearchAction","target":{"@type":"EntryPoint","urlTemplate":"https:\/\/staging.hydrachim.fr\/?s={search_term_string}"},"query-input":{"@type":"PropertyValueSpecification","valueRequired":true,"valueName":"search_term_string"}}],"inLanguage":"en-US"}]}},"acf":{"fiche_technique":null,"fiche_methode":null},"_links":{"self":[{"href":"https:\/\/staging.hydrachim.fr\/en\/wp-json\/wp\/v2\/product\/3280","targetHints":{"allow":["GET"]}}],"collection":[{"href":"https:\/\/staging.hydrachim.fr\/en\/wp-json\/wp\/v2\/product"}],"about":[{"href":"https:\/\/staging.hydrachim.fr\/en\/wp-json\/wp\/v2\/types\/product"}],"wp:featuredmedia":[{"embeddable":true,"href":"https:\/\/staging.hydrachim.fr\/en\/wp-json\/wp\/v2\/media\/2582"}],"wp:attachment":[{"href":"https:\/\/staging.hydrachim.fr\/en\/wp-json\/wp\/v2\/media?parent=3280"}],"wp:term":[{"taxonomy":"product_brand","embeddable":true,"href":"https:\/\/staging.hydrachim.fr\/en\/wp-json\/wp\/v2\/product_brand?post=3280"},{"taxonomy":"product_type","embeddable":true,"href":"https:\/\/staging.hydrachim.fr\/en\/wp-json\/wp\/v2\/product_type?post=3280"},{"taxonomy":"product_visibility","embeddable":true,"href":"https:\/\/staging.hydrachim.fr\/en\/wp-json\/wp\/v2\/product_visibility?post=3280"},{"taxonomy":"product_cat","embeddable":true,"href":"https:\/\/staging.hydrachim.fr\/en\/wp-json\/wp\/v2\/product_cat?post=3280"}],"curies":[{"name":"wp","href":"https:\/\/api.w.org\/{rel}","templated":true}]}}