{"id":3290,"date":"2019-08-06T15:42:18","date_gmt":"2019-08-06T13:42:18","guid":{"rendered":"https:\/\/staging.hydrachim.fr\/product\/h202-acide-concentre\/"},"modified":"2019-10-14T15:12:38","modified_gmt":"2019-10-14T13:12:38","slug":"h202-acide-concentre","status":"publish","type":"product","link":"https:\/\/staging.hydrachim.fr\/en\/produit\/h202-acide-concentre\/","title":{"rendered":"H202 acide concentr\u00e9"},"content":{"rendered":"<p><strong>H202 ACIDE CONCENTR\u00c9 liquide est un acidifiant des circuits d&#8217;eau en \u00e9levage.<\/strong><\/p>\n<p>Le H202 Acide concentr\u00e9 est un produit qui d\u00e9truit les mati\u00e8res organiques et min\u00e9rales pr\u00e9sentes dans le circuit d&#8217;eau. C&#8217;est un nettoyant acidifiant des circuits d&#8217;eau en \u00e9levage.<\/p>\n<p><strong>Disponible en :<br \/>\n&#8211; Bidon de 24kg. R\u00e9f.  001172401.<br \/>\n&#8211; F\u00fbt de 220kg. R\u00e9f.  001172402.<\/strong><\/p>\n<p class=\"y-product y-product__product-subtitle\">Avantage :<\/p>\n<p>L&#8217;H202 Acide concentr\u00e9 nettoie \u00e9galement les canalisations.<\/p>\n<p>Retrouvez le mode d&#8217;emploi et le dosage du produit en t\u00e9l\u00e9chargeant la Fiche Technique.<\/p>\n","protected":false},"excerpt":{"rendered":"<p>Acidifiant des circuits d&#8217;eau en \u00e9levage.<\/p>\n","protected":false},"featured_media":2183,"template":"","meta":[],"product_brand":[],"product_type":[2],"product_visibility":[],"product_cat":[4154,4089],"class_list":{"0":"post-3290","1":"product","2":"type-product","3":"status-publish","4":"has-post-thumbnail","6":"product_cat-marqueshydrachim-elevage","7":"product_cat-elevagehygine-levage","8":"product_tag-acide","9":"product_tag-acidifiant","10":"product_tag-concentre","11":"product_tag-liquide","13":"first","14":"instock","15":"shipping-taxable","16":"product-type-simple"},"yoast_head":"<!-- This site is optimized with the Yoast SEO plugin v24.7 - https:\/\/yoast.com\/wordpress\/plugins\/seo\/ -->\n<title>H202 acide concentr\u00e9 - Hydrachim<\/title>\n<meta name=\"robots\" content=\"noindex, follow, max-snippet:-1, max-image-preview:large, max-video-preview:-1\" \/>\n<meta property=\"og:locale\" content=\"en_US\" \/>\n<meta property=\"og:type\" content=\"article\" \/>\n<meta property=\"og:title\" content=\"H202 acide concentr\u00e9 - Hydrachim\" \/>\n<meta property=\"og:description\" content=\"Acidifiant des circuits d&#039;eau en \u00e9levage.\" \/>\n<meta property=\"og:url\" content=\"https:\/\/staging.hydrachim.fr\/produit\/h202-acide-concentre\/\" \/>\n<meta property=\"og:site_name\" content=\"Hydrachim\" \/>\n<meta property=\"article:modified_time\" content=\"2019-10-14T13:12:38+00:00\" \/>\n<meta property=\"og:image\" content=\"https:\/\/staging.hydrachim.fr\/app\/uploads\/2019\/08\/1724-H2O2-ACIDE-CONCENTRE-24-KG-722x1024.png\" \/>\n\t<meta property=\"og:image:width\" content=\"722\" \/>\n\t<meta property=\"og:image:height\" content=\"1024\" \/>\n\t<meta property=\"og:image:type\" content=\"image\/png\" \/>\n<meta name=\"twitter:card\" content=\"summary_large_image\" \/>\n<script type=\"application\/ld+json\" class=\"yoast-schema-graph\">{\"@context\":\"https:\/\/schema.org\",\"@graph\":[{\"@type\":\"WebPage\",\"@id\":\"https:\/\/staging.hydrachim.fr\/produit\/h202-acide-concentre\/\",\"url\":\"https:\/\/staging.hydrachim.fr\/produit\/h202-acide-concentre\/\",\"name\":\"H202 acide concentr\u00e9 - Hydrachim\",\"isPartOf\":{\"@id\":\"https:\/\/staging.hydrachim.fr\/#website\"},\"primaryImageOfPage\":{\"@id\":\"https:\/\/staging.hydrachim.fr\/produit\/h202-acide-concentre\/#primaryimage\"},\"image\":{\"@id\":\"https:\/\/staging.hydrachim.fr\/produit\/h202-acide-concentre\/#primaryimage\"},\"thumbnailUrl\":\"https:\/\/staging.hydrachim.fr\/app\/uploads\/2019\/08\/1724-H2O2-ACIDE-CONCENTRE-24-KG.png\",\"datePublished\":\"2019-08-06T13:42:18+00:00\",\"dateModified\":\"2019-10-14T13:12:38+00:00\",\"breadcrumb\":{\"@id\":\"https:\/\/staging.hydrachim.fr\/produit\/h202-acide-concentre\/#breadcrumb\"},\"inLanguage\":\"en-US\",\"potentialAction\":[{\"@type\":\"ReadAction\",\"target\":[\"https:\/\/staging.hydrachim.fr\/produit\/h202-acide-concentre\/\"]}]},{\"@type\":\"ImageObject\",\"inLanguage\":\"en-US\",\"@id\":\"https:\/\/staging.hydrachim.fr\/produit\/h202-acide-concentre\/#primaryimage\",\"url\":\"https:\/\/staging.hydrachim.fr\/app\/uploads\/2019\/08\/1724-H2O2-ACIDE-CONCENTRE-24-KG.png\",\"contentUrl\":\"https:\/\/staging.hydrachim.fr\/app\/uploads\/2019\/08\/1724-H2O2-ACIDE-CONCENTRE-24-KG.png\",\"width\":2016,\"height\":2858},{\"@type\":\"BreadcrumbList\",\"@id\":\"https:\/\/staging.hydrachim.fr\/produit\/h202-acide-concentre\/#breadcrumb\",\"itemListElement\":[{\"@type\":\"ListItem\",\"position\":1,\"name\":\"Home\",\"item\":\"https:\/\/staging.hydrachim.fr\/en\/\"},{\"@type\":\"ListItem\",\"position\":2,\"name\":\"Shop\",\"item\":\"https:\/\/staging.hydrachim.fr\/en\/shop\/\"},{\"@type\":\"ListItem\",\"position\":3,\"name\":\"H202 acide concentr\u00e9\"}]},{\"@type\":\"WebSite\",\"@id\":\"https:\/\/staging.hydrachim.fr\/#website\",\"url\":\"https:\/\/staging.hydrachim.fr\/\",\"name\":\"Hydrachim\",\"description\":\"La science de l&#039;hygi\u00e8ne\",\"potentialAction\":[{\"@type\":\"SearchAction\",\"target\":{\"@type\":\"EntryPoint\",\"urlTemplate\":\"https:\/\/staging.hydrachim.fr\/?s={search_term_string}\"},\"query-input\":{\"@type\":\"PropertyValueSpecification\",\"valueRequired\":true,\"valueName\":\"search_term_string\"}}],\"inLanguage\":\"en-US\"}]}<\/script>\n<!-- \/ Yoast SEO plugin. -->","yoast_head_json":{"title":"H202 acide concentr\u00e9 - Hydrachim","robots":{"index":"noindex","follow":"follow","max-snippet":"max-snippet:-1","max-image-preview":"max-image-preview:large","max-video-preview":"max-video-preview:-1"},"og_locale":"en_US","og_type":"article","og_title":"H202 acide concentr\u00e9 - Hydrachim","og_description":"Acidifiant des circuits d'eau en \u00e9levage.","og_url":"https:\/\/staging.hydrachim.fr\/produit\/h202-acide-concentre\/","og_site_name":"Hydrachim","article_modified_time":"2019-10-14T13:12:38+00:00","og_image":[{"width":722,"height":1024,"url":"https:\/\/staging.hydrachim.fr\/app\/uploads\/2019\/08\/1724-H2O2-ACIDE-CONCENTRE-24-KG-722x1024.png","type":"image\/png"}],"twitter_card":"summary_large_image","schema":{"@context":"https:\/\/schema.org","@graph":[{"@type":"WebPage","@id":"https:\/\/staging.hydrachim.fr\/produit\/h202-acide-concentre\/","url":"https:\/\/staging.hydrachim.fr\/produit\/h202-acide-concentre\/","name":"H202 acide concentr\u00e9 - Hydrachim","isPartOf":{"@id":"https:\/\/staging.hydrachim.fr\/#website"},"primaryImageOfPage":{"@id":"https:\/\/staging.hydrachim.fr\/produit\/h202-acide-concentre\/#primaryimage"},"image":{"@id":"https:\/\/staging.hydrachim.fr\/produit\/h202-acide-concentre\/#primaryimage"},"thumbnailUrl":"https:\/\/staging.hydrachim.fr\/app\/uploads\/2019\/08\/1724-H2O2-ACIDE-CONCENTRE-24-KG.png","datePublished":"2019-08-06T13:42:18+00:00","dateModified":"2019-10-14T13:12:38+00:00","breadcrumb":{"@id":"https:\/\/staging.hydrachim.fr\/produit\/h202-acide-concentre\/#breadcrumb"},"inLanguage":"en-US","potentialAction":[{"@type":"ReadAction","target":["https:\/\/staging.hydrachim.fr\/produit\/h202-acide-concentre\/"]}]},{"@type":"ImageObject","inLanguage":"en-US","@id":"https:\/\/staging.hydrachim.fr\/produit\/h202-acide-concentre\/#primaryimage","url":"https:\/\/staging.hydrachim.fr\/app\/uploads\/2019\/08\/1724-H2O2-ACIDE-CONCENTRE-24-KG.png","contentUrl":"https:\/\/staging.hydrachim.fr\/app\/uploads\/2019\/08\/1724-H2O2-ACIDE-CONCENTRE-24-KG.png","width":2016,"height":2858},{"@type":"BreadcrumbList","@id":"https:\/\/staging.hydrachim.fr\/produit\/h202-acide-concentre\/#breadcrumb","itemListElement":[{"@type":"ListItem","position":1,"name":"Home","item":"https:\/\/staging.hydrachim.fr\/en\/"},{"@type":"ListItem","position":2,"name":"Shop","item":"https:\/\/staging.hydrachim.fr\/en\/shop\/"},{"@type":"ListItem","position":3,"name":"H202 acide concentr\u00e9"}]},{"@type":"WebSite","@id":"https:\/\/staging.hydrachim.fr\/#website","url":"https:\/\/staging.hydrachim.fr\/","name":"Hydrachim","description":"La science de l&#039;hygi\u00e8ne","potentialAction":[{"@type":"SearchAction","target":{"@type":"EntryPoint","urlTemplate":"https:\/\/staging.hydrachim.fr\/?s={search_term_string}"},"query-input":{"@type":"PropertyValueSpecification","valueRequired":true,"valueName":"search_term_string"}}],"inLanguage":"en-US"}]}},"acf":{"fiche_technique":"https:\/\/staging.hydrachim.fr\/app\/uploads\/2019\/10\/FT_1724_H202_CONCENTRE.pdf","fiche_methode":""},"_links":{"self":[{"href":"https:\/\/staging.hydrachim.fr\/en\/wp-json\/wp\/v2\/product\/3290","targetHints":{"allow":["GET"]}}],"collection":[{"href":"https:\/\/staging.hydrachim.fr\/en\/wp-json\/wp\/v2\/product"}],"about":[{"href":"https:\/\/staging.hydrachim.fr\/en\/wp-json\/wp\/v2\/types\/product"}],"wp:featuredmedia":[{"embeddable":true,"href":"https:\/\/staging.hydrachim.fr\/en\/wp-json\/wp\/v2\/media\/2183"}],"wp:attachment":[{"href":"https:\/\/staging.hydrachim.fr\/en\/wp-json\/wp\/v2\/media?parent=3290"}],"wp:term":[{"taxonomy":"product_brand","embeddable":true,"href":"https:\/\/staging.hydrachim.fr\/en\/wp-json\/wp\/v2\/product_brand?post=3290"},{"taxonomy":"product_type","embeddable":true,"href":"https:\/\/staging.hydrachim.fr\/en\/wp-json\/wp\/v2\/product_type?post=3290"},{"taxonomy":"product_visibility","embeddable":true,"href":"https:\/\/staging.hydrachim.fr\/en\/wp-json\/wp\/v2\/product_visibility?post=3290"},{"taxonomy":"product_cat","embeddable":true,"href":"https:\/\/staging.hydrachim.fr\/en\/wp-json\/wp\/v2\/product_cat?post=3290"}],"curies":[{"name":"wp","href":"https:\/\/api.w.org\/{rel}","templated":true}]}}