{"id":3296,"date":"2019-08-06T15:42:24","date_gmt":"2019-08-06T13:42:24","guid":{"rendered":"https:\/\/staging.hydrachim.fr\/product\/iodine-guard\/"},"modified":"2019-10-11T15:45:40","modified_gmt":"2019-10-11T13:45:40","slug":"iodine-guard","status":"publish","type":"product","link":"https:\/\/staging.hydrachim.fr\/en\/produit\/iodine-guard\/","title":{"rendered":"Iodine guard"},"content":{"rendered":"<p><strong>Iodine Guard est un produit liquide d&#8217;hygi\u00e8ne d\u00e9velopp\u00e9 pour l&#8217;hygi\u00e8ne et la d\u00e9sinfection optimum des trayons entre deux traites avec un \u00ab\u00a0effet capote\u00a0\u00bb.<\/strong><\/p>\n<p>L&#8217;Iodine Guard est un produit pr\u00eat \u00e0 l&#8217;emploi \u00e0 base de polyvidone iod\u00e9e qui assure la d\u00e9sinfection des trayons tout en leur donnant douceur et souplesse. Il hydrate les trayons, ne goutte pas, obture le sphincter ce qui permet une parfaite protection apr\u00e8s la traite pendant la p\u00e9riode \u00e0 risques (premi\u00e8res heures) et jusqu&#8217;\u00e0 la traite suivante. Dans un m\u00eame temps, les composants du Iodine Guard entretiennent la souplesse du sphincter. Il laisse un film visible jusqu&#8217;\u00e0 la traite suivante.<br \/>\nL&#8217;Iodine Guard est efficace sur les bact\u00e9ries responsables des mammites selon la norme EN 1656.<br \/>\nProduit utilisable en agriculture biologique conforme au (CE) 834\/2007 (et ses amendements).<\/p>\n<p><strong>Disponible en :<br \/>\n&#8211; bidon de 20kg R\u00e9f. 001112201,<br \/>\n&#8211; f\u00fbt de 60kg R2f. 001112205.<\/strong><\/p>\n<p class=\"y-product y-product__product-subtitle\">Avantage :<\/p>\n<p>L&#8217;\u00e9cran filmant du Iodine Guard assure une protection physique du trayon face aux agressions bact\u00e9riennes et environnementales.<\/p>\n<p>Retrouvez le mode d&#8217;emploi et le dosage du produit en t\u00e9l\u00e9chargeant, ci-dessous, sa Fiche Technique et\/ou sa Fiche M\u00e9thode.<\/p>\n<p><em>Utilisez les biocides avec pr\u00e9caution. Avant toute utilisation, lisez l&#8217;\u00e9tiquette et les informations concernant le produit.<\/em><\/p>\n","protected":false},"excerpt":{"rendered":"<p>Hygi\u00e8ne du trayon apr\u00e8s traite, filmog\u00e8ne.<\/p>\n","protected":false},"featured_media":5093,"template":"","meta":[],"product_brand":[],"product_type":[2],"product_visibility":[],"product_cat":[4154,3985],"class_list":{"0":"post-3296","1":"product","2":"type-product","3":"status-publish","4":"has-post-thumbnail","6":"product_cat-marqueshydrachim-elevage","7":"product_cat-hygiene-mamelle","8":"product_tag-bactericide","9":"product_tag-barriere","10":"product_tag-desinfectant","11":"product_tag-economique","12":"product_tag-effet-capote","13":"product_tag-hygiene-des-mamelles","14":"product_tag-liquide","15":"product_tag-longue-duree","16":"product_tag-mamelle","17":"product_tag-manuel","18":"product_tag-pret-a-lemploi","19":"product_tag-protection","20":"product_tag-tp3","21":"product_tag-trempage","23":"first","24":"instock","25":"shipping-taxable","26":"product-type-simple"},"yoast_head":"<!-- This site is optimized with the Yoast SEO plugin v24.7 - https:\/\/yoast.com\/wordpress\/plugins\/seo\/ -->\n<title>Iodine guard - Hydrachim<\/title>\n<meta name=\"robots\" content=\"noindex, follow, max-snippet:-1, max-image-preview:large, max-video-preview:-1\" \/>\n<meta property=\"og:locale\" content=\"en_US\" \/>\n<meta property=\"og:type\" content=\"article\" \/>\n<meta property=\"og:title\" content=\"Iodine guard - Hydrachim\" \/>\n<meta property=\"og:description\" content=\"Hygi\u00e8ne du trayon apr\u00e8s traite, filmog\u00e8ne.\" \/>\n<meta property=\"og:url\" content=\"https:\/\/staging.hydrachim.fr\/produit\/iodine-guard\/\" \/>\n<meta property=\"og:site_name\" content=\"Hydrachim\" \/>\n<meta property=\"article:modified_time\" content=\"2019-10-11T13:45:40+00:00\" \/>\n<meta property=\"og:image\" content=\"https:\/\/staging.hydrachim.fr\/app\/uploads\/2019\/10\/1122-Iodine-guard-20kg-PHOTO-WEB.png\" \/>\n\t<meta property=\"og:image:width\" content=\"496\" \/>\n\t<meta property=\"og:image:height\" content=\"600\" \/>\n\t<meta property=\"og:image:type\" content=\"image\/png\" \/>\n<meta name=\"twitter:card\" content=\"summary_large_image\" \/>\n<meta name=\"twitter:label1\" content=\"Est. reading time\" \/>\n\t<meta name=\"twitter:data1\" content=\"1 minute\" \/>\n<script type=\"application\/ld+json\" class=\"yoast-schema-graph\">{\"@context\":\"https:\/\/schema.org\",\"@graph\":[{\"@type\":\"WebPage\",\"@id\":\"https:\/\/staging.hydrachim.fr\/produit\/iodine-guard\/\",\"url\":\"https:\/\/staging.hydrachim.fr\/produit\/iodine-guard\/\",\"name\":\"Iodine guard - Hydrachim\",\"isPartOf\":{\"@id\":\"https:\/\/staging.hydrachim.fr\/#website\"},\"primaryImageOfPage\":{\"@id\":\"https:\/\/staging.hydrachim.fr\/produit\/iodine-guard\/#primaryimage\"},\"image\":{\"@id\":\"https:\/\/staging.hydrachim.fr\/produit\/iodine-guard\/#primaryimage\"},\"thumbnailUrl\":\"https:\/\/staging.hydrachim.fr\/app\/uploads\/2019\/10\/1122-Iodine-guard-20kg-PHOTO-WEB.png\",\"datePublished\":\"2019-08-06T13:42:24+00:00\",\"dateModified\":\"2019-10-11T13:45:40+00:00\",\"breadcrumb\":{\"@id\":\"https:\/\/staging.hydrachim.fr\/produit\/iodine-guard\/#breadcrumb\"},\"inLanguage\":\"en-US\",\"potentialAction\":[{\"@type\":\"ReadAction\",\"target\":[\"https:\/\/staging.hydrachim.fr\/produit\/iodine-guard\/\"]}]},{\"@type\":\"ImageObject\",\"inLanguage\":\"en-US\",\"@id\":\"https:\/\/staging.hydrachim.fr\/produit\/iodine-guard\/#primaryimage\",\"url\":\"https:\/\/staging.hydrachim.fr\/app\/uploads\/2019\/10\/1122-Iodine-guard-20kg-PHOTO-WEB.png\",\"contentUrl\":\"https:\/\/staging.hydrachim.fr\/app\/uploads\/2019\/10\/1122-Iodine-guard-20kg-PHOTO-WEB.png\",\"width\":496,\"height\":600},{\"@type\":\"BreadcrumbList\",\"@id\":\"https:\/\/staging.hydrachim.fr\/produit\/iodine-guard\/#breadcrumb\",\"itemListElement\":[{\"@type\":\"ListItem\",\"position\":1,\"name\":\"Home\",\"item\":\"https:\/\/staging.hydrachim.fr\/en\/\"},{\"@type\":\"ListItem\",\"position\":2,\"name\":\"Shop\",\"item\":\"https:\/\/staging.hydrachim.fr\/en\/shop\/\"},{\"@type\":\"ListItem\",\"position\":3,\"name\":\"Iodine guard\"}]},{\"@type\":\"WebSite\",\"@id\":\"https:\/\/staging.hydrachim.fr\/#website\",\"url\":\"https:\/\/staging.hydrachim.fr\/\",\"name\":\"Hydrachim\",\"description\":\"La science de l&#039;hygi\u00e8ne\",\"potentialAction\":[{\"@type\":\"SearchAction\",\"target\":{\"@type\":\"EntryPoint\",\"urlTemplate\":\"https:\/\/staging.hydrachim.fr\/?s={search_term_string}\"},\"query-input\":{\"@type\":\"PropertyValueSpecification\",\"valueRequired\":true,\"valueName\":\"search_term_string\"}}],\"inLanguage\":\"en-US\"}]}<\/script>\n<!-- \/ Yoast SEO plugin. -->","yoast_head_json":{"title":"Iodine guard - Hydrachim","robots":{"index":"noindex","follow":"follow","max-snippet":"max-snippet:-1","max-image-preview":"max-image-preview:large","max-video-preview":"max-video-preview:-1"},"og_locale":"en_US","og_type":"article","og_title":"Iodine guard - Hydrachim","og_description":"Hygi\u00e8ne du trayon apr\u00e8s traite, filmog\u00e8ne.","og_url":"https:\/\/staging.hydrachim.fr\/produit\/iodine-guard\/","og_site_name":"Hydrachim","article_modified_time":"2019-10-11T13:45:40+00:00","og_image":[{"width":496,"height":600,"url":"https:\/\/staging.hydrachim.fr\/app\/uploads\/2019\/10\/1122-Iodine-guard-20kg-PHOTO-WEB.png","type":"image\/png"}],"twitter_card":"summary_large_image","twitter_misc":{"Est. reading time":"1 minute"},"schema":{"@context":"https:\/\/schema.org","@graph":[{"@type":"WebPage","@id":"https:\/\/staging.hydrachim.fr\/produit\/iodine-guard\/","url":"https:\/\/staging.hydrachim.fr\/produit\/iodine-guard\/","name":"Iodine guard - Hydrachim","isPartOf":{"@id":"https:\/\/staging.hydrachim.fr\/#website"},"primaryImageOfPage":{"@id":"https:\/\/staging.hydrachim.fr\/produit\/iodine-guard\/#primaryimage"},"image":{"@id":"https:\/\/staging.hydrachim.fr\/produit\/iodine-guard\/#primaryimage"},"thumbnailUrl":"https:\/\/staging.hydrachim.fr\/app\/uploads\/2019\/10\/1122-Iodine-guard-20kg-PHOTO-WEB.png","datePublished":"2019-08-06T13:42:24+00:00","dateModified":"2019-10-11T13:45:40+00:00","breadcrumb":{"@id":"https:\/\/staging.hydrachim.fr\/produit\/iodine-guard\/#breadcrumb"},"inLanguage":"en-US","potentialAction":[{"@type":"ReadAction","target":["https:\/\/staging.hydrachim.fr\/produit\/iodine-guard\/"]}]},{"@type":"ImageObject","inLanguage":"en-US","@id":"https:\/\/staging.hydrachim.fr\/produit\/iodine-guard\/#primaryimage","url":"https:\/\/staging.hydrachim.fr\/app\/uploads\/2019\/10\/1122-Iodine-guard-20kg-PHOTO-WEB.png","contentUrl":"https:\/\/staging.hydrachim.fr\/app\/uploads\/2019\/10\/1122-Iodine-guard-20kg-PHOTO-WEB.png","width":496,"height":600},{"@type":"BreadcrumbList","@id":"https:\/\/staging.hydrachim.fr\/produit\/iodine-guard\/#breadcrumb","itemListElement":[{"@type":"ListItem","position":1,"name":"Home","item":"https:\/\/staging.hydrachim.fr\/en\/"},{"@type":"ListItem","position":2,"name":"Shop","item":"https:\/\/staging.hydrachim.fr\/en\/shop\/"},{"@type":"ListItem","position":3,"name":"Iodine guard"}]},{"@type":"WebSite","@id":"https:\/\/staging.hydrachim.fr\/#website","url":"https:\/\/staging.hydrachim.fr\/","name":"Hydrachim","description":"La science de l&#039;hygi\u00e8ne","potentialAction":[{"@type":"SearchAction","target":{"@type":"EntryPoint","urlTemplate":"https:\/\/staging.hydrachim.fr\/?s={search_term_string}"},"query-input":{"@type":"PropertyValueSpecification","valueRequired":true,"valueName":"search_term_string"}}],"inLanguage":"en-US"}]}},"acf":{"fiche_technique":"","fiche_methode":""},"_links":{"self":[{"href":"https:\/\/staging.hydrachim.fr\/en\/wp-json\/wp\/v2\/product\/3296","targetHints":{"allow":["GET"]}}],"collection":[{"href":"https:\/\/staging.hydrachim.fr\/en\/wp-json\/wp\/v2\/product"}],"about":[{"href":"https:\/\/staging.hydrachim.fr\/en\/wp-json\/wp\/v2\/types\/product"}],"wp:featuredmedia":[{"embeddable":true,"href":"https:\/\/staging.hydrachim.fr\/en\/wp-json\/wp\/v2\/media\/5093"}],"wp:attachment":[{"href":"https:\/\/staging.hydrachim.fr\/en\/wp-json\/wp\/v2\/media?parent=3296"}],"wp:term":[{"taxonomy":"product_brand","embeddable":true,"href":"https:\/\/staging.hydrachim.fr\/en\/wp-json\/wp\/v2\/product_brand?post=3296"},{"taxonomy":"product_type","embeddable":true,"href":"https:\/\/staging.hydrachim.fr\/en\/wp-json\/wp\/v2\/product_type?post=3296"},{"taxonomy":"product_visibility","embeddable":true,"href":"https:\/\/staging.hydrachim.fr\/en\/wp-json\/wp\/v2\/product_visibility?post=3296"},{"taxonomy":"product_cat","embeddable":true,"href":"https:\/\/staging.hydrachim.fr\/en\/wp-json\/wp\/v2\/product_cat?post=3296"}],"curies":[{"name":"wp","href":"https:\/\/api.w.org\/{rel}","templated":true}]}}