{"id":3297,"date":"2019-08-06T15:42:25","date_gmt":"2019-08-06T13:42:25","guid":{"rendered":"https:\/\/staging.hydrachim.fr\/product\/hydrapis-epais\/"},"modified":"2019-10-14T11:58:39","modified_gmt":"2019-10-14T09:58:39","slug":"hydrapis-epais","status":"publish","type":"product","link":"https:\/\/staging.hydrachim.fr\/en\/produit\/hydrapis-epais\/","title":{"rendered":"Hydrapis \u00e9pais"},"content":{"rendered":"<p><strong>Hydrapis \u00e9pais est un produit de trempage d\u00e9velopp\u00e9 pour l&#8217;hygi\u00e8ne et la protection des trayons apr\u00e8s la traite.<\/strong><\/p>\n<p>L&#8217;Hydrapis \u00e9pais est un produit pr\u00eat \u00e0 l&#8217;emploi qui assure la protection microbienne des trayons tout en leur donnant douceur et souplesse. Il \u00e9vite la formation des ger\u00e7ures et des crevasses. Gr\u00e2ce \u00e0 ses agents surgraissants, l&#8217;Hydrapis \u00e9pais laisse un film hydratant pour une protection optimale et durable. L&#8217;hygi\u00e8ne des trayons est am\u00e9lior\u00e9e par le pouvoir mouillant d&#8217;Hydrapis \u00e9pais qui agit au plus profond des pores.<br \/>\nL&#8217;Hydrapis \u00e9pais est efficace sur les bact\u00e9ries responsables des mammites, selon la norme EN 1656.<br \/>\nProduit utilisable en agriculture biologique conforme au (CE) 834\/2007 (et ses amendements).\n<\/p>\n<p><strong>Disponible en :<br \/>\n&#8211; bidon de 20kg R\u00e9f. 001100404<br \/>\n&#8211; f\u00fbt de 60 kg R\u00e9f. 001100405.<br \/>\n<\/strong><\/p>\n<p class=\"y-product y-product__product-subtitle\">Avantage :<\/p>\n<p>L&#8217;Hydrapis \u00e9pais assure un temps de contact prolong\u00e9 sur le trayon.<\/p>\n<p>Retrouvez le mode d&#8217;emploi et le dosage du produit en t\u00e9l\u00e9chargeant, ci-dessous, sa Fiche Technique et\/ou sa Fiche M\u00e9thode.<\/p>\n<p><em>Utilisez les biocides avec pr\u00e9caution. Avant toute utilisation, lisez l&#8217;\u00e9tiquette et les informations concernant le produit.<\/em><\/p>\n","protected":false},"excerpt":{"rendered":"<p>Hygi\u00e8ne du trayon apr\u00e8s traite, trempage \u00e9pais \u00e0 base de chlorhexidine.<\/p>\n","protected":false},"featured_media":5603,"template":"","meta":[],"product_brand":[],"product_type":[2],"product_visibility":[],"product_cat":[4154,3985],"class_list":{"0":"post-3297","1":"product","2":"type-product","3":"status-publish","4":"has-post-thumbnail","6":"product_cat-marqueshydrachim-elevage","7":"product_cat-hygiene-mamelle","8":"product_tag-agriculture-biologique","9":"product_tag-bactericide","10":"product_tag-biocide","11":"product_tag-economique","12":"product_tag-epais","13":"product_tag-mamelle","14":"product_tag-protection","15":"product_tag-tp3","17":"first","18":"instock","19":"shipping-taxable","20":"product-type-simple"},"yoast_head":"<!-- This site is optimized with the Yoast SEO plugin v24.7 - https:\/\/yoast.com\/wordpress\/plugins\/seo\/ -->\n<title>Hydrapis \u00e9pais - Hydrachim<\/title>\n<meta name=\"robots\" content=\"noindex, follow, max-snippet:-1, max-image-preview:large, max-video-preview:-1\" \/>\n<meta property=\"og:locale\" content=\"en_US\" \/>\n<meta property=\"og:type\" content=\"article\" \/>\n<meta property=\"og:title\" content=\"Hydrapis \u00e9pais - Hydrachim\" \/>\n<meta property=\"og:description\" content=\"Hygi\u00e8ne du trayon apr\u00e8s traite, trempage \u00e9pais \u00e0 base de chlorhexidine.\" \/>\n<meta property=\"og:url\" content=\"https:\/\/staging.hydrachim.fr\/produit\/hydrapis-epais\/\" \/>\n<meta property=\"og:site_name\" content=\"Hydrachim\" \/>\n<meta property=\"article:modified_time\" content=\"2019-10-14T09:58:39+00:00\" \/>\n<meta property=\"og:image\" content=\"https:\/\/staging.hydrachim.fr\/app\/uploads\/2019\/10\/1004_Hydrapis_Epais_20kg.png\" \/>\n\t<meta property=\"og:image:width\" content=\"310\" \/>\n\t<meta property=\"og:image:height\" content=\"378\" \/>\n\t<meta property=\"og:image:type\" content=\"image\/png\" \/>\n<meta name=\"twitter:card\" content=\"summary_large_image\" \/>\n<meta name=\"twitter:label1\" content=\"Est. reading time\" \/>\n\t<meta name=\"twitter:data1\" content=\"1 minute\" \/>\n<script type=\"application\/ld+json\" class=\"yoast-schema-graph\">{\"@context\":\"https:\/\/schema.org\",\"@graph\":[{\"@type\":\"WebPage\",\"@id\":\"https:\/\/staging.hydrachim.fr\/produit\/hydrapis-epais\/\",\"url\":\"https:\/\/staging.hydrachim.fr\/produit\/hydrapis-epais\/\",\"name\":\"Hydrapis \u00e9pais - Hydrachim\",\"isPartOf\":{\"@id\":\"https:\/\/staging.hydrachim.fr\/#website\"},\"primaryImageOfPage\":{\"@id\":\"https:\/\/staging.hydrachim.fr\/produit\/hydrapis-epais\/#primaryimage\"},\"image\":{\"@id\":\"https:\/\/staging.hydrachim.fr\/produit\/hydrapis-epais\/#primaryimage\"},\"thumbnailUrl\":\"https:\/\/staging.hydrachim.fr\/app\/uploads\/2019\/10\/1004_Hydrapis_Epais_20kg.png\",\"datePublished\":\"2019-08-06T13:42:25+00:00\",\"dateModified\":\"2019-10-14T09:58:39+00:00\",\"breadcrumb\":{\"@id\":\"https:\/\/staging.hydrachim.fr\/produit\/hydrapis-epais\/#breadcrumb\"},\"inLanguage\":\"en-US\",\"potentialAction\":[{\"@type\":\"ReadAction\",\"target\":[\"https:\/\/staging.hydrachim.fr\/produit\/hydrapis-epais\/\"]}]},{\"@type\":\"ImageObject\",\"inLanguage\":\"en-US\",\"@id\":\"https:\/\/staging.hydrachim.fr\/produit\/hydrapis-epais\/#primaryimage\",\"url\":\"https:\/\/staging.hydrachim.fr\/app\/uploads\/2019\/10\/1004_Hydrapis_Epais_20kg.png\",\"contentUrl\":\"https:\/\/staging.hydrachim.fr\/app\/uploads\/2019\/10\/1004_Hydrapis_Epais_20kg.png\",\"width\":310,\"height\":378},{\"@type\":\"BreadcrumbList\",\"@id\":\"https:\/\/staging.hydrachim.fr\/produit\/hydrapis-epais\/#breadcrumb\",\"itemListElement\":[{\"@type\":\"ListItem\",\"position\":1,\"name\":\"Home\",\"item\":\"https:\/\/staging.hydrachim.fr\/en\/\"},{\"@type\":\"ListItem\",\"position\":2,\"name\":\"Shop\",\"item\":\"https:\/\/staging.hydrachim.fr\/en\/shop\/\"},{\"@type\":\"ListItem\",\"position\":3,\"name\":\"Hydrapis \u00e9pais\"}]},{\"@type\":\"WebSite\",\"@id\":\"https:\/\/staging.hydrachim.fr\/#website\",\"url\":\"https:\/\/staging.hydrachim.fr\/\",\"name\":\"Hydrachim\",\"description\":\"La science de l&#039;hygi\u00e8ne\",\"potentialAction\":[{\"@type\":\"SearchAction\",\"target\":{\"@type\":\"EntryPoint\",\"urlTemplate\":\"https:\/\/staging.hydrachim.fr\/?s={search_term_string}\"},\"query-input\":{\"@type\":\"PropertyValueSpecification\",\"valueRequired\":true,\"valueName\":\"search_term_string\"}}],\"inLanguage\":\"en-US\"}]}<\/script>\n<!-- \/ Yoast SEO plugin. -->","yoast_head_json":{"title":"Hydrapis \u00e9pais - Hydrachim","robots":{"index":"noindex","follow":"follow","max-snippet":"max-snippet:-1","max-image-preview":"max-image-preview:large","max-video-preview":"max-video-preview:-1"},"og_locale":"en_US","og_type":"article","og_title":"Hydrapis \u00e9pais - Hydrachim","og_description":"Hygi\u00e8ne du trayon apr\u00e8s traite, trempage \u00e9pais \u00e0 base de chlorhexidine.","og_url":"https:\/\/staging.hydrachim.fr\/produit\/hydrapis-epais\/","og_site_name":"Hydrachim","article_modified_time":"2019-10-14T09:58:39+00:00","og_image":[{"width":310,"height":378,"url":"https:\/\/staging.hydrachim.fr\/app\/uploads\/2019\/10\/1004_Hydrapis_Epais_20kg.png","type":"image\/png"}],"twitter_card":"summary_large_image","twitter_misc":{"Est. reading time":"1 minute"},"schema":{"@context":"https:\/\/schema.org","@graph":[{"@type":"WebPage","@id":"https:\/\/staging.hydrachim.fr\/produit\/hydrapis-epais\/","url":"https:\/\/staging.hydrachim.fr\/produit\/hydrapis-epais\/","name":"Hydrapis \u00e9pais - Hydrachim","isPartOf":{"@id":"https:\/\/staging.hydrachim.fr\/#website"},"primaryImageOfPage":{"@id":"https:\/\/staging.hydrachim.fr\/produit\/hydrapis-epais\/#primaryimage"},"image":{"@id":"https:\/\/staging.hydrachim.fr\/produit\/hydrapis-epais\/#primaryimage"},"thumbnailUrl":"https:\/\/staging.hydrachim.fr\/app\/uploads\/2019\/10\/1004_Hydrapis_Epais_20kg.png","datePublished":"2019-08-06T13:42:25+00:00","dateModified":"2019-10-14T09:58:39+00:00","breadcrumb":{"@id":"https:\/\/staging.hydrachim.fr\/produit\/hydrapis-epais\/#breadcrumb"},"inLanguage":"en-US","potentialAction":[{"@type":"ReadAction","target":["https:\/\/staging.hydrachim.fr\/produit\/hydrapis-epais\/"]}]},{"@type":"ImageObject","inLanguage":"en-US","@id":"https:\/\/staging.hydrachim.fr\/produit\/hydrapis-epais\/#primaryimage","url":"https:\/\/staging.hydrachim.fr\/app\/uploads\/2019\/10\/1004_Hydrapis_Epais_20kg.png","contentUrl":"https:\/\/staging.hydrachim.fr\/app\/uploads\/2019\/10\/1004_Hydrapis_Epais_20kg.png","width":310,"height":378},{"@type":"BreadcrumbList","@id":"https:\/\/staging.hydrachim.fr\/produit\/hydrapis-epais\/#breadcrumb","itemListElement":[{"@type":"ListItem","position":1,"name":"Home","item":"https:\/\/staging.hydrachim.fr\/en\/"},{"@type":"ListItem","position":2,"name":"Shop","item":"https:\/\/staging.hydrachim.fr\/en\/shop\/"},{"@type":"ListItem","position":3,"name":"Hydrapis \u00e9pais"}]},{"@type":"WebSite","@id":"https:\/\/staging.hydrachim.fr\/#website","url":"https:\/\/staging.hydrachim.fr\/","name":"Hydrachim","description":"La science de l&#039;hygi\u00e8ne","potentialAction":[{"@type":"SearchAction","target":{"@type":"EntryPoint","urlTemplate":"https:\/\/staging.hydrachim.fr\/?s={search_term_string}"},"query-input":{"@type":"PropertyValueSpecification","valueRequired":true,"valueName":"search_term_string"}}],"inLanguage":"en-US"}]}},"acf":{"fiche_technique":"https:\/\/staging.hydrachim.fr\/app\/uploads\/2019\/09\/FT-1004-HYDRAPIS-EPAIS.pdf","fiche_methode":""},"_links":{"self":[{"href":"https:\/\/staging.hydrachim.fr\/en\/wp-json\/wp\/v2\/product\/3297","targetHints":{"allow":["GET"]}}],"collection":[{"href":"https:\/\/staging.hydrachim.fr\/en\/wp-json\/wp\/v2\/product"}],"about":[{"href":"https:\/\/staging.hydrachim.fr\/en\/wp-json\/wp\/v2\/types\/product"}],"wp:featuredmedia":[{"embeddable":true,"href":"https:\/\/staging.hydrachim.fr\/en\/wp-json\/wp\/v2\/media\/5603"}],"wp:attachment":[{"href":"https:\/\/staging.hydrachim.fr\/en\/wp-json\/wp\/v2\/media?parent=3297"}],"wp:term":[{"taxonomy":"product_brand","embeddable":true,"href":"https:\/\/staging.hydrachim.fr\/en\/wp-json\/wp\/v2\/product_brand?post=3297"},{"taxonomy":"product_type","embeddable":true,"href":"https:\/\/staging.hydrachim.fr\/en\/wp-json\/wp\/v2\/product_type?post=3297"},{"taxonomy":"product_visibility","embeddable":true,"href":"https:\/\/staging.hydrachim.fr\/en\/wp-json\/wp\/v2\/product_visibility?post=3297"},{"taxonomy":"product_cat","embeddable":true,"href":"https:\/\/staging.hydrachim.fr\/en\/wp-json\/wp\/v2\/product_cat?post=3297"}],"curies":[{"name":"wp","href":"https:\/\/api.w.org\/{rel}","templated":true}]}}