{"id":3298,"date":"2019-08-06T15:42:26","date_gmt":"2019-08-06T13:42:26","guid":{"rendered":"https:\/\/staging.hydrachim.fr\/product\/hydraperox\/"},"modified":"2019-10-11T16:27:52","modified_gmt":"2019-10-11T14:27:52","slug":"hydraperox","status":"publish","type":"product","link":"https:\/\/staging.hydrachim.fr\/en\/produit\/hydraperox\/","title":{"rendered":"Hydraperox"},"content":{"rendered":"<p><strong>Hydraperox liquide est un produit d&#8217;hygi\u00e8ne d\u00e9velopp\u00e9 pour la potabilisation des eaux de boisson en \u00e9levage.<\/strong><\/p>\n<p>L&#8217;Hydraperox est un produit qui s&#8217;utilise pour la d\u00e9sinfection des eaux de boisson. C&#8217;est un produit \u00e0 base de Peroxyde d&#8217;hydrog\u00e8ne. L&#8217;Hydraperox pr\u00e9vient l&#8217;entartrage des canalisations, diminue les d\u00e9gagements d&#8217;ammoniac et l&#8217;incidence sur les excr\u00e9ments plus secs, \u00e9vite la r\u00e9manence sur la viande, am\u00e9liore la digestibilit\u00e9 et \u00e9limine les mati\u00e8res organiques des canalisations.<br \/>\nProduit utilisable en agriculture biologique conforme au (CE) 834\/2007 (et ses amendements).\n<\/p>\n<p><strong>Disponible en :<br \/>\n&#8211; bidon de 20kg R\u00e9f. 001140605,<br \/>\n&#8211; f\u00fbt de 60kg R\u00e9f. 001140608,<br \/>\n&#8211; f\u00fbt de 200kg R\u00e9f. 001140609,<br \/>\n&#8211; container de 1000kf R\u00e9f. 001140611.<\/strong><\/p>\n<p class=\"y-product y-product__product-subtitle\">Avantage :<\/p>\n<p>L&#8217;Hydraperox peut s&#8217;utiliser en pr\u00e9sence des animaux.<\/p>\n<p>Retrouvez le mode d&#8217;emploi et le dosage du produit en t\u00e9l\u00e9chargeant la Fiche Technique.<\/p>\n<p><em>Utilisez les biocides avec pr\u00e9caution. Avant toute utilisation, lisez l&#8217;\u00e9tiquette et les informations concernant le produit.<\/em><\/p>\n","protected":false},"excerpt":{"rendered":"<p>Potabilisation des eaux de boisson en \u00e9levage.<\/p>\n","protected":false},"featured_media":5336,"template":"","meta":[],"product_brand":[],"product_type":[2],"product_visibility":[],"product_cat":[4115,4154,4089],"class_list":{"0":"post-3298","1":"product","2":"type-product","3":"status-publish","4":"has-post-thumbnail","6":"product_cat-dsinfectionlevage","7":"product_cat-marqueshydrachim-elevage","8":"product_cat-elevagehygine-levage","9":"product_tag-agriculture-biologique","10":"product_tag-concentre","11":"product_tag-desinfectant","12":"product_tag-liquide","13":"product_tag-potabilisation","14":"product_tag-tp3","16":"first","17":"instock","18":"shipping-taxable","19":"product-type-simple"},"yoast_head":"<!-- This site is optimized with the Yoast SEO plugin v24.7 - https:\/\/yoast.com\/wordpress\/plugins\/seo\/ -->\n<title>Hydraperox - Hydrachim<\/title>\n<meta name=\"robots\" content=\"noindex, follow, max-snippet:-1, max-image-preview:large, max-video-preview:-1\" \/>\n<meta property=\"og:locale\" content=\"en_US\" \/>\n<meta property=\"og:type\" content=\"article\" \/>\n<meta property=\"og:title\" content=\"Hydraperox - Hydrachim\" \/>\n<meta property=\"og:description\" content=\"Potabilisation des eaux de boisson en \u00e9levage.\" \/>\n<meta property=\"og:url\" content=\"https:\/\/staging.hydrachim.fr\/produit\/hydraperox\/\" \/>\n<meta property=\"og:site_name\" content=\"Hydrachim\" \/>\n<meta property=\"article:modified_time\" content=\"2019-10-11T14:27:52+00:00\" \/>\n<meta property=\"og:image\" content=\"https:\/\/staging.hydrachim.fr\/app\/uploads\/2019\/10\/1406_hydraperox_20kg.png\" \/>\n\t<meta property=\"og:image:width\" content=\"600\" \/>\n\t<meta property=\"og:image:height\" content=\"856\" \/>\n\t<meta property=\"og:image:type\" content=\"image\/png\" \/>\n<meta name=\"twitter:card\" content=\"summary_large_image\" \/>\n<meta name=\"twitter:label1\" content=\"Est. reading time\" \/>\n\t<meta name=\"twitter:data1\" content=\"1 minute\" \/>\n<script type=\"application\/ld+json\" class=\"yoast-schema-graph\">{\"@context\":\"https:\/\/schema.org\",\"@graph\":[{\"@type\":\"WebPage\",\"@id\":\"https:\/\/staging.hydrachim.fr\/produit\/hydraperox\/\",\"url\":\"https:\/\/staging.hydrachim.fr\/produit\/hydraperox\/\",\"name\":\"Hydraperox - Hydrachim\",\"isPartOf\":{\"@id\":\"https:\/\/staging.hydrachim.fr\/#website\"},\"primaryImageOfPage\":{\"@id\":\"https:\/\/staging.hydrachim.fr\/produit\/hydraperox\/#primaryimage\"},\"image\":{\"@id\":\"https:\/\/staging.hydrachim.fr\/produit\/hydraperox\/#primaryimage\"},\"thumbnailUrl\":\"https:\/\/staging.hydrachim.fr\/app\/uploads\/2019\/10\/1406_hydraperox_20kg.png\",\"datePublished\":\"2019-08-06T13:42:26+00:00\",\"dateModified\":\"2019-10-11T14:27:52+00:00\",\"breadcrumb\":{\"@id\":\"https:\/\/staging.hydrachim.fr\/produit\/hydraperox\/#breadcrumb\"},\"inLanguage\":\"en-US\",\"potentialAction\":[{\"@type\":\"ReadAction\",\"target\":[\"https:\/\/staging.hydrachim.fr\/produit\/hydraperox\/\"]}]},{\"@type\":\"ImageObject\",\"inLanguage\":\"en-US\",\"@id\":\"https:\/\/staging.hydrachim.fr\/produit\/hydraperox\/#primaryimage\",\"url\":\"https:\/\/staging.hydrachim.fr\/app\/uploads\/2019\/10\/1406_hydraperox_20kg.png\",\"contentUrl\":\"https:\/\/staging.hydrachim.fr\/app\/uploads\/2019\/10\/1406_hydraperox_20kg.png\",\"width\":600,\"height\":856},{\"@type\":\"BreadcrumbList\",\"@id\":\"https:\/\/staging.hydrachim.fr\/produit\/hydraperox\/#breadcrumb\",\"itemListElement\":[{\"@type\":\"ListItem\",\"position\":1,\"name\":\"Home\",\"item\":\"https:\/\/staging.hydrachim.fr\/en\/\"},{\"@type\":\"ListItem\",\"position\":2,\"name\":\"Shop\",\"item\":\"https:\/\/staging.hydrachim.fr\/en\/shop\/\"},{\"@type\":\"ListItem\",\"position\":3,\"name\":\"Hydraperox\"}]},{\"@type\":\"WebSite\",\"@id\":\"https:\/\/staging.hydrachim.fr\/#website\",\"url\":\"https:\/\/staging.hydrachim.fr\/\",\"name\":\"Hydrachim\",\"description\":\"La science de l&#039;hygi\u00e8ne\",\"potentialAction\":[{\"@type\":\"SearchAction\",\"target\":{\"@type\":\"EntryPoint\",\"urlTemplate\":\"https:\/\/staging.hydrachim.fr\/?s={search_term_string}\"},\"query-input\":{\"@type\":\"PropertyValueSpecification\",\"valueRequired\":true,\"valueName\":\"search_term_string\"}}],\"inLanguage\":\"en-US\"}]}<\/script>\n<!-- \/ Yoast SEO plugin. -->","yoast_head_json":{"title":"Hydraperox - Hydrachim","robots":{"index":"noindex","follow":"follow","max-snippet":"max-snippet:-1","max-image-preview":"max-image-preview:large","max-video-preview":"max-video-preview:-1"},"og_locale":"en_US","og_type":"article","og_title":"Hydraperox - Hydrachim","og_description":"Potabilisation des eaux de boisson en \u00e9levage.","og_url":"https:\/\/staging.hydrachim.fr\/produit\/hydraperox\/","og_site_name":"Hydrachim","article_modified_time":"2019-10-11T14:27:52+00:00","og_image":[{"width":600,"height":856,"url":"https:\/\/staging.hydrachim.fr\/app\/uploads\/2019\/10\/1406_hydraperox_20kg.png","type":"image\/png"}],"twitter_card":"summary_large_image","twitter_misc":{"Est. reading time":"1 minute"},"schema":{"@context":"https:\/\/schema.org","@graph":[{"@type":"WebPage","@id":"https:\/\/staging.hydrachim.fr\/produit\/hydraperox\/","url":"https:\/\/staging.hydrachim.fr\/produit\/hydraperox\/","name":"Hydraperox - Hydrachim","isPartOf":{"@id":"https:\/\/staging.hydrachim.fr\/#website"},"primaryImageOfPage":{"@id":"https:\/\/staging.hydrachim.fr\/produit\/hydraperox\/#primaryimage"},"image":{"@id":"https:\/\/staging.hydrachim.fr\/produit\/hydraperox\/#primaryimage"},"thumbnailUrl":"https:\/\/staging.hydrachim.fr\/app\/uploads\/2019\/10\/1406_hydraperox_20kg.png","datePublished":"2019-08-06T13:42:26+00:00","dateModified":"2019-10-11T14:27:52+00:00","breadcrumb":{"@id":"https:\/\/staging.hydrachim.fr\/produit\/hydraperox\/#breadcrumb"},"inLanguage":"en-US","potentialAction":[{"@type":"ReadAction","target":["https:\/\/staging.hydrachim.fr\/produit\/hydraperox\/"]}]},{"@type":"ImageObject","inLanguage":"en-US","@id":"https:\/\/staging.hydrachim.fr\/produit\/hydraperox\/#primaryimage","url":"https:\/\/staging.hydrachim.fr\/app\/uploads\/2019\/10\/1406_hydraperox_20kg.png","contentUrl":"https:\/\/staging.hydrachim.fr\/app\/uploads\/2019\/10\/1406_hydraperox_20kg.png","width":600,"height":856},{"@type":"BreadcrumbList","@id":"https:\/\/staging.hydrachim.fr\/produit\/hydraperox\/#breadcrumb","itemListElement":[{"@type":"ListItem","position":1,"name":"Home","item":"https:\/\/staging.hydrachim.fr\/en\/"},{"@type":"ListItem","position":2,"name":"Shop","item":"https:\/\/staging.hydrachim.fr\/en\/shop\/"},{"@type":"ListItem","position":3,"name":"Hydraperox"}]},{"@type":"WebSite","@id":"https:\/\/staging.hydrachim.fr\/#website","url":"https:\/\/staging.hydrachim.fr\/","name":"Hydrachim","description":"La science de l&#039;hygi\u00e8ne","potentialAction":[{"@type":"SearchAction","target":{"@type":"EntryPoint","urlTemplate":"https:\/\/staging.hydrachim.fr\/?s={search_term_string}"},"query-input":{"@type":"PropertyValueSpecification","valueRequired":true,"valueName":"search_term_string"}}],"inLanguage":"en-US"}]}},"acf":{"fiche_technique":"https:\/\/staging.hydrachim.fr\/app\/uploads\/2019\/10\/FT-1406-HYDRAPEROX.pdf","fiche_methode":""},"_links":{"self":[{"href":"https:\/\/staging.hydrachim.fr\/en\/wp-json\/wp\/v2\/product\/3298","targetHints":{"allow":["GET"]}}],"collection":[{"href":"https:\/\/staging.hydrachim.fr\/en\/wp-json\/wp\/v2\/product"}],"about":[{"href":"https:\/\/staging.hydrachim.fr\/en\/wp-json\/wp\/v2\/types\/product"}],"wp:featuredmedia":[{"embeddable":true,"href":"https:\/\/staging.hydrachim.fr\/en\/wp-json\/wp\/v2\/media\/5336"}],"wp:attachment":[{"href":"https:\/\/staging.hydrachim.fr\/en\/wp-json\/wp\/v2\/media?parent=3298"}],"wp:term":[{"taxonomy":"product_brand","embeddable":true,"href":"https:\/\/staging.hydrachim.fr\/en\/wp-json\/wp\/v2\/product_brand?post=3298"},{"taxonomy":"product_type","embeddable":true,"href":"https:\/\/staging.hydrachim.fr\/en\/wp-json\/wp\/v2\/product_type?post=3298"},{"taxonomy":"product_visibility","embeddable":true,"href":"https:\/\/staging.hydrachim.fr\/en\/wp-json\/wp\/v2\/product_visibility?post=3298"},{"taxonomy":"product_cat","embeddable":true,"href":"https:\/\/staging.hydrachim.fr\/en\/wp-json\/wp\/v2\/product_cat?post=3298"}],"curies":[{"name":"wp","href":"https:\/\/api.w.org\/{rel}","templated":true}]}}