{"id":3299,"date":"2019-08-06T15:42:27","date_gmt":"2019-08-06T13:42:27","guid":{"rendered":"https:\/\/staging.hydrachim.fr\/product\/alpha-septer\/"},"modified":"2019-10-08T11:29:54","modified_gmt":"2019-10-08T09:29:54","slug":"alpha-septer","status":"publish","type":"product","link":"https:\/\/staging.hydrachim.fr\/en\/produit\/alpha-septer\/","title":{"rendered":"Alpha Septer"},"content":{"rendered":"<p><strong>Alpha Septer en pastille est un produit d\u00e9velopp\u00e9 pour la d\u00e9gradation des mati\u00e8res organiques destin\u00e9es aux fosses septiques et toutes eaux, tout en laissant un agr\u00e9able parfum Citron.<\/strong><\/p>\n<p>L&#8217;Alpha Septer est un produit qui est con\u00e7u pour l&#8217;entretien et l&#8217;ensemencement des fosses septiques et des fosses toutes eaux. C&#8217;est un activateur biologique parfum\u00e9, \u00e0 base de micro-organismes non pathog\u00e8nes et d&#8217;enzymes. L&#8217;Alpha Septer permet une meilleure d\u00e9gradation des mati\u00e8res organiques.<\/p>\n<p><strong>Disponible en carton de 12 pots x 12 pastilles de 20 g. R\u00e9f. 002192303<\/strong><\/p>\n<p class=\"y-product y-product__product-subtitle\">Avantage :<\/p>\n<p>L&#8217;Alpha Septer maintien l&#8217;\u00e9quilibre biologique des installations.<\/p>\n<p>Retrouvez le mode d&#8217;emploi et le dosage du produit en t\u00e9l\u00e9chargeant, ci-dessous, sa Fiche Technique et\/ou sa Fiche M\u00e9thode.<\/p>\n<p><em>Avant toute utilisation, lisez l&#8217;\u00e9tiquette et les informations concernant le produit.<\/em><\/p>\n","protected":false},"excerpt":{"rendered":"<p>Alpha Septer en pastille parfum citron<\/p>\n","protected":false},"featured_media":4748,"template":"","meta":[],"product_brand":[],"product_type":[2],"product_visibility":[],"product_cat":[4149,4125,4009,4122,4094],"class_list":{"0":"post-3299","1":"product","2":"type-product","3":"status-publish","4":"has-post-thumbnail","6":"product_cat-marquesactemia","7":"product_cat-sanitairecanalisations","8":"product_cat-produitshygiene-enzymatique","9":"product_cat-produitssanitaire","10":"product_cat-hygiene-enzymatiquesanitaire","11":"product_tag-citron","12":"product_tag-enzymatique","13":"product_tag-fosse-septique","14":"product_tag-pastille","16":"first","17":"instock","18":"shipping-taxable","19":"product-type-simple"},"yoast_head":"<!-- This site is optimized with the Yoast SEO plugin v24.7 - https:\/\/yoast.com\/wordpress\/plugins\/seo\/ -->\n<title>Alpha Septer - Hydrachim<\/title>\n<meta name=\"robots\" content=\"noindex, follow, max-snippet:-1, max-image-preview:large, max-video-preview:-1\" \/>\n<meta property=\"og:locale\" content=\"en_US\" \/>\n<meta property=\"og:type\" content=\"article\" \/>\n<meta property=\"og:title\" content=\"Alpha Septer - Hydrachim\" \/>\n<meta property=\"og:description\" content=\"Alpha Septer en pastille parfum citron\" \/>\n<meta property=\"og:url\" content=\"https:\/\/staging.hydrachim.fr\/produit\/alpha-septer\/\" \/>\n<meta property=\"og:site_name\" content=\"Hydrachim\" \/>\n<meta property=\"article:modified_time\" content=\"2019-10-08T09:29:54+00:00\" \/>\n<meta property=\"og:image\" content=\"https:\/\/staging.hydrachim.fr\/app\/uploads\/2019\/09\/1923_ALPHA_SEPTER-1.png\" \/>\n\t<meta property=\"og:image:width\" content=\"500\" \/>\n\t<meta property=\"og:image:height\" content=\"746\" \/>\n\t<meta property=\"og:image:type\" content=\"image\/png\" \/>\n<meta name=\"twitter:card\" content=\"summary_large_image\" \/>\n<meta name=\"twitter:label1\" content=\"Est. reading time\" \/>\n\t<meta name=\"twitter:data1\" content=\"1 minute\" \/>\n<script type=\"application\/ld+json\" class=\"yoast-schema-graph\">{\"@context\":\"https:\/\/schema.org\",\"@graph\":[{\"@type\":\"WebPage\",\"@id\":\"https:\/\/staging.hydrachim.fr\/produit\/alpha-septer\/\",\"url\":\"https:\/\/staging.hydrachim.fr\/produit\/alpha-septer\/\",\"name\":\"Alpha Septer - Hydrachim\",\"isPartOf\":{\"@id\":\"https:\/\/staging.hydrachim.fr\/#website\"},\"primaryImageOfPage\":{\"@id\":\"https:\/\/staging.hydrachim.fr\/produit\/alpha-septer\/#primaryimage\"},\"image\":{\"@id\":\"https:\/\/staging.hydrachim.fr\/produit\/alpha-septer\/#primaryimage\"},\"thumbnailUrl\":\"https:\/\/staging.hydrachim.fr\/app\/uploads\/2019\/09\/1923_ALPHA_SEPTER-1.png\",\"datePublished\":\"2019-08-06T13:42:27+00:00\",\"dateModified\":\"2019-10-08T09:29:54+00:00\",\"breadcrumb\":{\"@id\":\"https:\/\/staging.hydrachim.fr\/produit\/alpha-septer\/#breadcrumb\"},\"inLanguage\":\"en-US\",\"potentialAction\":[{\"@type\":\"ReadAction\",\"target\":[\"https:\/\/staging.hydrachim.fr\/produit\/alpha-septer\/\"]}]},{\"@type\":\"ImageObject\",\"inLanguage\":\"en-US\",\"@id\":\"https:\/\/staging.hydrachim.fr\/produit\/alpha-septer\/#primaryimage\",\"url\":\"https:\/\/staging.hydrachim.fr\/app\/uploads\/2019\/09\/1923_ALPHA_SEPTER-1.png\",\"contentUrl\":\"https:\/\/staging.hydrachim.fr\/app\/uploads\/2019\/09\/1923_ALPHA_SEPTER-1.png\",\"width\":500,\"height\":746},{\"@type\":\"BreadcrumbList\",\"@id\":\"https:\/\/staging.hydrachim.fr\/produit\/alpha-septer\/#breadcrumb\",\"itemListElement\":[{\"@type\":\"ListItem\",\"position\":1,\"name\":\"Home\",\"item\":\"https:\/\/staging.hydrachim.fr\/en\/\"},{\"@type\":\"ListItem\",\"position\":2,\"name\":\"Shop\",\"item\":\"https:\/\/staging.hydrachim.fr\/en\/shop\/\"},{\"@type\":\"ListItem\",\"position\":3,\"name\":\"Alpha Septer\"}]},{\"@type\":\"WebSite\",\"@id\":\"https:\/\/staging.hydrachim.fr\/#website\",\"url\":\"https:\/\/staging.hydrachim.fr\/\",\"name\":\"Hydrachim\",\"description\":\"La science de l&#039;hygi\u00e8ne\",\"potentialAction\":[{\"@type\":\"SearchAction\",\"target\":{\"@type\":\"EntryPoint\",\"urlTemplate\":\"https:\/\/staging.hydrachim.fr\/?s={search_term_string}\"},\"query-input\":{\"@type\":\"PropertyValueSpecification\",\"valueRequired\":true,\"valueName\":\"search_term_string\"}}],\"inLanguage\":\"en-US\"}]}<\/script>\n<!-- \/ Yoast SEO plugin. -->","yoast_head_json":{"title":"Alpha Septer - Hydrachim","robots":{"index":"noindex","follow":"follow","max-snippet":"max-snippet:-1","max-image-preview":"max-image-preview:large","max-video-preview":"max-video-preview:-1"},"og_locale":"en_US","og_type":"article","og_title":"Alpha Septer - Hydrachim","og_description":"Alpha Septer en pastille parfum citron","og_url":"https:\/\/staging.hydrachim.fr\/produit\/alpha-septer\/","og_site_name":"Hydrachim","article_modified_time":"2019-10-08T09:29:54+00:00","og_image":[{"width":500,"height":746,"url":"https:\/\/staging.hydrachim.fr\/app\/uploads\/2019\/09\/1923_ALPHA_SEPTER-1.png","type":"image\/png"}],"twitter_card":"summary_large_image","twitter_misc":{"Est. reading time":"1 minute"},"schema":{"@context":"https:\/\/schema.org","@graph":[{"@type":"WebPage","@id":"https:\/\/staging.hydrachim.fr\/produit\/alpha-septer\/","url":"https:\/\/staging.hydrachim.fr\/produit\/alpha-septer\/","name":"Alpha Septer - Hydrachim","isPartOf":{"@id":"https:\/\/staging.hydrachim.fr\/#website"},"primaryImageOfPage":{"@id":"https:\/\/staging.hydrachim.fr\/produit\/alpha-septer\/#primaryimage"},"image":{"@id":"https:\/\/staging.hydrachim.fr\/produit\/alpha-septer\/#primaryimage"},"thumbnailUrl":"https:\/\/staging.hydrachim.fr\/app\/uploads\/2019\/09\/1923_ALPHA_SEPTER-1.png","datePublished":"2019-08-06T13:42:27+00:00","dateModified":"2019-10-08T09:29:54+00:00","breadcrumb":{"@id":"https:\/\/staging.hydrachim.fr\/produit\/alpha-septer\/#breadcrumb"},"inLanguage":"en-US","potentialAction":[{"@type":"ReadAction","target":["https:\/\/staging.hydrachim.fr\/produit\/alpha-septer\/"]}]},{"@type":"ImageObject","inLanguage":"en-US","@id":"https:\/\/staging.hydrachim.fr\/produit\/alpha-septer\/#primaryimage","url":"https:\/\/staging.hydrachim.fr\/app\/uploads\/2019\/09\/1923_ALPHA_SEPTER-1.png","contentUrl":"https:\/\/staging.hydrachim.fr\/app\/uploads\/2019\/09\/1923_ALPHA_SEPTER-1.png","width":500,"height":746},{"@type":"BreadcrumbList","@id":"https:\/\/staging.hydrachim.fr\/produit\/alpha-septer\/#breadcrumb","itemListElement":[{"@type":"ListItem","position":1,"name":"Home","item":"https:\/\/staging.hydrachim.fr\/en\/"},{"@type":"ListItem","position":2,"name":"Shop","item":"https:\/\/staging.hydrachim.fr\/en\/shop\/"},{"@type":"ListItem","position":3,"name":"Alpha Septer"}]},{"@type":"WebSite","@id":"https:\/\/staging.hydrachim.fr\/#website","url":"https:\/\/staging.hydrachim.fr\/","name":"Hydrachim","description":"La science de l&#039;hygi\u00e8ne","potentialAction":[{"@type":"SearchAction","target":{"@type":"EntryPoint","urlTemplate":"https:\/\/staging.hydrachim.fr\/?s={search_term_string}"},"query-input":{"@type":"PropertyValueSpecification","valueRequired":true,"valueName":"search_term_string"}}],"inLanguage":"en-US"}]}},"acf":{"fiche_technique":"https:\/\/staging.hydrachim.fr\/app\/uploads\/2019\/09\/FT-1923-ALPHA-SEPTER-x12.pdf","fiche_methode":"https:\/\/staging.hydrachim.fr\/app\/uploads\/2019\/09\/1923-ALPHA-SEPTER-ACTEMIA.pdf"},"_links":{"self":[{"href":"https:\/\/staging.hydrachim.fr\/en\/wp-json\/wp\/v2\/product\/3299","targetHints":{"allow":["GET"]}}],"collection":[{"href":"https:\/\/staging.hydrachim.fr\/en\/wp-json\/wp\/v2\/product"}],"about":[{"href":"https:\/\/staging.hydrachim.fr\/en\/wp-json\/wp\/v2\/types\/product"}],"wp:featuredmedia":[{"embeddable":true,"href":"https:\/\/staging.hydrachim.fr\/en\/wp-json\/wp\/v2\/media\/4748"}],"wp:attachment":[{"href":"https:\/\/staging.hydrachim.fr\/en\/wp-json\/wp\/v2\/media?parent=3299"}],"wp:term":[{"taxonomy":"product_brand","embeddable":true,"href":"https:\/\/staging.hydrachim.fr\/en\/wp-json\/wp\/v2\/product_brand?post=3299"},{"taxonomy":"product_type","embeddable":true,"href":"https:\/\/staging.hydrachim.fr\/en\/wp-json\/wp\/v2\/product_type?post=3299"},{"taxonomy":"product_visibility","embeddable":true,"href":"https:\/\/staging.hydrachim.fr\/en\/wp-json\/wp\/v2\/product_visibility?post=3299"},{"taxonomy":"product_cat","embeddable":true,"href":"https:\/\/staging.hydrachim.fr\/en\/wp-json\/wp\/v2\/product_cat?post=3299"}],"curies":[{"name":"wp","href":"https:\/\/api.w.org\/{rel}","templated":true}]}}