{"id":3305,"date":"2019-08-06T15:42:32","date_gmt":"2019-08-06T13:42:32","guid":{"rendered":"https:\/\/staging.hydrachim.fr\/product\/coxilac\/"},"modified":"2019-10-11T16:22:07","modified_gmt":"2019-10-11T14:22:07","slug":"coxilac","status":"publish","type":"product","link":"https:\/\/staging.hydrachim.fr\/en\/produit\/coxilac\/","title":{"rendered":"Coxilac"},"content":{"rendered":"<p><strong>COXILAC, le nouveau d\u00e9sinfectant de la gamme HYDRACHIM \u00c9LEVAGE.<\/strong><\/p>\n<p>COXILAC est un d\u00e9sinfectant concentr\u00e9 bact\u00e9ricide, fongicide et virucide pour b\u00e2timents d&#8217;\u00e9levage et v\u00e9hicules de transport.<br \/>\nBact\u00e9ricide selon les normes EN 12349, EN 16437.<br \/>\nLevuricide et fongicide selon la norme EN 16438.<br \/>\nVirucide selon la norme EN 14675 sur ECBO, H1N1,Parvovirus du Canard, Peste Porcine Africaine&#8230;<br \/>\nEfficace sur les parasites de la Coccidiose et cryptosporidiose.<br \/>\nRetrouvez le d\u00e9tail des souches et des normes, sur la fiche technique.<\/p>\n<p><strong>Disponible en :<br \/>\n&#8211; Carton de 4x5L R\u00e9f. 001126401,<br \/>\n&#8211; Bidon de 20L R\u00e9f. 001126402,<br \/>\n&#8211; F\u00fbt de 60L R\u00e9f.001126403,<br \/>\n&#8211; F\u00fbt de 200L R\u00e9f. 001126404.<\/strong><\/p>\n<p class=\"y-product y-product__product-subtitle\">Avantage :<\/p>\n<p>Sans ammonium quaternaire &amp; sans glutarald\u00e9hyde !<\/p>\n<p>Retrouvez le mode d&#8217;emploi et le dosage du produit en t\u00e9l\u00e9chargeant la Fiche Technique.<\/p>\n<p><em>Utilisez les biocides avec pr\u00e9caution. Avant toute utilisation, lisez l&#8217;\u00e9tiquette et les informations concernant le produit.<\/em><\/p>\n","protected":false},"excerpt":{"rendered":"<p>Hygi\u00e8ne et d\u00e9sinfection des b\u00e2timents d&#8217;\u00e9levage et transports.<\/p>\n","protected":false},"featured_media":5100,"template":"","meta":[],"product_brand":[],"product_type":[2],"product_visibility":[],"product_cat":[4174,4115,4154,4089],"class_list":{"0":"post-3305","1":"product","2":"type-product","3":"status-publish","4":"has-post-thumbnail","6":"product_cat-nouveautesdesinfection","7":"product_cat-dsinfectionlevage","8":"product_cat-marqueshydrachim-elevage","9":"product_cat-elevagehygine-levage","10":"product_tag-biocide","11":"product_tag-concentre","12":"product_tag-desinfectant","13":"product_tag-grande-surface","14":"product_tag-levuricide","15":"product_tag-liquide","16":"product_tag-materiel","17":"product_tag-mur","18":"product_tag-nettoyage","19":"product_tag-non-moussant","20":"product_tag-pulverisation","21":"product_tag-souillure-organique","22":"product_tag-surface","23":"product_tag-surface-dure","24":"product_tag-vehicule","25":"product_tag-virucide","27":"first","28":"instock","29":"shipping-taxable","30":"product-type-simple"},"yoast_head":"<!-- This site is optimized with the Yoast SEO plugin v24.7 - https:\/\/yoast.com\/wordpress\/plugins\/seo\/ -->\n<title>Coxilac - Hydrachim<\/title>\n<meta name=\"robots\" content=\"noindex, follow, max-snippet:-1, max-image-preview:large, max-video-preview:-1\" \/>\n<meta property=\"og:locale\" content=\"en_US\" \/>\n<meta property=\"og:type\" content=\"article\" \/>\n<meta property=\"og:title\" content=\"Coxilac - Hydrachim\" \/>\n<meta property=\"og:description\" content=\"Hygi\u00e8ne et d\u00e9sinfection des b\u00e2timents d&#039;\u00e9levage et transports.\" \/>\n<meta property=\"og:url\" content=\"https:\/\/staging.hydrachim.fr\/produit\/coxilac\/\" \/>\n<meta property=\"og:site_name\" content=\"Hydrachim\" \/>\n<meta property=\"article:modified_time\" content=\"2019-10-11T14:22:07+00:00\" \/>\n<meta property=\"og:image\" content=\"https:\/\/staging.hydrachim.fr\/app\/uploads\/2019\/10\/1264-COXILAC-22L-Draw-PHOTO-WEB.png\" \/>\n\t<meta property=\"og:image:width\" content=\"529\" \/>\n\t<meta property=\"og:image:height\" content=\"600\" \/>\n\t<meta property=\"og:image:type\" content=\"image\/png\" \/>\n<meta name=\"twitter:card\" content=\"summary_large_image\" \/>\n<meta name=\"twitter:label1\" content=\"Est. reading time\" \/>\n\t<meta name=\"twitter:data1\" content=\"1 minute\" \/>\n<script type=\"application\/ld+json\" class=\"yoast-schema-graph\">{\"@context\":\"https:\/\/schema.org\",\"@graph\":[{\"@type\":\"WebPage\",\"@id\":\"https:\/\/staging.hydrachim.fr\/produit\/coxilac\/\",\"url\":\"https:\/\/staging.hydrachim.fr\/produit\/coxilac\/\",\"name\":\"Coxilac - Hydrachim\",\"isPartOf\":{\"@id\":\"https:\/\/staging.hydrachim.fr\/#website\"},\"primaryImageOfPage\":{\"@id\":\"https:\/\/staging.hydrachim.fr\/produit\/coxilac\/#primaryimage\"},\"image\":{\"@id\":\"https:\/\/staging.hydrachim.fr\/produit\/coxilac\/#primaryimage\"},\"thumbnailUrl\":\"https:\/\/staging.hydrachim.fr\/app\/uploads\/2019\/10\/1264-COXILAC-22L-Draw-PHOTO-WEB.png\",\"datePublished\":\"2019-08-06T13:42:32+00:00\",\"dateModified\":\"2019-10-11T14:22:07+00:00\",\"breadcrumb\":{\"@id\":\"https:\/\/staging.hydrachim.fr\/produit\/coxilac\/#breadcrumb\"},\"inLanguage\":\"en-US\",\"potentialAction\":[{\"@type\":\"ReadAction\",\"target\":[\"https:\/\/staging.hydrachim.fr\/produit\/coxilac\/\"]}]},{\"@type\":\"ImageObject\",\"inLanguage\":\"en-US\",\"@id\":\"https:\/\/staging.hydrachim.fr\/produit\/coxilac\/#primaryimage\",\"url\":\"https:\/\/staging.hydrachim.fr\/app\/uploads\/2019\/10\/1264-COXILAC-22L-Draw-PHOTO-WEB.png\",\"contentUrl\":\"https:\/\/staging.hydrachim.fr\/app\/uploads\/2019\/10\/1264-COXILAC-22L-Draw-PHOTO-WEB.png\",\"width\":529,\"height\":600},{\"@type\":\"BreadcrumbList\",\"@id\":\"https:\/\/staging.hydrachim.fr\/produit\/coxilac\/#breadcrumb\",\"itemListElement\":[{\"@type\":\"ListItem\",\"position\":1,\"name\":\"Home\",\"item\":\"https:\/\/staging.hydrachim.fr\/en\/\"},{\"@type\":\"ListItem\",\"position\":2,\"name\":\"Shop\",\"item\":\"https:\/\/staging.hydrachim.fr\/en\/shop\/\"},{\"@type\":\"ListItem\",\"position\":3,\"name\":\"Coxilac\"}]},{\"@type\":\"WebSite\",\"@id\":\"https:\/\/staging.hydrachim.fr\/#website\",\"url\":\"https:\/\/staging.hydrachim.fr\/\",\"name\":\"Hydrachim\",\"description\":\"La science de l&#039;hygi\u00e8ne\",\"potentialAction\":[{\"@type\":\"SearchAction\",\"target\":{\"@type\":\"EntryPoint\",\"urlTemplate\":\"https:\/\/staging.hydrachim.fr\/?s={search_term_string}\"},\"query-input\":{\"@type\":\"PropertyValueSpecification\",\"valueRequired\":true,\"valueName\":\"search_term_string\"}}],\"inLanguage\":\"en-US\"}]}<\/script>\n<!-- \/ Yoast SEO plugin. -->","yoast_head_json":{"title":"Coxilac - Hydrachim","robots":{"index":"noindex","follow":"follow","max-snippet":"max-snippet:-1","max-image-preview":"max-image-preview:large","max-video-preview":"max-video-preview:-1"},"og_locale":"en_US","og_type":"article","og_title":"Coxilac - Hydrachim","og_description":"Hygi\u00e8ne et d\u00e9sinfection des b\u00e2timents d'\u00e9levage et transports.","og_url":"https:\/\/staging.hydrachim.fr\/produit\/coxilac\/","og_site_name":"Hydrachim","article_modified_time":"2019-10-11T14:22:07+00:00","og_image":[{"width":529,"height":600,"url":"https:\/\/staging.hydrachim.fr\/app\/uploads\/2019\/10\/1264-COXILAC-22L-Draw-PHOTO-WEB.png","type":"image\/png"}],"twitter_card":"summary_large_image","twitter_misc":{"Est. reading time":"1 minute"},"schema":{"@context":"https:\/\/schema.org","@graph":[{"@type":"WebPage","@id":"https:\/\/staging.hydrachim.fr\/produit\/coxilac\/","url":"https:\/\/staging.hydrachim.fr\/produit\/coxilac\/","name":"Coxilac - Hydrachim","isPartOf":{"@id":"https:\/\/staging.hydrachim.fr\/#website"},"primaryImageOfPage":{"@id":"https:\/\/staging.hydrachim.fr\/produit\/coxilac\/#primaryimage"},"image":{"@id":"https:\/\/staging.hydrachim.fr\/produit\/coxilac\/#primaryimage"},"thumbnailUrl":"https:\/\/staging.hydrachim.fr\/app\/uploads\/2019\/10\/1264-COXILAC-22L-Draw-PHOTO-WEB.png","datePublished":"2019-08-06T13:42:32+00:00","dateModified":"2019-10-11T14:22:07+00:00","breadcrumb":{"@id":"https:\/\/staging.hydrachim.fr\/produit\/coxilac\/#breadcrumb"},"inLanguage":"en-US","potentialAction":[{"@type":"ReadAction","target":["https:\/\/staging.hydrachim.fr\/produit\/coxilac\/"]}]},{"@type":"ImageObject","inLanguage":"en-US","@id":"https:\/\/staging.hydrachim.fr\/produit\/coxilac\/#primaryimage","url":"https:\/\/staging.hydrachim.fr\/app\/uploads\/2019\/10\/1264-COXILAC-22L-Draw-PHOTO-WEB.png","contentUrl":"https:\/\/staging.hydrachim.fr\/app\/uploads\/2019\/10\/1264-COXILAC-22L-Draw-PHOTO-WEB.png","width":529,"height":600},{"@type":"BreadcrumbList","@id":"https:\/\/staging.hydrachim.fr\/produit\/coxilac\/#breadcrumb","itemListElement":[{"@type":"ListItem","position":1,"name":"Home","item":"https:\/\/staging.hydrachim.fr\/en\/"},{"@type":"ListItem","position":2,"name":"Shop","item":"https:\/\/staging.hydrachim.fr\/en\/shop\/"},{"@type":"ListItem","position":3,"name":"Coxilac"}]},{"@type":"WebSite","@id":"https:\/\/staging.hydrachim.fr\/#website","url":"https:\/\/staging.hydrachim.fr\/","name":"Hydrachim","description":"La science de l&#039;hygi\u00e8ne","potentialAction":[{"@type":"SearchAction","target":{"@type":"EntryPoint","urlTemplate":"https:\/\/staging.hydrachim.fr\/?s={search_term_string}"},"query-input":{"@type":"PropertyValueSpecification","valueRequired":true,"valueName":"search_term_string"}}],"inLanguage":"en-US"}]}},"acf":{"fiche_technique":"https:\/\/staging.hydrachim.fr\/app\/uploads\/2019\/09\/FT-1264-COXILAC.pdf","fiche_methode":""},"_links":{"self":[{"href":"https:\/\/staging.hydrachim.fr\/en\/wp-json\/wp\/v2\/product\/3305","targetHints":{"allow":["GET"]}}],"collection":[{"href":"https:\/\/staging.hydrachim.fr\/en\/wp-json\/wp\/v2\/product"}],"about":[{"href":"https:\/\/staging.hydrachim.fr\/en\/wp-json\/wp\/v2\/types\/product"}],"wp:featuredmedia":[{"embeddable":true,"href":"https:\/\/staging.hydrachim.fr\/en\/wp-json\/wp\/v2\/media\/5100"}],"wp:attachment":[{"href":"https:\/\/staging.hydrachim.fr\/en\/wp-json\/wp\/v2\/media?parent=3305"}],"wp:term":[{"taxonomy":"product_brand","embeddable":true,"href":"https:\/\/staging.hydrachim.fr\/en\/wp-json\/wp\/v2\/product_brand?post=3305"},{"taxonomy":"product_type","embeddable":true,"href":"https:\/\/staging.hydrachim.fr\/en\/wp-json\/wp\/v2\/product_type?post=3305"},{"taxonomy":"product_visibility","embeddable":true,"href":"https:\/\/staging.hydrachim.fr\/en\/wp-json\/wp\/v2\/product_visibility?post=3305"},{"taxonomy":"product_cat","embeddable":true,"href":"https:\/\/staging.hydrachim.fr\/en\/wp-json\/wp\/v2\/product_cat?post=3305"}],"curies":[{"name":"wp","href":"https:\/\/api.w.org\/{rel}","templated":true}]}}