{"id":3307,"date":"2019-08-06T15:42:34","date_gmt":"2019-08-06T13:42:34","guid":{"rendered":"https:\/\/staging.hydrachim.fr\/product\/hydrapis\/"},"modified":"2019-10-11T15:39:28","modified_gmt":"2019-10-11T13:39:28","slug":"hydrapis","status":"publish","type":"product","link":"https:\/\/staging.hydrachim.fr\/en\/produit\/hydrapis\/","title":{"rendered":"Hydrapis Liquide"},"content":{"rendered":"<p><strong>Hydrapis Liquide est un produit d&#8217;hygi\u00e8ne d\u00e9velopp\u00e9 pour l&#8217;hygi\u00e8ne et la protection des trayons apr\u00e8s la traite.<br \/>\nPulv\u00e9risation manuelle et robot de traite.<\/strong><\/p>\n<p>Hydrapis Liquide est un produit pr\u00eat \u00e0 l&#8217;emploi \u00e0 base d&#8217;essence de citronnelle sans allerg\u00e8ne, de conservateur cosm\u00e9tique et d&#8217;un agent d\u00e9sinfectant qui assure la protection microbienne des trayons tout en leur donnant douceur et souplesse. La formule exclusive d&#8217;Hydrapis Liquide est une association d&#8217;agents humectants d&#8217;origine 100% v\u00e9g\u00e9tale, d&#8217;agents nettoyants cosm\u00e9tiques d&#8217;origine v\u00e9g\u00e9tale, issus de l&#8217;huile de palme et de noix de coco permettant de limiter les irritations. L&#8217;hygi\u00e8ne des trayons est am\u00e9lior\u00e9e par le pouvoir mouillant d&#8217;Hydrapis Liquide qui agit au plus profond des pores.<br \/>\nProduit utilisable en agriculture biologique conforme au (CE) 834\/2007 (et ses amendements).\n<\/p>\n<p><strong>Disponible en :<br \/>\n&#8211; bidon de 20kg R\u00e9f. 001100303<br \/>\n&#8211; f\u00fbt de 60kg R\u00e9f.001100304<\/strong><\/p>\n<p class=\"y-product y-product__product-subtitle\">Avantage :<\/p>\n<p>Hydrapis Liquide s&#8217;applique en pulv\u00e9risation manuelle ou automatique et peut s&#8217;utiliser en robot de traite.<\/p>\n<p>Retrouvez le mode d&#8217;emploi et le dosage du produit en t\u00e9l\u00e9chargeant la Fiche Technique.<\/p>\n<p><em>Utilisez les biocides avec pr\u00e9caution. Avant toute utilisation, lisez l&#8217;\u00e9tiquette et les informations concernant le produit.<\/em><\/p>\n","protected":false},"excerpt":{"rendered":"<p>Hygi\u00e8ne du trayon apr\u00e8s traite, pulv\u00e9risation \u00e0 base de chlorhexidine.<\/p>\n","protected":false},"featured_media":5193,"template":"","meta":[],"product_brand":[],"product_type":[2],"product_visibility":[],"product_cat":[3985],"class_list":{"0":"post-3307","1":"product","2":"type-product","3":"status-publish","4":"has-post-thumbnail","6":"product_cat-hygiene-mamelle","7":"product_tag-agriculture-biologique","8":"product_tag-liquide","9":"product_tag-mamelle","10":"product_tag-protection","11":"product_tag-pulverisation","12":"product_tag-robot-de-traite","13":"product_tag-tp3","14":"product_tag-trempage","16":"first","17":"instock","18":"shipping-taxable","19":"product-type-simple"},"yoast_head":"<!-- This site is optimized with the Yoast SEO plugin v24.7 - https:\/\/yoast.com\/wordpress\/plugins\/seo\/ -->\n<title>Hydrapis Liquide - Hydrachim<\/title>\n<meta name=\"robots\" content=\"noindex, follow, max-snippet:-1, max-image-preview:large, max-video-preview:-1\" \/>\n<meta property=\"og:locale\" content=\"en_US\" \/>\n<meta property=\"og:type\" content=\"article\" \/>\n<meta property=\"og:title\" content=\"Hydrapis Liquide - Hydrachim\" \/>\n<meta property=\"og:description\" content=\"Hygi\u00e8ne du trayon apr\u00e8s traite, pulv\u00e9risation \u00e0 base de chlorhexidine.\" \/>\n<meta property=\"og:url\" content=\"https:\/\/staging.hydrachim.fr\/produit\/hydrapis\/\" \/>\n<meta property=\"og:site_name\" content=\"Hydrachim\" \/>\n<meta property=\"article:modified_time\" content=\"2019-10-11T13:39:28+00:00\" \/>\n<meta property=\"og:image\" content=\"https:\/\/staging.hydrachim.fr\/app\/uploads\/2019\/10\/1003-Hydrapis-Liquide-Rose-en-bidon-NAT-22L.png\" \/>\n\t<meta property=\"og:image:width\" content=\"455\" \/>\n\t<meta property=\"og:image:height\" content=\"600\" \/>\n\t<meta property=\"og:image:type\" content=\"image\/png\" \/>\n<meta name=\"twitter:card\" content=\"summary_large_image\" \/>\n<meta name=\"twitter:label1\" content=\"Est. reading time\" \/>\n\t<meta name=\"twitter:data1\" content=\"1 minute\" \/>\n<script type=\"application\/ld+json\" class=\"yoast-schema-graph\">{\"@context\":\"https:\/\/schema.org\",\"@graph\":[{\"@type\":\"WebPage\",\"@id\":\"https:\/\/staging.hydrachim.fr\/produit\/hydrapis\/\",\"url\":\"https:\/\/staging.hydrachim.fr\/produit\/hydrapis\/\",\"name\":\"Hydrapis Liquide - Hydrachim\",\"isPartOf\":{\"@id\":\"https:\/\/staging.hydrachim.fr\/#website\"},\"primaryImageOfPage\":{\"@id\":\"https:\/\/staging.hydrachim.fr\/produit\/hydrapis\/#primaryimage\"},\"image\":{\"@id\":\"https:\/\/staging.hydrachim.fr\/produit\/hydrapis\/#primaryimage\"},\"thumbnailUrl\":\"https:\/\/staging.hydrachim.fr\/app\/uploads\/2019\/10\/1003-Hydrapis-Liquide-Rose-en-bidon-NAT-22L.png\",\"datePublished\":\"2019-08-06T13:42:34+00:00\",\"dateModified\":\"2019-10-11T13:39:28+00:00\",\"breadcrumb\":{\"@id\":\"https:\/\/staging.hydrachim.fr\/produit\/hydrapis\/#breadcrumb\"},\"inLanguage\":\"en-US\",\"potentialAction\":[{\"@type\":\"ReadAction\",\"target\":[\"https:\/\/staging.hydrachim.fr\/produit\/hydrapis\/\"]}]},{\"@type\":\"ImageObject\",\"inLanguage\":\"en-US\",\"@id\":\"https:\/\/staging.hydrachim.fr\/produit\/hydrapis\/#primaryimage\",\"url\":\"https:\/\/staging.hydrachim.fr\/app\/uploads\/2019\/10\/1003-Hydrapis-Liquide-Rose-en-bidon-NAT-22L.png\",\"contentUrl\":\"https:\/\/staging.hydrachim.fr\/app\/uploads\/2019\/10\/1003-Hydrapis-Liquide-Rose-en-bidon-NAT-22L.png\",\"width\":455,\"height\":600},{\"@type\":\"BreadcrumbList\",\"@id\":\"https:\/\/staging.hydrachim.fr\/produit\/hydrapis\/#breadcrumb\",\"itemListElement\":[{\"@type\":\"ListItem\",\"position\":1,\"name\":\"Home\",\"item\":\"https:\/\/staging.hydrachim.fr\/en\/\"},{\"@type\":\"ListItem\",\"position\":2,\"name\":\"Shop\",\"item\":\"https:\/\/staging.hydrachim.fr\/en\/shop\/\"},{\"@type\":\"ListItem\",\"position\":3,\"name\":\"Hydrapis Liquide\"}]},{\"@type\":\"WebSite\",\"@id\":\"https:\/\/staging.hydrachim.fr\/#website\",\"url\":\"https:\/\/staging.hydrachim.fr\/\",\"name\":\"Hydrachim\",\"description\":\"La science de l&#039;hygi\u00e8ne\",\"potentialAction\":[{\"@type\":\"SearchAction\",\"target\":{\"@type\":\"EntryPoint\",\"urlTemplate\":\"https:\/\/staging.hydrachim.fr\/?s={search_term_string}\"},\"query-input\":{\"@type\":\"PropertyValueSpecification\",\"valueRequired\":true,\"valueName\":\"search_term_string\"}}],\"inLanguage\":\"en-US\"}]}<\/script>\n<!-- \/ Yoast SEO plugin. -->","yoast_head_json":{"title":"Hydrapis Liquide - Hydrachim","robots":{"index":"noindex","follow":"follow","max-snippet":"max-snippet:-1","max-image-preview":"max-image-preview:large","max-video-preview":"max-video-preview:-1"},"og_locale":"en_US","og_type":"article","og_title":"Hydrapis Liquide - Hydrachim","og_description":"Hygi\u00e8ne du trayon apr\u00e8s traite, pulv\u00e9risation \u00e0 base de chlorhexidine.","og_url":"https:\/\/staging.hydrachim.fr\/produit\/hydrapis\/","og_site_name":"Hydrachim","article_modified_time":"2019-10-11T13:39:28+00:00","og_image":[{"width":455,"height":600,"url":"https:\/\/staging.hydrachim.fr\/app\/uploads\/2019\/10\/1003-Hydrapis-Liquide-Rose-en-bidon-NAT-22L.png","type":"image\/png"}],"twitter_card":"summary_large_image","twitter_misc":{"Est. reading time":"1 minute"},"schema":{"@context":"https:\/\/schema.org","@graph":[{"@type":"WebPage","@id":"https:\/\/staging.hydrachim.fr\/produit\/hydrapis\/","url":"https:\/\/staging.hydrachim.fr\/produit\/hydrapis\/","name":"Hydrapis Liquide - Hydrachim","isPartOf":{"@id":"https:\/\/staging.hydrachim.fr\/#website"},"primaryImageOfPage":{"@id":"https:\/\/staging.hydrachim.fr\/produit\/hydrapis\/#primaryimage"},"image":{"@id":"https:\/\/staging.hydrachim.fr\/produit\/hydrapis\/#primaryimage"},"thumbnailUrl":"https:\/\/staging.hydrachim.fr\/app\/uploads\/2019\/10\/1003-Hydrapis-Liquide-Rose-en-bidon-NAT-22L.png","datePublished":"2019-08-06T13:42:34+00:00","dateModified":"2019-10-11T13:39:28+00:00","breadcrumb":{"@id":"https:\/\/staging.hydrachim.fr\/produit\/hydrapis\/#breadcrumb"},"inLanguage":"en-US","potentialAction":[{"@type":"ReadAction","target":["https:\/\/staging.hydrachim.fr\/produit\/hydrapis\/"]}]},{"@type":"ImageObject","inLanguage":"en-US","@id":"https:\/\/staging.hydrachim.fr\/produit\/hydrapis\/#primaryimage","url":"https:\/\/staging.hydrachim.fr\/app\/uploads\/2019\/10\/1003-Hydrapis-Liquide-Rose-en-bidon-NAT-22L.png","contentUrl":"https:\/\/staging.hydrachim.fr\/app\/uploads\/2019\/10\/1003-Hydrapis-Liquide-Rose-en-bidon-NAT-22L.png","width":455,"height":600},{"@type":"BreadcrumbList","@id":"https:\/\/staging.hydrachim.fr\/produit\/hydrapis\/#breadcrumb","itemListElement":[{"@type":"ListItem","position":1,"name":"Home","item":"https:\/\/staging.hydrachim.fr\/en\/"},{"@type":"ListItem","position":2,"name":"Shop","item":"https:\/\/staging.hydrachim.fr\/en\/shop\/"},{"@type":"ListItem","position":3,"name":"Hydrapis Liquide"}]},{"@type":"WebSite","@id":"https:\/\/staging.hydrachim.fr\/#website","url":"https:\/\/staging.hydrachim.fr\/","name":"Hydrachim","description":"La science de l&#039;hygi\u00e8ne","potentialAction":[{"@type":"SearchAction","target":{"@type":"EntryPoint","urlTemplate":"https:\/\/staging.hydrachim.fr\/?s={search_term_string}"},"query-input":{"@type":"PropertyValueSpecification","valueRequired":true,"valueName":"search_term_string"}}],"inLanguage":"en-US"}]}},"acf":{"fiche_technique":"https:\/\/staging.hydrachim.fr\/app\/uploads\/2019\/09\/FT-1003-HYDRAPIS.pdf","fiche_methode":""},"_links":{"self":[{"href":"https:\/\/staging.hydrachim.fr\/en\/wp-json\/wp\/v2\/product\/3307","targetHints":{"allow":["GET"]}}],"collection":[{"href":"https:\/\/staging.hydrachim.fr\/en\/wp-json\/wp\/v2\/product"}],"about":[{"href":"https:\/\/staging.hydrachim.fr\/en\/wp-json\/wp\/v2\/types\/product"}],"wp:featuredmedia":[{"embeddable":true,"href":"https:\/\/staging.hydrachim.fr\/en\/wp-json\/wp\/v2\/media\/5193"}],"wp:attachment":[{"href":"https:\/\/staging.hydrachim.fr\/en\/wp-json\/wp\/v2\/media?parent=3307"}],"wp:term":[{"taxonomy":"product_brand","embeddable":true,"href":"https:\/\/staging.hydrachim.fr\/en\/wp-json\/wp\/v2\/product_brand?post=3307"},{"taxonomy":"product_type","embeddable":true,"href":"https:\/\/staging.hydrachim.fr\/en\/wp-json\/wp\/v2\/product_type?post=3307"},{"taxonomy":"product_visibility","embeddable":true,"href":"https:\/\/staging.hydrachim.fr\/en\/wp-json\/wp\/v2\/product_visibility?post=3307"},{"taxonomy":"product_cat","embeddable":true,"href":"https:\/\/staging.hydrachim.fr\/en\/wp-json\/wp\/v2\/product_cat?post=3307"}],"curies":[{"name":"wp","href":"https:\/\/api.w.org\/{rel}","templated":true}]}}