{"id":3313,"date":"2019-08-06T15:42:40","date_gmt":"2019-08-06T13:42:40","guid":{"rendered":"https:\/\/staging.hydrachim.fr\/product\/hydranet-plus\/"},"modified":"2019-10-14T09:28:59","modified_gmt":"2019-10-14T07:28:59","slug":"hydranet-plus","status":"publish","type":"product","link":"https:\/\/staging.hydrachim.fr\/en\/produit\/hydranet-plus\/","title":{"rendered":"Hydranet plus"},"content":{"rendered":"<p><strong>Hydranet plus liquide est un produit d&#8217;hygi\u00e8ne d\u00e9velopp\u00e9 pour le nettoyage des trayons avant la traite et la d\u00e9sinfection des lavettes entre deux traites.<\/strong><\/p>\n<p>L&#8217;Hydranet plus est un produit nettoyant d\u00e9graissant qui \u00e9limine les souillures sans agresser l&#8217;\u00e9piderme. C&#8217;est une base lavante sans allerg\u00e8nes, combinaison d&#8217;agents humectants d&#8217;origine 100 % v\u00e9g\u00e9tale (glyc\u00e9rine E422), d&#8217;agents nettoyants et adoucissants cosm\u00e9tiques d&#8217;origine v\u00e9g\u00e9tale limitant les irritations. L&#8217;Hydranet plus poss\u00e8de des agents puissants permettant le contr\u00f4le de la contamination microbienne dans les solutions de trempage des lavettes entre les traites.<br \/>\nProduit utilisable en agriculture biologique conforme au (CE) 834\/2007 (et ses amendements).\n<\/p>\n<p><strong>Disponible en :<br \/>\n&#8211; bidon 20kg R\u00e9f 001101708<br \/>\n&#8211; f\u00fbt de 60 kg R\u00e9f. 001101715<br \/>\n<\/strong><\/p>\n<p class=\"y-product y-product__product-subtitle\">Avantage :<\/p>\n<p>Avec l&#8217;Hydranet plus, l&#8217;utilisation d&#8217;eau de javel n&#8217;est plus recommand\u00e9e.<\/p>\n<p>Utiliser les biocides avec pr\u00e9caution. Avant toute utilisation, lisez l&#8217;\u00e9tiquette et les informations concernant le produit.<\/p>\n<p>Retrouvez le mode d&#8217;emploi et le dosage du produit en t\u00e9l\u00e9chargeant, ci-dessous, sa Fiche Technique et\/ou sa Fiche M\u00e9thode.<\/p>\n<p><em>Utilisez les biocides avec pr\u00e9caution. Avant toute utilisation, lisez l&#8217;\u00e9tiquette et les informations concernant le produit.<\/em><\/p>\n","protected":false},"excerpt":{"rendered":"<p>Hygi\u00e8ne du trayon avant la traite et entretien des lavettes entre 2 traites.<\/p>\n","protected":false},"featured_media":5604,"template":"","meta":[],"product_brand":[],"product_type":[2],"product_visibility":[],"product_cat":[3985],"class_list":{"0":"post-3313","1":"product","2":"type-product","3":"status-publish","4":"has-post-thumbnail","6":"product_cat-hygiene-mamelle","7":"product_tag-bactericide","8":"product_tag-concentre","9":"product_tag-degraissant","10":"product_tag-detachant","11":"product_tag-hygiene-des-mamelles","12":"product_tag-lavette","13":"product_tag-liquide","14":"product_tag-mamelle","15":"product_tag-manuel","16":"product_tag-moussant","17":"product_tag-nettoyage","18":"product_tag-nettoyant","19":"product_tag-sans-chlore","20":"product_tag-souillure-organique","21":"product_tag-textile","22":"product_tag-tp3","23":"product_tag-trempage","25":"first","26":"instock","27":"shipping-taxable","28":"product-type-simple"},"yoast_head":"<!-- This site is optimized with the Yoast SEO plugin v24.7 - https:\/\/yoast.com\/wordpress\/plugins\/seo\/ -->\n<title>Hydranet plus - Hydrachim<\/title>\n<meta name=\"robots\" content=\"noindex, follow, max-snippet:-1, max-image-preview:large, max-video-preview:-1\" \/>\n<meta property=\"og:locale\" content=\"en_US\" \/>\n<meta property=\"og:type\" content=\"article\" \/>\n<meta property=\"og:title\" content=\"Hydranet plus - Hydrachim\" \/>\n<meta property=\"og:description\" content=\"Hygi\u00e8ne du trayon avant la traite et entretien des lavettes entre 2 traites.\" \/>\n<meta property=\"og:url\" content=\"https:\/\/staging.hydrachim.fr\/produit\/hydranet-plus\/\" \/>\n<meta property=\"og:site_name\" content=\"Hydrachim\" \/>\n<meta property=\"article:modified_time\" content=\"2019-10-14T07:28:59+00:00\" \/>\n<meta property=\"og:image\" content=\"https:\/\/staging.hydrachim.fr\/app\/uploads\/2019\/10\/1017_Hydranet_Plus_20kg.png\" \/>\n\t<meta property=\"og:image:width\" content=\"310\" \/>\n\t<meta property=\"og:image:height\" content=\"378\" \/>\n\t<meta property=\"og:image:type\" content=\"image\/png\" \/>\n<meta name=\"twitter:card\" content=\"summary_large_image\" \/>\n<meta name=\"twitter:label1\" content=\"Est. reading time\" \/>\n\t<meta name=\"twitter:data1\" content=\"1 minute\" \/>\n<script type=\"application\/ld+json\" class=\"yoast-schema-graph\">{\"@context\":\"https:\/\/schema.org\",\"@graph\":[{\"@type\":\"WebPage\",\"@id\":\"https:\/\/staging.hydrachim.fr\/produit\/hydranet-plus\/\",\"url\":\"https:\/\/staging.hydrachim.fr\/produit\/hydranet-plus\/\",\"name\":\"Hydranet plus - Hydrachim\",\"isPartOf\":{\"@id\":\"https:\/\/staging.hydrachim.fr\/#website\"},\"primaryImageOfPage\":{\"@id\":\"https:\/\/staging.hydrachim.fr\/produit\/hydranet-plus\/#primaryimage\"},\"image\":{\"@id\":\"https:\/\/staging.hydrachim.fr\/produit\/hydranet-plus\/#primaryimage\"},\"thumbnailUrl\":\"https:\/\/staging.hydrachim.fr\/app\/uploads\/2019\/10\/1017_Hydranet_Plus_20kg.png\",\"datePublished\":\"2019-08-06T13:42:40+00:00\",\"dateModified\":\"2019-10-14T07:28:59+00:00\",\"breadcrumb\":{\"@id\":\"https:\/\/staging.hydrachim.fr\/produit\/hydranet-plus\/#breadcrumb\"},\"inLanguage\":\"en-US\",\"potentialAction\":[{\"@type\":\"ReadAction\",\"target\":[\"https:\/\/staging.hydrachim.fr\/produit\/hydranet-plus\/\"]}]},{\"@type\":\"ImageObject\",\"inLanguage\":\"en-US\",\"@id\":\"https:\/\/staging.hydrachim.fr\/produit\/hydranet-plus\/#primaryimage\",\"url\":\"https:\/\/staging.hydrachim.fr\/app\/uploads\/2019\/10\/1017_Hydranet_Plus_20kg.png\",\"contentUrl\":\"https:\/\/staging.hydrachim.fr\/app\/uploads\/2019\/10\/1017_Hydranet_Plus_20kg.png\",\"width\":310,\"height\":378},{\"@type\":\"BreadcrumbList\",\"@id\":\"https:\/\/staging.hydrachim.fr\/produit\/hydranet-plus\/#breadcrumb\",\"itemListElement\":[{\"@type\":\"ListItem\",\"position\":1,\"name\":\"Home\",\"item\":\"https:\/\/staging.hydrachim.fr\/en\/\"},{\"@type\":\"ListItem\",\"position\":2,\"name\":\"Shop\",\"item\":\"https:\/\/staging.hydrachim.fr\/en\/shop\/\"},{\"@type\":\"ListItem\",\"position\":3,\"name\":\"Hydranet plus\"}]},{\"@type\":\"WebSite\",\"@id\":\"https:\/\/staging.hydrachim.fr\/#website\",\"url\":\"https:\/\/staging.hydrachim.fr\/\",\"name\":\"Hydrachim\",\"description\":\"La science de l&#039;hygi\u00e8ne\",\"potentialAction\":[{\"@type\":\"SearchAction\",\"target\":{\"@type\":\"EntryPoint\",\"urlTemplate\":\"https:\/\/staging.hydrachim.fr\/?s={search_term_string}\"},\"query-input\":{\"@type\":\"PropertyValueSpecification\",\"valueRequired\":true,\"valueName\":\"search_term_string\"}}],\"inLanguage\":\"en-US\"}]}<\/script>\n<!-- \/ Yoast SEO plugin. -->","yoast_head_json":{"title":"Hydranet plus - Hydrachim","robots":{"index":"noindex","follow":"follow","max-snippet":"max-snippet:-1","max-image-preview":"max-image-preview:large","max-video-preview":"max-video-preview:-1"},"og_locale":"en_US","og_type":"article","og_title":"Hydranet plus - Hydrachim","og_description":"Hygi\u00e8ne du trayon avant la traite et entretien des lavettes entre 2 traites.","og_url":"https:\/\/staging.hydrachim.fr\/produit\/hydranet-plus\/","og_site_name":"Hydrachim","article_modified_time":"2019-10-14T07:28:59+00:00","og_image":[{"width":310,"height":378,"url":"https:\/\/staging.hydrachim.fr\/app\/uploads\/2019\/10\/1017_Hydranet_Plus_20kg.png","type":"image\/png"}],"twitter_card":"summary_large_image","twitter_misc":{"Est. reading time":"1 minute"},"schema":{"@context":"https:\/\/schema.org","@graph":[{"@type":"WebPage","@id":"https:\/\/staging.hydrachim.fr\/produit\/hydranet-plus\/","url":"https:\/\/staging.hydrachim.fr\/produit\/hydranet-plus\/","name":"Hydranet plus - Hydrachim","isPartOf":{"@id":"https:\/\/staging.hydrachim.fr\/#website"},"primaryImageOfPage":{"@id":"https:\/\/staging.hydrachim.fr\/produit\/hydranet-plus\/#primaryimage"},"image":{"@id":"https:\/\/staging.hydrachim.fr\/produit\/hydranet-plus\/#primaryimage"},"thumbnailUrl":"https:\/\/staging.hydrachim.fr\/app\/uploads\/2019\/10\/1017_Hydranet_Plus_20kg.png","datePublished":"2019-08-06T13:42:40+00:00","dateModified":"2019-10-14T07:28:59+00:00","breadcrumb":{"@id":"https:\/\/staging.hydrachim.fr\/produit\/hydranet-plus\/#breadcrumb"},"inLanguage":"en-US","potentialAction":[{"@type":"ReadAction","target":["https:\/\/staging.hydrachim.fr\/produit\/hydranet-plus\/"]}]},{"@type":"ImageObject","inLanguage":"en-US","@id":"https:\/\/staging.hydrachim.fr\/produit\/hydranet-plus\/#primaryimage","url":"https:\/\/staging.hydrachim.fr\/app\/uploads\/2019\/10\/1017_Hydranet_Plus_20kg.png","contentUrl":"https:\/\/staging.hydrachim.fr\/app\/uploads\/2019\/10\/1017_Hydranet_Plus_20kg.png","width":310,"height":378},{"@type":"BreadcrumbList","@id":"https:\/\/staging.hydrachim.fr\/produit\/hydranet-plus\/#breadcrumb","itemListElement":[{"@type":"ListItem","position":1,"name":"Home","item":"https:\/\/staging.hydrachim.fr\/en\/"},{"@type":"ListItem","position":2,"name":"Shop","item":"https:\/\/staging.hydrachim.fr\/en\/shop\/"},{"@type":"ListItem","position":3,"name":"Hydranet plus"}]},{"@type":"WebSite","@id":"https:\/\/staging.hydrachim.fr\/#website","url":"https:\/\/staging.hydrachim.fr\/","name":"Hydrachim","description":"La science de l&#039;hygi\u00e8ne","potentialAction":[{"@type":"SearchAction","target":{"@type":"EntryPoint","urlTemplate":"https:\/\/staging.hydrachim.fr\/?s={search_term_string}"},"query-input":{"@type":"PropertyValueSpecification","valueRequired":true,"valueName":"search_term_string"}}],"inLanguage":"en-US"}]}},"acf":{"fiche_technique":"https:\/\/staging.hydrachim.fr\/app\/uploads\/2019\/09\/FT-1017-HYDRANET-PLUS.pdf","fiche_methode":""},"_links":{"self":[{"href":"https:\/\/staging.hydrachim.fr\/en\/wp-json\/wp\/v2\/product\/3313","targetHints":{"allow":["GET"]}}],"collection":[{"href":"https:\/\/staging.hydrachim.fr\/en\/wp-json\/wp\/v2\/product"}],"about":[{"href":"https:\/\/staging.hydrachim.fr\/en\/wp-json\/wp\/v2\/types\/product"}],"wp:featuredmedia":[{"embeddable":true,"href":"https:\/\/staging.hydrachim.fr\/en\/wp-json\/wp\/v2\/media\/5604"}],"wp:attachment":[{"href":"https:\/\/staging.hydrachim.fr\/en\/wp-json\/wp\/v2\/media?parent=3313"}],"wp:term":[{"taxonomy":"product_brand","embeddable":true,"href":"https:\/\/staging.hydrachim.fr\/en\/wp-json\/wp\/v2\/product_brand?post=3313"},{"taxonomy":"product_type","embeddable":true,"href":"https:\/\/staging.hydrachim.fr\/en\/wp-json\/wp\/v2\/product_type?post=3313"},{"taxonomy":"product_visibility","embeddable":true,"href":"https:\/\/staging.hydrachim.fr\/en\/wp-json\/wp\/v2\/product_visibility?post=3313"},{"taxonomy":"product_cat","embeddable":true,"href":"https:\/\/staging.hydrachim.fr\/en\/wp-json\/wp\/v2\/product_cat?post=3313"}],"curies":[{"name":"wp","href":"https:\/\/api.w.org\/{rel}","templated":true}]}}