{"id":3321,"date":"2019-08-06T15:42:47","date_gmt":"2019-08-06T13:42:47","guid":{"rendered":"https:\/\/staging.hydrachim.fr\/product\/distributeur-creme-mains\/"},"modified":"2019-08-06T15:42:48","modified_gmt":"2019-08-06T13:42:48","slug":"distributeur-creme-mains","status":"publish","type":"product","link":"https:\/\/staging.hydrachim.fr\/en\/produit\/distributeur-creme-mains\/","title":{"rendered":"distributeur-creme-mains"},"content":{"rendered":"<h2 class=\"description-produit\">Le distributeur mural de Cr\u00e8me Mains est un distributeur de savon captif d\u00e9velopp\u00e9 pour poches souples.<\/h2>\n<p class=\"text-description-produit\"><img decoding=\"async\" class=\"conditionnement-produit\" alt=\"\" src=\"https:\/\/staging.hydrachim.com\/wp-content\/uploads\/2018\/09\/E-C116-DISTRIBUTEUR-SAVON-e1537524511725.jpg\" \/>Le Distributeur Cr\u00e8me Mains est un distributeur pour poche de 1L fixable au mur. A chaque pression, il lib\u00e8re une dose de produit (2 options de dosage). Remplacement de la poche facile.<\/p>\n<p class=\"information-produit\"><span class=\"dose-utilisation\">Les savons et gels douches disponibles en poches pour distributeur sont :<br \/> <br \/>\n&#8211; <a href=\"https:\/\/staging.hydrachim.com\/produit\/creme-mains-parfum-fleur-de-lin\/\" target=\"_blank\" rel=\"noopener noreferrer\">La cr\u00e8me mains \u00e9cologique parfum Fleur de Lin\u00a0IDEGREEN (R\u00e9f.1821),<\/a><br \/> <br \/>\n&#8211; <a href=\"https:\/\/staging.hydrachim.com\/produit\/creme-mains-bactericide\/\" target=\"_blank\" rel=\"noopener noreferrer\">La cr\u00e8me mains bact\u00e9ricide\u00a0ORLAV (R\u00e9f.0425)<\/a>,<br \/> <br \/>\n&#8211; <a href=\"https:\/\/staging.hydrachim.com\/produit\/eligel-a\/\" target=\"_blank\" rel=\"noopener noreferrer\">Le gel hydroalcoolique d\u00e9sinfectant\u00a0Eligel A (R\u00e9f.3131),<\/a><br \/> <br \/>\n&#8211; <a href=\"https:\/\/staging.hydrachim.com\/produit\/creme-mains-parfum-amande-douce\/\" target=\"_blank\" rel=\"noopener noreferrer\">La cr\u00e8me main parfum amande douce ORLAV<\/a> (R\u00e9f. 0389),<br \/> <br \/>\n&#8211; <a href=\"https:\/\/staging.hydrachim.com\/produit\/gel-douche-corps-et-cheveux\/\" target=\"_blank\" rel=\"noopener noreferrer\">Le gel douche corps et cheveux IDEGREEN (R\u00e9f. 1831),<br \/> <br \/>\n&#8211; <a href=\"https:\/\/staging.hydrachim.com\/produit\/creme-mains-ecolabel-parfum-fleur-de-lin-copier\/\" target=\"_blank\" rel=\"noopener noreferrer\">Elifoam mains parfum fleur de lin (R\u00e9f. 1836).<\/a><\/span><\/p>\n<p>Distributeur disponible sous la r\u00e9f\u00e9rence E-C116.\u00a0Poches vendues s\u00e9par\u00e9ment en carton de 6 x 1L.<\/p>\n<div class=\"plus-produit\"><span> Le Distributeur permet une pose et un remplissage facile. Il est plus hygi\u00e9nique \u00e0 l&rsquo;usage que les flacons puisque l&rsquo;utilisateur ne touche qu&rsquo;au bouton-poussoir.<\/span><\/div>\n<p><!-- Start Shareaholic ClassicBookmarks Automatic --><!-- End Shareaholic ClassicBookmarks Automatic --><\/p>\n","protected":false},"excerpt":{"rendered":"<p>Distributeur Cr\u00e8me Mains pour poche souple. Simple, pratique, \u00e9conomique et hygi\u00e9nique.<\/p>\n","protected":false},"featured_media":2687,"template":"","meta":[],"product_brand":[],"product_type":[2],"product_visibility":[],"product_cat":[15],"class_list":{"0":"post-3321","1":"product","2":"type-product","3":"status-publish","4":"has-post-thumbnail","6":"product_cat-uncategorized","7":"product_tag-creme","8":"product_tag-distributeur","10":"first","11":"instock","12":"shipping-taxable","13":"purchasable","14":"product-type-simple"},"yoast_head":"<!-- This site is optimized with the Yoast SEO plugin v24.7 - https:\/\/yoast.com\/wordpress\/plugins\/seo\/ -->\n<title>distributeur-creme-mains - Hydrachim<\/title>\n<meta name=\"robots\" content=\"noindex, follow, max-snippet:-1, max-image-preview:large, max-video-preview:-1\" \/>\n<meta property=\"og:locale\" content=\"en_US\" \/>\n<meta property=\"og:type\" content=\"article\" \/>\n<meta property=\"og:title\" content=\"distributeur-creme-mains - Hydrachim\" \/>\n<meta property=\"og:description\" content=\"Distributeur Cr\u00e8me Mains pour poche souple. Simple, pratique, \u00e9conomique et hygi\u00e9nique.\" \/>\n<meta property=\"og:url\" content=\"https:\/\/staging.hydrachim.fr\/produit\/distributeur-creme-mains\/\" \/>\n<meta property=\"og:site_name\" content=\"Hydrachim\" \/>\n<meta property=\"article:modified_time\" content=\"2019-08-06T13:42:48+00:00\" \/>\n<meta property=\"og:image\" content=\"https:\/\/staging.hydrachim.fr\/app\/uploads\/2019\/08\/savon-liquide.jpg\" \/>\n\t<meta property=\"og:image:width\" content=\"310\" \/>\n\t<meta property=\"og:image:height\" content=\"204\" \/>\n\t<meta property=\"og:image:type\" content=\"image\/jpeg\" \/>\n<meta name=\"twitter:card\" content=\"summary_large_image\" \/>\n<meta name=\"twitter:label1\" content=\"Est. reading time\" \/>\n\t<meta name=\"twitter:data1\" content=\"1 minute\" \/>\n<script type=\"application\/ld+json\" class=\"yoast-schema-graph\">{\"@context\":\"https:\/\/schema.org\",\"@graph\":[{\"@type\":\"WebPage\",\"@id\":\"https:\/\/staging.hydrachim.fr\/produit\/distributeur-creme-mains\/\",\"url\":\"https:\/\/staging.hydrachim.fr\/produit\/distributeur-creme-mains\/\",\"name\":\"distributeur-creme-mains - Hydrachim\",\"isPartOf\":{\"@id\":\"https:\/\/staging.hydrachim.fr\/#website\"},\"primaryImageOfPage\":{\"@id\":\"https:\/\/staging.hydrachim.fr\/produit\/distributeur-creme-mains\/#primaryimage\"},\"image\":{\"@id\":\"https:\/\/staging.hydrachim.fr\/produit\/distributeur-creme-mains\/#primaryimage\"},\"thumbnailUrl\":\"https:\/\/staging.hydrachim.fr\/app\/uploads\/2019\/08\/savon-liquide.jpg\",\"datePublished\":\"2019-08-06T13:42:47+00:00\",\"dateModified\":\"2019-08-06T13:42:48+00:00\",\"breadcrumb\":{\"@id\":\"https:\/\/staging.hydrachim.fr\/produit\/distributeur-creme-mains\/#breadcrumb\"},\"inLanguage\":\"en-US\",\"potentialAction\":[{\"@type\":\"ReadAction\",\"target\":[\"https:\/\/staging.hydrachim.fr\/produit\/distributeur-creme-mains\/\"]}]},{\"@type\":\"ImageObject\",\"inLanguage\":\"en-US\",\"@id\":\"https:\/\/staging.hydrachim.fr\/produit\/distributeur-creme-mains\/#primaryimage\",\"url\":\"https:\/\/staging.hydrachim.fr\/app\/uploads\/2019\/08\/savon-liquide.jpg\",\"contentUrl\":\"https:\/\/staging.hydrachim.fr\/app\/uploads\/2019\/08\/savon-liquide.jpg\",\"width\":310,\"height\":204},{\"@type\":\"BreadcrumbList\",\"@id\":\"https:\/\/staging.hydrachim.fr\/produit\/distributeur-creme-mains\/#breadcrumb\",\"itemListElement\":[{\"@type\":\"ListItem\",\"position\":1,\"name\":\"Home\",\"item\":\"https:\/\/staging.hydrachim.fr\/en\/\"},{\"@type\":\"ListItem\",\"position\":2,\"name\":\"Shop\",\"item\":\"https:\/\/staging.hydrachim.fr\/en\/shop\/\"},{\"@type\":\"ListItem\",\"position\":3,\"name\":\"distributeur-creme-mains\"}]},{\"@type\":\"WebSite\",\"@id\":\"https:\/\/staging.hydrachim.fr\/#website\",\"url\":\"https:\/\/staging.hydrachim.fr\/\",\"name\":\"Hydrachim\",\"description\":\"La science de l&#039;hygi\u00e8ne\",\"potentialAction\":[{\"@type\":\"SearchAction\",\"target\":{\"@type\":\"EntryPoint\",\"urlTemplate\":\"https:\/\/staging.hydrachim.fr\/?s={search_term_string}\"},\"query-input\":{\"@type\":\"PropertyValueSpecification\",\"valueRequired\":true,\"valueName\":\"search_term_string\"}}],\"inLanguage\":\"en-US\"}]}<\/script>\n<!-- \/ Yoast SEO plugin. -->","yoast_head_json":{"title":"distributeur-creme-mains - Hydrachim","robots":{"index":"noindex","follow":"follow","max-snippet":"max-snippet:-1","max-image-preview":"max-image-preview:large","max-video-preview":"max-video-preview:-1"},"og_locale":"en_US","og_type":"article","og_title":"distributeur-creme-mains - Hydrachim","og_description":"Distributeur Cr\u00e8me Mains pour poche souple. Simple, pratique, \u00e9conomique et hygi\u00e9nique.","og_url":"https:\/\/staging.hydrachim.fr\/produit\/distributeur-creme-mains\/","og_site_name":"Hydrachim","article_modified_time":"2019-08-06T13:42:48+00:00","og_image":[{"width":310,"height":204,"url":"https:\/\/staging.hydrachim.fr\/app\/uploads\/2019\/08\/savon-liquide.jpg","type":"image\/jpeg"}],"twitter_card":"summary_large_image","twitter_misc":{"Est. reading time":"1 minute"},"schema":{"@context":"https:\/\/schema.org","@graph":[{"@type":"WebPage","@id":"https:\/\/staging.hydrachim.fr\/produit\/distributeur-creme-mains\/","url":"https:\/\/staging.hydrachim.fr\/produit\/distributeur-creme-mains\/","name":"distributeur-creme-mains - Hydrachim","isPartOf":{"@id":"https:\/\/staging.hydrachim.fr\/#website"},"primaryImageOfPage":{"@id":"https:\/\/staging.hydrachim.fr\/produit\/distributeur-creme-mains\/#primaryimage"},"image":{"@id":"https:\/\/staging.hydrachim.fr\/produit\/distributeur-creme-mains\/#primaryimage"},"thumbnailUrl":"https:\/\/staging.hydrachim.fr\/app\/uploads\/2019\/08\/savon-liquide.jpg","datePublished":"2019-08-06T13:42:47+00:00","dateModified":"2019-08-06T13:42:48+00:00","breadcrumb":{"@id":"https:\/\/staging.hydrachim.fr\/produit\/distributeur-creme-mains\/#breadcrumb"},"inLanguage":"en-US","potentialAction":[{"@type":"ReadAction","target":["https:\/\/staging.hydrachim.fr\/produit\/distributeur-creme-mains\/"]}]},{"@type":"ImageObject","inLanguage":"en-US","@id":"https:\/\/staging.hydrachim.fr\/produit\/distributeur-creme-mains\/#primaryimage","url":"https:\/\/staging.hydrachim.fr\/app\/uploads\/2019\/08\/savon-liquide.jpg","contentUrl":"https:\/\/staging.hydrachim.fr\/app\/uploads\/2019\/08\/savon-liquide.jpg","width":310,"height":204},{"@type":"BreadcrumbList","@id":"https:\/\/staging.hydrachim.fr\/produit\/distributeur-creme-mains\/#breadcrumb","itemListElement":[{"@type":"ListItem","position":1,"name":"Home","item":"https:\/\/staging.hydrachim.fr\/en\/"},{"@type":"ListItem","position":2,"name":"Shop","item":"https:\/\/staging.hydrachim.fr\/en\/shop\/"},{"@type":"ListItem","position":3,"name":"distributeur-creme-mains"}]},{"@type":"WebSite","@id":"https:\/\/staging.hydrachim.fr\/#website","url":"https:\/\/staging.hydrachim.fr\/","name":"Hydrachim","description":"La science de l&#039;hygi\u00e8ne","potentialAction":[{"@type":"SearchAction","target":{"@type":"EntryPoint","urlTemplate":"https:\/\/staging.hydrachim.fr\/?s={search_term_string}"},"query-input":{"@type":"PropertyValueSpecification","valueRequired":true,"valueName":"search_term_string"}}],"inLanguage":"en-US"}]}},"acf":{"fiche_technique":null,"fiche_methode":null},"_links":{"self":[{"href":"https:\/\/staging.hydrachim.fr\/en\/wp-json\/wp\/v2\/product\/3321","targetHints":{"allow":["GET"]}}],"collection":[{"href":"https:\/\/staging.hydrachim.fr\/en\/wp-json\/wp\/v2\/product"}],"about":[{"href":"https:\/\/staging.hydrachim.fr\/en\/wp-json\/wp\/v2\/types\/product"}],"wp:featuredmedia":[{"embeddable":true,"href":"https:\/\/staging.hydrachim.fr\/en\/wp-json\/wp\/v2\/media\/2687"}],"wp:attachment":[{"href":"https:\/\/staging.hydrachim.fr\/en\/wp-json\/wp\/v2\/media?parent=3321"}],"wp:term":[{"taxonomy":"product_brand","embeddable":true,"href":"https:\/\/staging.hydrachim.fr\/en\/wp-json\/wp\/v2\/product_brand?post=3321"},{"taxonomy":"product_type","embeddable":true,"href":"https:\/\/staging.hydrachim.fr\/en\/wp-json\/wp\/v2\/product_type?post=3321"},{"taxonomy":"product_visibility","embeddable":true,"href":"https:\/\/staging.hydrachim.fr\/en\/wp-json\/wp\/v2\/product_visibility?post=3321"},{"taxonomy":"product_cat","embeddable":true,"href":"https:\/\/staging.hydrachim.fr\/en\/wp-json\/wp\/v2\/product_cat?post=3321"}],"curies":[{"name":"wp","href":"https:\/\/api.w.org\/{rel}","templated":true}]}}