{"id":3328,"date":"2019-08-06T15:42:53","date_gmt":"2019-08-06T13:42:53","guid":{"rendered":"https:\/\/staging.hydrachim.fr\/product\/lactalin-chlore\/"},"modified":"2019-10-11T15:39:40","modified_gmt":"2019-10-11T13:39:40","slug":"lactalin-chlore","status":"publish","type":"product","link":"https:\/\/staging.hydrachim.fr\/en\/produit\/lactalin-chlore\/","title":{"rendered":"Lactalin chlor\u00e9"},"content":{"rendered":"<p><strong>Lactalin chlor\u00e9 liquide est un produit d&#8217;hygi\u00e8ne non moussant d\u00e9velopp\u00e9 pour le nettoyage et la d\u00e9sinfection du mat\u00e9riel de traite.<\/strong><\/p>\n<p>Le Lactalin chlor\u00e9 est un produit qui est utilis\u00e9 pour \u00e9liminer les souillures organiques et min\u00e9rales et d\u00e9sinfecter totalement le mat\u00e9riel de traite. C&#8217;est un produit liquide alcalin chlor\u00e9 non moussant. Le Lactalin Chlor\u00e9 est homologu\u00e9 par le minist\u00e8re de l&#8217;agriculture sous le n\u00b02000266.<br \/>\nLe Lactalin chlor\u00e9 s&#8217;utilise en alternance avec Lactacid de mani\u00e8re \u00e0 assurer un nettoyage complet et \u00e9conomique.<br \/>\nProduit utilisable en agriculture biologique conforme au (CE) 834\/2007 (et ses amendements).\n<\/p>\n<p><strong>Disponible en :<br \/>\n&#8211; bidon de 24kg R\u00e9f. 001100206<br \/>\n&#8211; f\u00fbt de 72kg R\u00e9f. 001100207<br \/>\n&#8211; f\u00fbt de 240kg R\u00e9f. 001100298<br \/>\n&#8211; container de 1200kg R\u00e9f. 001100231.<\/strong><\/p>\n<p class=\"y-product y-product__product-subtitle\">Avantage :<\/p>\n<p>Le Lactalin chlor\u00e9 est un produit alcalin, nettoyant et d\u00e9sinfectant.<\/p>\n<p>Retrouvez le mode d&#8217;emploi et le dosage du produit en t\u00e9l\u00e9chargeant, ci-dessous, sa Fiche Technique.<\/p>\n<p><em>Utilisez les biocides avec pr\u00e9caution. Avant toute utilisation, lisez l&#8217;\u00e9tiquette et les informations concernant le produit.<\/em><\/p>\n","protected":false},"excerpt":{"rendered":"<p>Entretien et d\u00e9sinfection du mat\u00e9riel de traite.<\/p>\n","protected":false},"featured_media":5090,"template":"","meta":[],"product_brand":[],"product_type":[2],"product_visibility":[],"product_cat":[4154],"class_list":{"0":"post-3328","1":"product","2":"type-product","3":"status-publish","4":"has-post-thumbnail","6":"product_cat-marqueshydrachim-elevage","7":"product_tag-chlore","8":"product_tag-circuit","9":"product_tag-desinfectant","10":"product_tag-liquide","11":"product_tag-materiel-de-traite","12":"product_tag-nettoyage","13":"product_tag-non-moussant","15":"first","16":"instock","17":"shipping-taxable","18":"product-type-simple"},"yoast_head":"<!-- This site is optimized with the Yoast SEO plugin v24.7 - https:\/\/yoast.com\/wordpress\/plugins\/seo\/ -->\n<title>Lactalin chlor\u00e9 - Hydrachim<\/title>\n<meta name=\"robots\" content=\"noindex, follow, max-snippet:-1, max-image-preview:large, max-video-preview:-1\" \/>\n<meta property=\"og:locale\" content=\"en_US\" \/>\n<meta property=\"og:type\" content=\"article\" \/>\n<meta property=\"og:title\" content=\"Lactalin chlor\u00e9 - Hydrachim\" \/>\n<meta property=\"og:description\" content=\"Entretien et d\u00e9sinfection du mat\u00e9riel de traite.\" \/>\n<meta property=\"og:url\" content=\"https:\/\/staging.hydrachim.fr\/produit\/lactalin-chlore\/\" \/>\n<meta property=\"og:site_name\" content=\"Hydrachim\" \/>\n<meta property=\"article:modified_time\" content=\"2019-10-11T13:39:40+00:00\" \/>\n<meta property=\"og:image\" content=\"https:\/\/staging.hydrachim.fr\/app\/uploads\/2019\/10\/1002-Lactalin-chlore-PHOTO-WEB.png\" \/>\n\t<meta property=\"og:image:width\" content=\"518\" \/>\n\t<meta property=\"og:image:height\" content=\"586\" \/>\n\t<meta property=\"og:image:type\" content=\"image\/png\" \/>\n<meta name=\"twitter:card\" content=\"summary_large_image\" \/>\n<meta name=\"twitter:label1\" content=\"Est. reading time\" \/>\n\t<meta name=\"twitter:data1\" content=\"1 minute\" \/>\n<script type=\"application\/ld+json\" class=\"yoast-schema-graph\">{\"@context\":\"https:\/\/schema.org\",\"@graph\":[{\"@type\":\"WebPage\",\"@id\":\"https:\/\/staging.hydrachim.fr\/produit\/lactalin-chlore\/\",\"url\":\"https:\/\/staging.hydrachim.fr\/produit\/lactalin-chlore\/\",\"name\":\"Lactalin chlor\u00e9 - Hydrachim\",\"isPartOf\":{\"@id\":\"https:\/\/staging.hydrachim.fr\/#website\"},\"primaryImageOfPage\":{\"@id\":\"https:\/\/staging.hydrachim.fr\/produit\/lactalin-chlore\/#primaryimage\"},\"image\":{\"@id\":\"https:\/\/staging.hydrachim.fr\/produit\/lactalin-chlore\/#primaryimage\"},\"thumbnailUrl\":\"https:\/\/staging.hydrachim.fr\/app\/uploads\/2019\/10\/1002-Lactalin-chlore-PHOTO-WEB.png\",\"datePublished\":\"2019-08-06T13:42:53+00:00\",\"dateModified\":\"2019-10-11T13:39:40+00:00\",\"breadcrumb\":{\"@id\":\"https:\/\/staging.hydrachim.fr\/produit\/lactalin-chlore\/#breadcrumb\"},\"inLanguage\":\"en-US\",\"potentialAction\":[{\"@type\":\"ReadAction\",\"target\":[\"https:\/\/staging.hydrachim.fr\/produit\/lactalin-chlore\/\"]}]},{\"@type\":\"ImageObject\",\"inLanguage\":\"en-US\",\"@id\":\"https:\/\/staging.hydrachim.fr\/produit\/lactalin-chlore\/#primaryimage\",\"url\":\"https:\/\/staging.hydrachim.fr\/app\/uploads\/2019\/10\/1002-Lactalin-chlore-PHOTO-WEB.png\",\"contentUrl\":\"https:\/\/staging.hydrachim.fr\/app\/uploads\/2019\/10\/1002-Lactalin-chlore-PHOTO-WEB.png\",\"width\":518,\"height\":586},{\"@type\":\"BreadcrumbList\",\"@id\":\"https:\/\/staging.hydrachim.fr\/produit\/lactalin-chlore\/#breadcrumb\",\"itemListElement\":[{\"@type\":\"ListItem\",\"position\":1,\"name\":\"Home\",\"item\":\"https:\/\/staging.hydrachim.fr\/en\/\"},{\"@type\":\"ListItem\",\"position\":2,\"name\":\"Shop\",\"item\":\"https:\/\/staging.hydrachim.fr\/en\/shop\/\"},{\"@type\":\"ListItem\",\"position\":3,\"name\":\"Lactalin chlor\u00e9\"}]},{\"@type\":\"WebSite\",\"@id\":\"https:\/\/staging.hydrachim.fr\/#website\",\"url\":\"https:\/\/staging.hydrachim.fr\/\",\"name\":\"Hydrachim\",\"description\":\"La science de l&#039;hygi\u00e8ne\",\"potentialAction\":[{\"@type\":\"SearchAction\",\"target\":{\"@type\":\"EntryPoint\",\"urlTemplate\":\"https:\/\/staging.hydrachim.fr\/?s={search_term_string}\"},\"query-input\":{\"@type\":\"PropertyValueSpecification\",\"valueRequired\":true,\"valueName\":\"search_term_string\"}}],\"inLanguage\":\"en-US\"}]}<\/script>\n<!-- \/ Yoast SEO plugin. -->","yoast_head_json":{"title":"Lactalin chlor\u00e9 - Hydrachim","robots":{"index":"noindex","follow":"follow","max-snippet":"max-snippet:-1","max-image-preview":"max-image-preview:large","max-video-preview":"max-video-preview:-1"},"og_locale":"en_US","og_type":"article","og_title":"Lactalin chlor\u00e9 - Hydrachim","og_description":"Entretien et d\u00e9sinfection du mat\u00e9riel de traite.","og_url":"https:\/\/staging.hydrachim.fr\/produit\/lactalin-chlore\/","og_site_name":"Hydrachim","article_modified_time":"2019-10-11T13:39:40+00:00","og_image":[{"width":518,"height":586,"url":"https:\/\/staging.hydrachim.fr\/app\/uploads\/2019\/10\/1002-Lactalin-chlore-PHOTO-WEB.png","type":"image\/png"}],"twitter_card":"summary_large_image","twitter_misc":{"Est. reading time":"1 minute"},"schema":{"@context":"https:\/\/schema.org","@graph":[{"@type":"WebPage","@id":"https:\/\/staging.hydrachim.fr\/produit\/lactalin-chlore\/","url":"https:\/\/staging.hydrachim.fr\/produit\/lactalin-chlore\/","name":"Lactalin chlor\u00e9 - Hydrachim","isPartOf":{"@id":"https:\/\/staging.hydrachim.fr\/#website"},"primaryImageOfPage":{"@id":"https:\/\/staging.hydrachim.fr\/produit\/lactalin-chlore\/#primaryimage"},"image":{"@id":"https:\/\/staging.hydrachim.fr\/produit\/lactalin-chlore\/#primaryimage"},"thumbnailUrl":"https:\/\/staging.hydrachim.fr\/app\/uploads\/2019\/10\/1002-Lactalin-chlore-PHOTO-WEB.png","datePublished":"2019-08-06T13:42:53+00:00","dateModified":"2019-10-11T13:39:40+00:00","breadcrumb":{"@id":"https:\/\/staging.hydrachim.fr\/produit\/lactalin-chlore\/#breadcrumb"},"inLanguage":"en-US","potentialAction":[{"@type":"ReadAction","target":["https:\/\/staging.hydrachim.fr\/produit\/lactalin-chlore\/"]}]},{"@type":"ImageObject","inLanguage":"en-US","@id":"https:\/\/staging.hydrachim.fr\/produit\/lactalin-chlore\/#primaryimage","url":"https:\/\/staging.hydrachim.fr\/app\/uploads\/2019\/10\/1002-Lactalin-chlore-PHOTO-WEB.png","contentUrl":"https:\/\/staging.hydrachim.fr\/app\/uploads\/2019\/10\/1002-Lactalin-chlore-PHOTO-WEB.png","width":518,"height":586},{"@type":"BreadcrumbList","@id":"https:\/\/staging.hydrachim.fr\/produit\/lactalin-chlore\/#breadcrumb","itemListElement":[{"@type":"ListItem","position":1,"name":"Home","item":"https:\/\/staging.hydrachim.fr\/en\/"},{"@type":"ListItem","position":2,"name":"Shop","item":"https:\/\/staging.hydrachim.fr\/en\/shop\/"},{"@type":"ListItem","position":3,"name":"Lactalin chlor\u00e9"}]},{"@type":"WebSite","@id":"https:\/\/staging.hydrachim.fr\/#website","url":"https:\/\/staging.hydrachim.fr\/","name":"Hydrachim","description":"La science de l&#039;hygi\u00e8ne","potentialAction":[{"@type":"SearchAction","target":{"@type":"EntryPoint","urlTemplate":"https:\/\/staging.hydrachim.fr\/?s={search_term_string}"},"query-input":{"@type":"PropertyValueSpecification","valueRequired":true,"valueName":"search_term_string"}}],"inLanguage":"en-US"}]}},"acf":{"fiche_technique":"https:\/\/staging.hydrachim.fr\/app\/uploads\/2019\/09\/FT-1002-lactalin-chlore.pdf","fiche_methode":""},"_links":{"self":[{"href":"https:\/\/staging.hydrachim.fr\/en\/wp-json\/wp\/v2\/product\/3328","targetHints":{"allow":["GET"]}}],"collection":[{"href":"https:\/\/staging.hydrachim.fr\/en\/wp-json\/wp\/v2\/product"}],"about":[{"href":"https:\/\/staging.hydrachim.fr\/en\/wp-json\/wp\/v2\/types\/product"}],"wp:featuredmedia":[{"embeddable":true,"href":"https:\/\/staging.hydrachim.fr\/en\/wp-json\/wp\/v2\/media\/5090"}],"wp:attachment":[{"href":"https:\/\/staging.hydrachim.fr\/en\/wp-json\/wp\/v2\/media?parent=3328"}],"wp:term":[{"taxonomy":"product_brand","embeddable":true,"href":"https:\/\/staging.hydrachim.fr\/en\/wp-json\/wp\/v2\/product_brand?post=3328"},{"taxonomy":"product_type","embeddable":true,"href":"https:\/\/staging.hydrachim.fr\/en\/wp-json\/wp\/v2\/product_type?post=3328"},{"taxonomy":"product_visibility","embeddable":true,"href":"https:\/\/staging.hydrachim.fr\/en\/wp-json\/wp\/v2\/product_visibility?post=3328"},{"taxonomy":"product_cat","embeddable":true,"href":"https:\/\/staging.hydrachim.fr\/en\/wp-json\/wp\/v2\/product_cat?post=3328"}],"curies":[{"name":"wp","href":"https:\/\/api.w.org\/{rel}","templated":true}]}}