{"id":3336,"date":"2019-08-06T15:43:01","date_gmt":"2019-08-06T13:43:01","guid":{"rendered":"https:\/\/staging.hydrachim.fr\/product\/scale-control\/"},"modified":"2019-10-14T15:10:38","modified_gmt":"2019-10-14T13:10:38","slug":"scale-control","status":"publish","type":"product","link":"https:\/\/staging.hydrachim.fr\/en\/produit\/scale-control\/","title":{"rendered":"Scale control"},"content":{"rendered":"<p><strong>Scale control en poudre est un produit d\u00e9velopp\u00e9 pour le traitement du tartre insoluble dans les toilettes, urinoirs et canalisations des sanitaires tout en laissant un agr\u00e9able parfum Menthe.<\/strong><\/p>\n<p>Le Scale control est un produit qui d\u00e9tartre imm\u00e9diatement et retarde la formation du tartre dans les sanitaires. Il est pr\u00e9sent\u00e9 en sachets hydrosolubles. Le Scale control b\u00e9n\u00e9ficie d&#8217;une toute nouvelle technologie qui permet d&#8217;associer des d\u00e9tartrants chimiques, des micro-organismes non pathog\u00e8nes et des enzymes, afin d&#8217;assurer un d\u00e9tartrage total des installations. Lors de la dissolution du Scale control, une mousse se cr\u00e9\u00e9e, permettant ainsi au produit de couvrir une grande partie de la surface trait\u00e9e.\n<\/p>\n<p><strong>Disponible en carton de 6 pots de 17 sachets hydrosolubles de 50 g (6x850g). R\u00e9f. 002194003<\/strong><\/p>\n<p class=\"y-product y-product__product-subtitle\">Avantage :<\/p>\n<p>Le Scale control est efficace sur les tartres anciens. Il a une action d\u00e9tartrante curative.<\/p>\n<p>Retrouvez le mode d&#8217;emploi et le dosage du produit en t\u00e9l\u00e9chargeant, ci-dessous, sa Fiche Technique et\/ou sa Fiche M\u00e9thode.<\/p>\n<p><em>Avant toute utilisation, lisez l&#8217;\u00e9tiquette et les informations concernant le produit.<\/em><\/p>\n","protected":false},"excerpt":{"rendered":"<p>Scale control en poudre parfum menthe<\/p>\n","protected":false},"featured_media":4416,"template":"","meta":[],"product_brand":[],"product_type":[2],"product_visibility":[],"product_cat":[4149,4125,4009,4094,4122,4124],"class_list":{"0":"post-3336","1":"product","2":"type-product","3":"status-publish","4":"has-post-thumbnail","6":"product_cat-marquesactemia","7":"product_cat-sanitairecanalisations","8":"product_cat-produitshygiene-enzymatique","9":"product_cat-hygiene-enzymatiquesanitaire","10":"product_cat-produitssanitaire","11":"product_cat-sanitairesurface","12":"product_tag-menthe","13":"product_tag-poudre","14":"product_tag-tartre","16":"first","17":"instock","18":"shipping-taxable","19":"product-type-simple"},"yoast_head":"<!-- This site is optimized with the Yoast SEO plugin v24.7 - https:\/\/yoast.com\/wordpress\/plugins\/seo\/ -->\n<title>Scale control - Hydrachim<\/title>\n<meta name=\"robots\" content=\"noindex, follow, max-snippet:-1, max-image-preview:large, max-video-preview:-1\" \/>\n<meta property=\"og:locale\" content=\"en_US\" \/>\n<meta property=\"og:type\" content=\"article\" \/>\n<meta property=\"og:title\" content=\"Scale control - Hydrachim\" \/>\n<meta property=\"og:description\" content=\"Scale control en poudre parfum menthe\" \/>\n<meta property=\"og:url\" content=\"https:\/\/staging.hydrachim.fr\/produit\/scale-control\/\" \/>\n<meta property=\"og:site_name\" content=\"Hydrachim\" \/>\n<meta property=\"article:modified_time\" content=\"2019-10-14T13:10:38+00:00\" \/>\n<meta property=\"og:image\" content=\"https:\/\/staging.hydrachim.fr\/app\/uploads\/2019\/09\/1940-ACTEMIA-SCALE-CONTROL-pot-850G-.png\" \/>\n\t<meta property=\"og:image:width\" content=\"400\" \/>\n\t<meta property=\"og:image:height\" content=\"745\" \/>\n\t<meta property=\"og:image:type\" content=\"image\/png\" \/>\n<meta name=\"twitter:card\" content=\"summary_large_image\" \/>\n<meta name=\"twitter:label1\" content=\"Est. reading time\" \/>\n\t<meta name=\"twitter:data1\" content=\"1 minute\" \/>\n<script type=\"application\/ld+json\" class=\"yoast-schema-graph\">{\"@context\":\"https:\/\/schema.org\",\"@graph\":[{\"@type\":\"WebPage\",\"@id\":\"https:\/\/staging.hydrachim.fr\/produit\/scale-control\/\",\"url\":\"https:\/\/staging.hydrachim.fr\/produit\/scale-control\/\",\"name\":\"Scale control - Hydrachim\",\"isPartOf\":{\"@id\":\"https:\/\/staging.hydrachim.fr\/#website\"},\"primaryImageOfPage\":{\"@id\":\"https:\/\/staging.hydrachim.fr\/produit\/scale-control\/#primaryimage\"},\"image\":{\"@id\":\"https:\/\/staging.hydrachim.fr\/produit\/scale-control\/#primaryimage\"},\"thumbnailUrl\":\"https:\/\/staging.hydrachim.fr\/app\/uploads\/2019\/09\/1940-ACTEMIA-SCALE-CONTROL-pot-850G-.png\",\"datePublished\":\"2019-08-06T13:43:01+00:00\",\"dateModified\":\"2019-10-14T13:10:38+00:00\",\"breadcrumb\":{\"@id\":\"https:\/\/staging.hydrachim.fr\/produit\/scale-control\/#breadcrumb\"},\"inLanguage\":\"en-US\",\"potentialAction\":[{\"@type\":\"ReadAction\",\"target\":[\"https:\/\/staging.hydrachim.fr\/produit\/scale-control\/\"]}]},{\"@type\":\"ImageObject\",\"inLanguage\":\"en-US\",\"@id\":\"https:\/\/staging.hydrachim.fr\/produit\/scale-control\/#primaryimage\",\"url\":\"https:\/\/staging.hydrachim.fr\/app\/uploads\/2019\/09\/1940-ACTEMIA-SCALE-CONTROL-pot-850G-.png\",\"contentUrl\":\"https:\/\/staging.hydrachim.fr\/app\/uploads\/2019\/09\/1940-ACTEMIA-SCALE-CONTROL-pot-850G-.png\",\"width\":400,\"height\":745},{\"@type\":\"BreadcrumbList\",\"@id\":\"https:\/\/staging.hydrachim.fr\/produit\/scale-control\/#breadcrumb\",\"itemListElement\":[{\"@type\":\"ListItem\",\"position\":1,\"name\":\"Home\",\"item\":\"https:\/\/staging.hydrachim.fr\/en\/\"},{\"@type\":\"ListItem\",\"position\":2,\"name\":\"Shop\",\"item\":\"https:\/\/staging.hydrachim.fr\/en\/shop\/\"},{\"@type\":\"ListItem\",\"position\":3,\"name\":\"Scale control\"}]},{\"@type\":\"WebSite\",\"@id\":\"https:\/\/staging.hydrachim.fr\/#website\",\"url\":\"https:\/\/staging.hydrachim.fr\/\",\"name\":\"Hydrachim\",\"description\":\"La science de l&#039;hygi\u00e8ne\",\"potentialAction\":[{\"@type\":\"SearchAction\",\"target\":{\"@type\":\"EntryPoint\",\"urlTemplate\":\"https:\/\/staging.hydrachim.fr\/?s={search_term_string}\"},\"query-input\":{\"@type\":\"PropertyValueSpecification\",\"valueRequired\":true,\"valueName\":\"search_term_string\"}}],\"inLanguage\":\"en-US\"}]}<\/script>\n<!-- \/ Yoast SEO plugin. -->","yoast_head_json":{"title":"Scale control - Hydrachim","robots":{"index":"noindex","follow":"follow","max-snippet":"max-snippet:-1","max-image-preview":"max-image-preview:large","max-video-preview":"max-video-preview:-1"},"og_locale":"en_US","og_type":"article","og_title":"Scale control - Hydrachim","og_description":"Scale control en poudre parfum menthe","og_url":"https:\/\/staging.hydrachim.fr\/produit\/scale-control\/","og_site_name":"Hydrachim","article_modified_time":"2019-10-14T13:10:38+00:00","og_image":[{"width":400,"height":745,"url":"https:\/\/staging.hydrachim.fr\/app\/uploads\/2019\/09\/1940-ACTEMIA-SCALE-CONTROL-pot-850G-.png","type":"image\/png"}],"twitter_card":"summary_large_image","twitter_misc":{"Est. reading time":"1 minute"},"schema":{"@context":"https:\/\/schema.org","@graph":[{"@type":"WebPage","@id":"https:\/\/staging.hydrachim.fr\/produit\/scale-control\/","url":"https:\/\/staging.hydrachim.fr\/produit\/scale-control\/","name":"Scale control - Hydrachim","isPartOf":{"@id":"https:\/\/staging.hydrachim.fr\/#website"},"primaryImageOfPage":{"@id":"https:\/\/staging.hydrachim.fr\/produit\/scale-control\/#primaryimage"},"image":{"@id":"https:\/\/staging.hydrachim.fr\/produit\/scale-control\/#primaryimage"},"thumbnailUrl":"https:\/\/staging.hydrachim.fr\/app\/uploads\/2019\/09\/1940-ACTEMIA-SCALE-CONTROL-pot-850G-.png","datePublished":"2019-08-06T13:43:01+00:00","dateModified":"2019-10-14T13:10:38+00:00","breadcrumb":{"@id":"https:\/\/staging.hydrachim.fr\/produit\/scale-control\/#breadcrumb"},"inLanguage":"en-US","potentialAction":[{"@type":"ReadAction","target":["https:\/\/staging.hydrachim.fr\/produit\/scale-control\/"]}]},{"@type":"ImageObject","inLanguage":"en-US","@id":"https:\/\/staging.hydrachim.fr\/produit\/scale-control\/#primaryimage","url":"https:\/\/staging.hydrachim.fr\/app\/uploads\/2019\/09\/1940-ACTEMIA-SCALE-CONTROL-pot-850G-.png","contentUrl":"https:\/\/staging.hydrachim.fr\/app\/uploads\/2019\/09\/1940-ACTEMIA-SCALE-CONTROL-pot-850G-.png","width":400,"height":745},{"@type":"BreadcrumbList","@id":"https:\/\/staging.hydrachim.fr\/produit\/scale-control\/#breadcrumb","itemListElement":[{"@type":"ListItem","position":1,"name":"Home","item":"https:\/\/staging.hydrachim.fr\/en\/"},{"@type":"ListItem","position":2,"name":"Shop","item":"https:\/\/staging.hydrachim.fr\/en\/shop\/"},{"@type":"ListItem","position":3,"name":"Scale control"}]},{"@type":"WebSite","@id":"https:\/\/staging.hydrachim.fr\/#website","url":"https:\/\/staging.hydrachim.fr\/","name":"Hydrachim","description":"La science de l&#039;hygi\u00e8ne","potentialAction":[{"@type":"SearchAction","target":{"@type":"EntryPoint","urlTemplate":"https:\/\/staging.hydrachim.fr\/?s={search_term_string}"},"query-input":{"@type":"PropertyValueSpecification","valueRequired":true,"valueName":"search_term_string"}}],"inLanguage":"en-US"}]}},"acf":{"fiche_technique":"https:\/\/staging.hydrachim.fr\/app\/uploads\/2019\/10\/FT_1940___SCALE_CONTROL_850G.pdf","fiche_methode":"https:\/\/staging.hydrachim.fr\/app\/uploads\/2019\/10\/FM___1940___SCALE_CONTROL_850G.pdf"},"_links":{"self":[{"href":"https:\/\/staging.hydrachim.fr\/en\/wp-json\/wp\/v2\/product\/3336","targetHints":{"allow":["GET"]}}],"collection":[{"href":"https:\/\/staging.hydrachim.fr\/en\/wp-json\/wp\/v2\/product"}],"about":[{"href":"https:\/\/staging.hydrachim.fr\/en\/wp-json\/wp\/v2\/types\/product"}],"wp:featuredmedia":[{"embeddable":true,"href":"https:\/\/staging.hydrachim.fr\/en\/wp-json\/wp\/v2\/media\/4416"}],"wp:attachment":[{"href":"https:\/\/staging.hydrachim.fr\/en\/wp-json\/wp\/v2\/media?parent=3336"}],"wp:term":[{"taxonomy":"product_brand","embeddable":true,"href":"https:\/\/staging.hydrachim.fr\/en\/wp-json\/wp\/v2\/product_brand?post=3336"},{"taxonomy":"product_type","embeddable":true,"href":"https:\/\/staging.hydrachim.fr\/en\/wp-json\/wp\/v2\/product_type?post=3336"},{"taxonomy":"product_visibility","embeddable":true,"href":"https:\/\/staging.hydrachim.fr\/en\/wp-json\/wp\/v2\/product_visibility?post=3336"},{"taxonomy":"product_cat","embeddable":true,"href":"https:\/\/staging.hydrachim.fr\/en\/wp-json\/wp\/v2\/product_cat?post=3336"}],"curies":[{"name":"wp","href":"https:\/\/api.w.org\/{rel}","templated":true}]}}