{"id":3349,"date":"2019-08-06T15:43:13","date_gmt":"2019-08-06T13:43:13","guid":{"rendered":"https:\/\/staging.hydrachim.fr\/product\/eclador-metallic-grand-public\/"},"modified":"2019-10-09T13:57:56","modified_gmt":"2019-10-09T11:57:56","slug":"eclador-metallic-grand-public","status":"publish","type":"product","link":"https:\/\/staging.hydrachim.fr\/en\/produit\/eclador-metallic-grand-public\/","title":{"rendered":"Eclador m\u00e9tallic Grand Trafic"},"content":{"rendered":"<p><strong>Eclador m\u00e9tallic Grand Trafic liquide est un un m\u00e9tallisant haute performance et haute r\u00e9sistance d\u00e9velopp\u00e9 pour la protection des sols avec un passage intensif.<\/strong><\/p>\n<p>Le Eclador m\u00e9tallic Grand Trafic est une \u00e9mulsion m\u00e9tallis\u00e9e qui est con\u00e7u pour la protection des sols comme les thermoplastiques, carrelages, comblanchiens o\u00f9 le passage du public est tr\u00e8s fr\u00e9quent.<\/p>\n<p><strong>Disponible en carton de 4 x 5 L. R\u00e9f. 002026581<\/strong><\/p>\n<p class=\"y-product y-product__product-subtitle\">Avantage :<\/p>\n<p>Eclador m\u00e9tallic Grand Trafic a une haute r\u00e9sistance et est sp\u00e9cialement utilis\u00e9 sur les sols \u00e0 passage intensif.<\/p>\n<p>Retrouvez le mode d&#8217;emploi et le dosage du produit en t\u00e9l\u00e9chargeant, ci-dessous, sa Fiche Technique et\/ou sa Fiche M\u00e9thode.<\/p>\n<p><em>Utilisez les biocides avec pr\u00e9caution. Avant toute utilisation, lisez l&#8217;\u00e9tiquette et les informations concernant le produit.<\/em><\/p>\n","protected":false},"excerpt":{"rendered":"<p>Eclador m\u00e9tallic Grand Trafic liquide<\/p>\n","protected":false},"featured_media":5477,"template":"","meta":[],"product_brand":[],"product_type":[2],"product_visibility":[],"product_cat":[4152,4130,4127],"class_list":{"0":"post-3349","1":"product","2":"type-product","3":"status-publish","4":"has-post-thumbnail","6":"product_cat-marqueseclador","7":"product_cat-solprotection","8":"product_cat-produitssurface-sol","9":"product_tag-liquide","10":"product_tag-protection","12":"first","13":"instock","14":"shipping-taxable","15":"product-type-simple"},"yoast_head":"<!-- This site is optimized with the Yoast SEO plugin v24.7 - https:\/\/yoast.com\/wordpress\/plugins\/seo\/ -->\n<title>Eclador m\u00e9tallic Grand Trafic - Hydrachim<\/title>\n<meta name=\"robots\" content=\"noindex, follow, max-snippet:-1, max-image-preview:large, max-video-preview:-1\" \/>\n<meta property=\"og:locale\" content=\"en_US\" \/>\n<meta property=\"og:type\" content=\"article\" \/>\n<meta property=\"og:title\" content=\"Eclador m\u00e9tallic Grand Trafic - Hydrachim\" \/>\n<meta property=\"og:description\" content=\"Eclador m\u00e9tallic Grand Trafic liquide\" \/>\n<meta property=\"og:url\" content=\"https:\/\/staging.hydrachim.fr\/produit\/eclador-metallic-grand-public\/\" \/>\n<meta property=\"og:site_name\" content=\"Hydrachim\" \/>\n<meta property=\"article:modified_time\" content=\"2019-10-09T11:57:56+00:00\" \/>\n<meta property=\"og:image\" content=\"https:\/\/staging.hydrachim.fr\/app\/uploads\/2019\/10\/0265_eclador_metalic_grand_trafic_5L.png\" \/>\n\t<meta property=\"og:image:width\" content=\"1000\" \/>\n\t<meta property=\"og:image:height\" content=\"1492\" \/>\n\t<meta property=\"og:image:type\" content=\"image\/png\" \/>\n<meta name=\"twitter:card\" content=\"summary_large_image\" \/>\n<meta name=\"twitter:label1\" content=\"Est. reading time\" \/>\n\t<meta name=\"twitter:data1\" content=\"1 minute\" \/>\n<script type=\"application\/ld+json\" class=\"yoast-schema-graph\">{\"@context\":\"https:\/\/schema.org\",\"@graph\":[{\"@type\":\"WebPage\",\"@id\":\"https:\/\/staging.hydrachim.fr\/produit\/eclador-metallic-grand-public\/\",\"url\":\"https:\/\/staging.hydrachim.fr\/produit\/eclador-metallic-grand-public\/\",\"name\":\"Eclador m\u00e9tallic Grand Trafic - Hydrachim\",\"isPartOf\":{\"@id\":\"https:\/\/staging.hydrachim.fr\/#website\"},\"primaryImageOfPage\":{\"@id\":\"https:\/\/staging.hydrachim.fr\/produit\/eclador-metallic-grand-public\/#primaryimage\"},\"image\":{\"@id\":\"https:\/\/staging.hydrachim.fr\/produit\/eclador-metallic-grand-public\/#primaryimage\"},\"thumbnailUrl\":\"https:\/\/staging.hydrachim.fr\/app\/uploads\/2019\/10\/0265_eclador_metalic_grand_trafic_5L.png\",\"datePublished\":\"2019-08-06T13:43:13+00:00\",\"dateModified\":\"2019-10-09T11:57:56+00:00\",\"breadcrumb\":{\"@id\":\"https:\/\/staging.hydrachim.fr\/produit\/eclador-metallic-grand-public\/#breadcrumb\"},\"inLanguage\":\"en-US\",\"potentialAction\":[{\"@type\":\"ReadAction\",\"target\":[\"https:\/\/staging.hydrachim.fr\/produit\/eclador-metallic-grand-public\/\"]}]},{\"@type\":\"ImageObject\",\"inLanguage\":\"en-US\",\"@id\":\"https:\/\/staging.hydrachim.fr\/produit\/eclador-metallic-grand-public\/#primaryimage\",\"url\":\"https:\/\/staging.hydrachim.fr\/app\/uploads\/2019\/10\/0265_eclador_metalic_grand_trafic_5L.png\",\"contentUrl\":\"https:\/\/staging.hydrachim.fr\/app\/uploads\/2019\/10\/0265_eclador_metalic_grand_trafic_5L.png\",\"width\":1000,\"height\":1492},{\"@type\":\"BreadcrumbList\",\"@id\":\"https:\/\/staging.hydrachim.fr\/produit\/eclador-metallic-grand-public\/#breadcrumb\",\"itemListElement\":[{\"@type\":\"ListItem\",\"position\":1,\"name\":\"Home\",\"item\":\"https:\/\/staging.hydrachim.fr\/en\/\"},{\"@type\":\"ListItem\",\"position\":2,\"name\":\"Shop\",\"item\":\"https:\/\/staging.hydrachim.fr\/en\/shop\/\"},{\"@type\":\"ListItem\",\"position\":3,\"name\":\"Eclador m\u00e9tallic Grand Trafic\"}]},{\"@type\":\"WebSite\",\"@id\":\"https:\/\/staging.hydrachim.fr\/#website\",\"url\":\"https:\/\/staging.hydrachim.fr\/\",\"name\":\"Hydrachim\",\"description\":\"La science de l&#039;hygi\u00e8ne\",\"potentialAction\":[{\"@type\":\"SearchAction\",\"target\":{\"@type\":\"EntryPoint\",\"urlTemplate\":\"https:\/\/staging.hydrachim.fr\/?s={search_term_string}\"},\"query-input\":{\"@type\":\"PropertyValueSpecification\",\"valueRequired\":true,\"valueName\":\"search_term_string\"}}],\"inLanguage\":\"en-US\"}]}<\/script>\n<!-- \/ Yoast SEO plugin. -->","yoast_head_json":{"title":"Eclador m\u00e9tallic Grand Trafic - Hydrachim","robots":{"index":"noindex","follow":"follow","max-snippet":"max-snippet:-1","max-image-preview":"max-image-preview:large","max-video-preview":"max-video-preview:-1"},"og_locale":"en_US","og_type":"article","og_title":"Eclador m\u00e9tallic Grand Trafic - Hydrachim","og_description":"Eclador m\u00e9tallic Grand Trafic liquide","og_url":"https:\/\/staging.hydrachim.fr\/produit\/eclador-metallic-grand-public\/","og_site_name":"Hydrachim","article_modified_time":"2019-10-09T11:57:56+00:00","og_image":[{"width":1000,"height":1492,"url":"https:\/\/staging.hydrachim.fr\/app\/uploads\/2019\/10\/0265_eclador_metalic_grand_trafic_5L.png","type":"image\/png"}],"twitter_card":"summary_large_image","twitter_misc":{"Est. reading time":"1 minute"},"schema":{"@context":"https:\/\/schema.org","@graph":[{"@type":"WebPage","@id":"https:\/\/staging.hydrachim.fr\/produit\/eclador-metallic-grand-public\/","url":"https:\/\/staging.hydrachim.fr\/produit\/eclador-metallic-grand-public\/","name":"Eclador m\u00e9tallic Grand Trafic - Hydrachim","isPartOf":{"@id":"https:\/\/staging.hydrachim.fr\/#website"},"primaryImageOfPage":{"@id":"https:\/\/staging.hydrachim.fr\/produit\/eclador-metallic-grand-public\/#primaryimage"},"image":{"@id":"https:\/\/staging.hydrachim.fr\/produit\/eclador-metallic-grand-public\/#primaryimage"},"thumbnailUrl":"https:\/\/staging.hydrachim.fr\/app\/uploads\/2019\/10\/0265_eclador_metalic_grand_trafic_5L.png","datePublished":"2019-08-06T13:43:13+00:00","dateModified":"2019-10-09T11:57:56+00:00","breadcrumb":{"@id":"https:\/\/staging.hydrachim.fr\/produit\/eclador-metallic-grand-public\/#breadcrumb"},"inLanguage":"en-US","potentialAction":[{"@type":"ReadAction","target":["https:\/\/staging.hydrachim.fr\/produit\/eclador-metallic-grand-public\/"]}]},{"@type":"ImageObject","inLanguage":"en-US","@id":"https:\/\/staging.hydrachim.fr\/produit\/eclador-metallic-grand-public\/#primaryimage","url":"https:\/\/staging.hydrachim.fr\/app\/uploads\/2019\/10\/0265_eclador_metalic_grand_trafic_5L.png","contentUrl":"https:\/\/staging.hydrachim.fr\/app\/uploads\/2019\/10\/0265_eclador_metalic_grand_trafic_5L.png","width":1000,"height":1492},{"@type":"BreadcrumbList","@id":"https:\/\/staging.hydrachim.fr\/produit\/eclador-metallic-grand-public\/#breadcrumb","itemListElement":[{"@type":"ListItem","position":1,"name":"Home","item":"https:\/\/staging.hydrachim.fr\/en\/"},{"@type":"ListItem","position":2,"name":"Shop","item":"https:\/\/staging.hydrachim.fr\/en\/shop\/"},{"@type":"ListItem","position":3,"name":"Eclador m\u00e9tallic Grand Trafic"}]},{"@type":"WebSite","@id":"https:\/\/staging.hydrachim.fr\/#website","url":"https:\/\/staging.hydrachim.fr\/","name":"Hydrachim","description":"La science de l&#039;hygi\u00e8ne","potentialAction":[{"@type":"SearchAction","target":{"@type":"EntryPoint","urlTemplate":"https:\/\/staging.hydrachim.fr\/?s={search_term_string}"},"query-input":{"@type":"PropertyValueSpecification","valueRequired":true,"valueName":"search_term_string"}}],"inLanguage":"en-US"}]}},"acf":{"fiche_technique":"https:\/\/staging.hydrachim.fr\/app\/uploads\/2019\/09\/FT-0265-METALLIC-grand-trafic.pdf","fiche_methode":"https:\/\/staging.hydrachim.fr\/app\/uploads\/2019\/09\/0265-ECLADOR-METALLIC-GRAND-TRAFIC-ECLADOR.pdf"},"_links":{"self":[{"href":"https:\/\/staging.hydrachim.fr\/en\/wp-json\/wp\/v2\/product\/3349","targetHints":{"allow":["GET"]}}],"collection":[{"href":"https:\/\/staging.hydrachim.fr\/en\/wp-json\/wp\/v2\/product"}],"about":[{"href":"https:\/\/staging.hydrachim.fr\/en\/wp-json\/wp\/v2\/types\/product"}],"wp:featuredmedia":[{"embeddable":true,"href":"https:\/\/staging.hydrachim.fr\/en\/wp-json\/wp\/v2\/media\/5477"}],"wp:attachment":[{"href":"https:\/\/staging.hydrachim.fr\/en\/wp-json\/wp\/v2\/media?parent=3349"}],"wp:term":[{"taxonomy":"product_brand","embeddable":true,"href":"https:\/\/staging.hydrachim.fr\/en\/wp-json\/wp\/v2\/product_brand?post=3349"},{"taxonomy":"product_type","embeddable":true,"href":"https:\/\/staging.hydrachim.fr\/en\/wp-json\/wp\/v2\/product_type?post=3349"},{"taxonomy":"product_visibility","embeddable":true,"href":"https:\/\/staging.hydrachim.fr\/en\/wp-json\/wp\/v2\/product_visibility?post=3349"},{"taxonomy":"product_cat","embeddable":true,"href":"https:\/\/staging.hydrachim.fr\/en\/wp-json\/wp\/v2\/product_cat?post=3349"}],"curies":[{"name":"wp","href":"https:\/\/api.w.org\/{rel}","templated":true}]}}