{"id":3363,"date":"2019-08-06T15:43:25","date_gmt":"2019-08-06T13:43:25","guid":{"rendered":"https:\/\/staging.hydrachim.fr\/product\/lave-glaces-vegetal-20c\/"},"modified":"2019-10-11T10:20:05","modified_gmt":"2019-10-11T08:20:05","slug":"lave-glaces-vegetal-20c","status":"publish","type":"product","link":"https:\/\/staging.hydrachim.fr\/en\/produit\/lave-glaces-vegetal-20c\/","title":{"rendered":"Lave glaces v\u00e9g\u00e9tal -20\u00b0C"},"content":{"rendered":"<p><strong>Lave-glaces v\u00e9g\u00e9tal -20\u00b0C liquide est un produit d&#8217;hygi\u00e8ne d\u00e9velopp\u00e9 pour le nettoyage et le d\u00e9graissage des pares-brises, vitres et phares de v\u00e9hicules.<\/strong><\/p>\n<p>Le Lave-glaces v\u00e9g\u00e9tal -20\u00b0C est un produit qui nettoie et d\u00e9graisse sans laisser de trace. Il d\u00e9colle et \u00e9limine les traces d&#8217;insectes sur la surface du v\u00e9hicule et s&#8217;utilise jusqu&#8217;\u00e0 -20\u00b0C.<br \/>\nLe Lave-glaces v\u00e9g\u00e9tal -20\u00b0C est id\u00e9al en nettoyage de parois vitr\u00e9es comme les panneaux photovolta\u00efques ou encore les capteurs thermiques, sans alt\u00e9rer les kits d&#8217;\u00e9tanch\u00e9it\u00e9s des installations techniques.\n<\/p>\n<p><strong>Disponible en bidon de 22 L. R\u00e9f. 003196002<\/strong><\/p>\n<p class=\"y-product y-product__product-subtitle\">Avantage :<\/p>\n<p>La formule biod\u00e9gradable du Lave-glaces v\u00e9g\u00e9tal -20\u00b0C en fait un produit moins dommageable qu&#8217;un lave-glace classique, notamment en cas de proximit\u00e9 avec une goutti\u00e8re.<\/p>\n<p>Retrouvez le mode d&#8217;emploi et le dosage du produit en t\u00e9l\u00e9chargeant, ci-dessous, sa Fiche Technique et\/ou sa Fiche M\u00e9thode.<\/p>\n<p><em>Avant toute utilisation, lisez l&#8217;\u00e9tiquette et les informations concernant le produit.<\/em><\/p>\n","protected":false},"excerpt":{"rendered":"<p>Lave-glaces v\u00e9g\u00e9tal -20\u00b0C liquide<\/p>\n","protected":false},"featured_media":4456,"template":"","meta":[],"product_brand":[],"product_type":[2],"product_visibility":[],"product_cat":[4026,4153,4141,4092],"class_list":{"0":"post-3363","1":"product","2":"type-product","3":"status-publish","4":"has-post-thumbnail","6":"product_cat-produitsindustrie","7":"product_cat-marqueskemnet","8":"product_cat-produits","9":"product_cat-industriestation-vhicule","10":"product_tag-degraissant","11":"product_tag-lave-glace","12":"product_tag-liquide","13":"product_tag-nettoyant","14":"product_tag-vegetal","16":"first","17":"instock","18":"shipping-taxable","19":"product-type-simple"},"yoast_head":"<!-- This site is optimized with the Yoast SEO plugin v24.7 - https:\/\/yoast.com\/wordpress\/plugins\/seo\/ -->\n<title>Lave glaces v\u00e9g\u00e9tal -20\u00b0C - Hydrachim<\/title>\n<meta name=\"robots\" content=\"noindex, follow, max-snippet:-1, max-image-preview:large, max-video-preview:-1\" \/>\n<meta property=\"og:locale\" content=\"en_US\" \/>\n<meta property=\"og:type\" content=\"article\" \/>\n<meta property=\"og:title\" content=\"Lave glaces v\u00e9g\u00e9tal -20\u00b0C - Hydrachim\" \/>\n<meta property=\"og:description\" content=\"Lave-glaces v\u00e9g\u00e9tal -20\u00b0C liquide\" \/>\n<meta property=\"og:url\" content=\"https:\/\/staging.hydrachim.fr\/produit\/lave-glaces-vegetal-20c\/\" \/>\n<meta property=\"og:site_name\" content=\"Hydrachim\" \/>\n<meta property=\"article:modified_time\" content=\"2019-10-11T08:20:05+00:00\" \/>\n<meta property=\"og:image\" content=\"https:\/\/staging.hydrachim.fr\/app\/uploads\/2019\/09\/1960-Lave-glaces-vegetal-20c.png\" \/>\n\t<meta property=\"og:image:width\" content=\"500\" \/>\n\t<meta property=\"og:image:height\" content=\"700\" \/>\n\t<meta property=\"og:image:type\" content=\"image\/png\" \/>\n<meta name=\"twitter:card\" content=\"summary_large_image\" \/>\n<meta name=\"twitter:label1\" content=\"Est. reading time\" \/>\n\t<meta name=\"twitter:data1\" content=\"1 minute\" \/>\n<script type=\"application\/ld+json\" class=\"yoast-schema-graph\">{\"@context\":\"https:\/\/schema.org\",\"@graph\":[{\"@type\":\"WebPage\",\"@id\":\"https:\/\/staging.hydrachim.fr\/produit\/lave-glaces-vegetal-20c\/\",\"url\":\"https:\/\/staging.hydrachim.fr\/produit\/lave-glaces-vegetal-20c\/\",\"name\":\"Lave glaces v\u00e9g\u00e9tal -20\u00b0C - Hydrachim\",\"isPartOf\":{\"@id\":\"https:\/\/staging.hydrachim.fr\/#website\"},\"primaryImageOfPage\":{\"@id\":\"https:\/\/staging.hydrachim.fr\/produit\/lave-glaces-vegetal-20c\/#primaryimage\"},\"image\":{\"@id\":\"https:\/\/staging.hydrachim.fr\/produit\/lave-glaces-vegetal-20c\/#primaryimage\"},\"thumbnailUrl\":\"https:\/\/staging.hydrachim.fr\/app\/uploads\/2019\/09\/1960-Lave-glaces-vegetal-20c.png\",\"datePublished\":\"2019-08-06T13:43:25+00:00\",\"dateModified\":\"2019-10-11T08:20:05+00:00\",\"breadcrumb\":{\"@id\":\"https:\/\/staging.hydrachim.fr\/produit\/lave-glaces-vegetal-20c\/#breadcrumb\"},\"inLanguage\":\"en-US\",\"potentialAction\":[{\"@type\":\"ReadAction\",\"target\":[\"https:\/\/staging.hydrachim.fr\/produit\/lave-glaces-vegetal-20c\/\"]}]},{\"@type\":\"ImageObject\",\"inLanguage\":\"en-US\",\"@id\":\"https:\/\/staging.hydrachim.fr\/produit\/lave-glaces-vegetal-20c\/#primaryimage\",\"url\":\"https:\/\/staging.hydrachim.fr\/app\/uploads\/2019\/09\/1960-Lave-glaces-vegetal-20c.png\",\"contentUrl\":\"https:\/\/staging.hydrachim.fr\/app\/uploads\/2019\/09\/1960-Lave-glaces-vegetal-20c.png\",\"width\":500,\"height\":700},{\"@type\":\"BreadcrumbList\",\"@id\":\"https:\/\/staging.hydrachim.fr\/produit\/lave-glaces-vegetal-20c\/#breadcrumb\",\"itemListElement\":[{\"@type\":\"ListItem\",\"position\":1,\"name\":\"Home\",\"item\":\"https:\/\/staging.hydrachim.fr\/en\/\"},{\"@type\":\"ListItem\",\"position\":2,\"name\":\"Shop\",\"item\":\"https:\/\/staging.hydrachim.fr\/en\/shop\/\"},{\"@type\":\"ListItem\",\"position\":3,\"name\":\"Lave glaces v\u00e9g\u00e9tal -20\u00b0C\"}]},{\"@type\":\"WebSite\",\"@id\":\"https:\/\/staging.hydrachim.fr\/#website\",\"url\":\"https:\/\/staging.hydrachim.fr\/\",\"name\":\"Hydrachim\",\"description\":\"La science de l&#039;hygi\u00e8ne\",\"potentialAction\":[{\"@type\":\"SearchAction\",\"target\":{\"@type\":\"EntryPoint\",\"urlTemplate\":\"https:\/\/staging.hydrachim.fr\/?s={search_term_string}\"},\"query-input\":{\"@type\":\"PropertyValueSpecification\",\"valueRequired\":true,\"valueName\":\"search_term_string\"}}],\"inLanguage\":\"en-US\"}]}<\/script>\n<!-- \/ Yoast SEO plugin. -->","yoast_head_json":{"title":"Lave glaces v\u00e9g\u00e9tal -20\u00b0C - Hydrachim","robots":{"index":"noindex","follow":"follow","max-snippet":"max-snippet:-1","max-image-preview":"max-image-preview:large","max-video-preview":"max-video-preview:-1"},"og_locale":"en_US","og_type":"article","og_title":"Lave glaces v\u00e9g\u00e9tal -20\u00b0C - Hydrachim","og_description":"Lave-glaces v\u00e9g\u00e9tal -20\u00b0C liquide","og_url":"https:\/\/staging.hydrachim.fr\/produit\/lave-glaces-vegetal-20c\/","og_site_name":"Hydrachim","article_modified_time":"2019-10-11T08:20:05+00:00","og_image":[{"width":500,"height":700,"url":"https:\/\/staging.hydrachim.fr\/app\/uploads\/2019\/09\/1960-Lave-glaces-vegetal-20c.png","type":"image\/png"}],"twitter_card":"summary_large_image","twitter_misc":{"Est. reading time":"1 minute"},"schema":{"@context":"https:\/\/schema.org","@graph":[{"@type":"WebPage","@id":"https:\/\/staging.hydrachim.fr\/produit\/lave-glaces-vegetal-20c\/","url":"https:\/\/staging.hydrachim.fr\/produit\/lave-glaces-vegetal-20c\/","name":"Lave glaces v\u00e9g\u00e9tal -20\u00b0C - Hydrachim","isPartOf":{"@id":"https:\/\/staging.hydrachim.fr\/#website"},"primaryImageOfPage":{"@id":"https:\/\/staging.hydrachim.fr\/produit\/lave-glaces-vegetal-20c\/#primaryimage"},"image":{"@id":"https:\/\/staging.hydrachim.fr\/produit\/lave-glaces-vegetal-20c\/#primaryimage"},"thumbnailUrl":"https:\/\/staging.hydrachim.fr\/app\/uploads\/2019\/09\/1960-Lave-glaces-vegetal-20c.png","datePublished":"2019-08-06T13:43:25+00:00","dateModified":"2019-10-11T08:20:05+00:00","breadcrumb":{"@id":"https:\/\/staging.hydrachim.fr\/produit\/lave-glaces-vegetal-20c\/#breadcrumb"},"inLanguage":"en-US","potentialAction":[{"@type":"ReadAction","target":["https:\/\/staging.hydrachim.fr\/produit\/lave-glaces-vegetal-20c\/"]}]},{"@type":"ImageObject","inLanguage":"en-US","@id":"https:\/\/staging.hydrachim.fr\/produit\/lave-glaces-vegetal-20c\/#primaryimage","url":"https:\/\/staging.hydrachim.fr\/app\/uploads\/2019\/09\/1960-Lave-glaces-vegetal-20c.png","contentUrl":"https:\/\/staging.hydrachim.fr\/app\/uploads\/2019\/09\/1960-Lave-glaces-vegetal-20c.png","width":500,"height":700},{"@type":"BreadcrumbList","@id":"https:\/\/staging.hydrachim.fr\/produit\/lave-glaces-vegetal-20c\/#breadcrumb","itemListElement":[{"@type":"ListItem","position":1,"name":"Home","item":"https:\/\/staging.hydrachim.fr\/en\/"},{"@type":"ListItem","position":2,"name":"Shop","item":"https:\/\/staging.hydrachim.fr\/en\/shop\/"},{"@type":"ListItem","position":3,"name":"Lave glaces v\u00e9g\u00e9tal -20\u00b0C"}]},{"@type":"WebSite","@id":"https:\/\/staging.hydrachim.fr\/#website","url":"https:\/\/staging.hydrachim.fr\/","name":"Hydrachim","description":"La science de l&#039;hygi\u00e8ne","potentialAction":[{"@type":"SearchAction","target":{"@type":"EntryPoint","urlTemplate":"https:\/\/staging.hydrachim.fr\/?s={search_term_string}"},"query-input":{"@type":"PropertyValueSpecification","valueRequired":true,"valueName":"search_term_string"}}],"inLanguage":"en-US"}]}},"acf":{"fiche_technique":"https:\/\/staging.hydrachim.fr\/app\/uploads\/2019\/10\/-10","fiche_methode":""},"_links":{"self":[{"href":"https:\/\/staging.hydrachim.fr\/en\/wp-json\/wp\/v2\/product\/3363","targetHints":{"allow":["GET"]}}],"collection":[{"href":"https:\/\/staging.hydrachim.fr\/en\/wp-json\/wp\/v2\/product"}],"about":[{"href":"https:\/\/staging.hydrachim.fr\/en\/wp-json\/wp\/v2\/types\/product"}],"wp:featuredmedia":[{"embeddable":true,"href":"https:\/\/staging.hydrachim.fr\/en\/wp-json\/wp\/v2\/media\/4456"}],"wp:attachment":[{"href":"https:\/\/staging.hydrachim.fr\/en\/wp-json\/wp\/v2\/media?parent=3363"}],"wp:term":[{"taxonomy":"product_brand","embeddable":true,"href":"https:\/\/staging.hydrachim.fr\/en\/wp-json\/wp\/v2\/product_brand?post=3363"},{"taxonomy":"product_type","embeddable":true,"href":"https:\/\/staging.hydrachim.fr\/en\/wp-json\/wp\/v2\/product_type?post=3363"},{"taxonomy":"product_visibility","embeddable":true,"href":"https:\/\/staging.hydrachim.fr\/en\/wp-json\/wp\/v2\/product_visibility?post=3363"},{"taxonomy":"product_cat","embeddable":true,"href":"https:\/\/staging.hydrachim.fr\/en\/wp-json\/wp\/v2\/product_cat?post=3363"}],"curies":[{"name":"wp","href":"https:\/\/api.w.org\/{rel}","templated":true}]}}