{"id":3380,"date":"2019-08-06T15:48:25","date_gmt":"2019-08-06T13:48:25","guid":{"rendered":"https:\/\/staging.hydrachim.fr\/product\/deterquat-ddm\/"},"modified":"2019-10-10T14:55:48","modified_gmt":"2019-10-10T12:55:48","slug":"deterquat-ddm","status":"publish","type":"product","link":"https:\/\/staging.hydrachim.fr\/en\/produit\/deterquat-ddm\/","title":{"rendered":"Deterquat DDM"},"content":{"rendered":"<p><strong>D\u00e9terquat DDM liquide moussant est un super d\u00e9graissant d\u00e9sinfectant \u00e0 fort pouvoir d\u00e9graissant et \u00e9mulsifiant d\u00e9velopp\u00e9 pour un nettoyage optimal du mat\u00e9riel. Sans chlore. P.O.A &#8211; P.O.V<\/strong><\/p>\n<p>Le D\u00e9terquat DDM est un produit qui d\u00e9graisse et d\u00e9sinfecte les surfaces alimentaires, sans chlore. Ce produit dissout les graisses et les huiles lourdes. Le D\u00e9terquat DDM s&#8217;utilise pour les sols, fa\u00efences, tous supports lavables ayant de la mati\u00e8re grasse ou des t\u00e2ches \u00e0 \u00e9liminer.<br \/>\nIl est bact\u00e9ricide selon la norme EN 1276, fongicide selon la norme EN 1650 et virucide selon la norme NF EN 13610 sur les bact\u00e9riophages et selon la norme NF EN 14476 sur un grand nombre de virus et notamment l&#8217;Influenza virus (H1N1 et H5N1).<br \/>\nLe D\u00e9terquat DDM est homologu\u00e9 par le Minist\u00e8re de l&#8217;Agriculture sous le n\u00b02030363.<\/p>\n<p><strong>Disponible en<br \/>\n&#8211; carton de 4x5L R\u00e9f : 002071001,<br \/>\n&#8211; bidon de 20L R\u00e9f : 002071002,<br \/>\n&#8211; f\u00fbt de 200L R\u00e9f : 002071005,<br \/>\n&#8211; container de 1000L R\u00e9f : 002071024.<\/strong><\/p>\n<p class=\"y-product y-product__product-subtitle\">Avantage :<\/p>\n<p>Le D\u00e9terquat DDM est un puissant d\u00e9sinfectant qui laisse les surfaces brillantes.<\/p>\n<p>Retrouvez le mode d&#8217;emploi et le dosage du produit en t\u00e9l\u00e9chargeant la fiche technique.<\/p>\n<p><em>Utilisez les biocides avec pr\u00e9caution. Avant toute utilisation, lisez l&#8217;\u00e9tiquette et les informations concernant le produit.<\/em><\/p>\n","protected":false},"excerpt":{"rendered":"<p>D\u00e9graissant, D\u00e9sinfectant des surfaces alimentaires sans chlore.<\/p>\n","protected":false},"featured_media":2595,"template":"","meta":[],"product_brand":[],"product_type":[2],"product_visibility":[],"product_cat":[4116,4027,4114,4151,4112],"class_list":{"0":"post-3380","1":"product","2":"type-product","3":"status-publish","4":"has-post-thumbnail","6":"product_cat-dsinfectionagro-alimentaire","7":"product_cat-agro-alimentaire-industrie","8":"product_cat-dsinfectioncuisine","9":"product_cat-marquesdterquat","10":"product_cat-dsinfectionsurface","11":"product_tag-degraissant","12":"product_tag-desinfectant","13":"product_tag-mulsifiant","14":"product_tag-liquide","15":"product_tag-moussant","16":"product_tag-tp4","18":"first","19":"instock","20":"shipping-taxable","21":"product-type-simple"},"yoast_head":"<!-- This site is optimized with the Yoast SEO plugin v24.7 - https:\/\/yoast.com\/wordpress\/plugins\/seo\/ -->\n<title>Deterquat DDM - Hydrachim<\/title>\n<meta name=\"robots\" content=\"noindex, follow, max-snippet:-1, max-image-preview:large, max-video-preview:-1\" \/>\n<meta property=\"og:locale\" content=\"en_US\" \/>\n<meta property=\"og:type\" content=\"article\" \/>\n<meta property=\"og:title\" content=\"Deterquat DDM - Hydrachim\" \/>\n<meta property=\"og:description\" content=\"D\u00e9graissant, D\u00e9sinfectant des surfaces alimentaires sans chlore.\" \/>\n<meta property=\"og:url\" content=\"https:\/\/staging.hydrachim.fr\/produit\/deterquat-ddm\/\" \/>\n<meta property=\"og:site_name\" content=\"Hydrachim\" \/>\n<meta property=\"article:modified_time\" content=\"2019-10-10T12:55:48+00:00\" \/>\n<meta property=\"og:image\" content=\"https:\/\/staging.hydrachim.fr\/app\/uploads\/2019\/08\/0710-0711-deterquat-ddm.jpg\" \/>\n\t<meta property=\"og:image:width\" content=\"125\" \/>\n\t<meta property=\"og:image:height\" content=\"155\" \/>\n\t<meta property=\"og:image:type\" content=\"image\/jpeg\" \/>\n<meta name=\"twitter:card\" content=\"summary_large_image\" \/>\n<meta name=\"twitter:label1\" content=\"Est. reading time\" \/>\n\t<meta name=\"twitter:data1\" content=\"1 minute\" \/>\n<script type=\"application\/ld+json\" class=\"yoast-schema-graph\">{\"@context\":\"https:\/\/schema.org\",\"@graph\":[{\"@type\":\"WebPage\",\"@id\":\"https:\/\/staging.hydrachim.fr\/produit\/deterquat-ddm\/\",\"url\":\"https:\/\/staging.hydrachim.fr\/produit\/deterquat-ddm\/\",\"name\":\"Deterquat DDM - Hydrachim\",\"isPartOf\":{\"@id\":\"https:\/\/staging.hydrachim.fr\/#website\"},\"primaryImageOfPage\":{\"@id\":\"https:\/\/staging.hydrachim.fr\/produit\/deterquat-ddm\/#primaryimage\"},\"image\":{\"@id\":\"https:\/\/staging.hydrachim.fr\/produit\/deterquat-ddm\/#primaryimage\"},\"thumbnailUrl\":\"https:\/\/staging.hydrachim.fr\/app\/uploads\/2019\/08\/0710-0711-deterquat-ddm.jpg\",\"datePublished\":\"2019-08-06T13:48:25+00:00\",\"dateModified\":\"2019-10-10T12:55:48+00:00\",\"breadcrumb\":{\"@id\":\"https:\/\/staging.hydrachim.fr\/produit\/deterquat-ddm\/#breadcrumb\"},\"inLanguage\":\"en-US\",\"potentialAction\":[{\"@type\":\"ReadAction\",\"target\":[\"https:\/\/staging.hydrachim.fr\/produit\/deterquat-ddm\/\"]}]},{\"@type\":\"ImageObject\",\"inLanguage\":\"en-US\",\"@id\":\"https:\/\/staging.hydrachim.fr\/produit\/deterquat-ddm\/#primaryimage\",\"url\":\"https:\/\/staging.hydrachim.fr\/app\/uploads\/2019\/08\/0710-0711-deterquat-ddm.jpg\",\"contentUrl\":\"https:\/\/staging.hydrachim.fr\/app\/uploads\/2019\/08\/0710-0711-deterquat-ddm.jpg\",\"width\":125,\"height\":155},{\"@type\":\"BreadcrumbList\",\"@id\":\"https:\/\/staging.hydrachim.fr\/produit\/deterquat-ddm\/#breadcrumb\",\"itemListElement\":[{\"@type\":\"ListItem\",\"position\":1,\"name\":\"Home\",\"item\":\"https:\/\/staging.hydrachim.fr\/en\/\"},{\"@type\":\"ListItem\",\"position\":2,\"name\":\"Shop\",\"item\":\"https:\/\/staging.hydrachim.fr\/en\/shop\/\"},{\"@type\":\"ListItem\",\"position\":3,\"name\":\"Deterquat DDM\"}]},{\"@type\":\"WebSite\",\"@id\":\"https:\/\/staging.hydrachim.fr\/#website\",\"url\":\"https:\/\/staging.hydrachim.fr\/\",\"name\":\"Hydrachim\",\"description\":\"La science de l&#039;hygi\u00e8ne\",\"potentialAction\":[{\"@type\":\"SearchAction\",\"target\":{\"@type\":\"EntryPoint\",\"urlTemplate\":\"https:\/\/staging.hydrachim.fr\/?s={search_term_string}\"},\"query-input\":{\"@type\":\"PropertyValueSpecification\",\"valueRequired\":true,\"valueName\":\"search_term_string\"}}],\"inLanguage\":\"en-US\"}]}<\/script>\n<!-- \/ Yoast SEO plugin. -->","yoast_head_json":{"title":"Deterquat DDM - Hydrachim","robots":{"index":"noindex","follow":"follow","max-snippet":"max-snippet:-1","max-image-preview":"max-image-preview:large","max-video-preview":"max-video-preview:-1"},"og_locale":"en_US","og_type":"article","og_title":"Deterquat DDM - Hydrachim","og_description":"D\u00e9graissant, D\u00e9sinfectant des surfaces alimentaires sans chlore.","og_url":"https:\/\/staging.hydrachim.fr\/produit\/deterquat-ddm\/","og_site_name":"Hydrachim","article_modified_time":"2019-10-10T12:55:48+00:00","og_image":[{"width":125,"height":155,"url":"https:\/\/staging.hydrachim.fr\/app\/uploads\/2019\/08\/0710-0711-deterquat-ddm.jpg","type":"image\/jpeg"}],"twitter_card":"summary_large_image","twitter_misc":{"Est. reading time":"1 minute"},"schema":{"@context":"https:\/\/schema.org","@graph":[{"@type":"WebPage","@id":"https:\/\/staging.hydrachim.fr\/produit\/deterquat-ddm\/","url":"https:\/\/staging.hydrachim.fr\/produit\/deterquat-ddm\/","name":"Deterquat DDM - Hydrachim","isPartOf":{"@id":"https:\/\/staging.hydrachim.fr\/#website"},"primaryImageOfPage":{"@id":"https:\/\/staging.hydrachim.fr\/produit\/deterquat-ddm\/#primaryimage"},"image":{"@id":"https:\/\/staging.hydrachim.fr\/produit\/deterquat-ddm\/#primaryimage"},"thumbnailUrl":"https:\/\/staging.hydrachim.fr\/app\/uploads\/2019\/08\/0710-0711-deterquat-ddm.jpg","datePublished":"2019-08-06T13:48:25+00:00","dateModified":"2019-10-10T12:55:48+00:00","breadcrumb":{"@id":"https:\/\/staging.hydrachim.fr\/produit\/deterquat-ddm\/#breadcrumb"},"inLanguage":"en-US","potentialAction":[{"@type":"ReadAction","target":["https:\/\/staging.hydrachim.fr\/produit\/deterquat-ddm\/"]}]},{"@type":"ImageObject","inLanguage":"en-US","@id":"https:\/\/staging.hydrachim.fr\/produit\/deterquat-ddm\/#primaryimage","url":"https:\/\/staging.hydrachim.fr\/app\/uploads\/2019\/08\/0710-0711-deterquat-ddm.jpg","contentUrl":"https:\/\/staging.hydrachim.fr\/app\/uploads\/2019\/08\/0710-0711-deterquat-ddm.jpg","width":125,"height":155},{"@type":"BreadcrumbList","@id":"https:\/\/staging.hydrachim.fr\/produit\/deterquat-ddm\/#breadcrumb","itemListElement":[{"@type":"ListItem","position":1,"name":"Home","item":"https:\/\/staging.hydrachim.fr\/en\/"},{"@type":"ListItem","position":2,"name":"Shop","item":"https:\/\/staging.hydrachim.fr\/en\/shop\/"},{"@type":"ListItem","position":3,"name":"Deterquat DDM"}]},{"@type":"WebSite","@id":"https:\/\/staging.hydrachim.fr\/#website","url":"https:\/\/staging.hydrachim.fr\/","name":"Hydrachim","description":"La science de l&#039;hygi\u00e8ne","potentialAction":[{"@type":"SearchAction","target":{"@type":"EntryPoint","urlTemplate":"https:\/\/staging.hydrachim.fr\/?s={search_term_string}"},"query-input":{"@type":"PropertyValueSpecification","valueRequired":true,"valueName":"search_term_string"}}],"inLanguage":"en-US"}]}},"acf":{"fiche_technique":"https:\/\/staging.hydrachim.fr\/app\/uploads\/2019\/10\/FT-0710-DETERQUAT-DDM.pdf","fiche_methode":""},"_links":{"self":[{"href":"https:\/\/staging.hydrachim.fr\/en\/wp-json\/wp\/v2\/product\/3380","targetHints":{"allow":["GET"]}}],"collection":[{"href":"https:\/\/staging.hydrachim.fr\/en\/wp-json\/wp\/v2\/product"}],"about":[{"href":"https:\/\/staging.hydrachim.fr\/en\/wp-json\/wp\/v2\/types\/product"}],"wp:featuredmedia":[{"embeddable":true,"href":"https:\/\/staging.hydrachim.fr\/en\/wp-json\/wp\/v2\/media\/2595"}],"wp:attachment":[{"href":"https:\/\/staging.hydrachim.fr\/en\/wp-json\/wp\/v2\/media?parent=3380"}],"wp:term":[{"taxonomy":"product_brand","embeddable":true,"href":"https:\/\/staging.hydrachim.fr\/en\/wp-json\/wp\/v2\/product_brand?post=3380"},{"taxonomy":"product_type","embeddable":true,"href":"https:\/\/staging.hydrachim.fr\/en\/wp-json\/wp\/v2\/product_type?post=3380"},{"taxonomy":"product_visibility","embeddable":true,"href":"https:\/\/staging.hydrachim.fr\/en\/wp-json\/wp\/v2\/product_visibility?post=3380"},{"taxonomy":"product_cat","embeddable":true,"href":"https:\/\/staging.hydrachim.fr\/en\/wp-json\/wp\/v2\/product_cat?post=3380"}],"curies":[{"name":"wp","href":"https:\/\/api.w.org\/{rel}","templated":true}]}}