{"id":3388,"date":"2019-08-06T15:48:33","date_gmt":"2019-08-06T13:48:33","guid":{"rendered":"https:\/\/staging.hydrachim.fr\/product\/sechage-deperlant\/"},"modified":"2019-08-06T15:48:33","modified_gmt":"2019-08-06T13:48:33","slug":"sechage-deperlant","status":"publish","type":"product","link":"https:\/\/staging.hydrachim.fr\/en\/produit\/sechage-deperlant\/","title":{"rendered":"sechage-deperlant"},"content":{"rendered":"<h2 class=\"description-produit\">S\u00e9chage d\u00e9perlant liquide est un produit d&rsquo;hygi\u00e8ne non moussant d\u00e9velopp\u00e9 pour l&rsquo;acc\u00e9l\u00e9ration du temps de s\u00e9chage dans les tunnels et portiques de lavage.<\/h2>\n<p class=\"text-description-produit\"><img decoding=\"async\" class=\"conditionnement-produit\" alt=\"\" src=\"https:\/\/staging.hydrachim.com\/wp-content\/uploads\/2014\/05\/k208-sechage-deperlant.jpg\" \/>Le S\u00e9chage d\u00e9perlant est un produit qui permet l&#8217;acc\u00e9l\u00e9ration du s\u00e9chage sans trace, gr\u00e2ce \u00e0 son pouvoir d\u00e9perlant. Il s&#8217;utilise aussi bien en portique qu&#8217;en tunnel gr\u00e2ce \u00e0 ses agents non-moussants. Le S\u00e9chage d\u00e9perlant est un additif de rin\u00e7age, il peut s&rsquo;utiliser sans soufflerie.\n<\/p>\n<p class=\"information-produit\"><span class=\"dose-utilisation\">Disponible en bidon de 20 L<\/span><\/p>\n<div class=\"plus-produit\"><span>Le S\u00e9chage d\u00e9perlant r\u00e9duit consid\u00e9rablement le temps de s\u00e9chage.<\/span><\/div>\n<p><span class=\"mode-demploi\">Retrouvez <b>le mode d&#8217;emploi et le dosage du produit<\/b> en t\u00e9l\u00e9chargeant, ci-dessous, sa Fiche Technique et\/ou sa Fiche M\u00e9thode.<\/span><\/p>\n<div id='wpdm_file_947' class='wpdm_file wpdm-only-button'>\n<div class='cont'>\n<div class='btn_outer'>\n<div class='btn_outer_c' style='background-image: url(https:\/\/staging.hydrachim.com\/wp-content\/plugins\/download-manager\/icon\/file_extension_pdf.png)'><a class='btn_left   login-please' rel='947' title='FT - K208 S\u00e9chage d\u00e9perlant' href='https:\/\/staging.hydrachim.com\/wp-login.php?redirect_to=\/wp-json\/wp\/v2\/product'>T\u00e9l\u00e9charger la<br \/> Fiche Technique<\/a><span class='btn_right counter'>Login Required<\/span><\/div>\n<\/div>\n<div class='clear'><\/div>\n<\/div>\n<\/div>\n<p><a href=\"https:\/\/staging.hydrachim.com\/fiches-donnees-de-securite\/\" class=\"lien-fds-pdt\">Fiches de Donn\u00e9es de S\u00e9curit\u00e9<\/a><\/p>\n<p class=\"remarque-importante\">Utilisez les biocides avec pr\u00e9caution. Avant toute utilisation, lisez l&#8217;\u00e9tiquette et les informations concernant le produit.<\/p>\n<p><!-- Start Shareaholic ClassicBookmarks Automatic --><!-- End Shareaholic ClassicBookmarks Automatic --><\/p>\n","protected":false},"excerpt":{"rendered":"<p>S\u00e9chage d\u00e9perlant liquide non moussant<\/p>\n","protected":false},"featured_media":0,"template":"","meta":[],"product_brand":[],"product_type":[2],"product_visibility":[],"product_cat":[15],"class_list":{"0":"post-3388","1":"product","2":"type-product","3":"status-publish","5":"product_cat-uncategorized","6":"product_tag-additif","7":"product_tag-deperlant","8":"product_tag-liquide","9":"product_tag-non-moussant","10":"product_tag-rincage","11":"product_tag-vehicule","13":"first","14":"instock","15":"shipping-taxable","16":"purchasable","17":"product-type-simple"},"yoast_head":"<!-- This site is optimized with the Yoast SEO plugin v24.7 - https:\/\/yoast.com\/wordpress\/plugins\/seo\/ -->\n<title>sechage-deperlant - Hydrachim<\/title>\n<meta name=\"robots\" content=\"noindex, follow, max-snippet:-1, max-image-preview:large, max-video-preview:-1\" \/>\n<meta property=\"og:locale\" content=\"en_US\" \/>\n<meta property=\"og:type\" content=\"article\" \/>\n<meta property=\"og:title\" content=\"sechage-deperlant - Hydrachim\" \/>\n<meta property=\"og:description\" content=\"S\u00e9chage d\u00e9perlant liquide non moussant\" \/>\n<meta property=\"og:url\" content=\"https:\/\/staging.hydrachim.fr\/produit\/sechage-deperlant\/\" \/>\n<meta property=\"og:site_name\" content=\"Hydrachim\" \/>\n<meta property=\"og:image\" content=\"https:\/\/staging.hydrachim.com\/wp-content\/uploads\/2014\/05\/k208-sechage-deperlant.jpg\" \/>\n<meta name=\"twitter:card\" content=\"summary_large_image\" \/>\n<meta name=\"twitter:label1\" content=\"Est. reading time\" \/>\n\t<meta name=\"twitter:data1\" content=\"1 minute\" \/>\n<script type=\"application\/ld+json\" class=\"yoast-schema-graph\">{\"@context\":\"https:\/\/schema.org\",\"@graph\":[{\"@type\":\"WebPage\",\"@id\":\"https:\/\/staging.hydrachim.fr\/produit\/sechage-deperlant\/\",\"url\":\"https:\/\/staging.hydrachim.fr\/produit\/sechage-deperlant\/\",\"name\":\"sechage-deperlant - Hydrachim\",\"isPartOf\":{\"@id\":\"https:\/\/staging.hydrachim.fr\/#website\"},\"primaryImageOfPage\":{\"@id\":\"https:\/\/staging.hydrachim.fr\/produit\/sechage-deperlant\/#primaryimage\"},\"image\":{\"@id\":\"https:\/\/staging.hydrachim.fr\/produit\/sechage-deperlant\/#primaryimage\"},\"thumbnailUrl\":\"https:\/\/staging.hydrachim.com\/wp-content\/uploads\/2014\/05\/k208-sechage-deperlant.jpg\",\"datePublished\":\"2019-08-06T13:48:33+00:00\",\"breadcrumb\":{\"@id\":\"https:\/\/staging.hydrachim.fr\/produit\/sechage-deperlant\/#breadcrumb\"},\"inLanguage\":\"en-US\",\"potentialAction\":[{\"@type\":\"ReadAction\",\"target\":[\"https:\/\/staging.hydrachim.fr\/produit\/sechage-deperlant\/\"]}]},{\"@type\":\"ImageObject\",\"inLanguage\":\"en-US\",\"@id\":\"https:\/\/staging.hydrachim.fr\/produit\/sechage-deperlant\/#primaryimage\",\"url\":\"https:\/\/staging.hydrachim.com\/wp-content\/uploads\/2014\/05\/k208-sechage-deperlant.jpg\",\"contentUrl\":\"https:\/\/staging.hydrachim.com\/wp-content\/uploads\/2014\/05\/k208-sechage-deperlant.jpg\"},{\"@type\":\"BreadcrumbList\",\"@id\":\"https:\/\/staging.hydrachim.fr\/produit\/sechage-deperlant\/#breadcrumb\",\"itemListElement\":[{\"@type\":\"ListItem\",\"position\":1,\"name\":\"Home\",\"item\":\"https:\/\/staging.hydrachim.fr\/en\/\"},{\"@type\":\"ListItem\",\"position\":2,\"name\":\"Shop\",\"item\":\"https:\/\/staging.hydrachim.fr\/en\/shop\/\"},{\"@type\":\"ListItem\",\"position\":3,\"name\":\"sechage-deperlant\"}]},{\"@type\":\"WebSite\",\"@id\":\"https:\/\/staging.hydrachim.fr\/#website\",\"url\":\"https:\/\/staging.hydrachim.fr\/\",\"name\":\"Hydrachim\",\"description\":\"La science de l&#039;hygi\u00e8ne\",\"potentialAction\":[{\"@type\":\"SearchAction\",\"target\":{\"@type\":\"EntryPoint\",\"urlTemplate\":\"https:\/\/staging.hydrachim.fr\/?s={search_term_string}\"},\"query-input\":{\"@type\":\"PropertyValueSpecification\",\"valueRequired\":true,\"valueName\":\"search_term_string\"}}],\"inLanguage\":\"en-US\"}]}<\/script>\n<!-- \/ Yoast SEO plugin. -->","yoast_head_json":{"title":"sechage-deperlant - Hydrachim","robots":{"index":"noindex","follow":"follow","max-snippet":"max-snippet:-1","max-image-preview":"max-image-preview:large","max-video-preview":"max-video-preview:-1"},"og_locale":"en_US","og_type":"article","og_title":"sechage-deperlant - Hydrachim","og_description":"S\u00e9chage d\u00e9perlant liquide non moussant","og_url":"https:\/\/staging.hydrachim.fr\/produit\/sechage-deperlant\/","og_site_name":"Hydrachim","og_image":[{"url":"https:\/\/staging.hydrachim.com\/wp-content\/uploads\/2014\/05\/k208-sechage-deperlant.jpg","type":"","width":"","height":""}],"twitter_card":"summary_large_image","twitter_misc":{"Est. reading time":"1 minute"},"schema":{"@context":"https:\/\/schema.org","@graph":[{"@type":"WebPage","@id":"https:\/\/staging.hydrachim.fr\/produit\/sechage-deperlant\/","url":"https:\/\/staging.hydrachim.fr\/produit\/sechage-deperlant\/","name":"sechage-deperlant - Hydrachim","isPartOf":{"@id":"https:\/\/staging.hydrachim.fr\/#website"},"primaryImageOfPage":{"@id":"https:\/\/staging.hydrachim.fr\/produit\/sechage-deperlant\/#primaryimage"},"image":{"@id":"https:\/\/staging.hydrachim.fr\/produit\/sechage-deperlant\/#primaryimage"},"thumbnailUrl":"https:\/\/staging.hydrachim.com\/wp-content\/uploads\/2014\/05\/k208-sechage-deperlant.jpg","datePublished":"2019-08-06T13:48:33+00:00","breadcrumb":{"@id":"https:\/\/staging.hydrachim.fr\/produit\/sechage-deperlant\/#breadcrumb"},"inLanguage":"en-US","potentialAction":[{"@type":"ReadAction","target":["https:\/\/staging.hydrachim.fr\/produit\/sechage-deperlant\/"]}]},{"@type":"ImageObject","inLanguage":"en-US","@id":"https:\/\/staging.hydrachim.fr\/produit\/sechage-deperlant\/#primaryimage","url":"https:\/\/staging.hydrachim.com\/wp-content\/uploads\/2014\/05\/k208-sechage-deperlant.jpg","contentUrl":"https:\/\/staging.hydrachim.com\/wp-content\/uploads\/2014\/05\/k208-sechage-deperlant.jpg"},{"@type":"BreadcrumbList","@id":"https:\/\/staging.hydrachim.fr\/produit\/sechage-deperlant\/#breadcrumb","itemListElement":[{"@type":"ListItem","position":1,"name":"Home","item":"https:\/\/staging.hydrachim.fr\/en\/"},{"@type":"ListItem","position":2,"name":"Shop","item":"https:\/\/staging.hydrachim.fr\/en\/shop\/"},{"@type":"ListItem","position":3,"name":"sechage-deperlant"}]},{"@type":"WebSite","@id":"https:\/\/staging.hydrachim.fr\/#website","url":"https:\/\/staging.hydrachim.fr\/","name":"Hydrachim","description":"La science de l&#039;hygi\u00e8ne","potentialAction":[{"@type":"SearchAction","target":{"@type":"EntryPoint","urlTemplate":"https:\/\/staging.hydrachim.fr\/?s={search_term_string}"},"query-input":{"@type":"PropertyValueSpecification","valueRequired":true,"valueName":"search_term_string"}}],"inLanguage":"en-US"}]}},"acf":{"fiche_technique":null,"fiche_methode":null},"_links":{"self":[{"href":"https:\/\/staging.hydrachim.fr\/en\/wp-json\/wp\/v2\/product\/3388","targetHints":{"allow":["GET"]}}],"collection":[{"href":"https:\/\/staging.hydrachim.fr\/en\/wp-json\/wp\/v2\/product"}],"about":[{"href":"https:\/\/staging.hydrachim.fr\/en\/wp-json\/wp\/v2\/types\/product"}],"wp:attachment":[{"href":"https:\/\/staging.hydrachim.fr\/en\/wp-json\/wp\/v2\/media?parent=3388"}],"wp:term":[{"taxonomy":"product_brand","embeddable":true,"href":"https:\/\/staging.hydrachim.fr\/en\/wp-json\/wp\/v2\/product_brand?post=3388"},{"taxonomy":"product_type","embeddable":true,"href":"https:\/\/staging.hydrachim.fr\/en\/wp-json\/wp\/v2\/product_type?post=3388"},{"taxonomy":"product_visibility","embeddable":true,"href":"https:\/\/staging.hydrachim.fr\/en\/wp-json\/wp\/v2\/product_visibility?post=3388"},{"taxonomy":"product_cat","embeddable":true,"href":"https:\/\/staging.hydrachim.fr\/en\/wp-json\/wp\/v2\/product_cat?post=3388"}],"curies":[{"name":"wp","href":"https:\/\/api.w.org\/{rel}","templated":true}]}}