{"id":3396,"date":"2019-08-06T15:48:40","date_gmt":"2019-08-06T13:48:40","guid":{"rendered":"https:\/\/staging.hydrachim.fr\/product\/kem-autosechant\/"},"modified":"2019-08-06T15:48:41","modified_gmt":"2019-08-06T13:48:41","slug":"kem-autosechant","status":"publish","type":"product","link":"https:\/\/staging.hydrachim.fr\/en\/produit\/kem-autosechant\/","title":{"rendered":"kem-autosechant"},"content":{"rendered":"<h2 class=\"description-produit\">KEM autos\u00e9chant liquide est un produit d&rsquo;hygi\u00e8ne d\u00e9velopp\u00e9 pour le s\u00e9chage uniforme et sans trace des v\u00e9hicules.<\/h2>\n<p class=\"text-description-produit\"><img decoding=\"async\" class=\"conditionnement-produit\" alt=\"\" src=\"https:\/\/staging.hydrachim.com\/wp-content\/uploads\/2014\/05\/6203-kem-autosechant.jpg\" \/>Le KEM autos\u00e9chant est un produit qui permet un s\u00e9chage uniforme et sans trace du v\u00e9hicule, sans aucune action m\u00e9canique (soufflerie, essuyage&#8230;). Il agit en formant une tr\u00e8s fine pellicule de liquide \u00e0 la surface, qui s\u00e8che de fa\u00e7on homog\u00e8ne.\n<\/p>\n<p class=\"information-produit\"><span class=\"dose-utilisation\">Disponible en bidon de 20 L<\/span><\/p>\n<div class=\"plus-produit\"><span>Le KEM autos\u00e9chant permet un gain d&rsquo;\u00e9nergie.<\/span><\/div>\n<p><span class=\"mode-demploi\">Retrouvez <b>le mode d&#8217;emploi et le dosage du produit<\/b> en t\u00e9l\u00e9chargeant, ci-dessous, sa Fiche Technique et\/ou sa Fiche M\u00e9thode.<\/span><\/p>\n<div id='wpdm_file_949' class='wpdm_file wpdm-only-button'>\n<div class='cont'>\n<div class='btn_outer'>\n<div class='btn_outer_c' style='background-image: url(https:\/\/staging.hydrachim.com\/wp-content\/plugins\/download-manager\/icon\/file_extension_pdf.png)'><a class='btn_left   login-please' rel='949' title='FT - K6203 KEM autos\u00e9chant' href='https:\/\/staging.hydrachim.com\/wp-login.php?redirect_to=\/wp-json\/wp\/v2\/product'>T\u00e9l\u00e9charger la<br \/> Fiche Technique<\/a><span class='btn_right counter'>Login Required<\/span><\/div>\n<\/div>\n<div class='clear'><\/div>\n<\/div>\n<\/div>\n<p><a href=\"https:\/\/staging.hydrachim.com\/fiches-donnees-de-securite\/\" class=\"lien-fds-pdt\">Fiches de Donn\u00e9es de S\u00e9curit\u00e9<\/a><\/p>\n<p class=\"remarque-importante\">Utilisez les biocides avec pr\u00e9caution. Avant toute utilisation, lisez l&#8217;\u00e9tiquette et les informations concernant le produit.<\/p>\n<p><!-- Start Shareaholic ClassicBookmarks Automatic --><!-- End Shareaholic ClassicBookmarks Automatic --><\/p>\n","protected":false},"excerpt":{"rendered":"<p>KEM autos\u00e9chant liquide non moussant<\/p>\n","protected":false},"featured_media":0,"template":"","meta":[],"product_brand":[],"product_type":[2],"product_visibility":[],"product_cat":[15],"class_list":{"0":"post-3396","1":"product","2":"type-product","3":"status-publish","5":"product_cat-uncategorized","6":"product_tag-auto-schant","7":"product_tag-liquide","8":"product_tag-non-moussant","9":"product_tag-vehicule","11":"first","12":"instock","13":"shipping-taxable","14":"purchasable","15":"product-type-simple"},"yoast_head":"<!-- This site is optimized with the Yoast SEO plugin v24.7 - https:\/\/yoast.com\/wordpress\/plugins\/seo\/ -->\n<title>kem-autosechant - Hydrachim<\/title>\n<meta name=\"robots\" content=\"noindex, follow, max-snippet:-1, max-image-preview:large, max-video-preview:-1\" \/>\n<meta property=\"og:locale\" content=\"en_US\" \/>\n<meta property=\"og:type\" content=\"article\" \/>\n<meta property=\"og:title\" content=\"kem-autosechant - Hydrachim\" \/>\n<meta property=\"og:description\" content=\"KEM autos\u00e9chant liquide non moussant\" \/>\n<meta property=\"og:url\" content=\"https:\/\/staging.hydrachim.fr\/produit\/kem-autosechant\/\" \/>\n<meta property=\"og:site_name\" content=\"Hydrachim\" \/>\n<meta property=\"article:modified_time\" content=\"2019-08-06T13:48:41+00:00\" \/>\n<meta property=\"og:image\" content=\"https:\/\/staging.hydrachim.com\/wp-content\/uploads\/2014\/05\/6203-kem-autosechant.jpg\" \/>\n<meta name=\"twitter:card\" content=\"summary_large_image\" \/>\n<meta name=\"twitter:label1\" content=\"Est. reading time\" \/>\n\t<meta name=\"twitter:data1\" content=\"1 minute\" \/>\n<script type=\"application\/ld+json\" class=\"yoast-schema-graph\">{\"@context\":\"https:\/\/schema.org\",\"@graph\":[{\"@type\":\"WebPage\",\"@id\":\"https:\/\/staging.hydrachim.fr\/produit\/kem-autosechant\/\",\"url\":\"https:\/\/staging.hydrachim.fr\/produit\/kem-autosechant\/\",\"name\":\"kem-autosechant - Hydrachim\",\"isPartOf\":{\"@id\":\"https:\/\/staging.hydrachim.fr\/#website\"},\"primaryImageOfPage\":{\"@id\":\"https:\/\/staging.hydrachim.fr\/produit\/kem-autosechant\/#primaryimage\"},\"image\":{\"@id\":\"https:\/\/staging.hydrachim.fr\/produit\/kem-autosechant\/#primaryimage\"},\"thumbnailUrl\":\"https:\/\/staging.hydrachim.com\/wp-content\/uploads\/2014\/05\/6203-kem-autosechant.jpg\",\"datePublished\":\"2019-08-06T13:48:40+00:00\",\"dateModified\":\"2019-08-06T13:48:41+00:00\",\"breadcrumb\":{\"@id\":\"https:\/\/staging.hydrachim.fr\/produit\/kem-autosechant\/#breadcrumb\"},\"inLanguage\":\"en-US\",\"potentialAction\":[{\"@type\":\"ReadAction\",\"target\":[\"https:\/\/staging.hydrachim.fr\/produit\/kem-autosechant\/\"]}]},{\"@type\":\"ImageObject\",\"inLanguage\":\"en-US\",\"@id\":\"https:\/\/staging.hydrachim.fr\/produit\/kem-autosechant\/#primaryimage\",\"url\":\"https:\/\/staging.hydrachim.com\/wp-content\/uploads\/2014\/05\/6203-kem-autosechant.jpg\",\"contentUrl\":\"https:\/\/staging.hydrachim.com\/wp-content\/uploads\/2014\/05\/6203-kem-autosechant.jpg\"},{\"@type\":\"BreadcrumbList\",\"@id\":\"https:\/\/staging.hydrachim.fr\/produit\/kem-autosechant\/#breadcrumb\",\"itemListElement\":[{\"@type\":\"ListItem\",\"position\":1,\"name\":\"Home\",\"item\":\"https:\/\/staging.hydrachim.fr\/en\/\"},{\"@type\":\"ListItem\",\"position\":2,\"name\":\"Shop\",\"item\":\"https:\/\/staging.hydrachim.fr\/en\/shop\/\"},{\"@type\":\"ListItem\",\"position\":3,\"name\":\"kem-autosechant\"}]},{\"@type\":\"WebSite\",\"@id\":\"https:\/\/staging.hydrachim.fr\/#website\",\"url\":\"https:\/\/staging.hydrachim.fr\/\",\"name\":\"Hydrachim\",\"description\":\"La science de l&#039;hygi\u00e8ne\",\"potentialAction\":[{\"@type\":\"SearchAction\",\"target\":{\"@type\":\"EntryPoint\",\"urlTemplate\":\"https:\/\/staging.hydrachim.fr\/?s={search_term_string}\"},\"query-input\":{\"@type\":\"PropertyValueSpecification\",\"valueRequired\":true,\"valueName\":\"search_term_string\"}}],\"inLanguage\":\"en-US\"}]}<\/script>\n<!-- \/ Yoast SEO plugin. -->","yoast_head_json":{"title":"kem-autosechant - Hydrachim","robots":{"index":"noindex","follow":"follow","max-snippet":"max-snippet:-1","max-image-preview":"max-image-preview:large","max-video-preview":"max-video-preview:-1"},"og_locale":"en_US","og_type":"article","og_title":"kem-autosechant - Hydrachim","og_description":"KEM autos\u00e9chant liquide non moussant","og_url":"https:\/\/staging.hydrachim.fr\/produit\/kem-autosechant\/","og_site_name":"Hydrachim","article_modified_time":"2019-08-06T13:48:41+00:00","og_image":[{"url":"https:\/\/staging.hydrachim.com\/wp-content\/uploads\/2014\/05\/6203-kem-autosechant.jpg","type":"","width":"","height":""}],"twitter_card":"summary_large_image","twitter_misc":{"Est. reading time":"1 minute"},"schema":{"@context":"https:\/\/schema.org","@graph":[{"@type":"WebPage","@id":"https:\/\/staging.hydrachim.fr\/produit\/kem-autosechant\/","url":"https:\/\/staging.hydrachim.fr\/produit\/kem-autosechant\/","name":"kem-autosechant - Hydrachim","isPartOf":{"@id":"https:\/\/staging.hydrachim.fr\/#website"},"primaryImageOfPage":{"@id":"https:\/\/staging.hydrachim.fr\/produit\/kem-autosechant\/#primaryimage"},"image":{"@id":"https:\/\/staging.hydrachim.fr\/produit\/kem-autosechant\/#primaryimage"},"thumbnailUrl":"https:\/\/staging.hydrachim.com\/wp-content\/uploads\/2014\/05\/6203-kem-autosechant.jpg","datePublished":"2019-08-06T13:48:40+00:00","dateModified":"2019-08-06T13:48:41+00:00","breadcrumb":{"@id":"https:\/\/staging.hydrachim.fr\/produit\/kem-autosechant\/#breadcrumb"},"inLanguage":"en-US","potentialAction":[{"@type":"ReadAction","target":["https:\/\/staging.hydrachim.fr\/produit\/kem-autosechant\/"]}]},{"@type":"ImageObject","inLanguage":"en-US","@id":"https:\/\/staging.hydrachim.fr\/produit\/kem-autosechant\/#primaryimage","url":"https:\/\/staging.hydrachim.com\/wp-content\/uploads\/2014\/05\/6203-kem-autosechant.jpg","contentUrl":"https:\/\/staging.hydrachim.com\/wp-content\/uploads\/2014\/05\/6203-kem-autosechant.jpg"},{"@type":"BreadcrumbList","@id":"https:\/\/staging.hydrachim.fr\/produit\/kem-autosechant\/#breadcrumb","itemListElement":[{"@type":"ListItem","position":1,"name":"Home","item":"https:\/\/staging.hydrachim.fr\/en\/"},{"@type":"ListItem","position":2,"name":"Shop","item":"https:\/\/staging.hydrachim.fr\/en\/shop\/"},{"@type":"ListItem","position":3,"name":"kem-autosechant"}]},{"@type":"WebSite","@id":"https:\/\/staging.hydrachim.fr\/#website","url":"https:\/\/staging.hydrachim.fr\/","name":"Hydrachim","description":"La science de l&#039;hygi\u00e8ne","potentialAction":[{"@type":"SearchAction","target":{"@type":"EntryPoint","urlTemplate":"https:\/\/staging.hydrachim.fr\/?s={search_term_string}"},"query-input":{"@type":"PropertyValueSpecification","valueRequired":true,"valueName":"search_term_string"}}],"inLanguage":"en-US"}]}},"acf":{"fiche_technique":null,"fiche_methode":null},"_links":{"self":[{"href":"https:\/\/staging.hydrachim.fr\/en\/wp-json\/wp\/v2\/product\/3396","targetHints":{"allow":["GET"]}}],"collection":[{"href":"https:\/\/staging.hydrachim.fr\/en\/wp-json\/wp\/v2\/product"}],"about":[{"href":"https:\/\/staging.hydrachim.fr\/en\/wp-json\/wp\/v2\/types\/product"}],"wp:attachment":[{"href":"https:\/\/staging.hydrachim.fr\/en\/wp-json\/wp\/v2\/media?parent=3396"}],"wp:term":[{"taxonomy":"product_brand","embeddable":true,"href":"https:\/\/staging.hydrachim.fr\/en\/wp-json\/wp\/v2\/product_brand?post=3396"},{"taxonomy":"product_type","embeddable":true,"href":"https:\/\/staging.hydrachim.fr\/en\/wp-json\/wp\/v2\/product_type?post=3396"},{"taxonomy":"product_visibility","embeddable":true,"href":"https:\/\/staging.hydrachim.fr\/en\/wp-json\/wp\/v2\/product_visibility?post=3396"},{"taxonomy":"product_cat","embeddable":true,"href":"https:\/\/staging.hydrachim.fr\/en\/wp-json\/wp\/v2\/product_cat?post=3396"}],"curies":[{"name":"wp","href":"https:\/\/api.w.org\/{rel}","templated":true}]}}