{"id":3397,"date":"2019-08-06T15:48:41","date_gmt":"2019-08-06T13:48:41","guid":{"rendered":"https:\/\/staging.hydrachim.fr\/product\/motoclad\/"},"modified":"2019-10-07T10:32:26","modified_gmt":"2019-10-07T08:32:26","slug":"motoclad","status":"publish","type":"product","link":"https:\/\/staging.hydrachim.fr\/en\/produit\/motoclad\/","title":{"rendered":"Motoclad"},"content":{"rendered":"<p><strong>Motoclad liquide est un d\u00e9goudronnant solvant\u00e9 d\u00e9velopp\u00e9 pour le nettoyage de tous les mat\u00e9riaux entrant en contact avec le goudron et l&#8217;asphalte.<\/strong><\/p>\n<p>Le Motoclad est un produit qui d\u00e9graisse tout type de pi\u00e8ce m\u00e9canique et de moteur. Il s&#8217;utilise sur le ciment, la brique, les surfaces m\u00e9talliques, et l&#8217;outillage. Le Motoclad est sans effet sur les m\u00e9taux et la peinture. Il peut \u00e9galement s&#8217;employer comme d\u00e9goudronnant.\n<\/p>\n<p><strong>Disponible en :<br \/>\n&#8211; Bidon de 17 kg. R\u00e9f. 003621006<br \/>\n&#8211; F\u00fbt de 170 kg. R\u00e9f. 003621004<\/strong><\/p>\n<p class=\"y-product y-product__product-subtitle\">Avantage :<\/p>\n<p>Le Motoclad est \u00e0 base de solvant et de white spirit.<\/p>\n<p>Retrouvez le mode d&#8217;emploi et le dosage du produit en t\u00e9l\u00e9chargeant, ci-dessous, sa Fiche Technique et\/ou sa Fiche M\u00e9thode.<\/p>\n<p><em>Avant toute utilisation, lisez l&#8217;\u00e9tiquette et les informations concernant le produit.<\/em><\/p>\n","protected":false},"excerpt":{"rendered":"<p>Motoclad liquide<\/p>\n","protected":false},"featured_media":4498,"template":"","meta":[],"product_brand":[],"product_type":[2],"product_visibility":[],"product_cat":[4026,4153,4092],"class_list":{"0":"post-3397","1":"product","2":"type-product","3":"status-publish","4":"has-post-thumbnail","6":"product_cat-produitsindustrie","7":"product_cat-marqueskemnet","8":"product_cat-industriestation-vhicule","9":"product_tag-asphalte","10":"product_tag-degoudronnant","11":"product_tag-goudron","12":"product_tag-liquide","14":"first","15":"instock","16":"shipping-taxable","17":"product-type-simple"},"yoast_head":"<!-- This site is optimized with the Yoast SEO plugin v24.7 - https:\/\/yoast.com\/wordpress\/plugins\/seo\/ -->\n<title>Motoclad - Hydrachim<\/title>\n<meta name=\"robots\" content=\"noindex, follow, max-snippet:-1, max-image-preview:large, max-video-preview:-1\" \/>\n<meta property=\"og:locale\" content=\"en_US\" \/>\n<meta property=\"og:type\" content=\"article\" \/>\n<meta property=\"og:title\" content=\"Motoclad - Hydrachim\" \/>\n<meta property=\"og:description\" content=\"Motoclad liquide\" \/>\n<meta property=\"og:url\" content=\"https:\/\/staging.hydrachim.fr\/produit\/motoclad\/\" \/>\n<meta property=\"og:site_name\" content=\"Hydrachim\" \/>\n<meta property=\"article:modified_time\" content=\"2019-10-07T08:32:26+00:00\" \/>\n<meta property=\"og:image\" content=\"https:\/\/staging.hydrachim.fr\/app\/uploads\/2019\/09\/6210-Motoclad.png\" \/>\n\t<meta property=\"og:image:width\" content=\"500\" \/>\n\t<meta property=\"og:image:height\" content=\"700\" \/>\n\t<meta property=\"og:image:type\" content=\"image\/png\" \/>\n<meta name=\"twitter:card\" content=\"summary_large_image\" \/>\n<meta name=\"twitter:label1\" content=\"Est. reading time\" \/>\n\t<meta name=\"twitter:data1\" content=\"1 minute\" \/>\n<script type=\"application\/ld+json\" class=\"yoast-schema-graph\">{\"@context\":\"https:\/\/schema.org\",\"@graph\":[{\"@type\":\"WebPage\",\"@id\":\"https:\/\/staging.hydrachim.fr\/produit\/motoclad\/\",\"url\":\"https:\/\/staging.hydrachim.fr\/produit\/motoclad\/\",\"name\":\"Motoclad - Hydrachim\",\"isPartOf\":{\"@id\":\"https:\/\/staging.hydrachim.fr\/#website\"},\"primaryImageOfPage\":{\"@id\":\"https:\/\/staging.hydrachim.fr\/produit\/motoclad\/#primaryimage\"},\"image\":{\"@id\":\"https:\/\/staging.hydrachim.fr\/produit\/motoclad\/#primaryimage\"},\"thumbnailUrl\":\"https:\/\/staging.hydrachim.fr\/app\/uploads\/2019\/09\/6210-Motoclad.png\",\"datePublished\":\"2019-08-06T13:48:41+00:00\",\"dateModified\":\"2019-10-07T08:32:26+00:00\",\"breadcrumb\":{\"@id\":\"https:\/\/staging.hydrachim.fr\/produit\/motoclad\/#breadcrumb\"},\"inLanguage\":\"en-US\",\"potentialAction\":[{\"@type\":\"ReadAction\",\"target\":[\"https:\/\/staging.hydrachim.fr\/produit\/motoclad\/\"]}]},{\"@type\":\"ImageObject\",\"inLanguage\":\"en-US\",\"@id\":\"https:\/\/staging.hydrachim.fr\/produit\/motoclad\/#primaryimage\",\"url\":\"https:\/\/staging.hydrachim.fr\/app\/uploads\/2019\/09\/6210-Motoclad.png\",\"contentUrl\":\"https:\/\/staging.hydrachim.fr\/app\/uploads\/2019\/09\/6210-Motoclad.png\",\"width\":500,\"height\":700},{\"@type\":\"BreadcrumbList\",\"@id\":\"https:\/\/staging.hydrachim.fr\/produit\/motoclad\/#breadcrumb\",\"itemListElement\":[{\"@type\":\"ListItem\",\"position\":1,\"name\":\"Home\",\"item\":\"https:\/\/staging.hydrachim.fr\/en\/\"},{\"@type\":\"ListItem\",\"position\":2,\"name\":\"Shop\",\"item\":\"https:\/\/staging.hydrachim.fr\/en\/shop\/\"},{\"@type\":\"ListItem\",\"position\":3,\"name\":\"Motoclad\"}]},{\"@type\":\"WebSite\",\"@id\":\"https:\/\/staging.hydrachim.fr\/#website\",\"url\":\"https:\/\/staging.hydrachim.fr\/\",\"name\":\"Hydrachim\",\"description\":\"La science de l&#039;hygi\u00e8ne\",\"potentialAction\":[{\"@type\":\"SearchAction\",\"target\":{\"@type\":\"EntryPoint\",\"urlTemplate\":\"https:\/\/staging.hydrachim.fr\/?s={search_term_string}\"},\"query-input\":{\"@type\":\"PropertyValueSpecification\",\"valueRequired\":true,\"valueName\":\"search_term_string\"}}],\"inLanguage\":\"en-US\"}]}<\/script>\n<!-- \/ Yoast SEO plugin. -->","yoast_head_json":{"title":"Motoclad - Hydrachim","robots":{"index":"noindex","follow":"follow","max-snippet":"max-snippet:-1","max-image-preview":"max-image-preview:large","max-video-preview":"max-video-preview:-1"},"og_locale":"en_US","og_type":"article","og_title":"Motoclad - Hydrachim","og_description":"Motoclad liquide","og_url":"https:\/\/staging.hydrachim.fr\/produit\/motoclad\/","og_site_name":"Hydrachim","article_modified_time":"2019-10-07T08:32:26+00:00","og_image":[{"width":500,"height":700,"url":"https:\/\/staging.hydrachim.fr\/app\/uploads\/2019\/09\/6210-Motoclad.png","type":"image\/png"}],"twitter_card":"summary_large_image","twitter_misc":{"Est. reading time":"1 minute"},"schema":{"@context":"https:\/\/schema.org","@graph":[{"@type":"WebPage","@id":"https:\/\/staging.hydrachim.fr\/produit\/motoclad\/","url":"https:\/\/staging.hydrachim.fr\/produit\/motoclad\/","name":"Motoclad - Hydrachim","isPartOf":{"@id":"https:\/\/staging.hydrachim.fr\/#website"},"primaryImageOfPage":{"@id":"https:\/\/staging.hydrachim.fr\/produit\/motoclad\/#primaryimage"},"image":{"@id":"https:\/\/staging.hydrachim.fr\/produit\/motoclad\/#primaryimage"},"thumbnailUrl":"https:\/\/staging.hydrachim.fr\/app\/uploads\/2019\/09\/6210-Motoclad.png","datePublished":"2019-08-06T13:48:41+00:00","dateModified":"2019-10-07T08:32:26+00:00","breadcrumb":{"@id":"https:\/\/staging.hydrachim.fr\/produit\/motoclad\/#breadcrumb"},"inLanguage":"en-US","potentialAction":[{"@type":"ReadAction","target":["https:\/\/staging.hydrachim.fr\/produit\/motoclad\/"]}]},{"@type":"ImageObject","inLanguage":"en-US","@id":"https:\/\/staging.hydrachim.fr\/produit\/motoclad\/#primaryimage","url":"https:\/\/staging.hydrachim.fr\/app\/uploads\/2019\/09\/6210-Motoclad.png","contentUrl":"https:\/\/staging.hydrachim.fr\/app\/uploads\/2019\/09\/6210-Motoclad.png","width":500,"height":700},{"@type":"BreadcrumbList","@id":"https:\/\/staging.hydrachim.fr\/produit\/motoclad\/#breadcrumb","itemListElement":[{"@type":"ListItem","position":1,"name":"Home","item":"https:\/\/staging.hydrachim.fr\/en\/"},{"@type":"ListItem","position":2,"name":"Shop","item":"https:\/\/staging.hydrachim.fr\/en\/shop\/"},{"@type":"ListItem","position":3,"name":"Motoclad"}]},{"@type":"WebSite","@id":"https:\/\/staging.hydrachim.fr\/#website","url":"https:\/\/staging.hydrachim.fr\/","name":"Hydrachim","description":"La science de l&#039;hygi\u00e8ne","potentialAction":[{"@type":"SearchAction","target":{"@type":"EntryPoint","urlTemplate":"https:\/\/staging.hydrachim.fr\/?s={search_term_string}"},"query-input":{"@type":"PropertyValueSpecification","valueRequired":true,"valueName":"search_term_string"}}],"inLanguage":"en-US"}]}},"acf":{"fiche_technique":"https:\/\/staging.hydrachim.fr\/app\/uploads\/2019\/09\/FT-Kemnet-Pro-MOTOCLAD.pdf","fiche_methode":""},"_links":{"self":[{"href":"https:\/\/staging.hydrachim.fr\/en\/wp-json\/wp\/v2\/product\/3397","targetHints":{"allow":["GET"]}}],"collection":[{"href":"https:\/\/staging.hydrachim.fr\/en\/wp-json\/wp\/v2\/product"}],"about":[{"href":"https:\/\/staging.hydrachim.fr\/en\/wp-json\/wp\/v2\/types\/product"}],"wp:featuredmedia":[{"embeddable":true,"href":"https:\/\/staging.hydrachim.fr\/en\/wp-json\/wp\/v2\/media\/4498"}],"wp:attachment":[{"href":"https:\/\/staging.hydrachim.fr\/en\/wp-json\/wp\/v2\/media?parent=3397"}],"wp:term":[{"taxonomy":"product_brand","embeddable":true,"href":"https:\/\/staging.hydrachim.fr\/en\/wp-json\/wp\/v2\/product_brand?post=3397"},{"taxonomy":"product_type","embeddable":true,"href":"https:\/\/staging.hydrachim.fr\/en\/wp-json\/wp\/v2\/product_type?post=3397"},{"taxonomy":"product_visibility","embeddable":true,"href":"https:\/\/staging.hydrachim.fr\/en\/wp-json\/wp\/v2\/product_visibility?post=3397"},{"taxonomy":"product_cat","embeddable":true,"href":"https:\/\/staging.hydrachim.fr\/en\/wp-json\/wp\/v2\/product_cat?post=3397"}],"curies":[{"name":"wp","href":"https:\/\/api.w.org\/{rel}","templated":true}]}}