{"id":3411,"date":"2019-08-06T15:48:53","date_gmt":"2019-08-06T13:48:53","guid":{"rendered":"https:\/\/staging.hydrachim.fr\/product\/wc-mousse\/"},"modified":"2019-10-11T09:00:54","modified_gmt":"2019-10-11T07:00:54","slug":"wc-mousse","status":"publish","type":"product","link":"https:\/\/staging.hydrachim.fr\/en\/produit\/wc-mousse\/","title":{"rendered":"WC mousse"},"content":{"rendered":"<p><strong>WC mousse liquide est une mousse active d\u00e9velopp\u00e9e pour le d\u00e9tartrage et le nettoyage des cuvettes WC.<\/strong><\/p>\n<p>Le WC mousse est un produit qui d\u00e9tartre, nettoie, d\u00e9sodorise et laisse un agr\u00e9able parfum dans les WC. Gr\u00e2ce \u00e0 son pistolet mousse, il atteint les parties inaccessibles des cuvettes WC. Le WC mousse fait briller et est sans danger pour les fosses septiques.\n<\/p>\n<p><strong>Disponible en \/<br \/>\n&#8211; Carton de 12 x 1L. R\u00e9f. 002032712<br \/>\n&#8211; Carton de 2 x 5 L &#8211; Fournir avec 1 vadrouille. R\u00e9f. 002032703<br \/>\n&#8211; Carton de 4 x 5L. 002032702<\/strong><\/p>\n<p class=\"y-product y-product__product-subtitle\">Avantage :<\/p>\n<p>La mousse active du WC mousse renforce l&#8217;efficacit\u00e9 du produit.<\/p>\n<p>Retrouvez le mode d&#8217;emploi et le dosage du produit en t\u00e9l\u00e9chargeant, ci-dessous, sa Fiche Technique et\/ou sa Fiche M\u00e9thode.<\/p>\n<p><em>Avant toute utilisation, lisez l&#8217;\u00e9tiquette et les informations concernant le produit.<\/em><\/p>\n","protected":false},"excerpt":{"rendered":"<p>WC mousse active liquide<\/p>\n","protected":false},"featured_media":5507,"template":"","meta":[],"product_brand":[],"product_type":[2],"product_visibility":[],"product_cat":[4145,4122,4123],"class_list":{"0":"post-3411","1":"product","2":"type-product","3":"status-publish","4":"has-post-thumbnail","6":"product_cat-marquesorlav","7":"product_cat-produitssanitaire","8":"product_cat-sanitairewc","9":"product_tag-cuvette","10":"product_tag-detartrant","11":"product_tag-liquide","12":"product_tag-moussant","13":"product_tag-nettoyage","14":"product_tag-wc","16":"first","17":"instock","18":"shipping-taxable","19":"product-type-simple"},"yoast_head":"<!-- This site is optimized with the Yoast SEO plugin v24.7 - https:\/\/yoast.com\/wordpress\/plugins\/seo\/ -->\n<title>WC mousse - Hydrachim<\/title>\n<meta name=\"robots\" content=\"noindex, follow, max-snippet:-1, max-image-preview:large, max-video-preview:-1\" \/>\n<meta property=\"og:locale\" content=\"en_US\" \/>\n<meta property=\"og:type\" content=\"article\" \/>\n<meta property=\"og:title\" content=\"WC mousse - Hydrachim\" \/>\n<meta property=\"og:description\" content=\"WC mousse active liquide\" \/>\n<meta property=\"og:url\" content=\"https:\/\/staging.hydrachim.fr\/produit\/wc-mousse\/\" \/>\n<meta property=\"og:site_name\" content=\"Hydrachim\" \/>\n<meta property=\"article:modified_time\" content=\"2019-10-11T07:00:54+00:00\" \/>\n<meta property=\"og:image\" content=\"https:\/\/staging.hydrachim.fr\/app\/uploads\/2019\/10\/0327_wc_mousse_1l_flex.png\" \/>\n\t<meta property=\"og:image:width\" content=\"600\" \/>\n\t<meta property=\"og:image:height\" content=\"980\" \/>\n\t<meta property=\"og:image:type\" content=\"image\/png\" \/>\n<meta name=\"twitter:card\" content=\"summary_large_image\" \/>\n<meta name=\"twitter:label1\" content=\"Est. reading time\" \/>\n\t<meta name=\"twitter:data1\" content=\"1 minute\" \/>\n<script type=\"application\/ld+json\" class=\"yoast-schema-graph\">{\"@context\":\"https:\/\/schema.org\",\"@graph\":[{\"@type\":\"WebPage\",\"@id\":\"https:\/\/staging.hydrachim.fr\/produit\/wc-mousse\/\",\"url\":\"https:\/\/staging.hydrachim.fr\/produit\/wc-mousse\/\",\"name\":\"WC mousse - Hydrachim\",\"isPartOf\":{\"@id\":\"https:\/\/staging.hydrachim.fr\/#website\"},\"primaryImageOfPage\":{\"@id\":\"https:\/\/staging.hydrachim.fr\/produit\/wc-mousse\/#primaryimage\"},\"image\":{\"@id\":\"https:\/\/staging.hydrachim.fr\/produit\/wc-mousse\/#primaryimage\"},\"thumbnailUrl\":\"https:\/\/staging.hydrachim.fr\/app\/uploads\/2019\/10\/0327_wc_mousse_1l_flex.png\",\"datePublished\":\"2019-08-06T13:48:53+00:00\",\"dateModified\":\"2019-10-11T07:00:54+00:00\",\"breadcrumb\":{\"@id\":\"https:\/\/staging.hydrachim.fr\/produit\/wc-mousse\/#breadcrumb\"},\"inLanguage\":\"en-US\",\"potentialAction\":[{\"@type\":\"ReadAction\",\"target\":[\"https:\/\/staging.hydrachim.fr\/produit\/wc-mousse\/\"]}]},{\"@type\":\"ImageObject\",\"inLanguage\":\"en-US\",\"@id\":\"https:\/\/staging.hydrachim.fr\/produit\/wc-mousse\/#primaryimage\",\"url\":\"https:\/\/staging.hydrachim.fr\/app\/uploads\/2019\/10\/0327_wc_mousse_1l_flex.png\",\"contentUrl\":\"https:\/\/staging.hydrachim.fr\/app\/uploads\/2019\/10\/0327_wc_mousse_1l_flex.png\",\"width\":600,\"height\":980},{\"@type\":\"BreadcrumbList\",\"@id\":\"https:\/\/staging.hydrachim.fr\/produit\/wc-mousse\/#breadcrumb\",\"itemListElement\":[{\"@type\":\"ListItem\",\"position\":1,\"name\":\"Home\",\"item\":\"https:\/\/staging.hydrachim.fr\/en\/\"},{\"@type\":\"ListItem\",\"position\":2,\"name\":\"Shop\",\"item\":\"https:\/\/staging.hydrachim.fr\/en\/shop\/\"},{\"@type\":\"ListItem\",\"position\":3,\"name\":\"WC mousse\"}]},{\"@type\":\"WebSite\",\"@id\":\"https:\/\/staging.hydrachim.fr\/#website\",\"url\":\"https:\/\/staging.hydrachim.fr\/\",\"name\":\"Hydrachim\",\"description\":\"La science de l&#039;hygi\u00e8ne\",\"potentialAction\":[{\"@type\":\"SearchAction\",\"target\":{\"@type\":\"EntryPoint\",\"urlTemplate\":\"https:\/\/staging.hydrachim.fr\/?s={search_term_string}\"},\"query-input\":{\"@type\":\"PropertyValueSpecification\",\"valueRequired\":true,\"valueName\":\"search_term_string\"}}],\"inLanguage\":\"en-US\"}]}<\/script>\n<!-- \/ Yoast SEO plugin. -->","yoast_head_json":{"title":"WC mousse - Hydrachim","robots":{"index":"noindex","follow":"follow","max-snippet":"max-snippet:-1","max-image-preview":"max-image-preview:large","max-video-preview":"max-video-preview:-1"},"og_locale":"en_US","og_type":"article","og_title":"WC mousse - Hydrachim","og_description":"WC mousse active liquide","og_url":"https:\/\/staging.hydrachim.fr\/produit\/wc-mousse\/","og_site_name":"Hydrachim","article_modified_time":"2019-10-11T07:00:54+00:00","og_image":[{"width":600,"height":980,"url":"https:\/\/staging.hydrachim.fr\/app\/uploads\/2019\/10\/0327_wc_mousse_1l_flex.png","type":"image\/png"}],"twitter_card":"summary_large_image","twitter_misc":{"Est. reading time":"1 minute"},"schema":{"@context":"https:\/\/schema.org","@graph":[{"@type":"WebPage","@id":"https:\/\/staging.hydrachim.fr\/produit\/wc-mousse\/","url":"https:\/\/staging.hydrachim.fr\/produit\/wc-mousse\/","name":"WC mousse - Hydrachim","isPartOf":{"@id":"https:\/\/staging.hydrachim.fr\/#website"},"primaryImageOfPage":{"@id":"https:\/\/staging.hydrachim.fr\/produit\/wc-mousse\/#primaryimage"},"image":{"@id":"https:\/\/staging.hydrachim.fr\/produit\/wc-mousse\/#primaryimage"},"thumbnailUrl":"https:\/\/staging.hydrachim.fr\/app\/uploads\/2019\/10\/0327_wc_mousse_1l_flex.png","datePublished":"2019-08-06T13:48:53+00:00","dateModified":"2019-10-11T07:00:54+00:00","breadcrumb":{"@id":"https:\/\/staging.hydrachim.fr\/produit\/wc-mousse\/#breadcrumb"},"inLanguage":"en-US","potentialAction":[{"@type":"ReadAction","target":["https:\/\/staging.hydrachim.fr\/produit\/wc-mousse\/"]}]},{"@type":"ImageObject","inLanguage":"en-US","@id":"https:\/\/staging.hydrachim.fr\/produit\/wc-mousse\/#primaryimage","url":"https:\/\/staging.hydrachim.fr\/app\/uploads\/2019\/10\/0327_wc_mousse_1l_flex.png","contentUrl":"https:\/\/staging.hydrachim.fr\/app\/uploads\/2019\/10\/0327_wc_mousse_1l_flex.png","width":600,"height":980},{"@type":"BreadcrumbList","@id":"https:\/\/staging.hydrachim.fr\/produit\/wc-mousse\/#breadcrumb","itemListElement":[{"@type":"ListItem","position":1,"name":"Home","item":"https:\/\/staging.hydrachim.fr\/en\/"},{"@type":"ListItem","position":2,"name":"Shop","item":"https:\/\/staging.hydrachim.fr\/en\/shop\/"},{"@type":"ListItem","position":3,"name":"WC mousse"}]},{"@type":"WebSite","@id":"https:\/\/staging.hydrachim.fr\/#website","url":"https:\/\/staging.hydrachim.fr\/","name":"Hydrachim","description":"La science de l&#039;hygi\u00e8ne","potentialAction":[{"@type":"SearchAction","target":{"@type":"EntryPoint","urlTemplate":"https:\/\/staging.hydrachim.fr\/?s={search_term_string}"},"query-input":{"@type":"PropertyValueSpecification","valueRequired":true,"valueName":"search_term_string"}}],"inLanguage":"en-US"}]}},"acf":{"fiche_technique":"https:\/\/staging.hydrachim.fr\/app\/uploads\/2019\/09\/FT-0327-WC-MOUSSE.pdf","fiche_methode":"https:\/\/staging.hydrachim.fr\/app\/uploads\/2019\/09\/0327-WC-MOUSSE-ORLAV-h.pdf"},"_links":{"self":[{"href":"https:\/\/staging.hydrachim.fr\/en\/wp-json\/wp\/v2\/product\/3411","targetHints":{"allow":["GET"]}}],"collection":[{"href":"https:\/\/staging.hydrachim.fr\/en\/wp-json\/wp\/v2\/product"}],"about":[{"href":"https:\/\/staging.hydrachim.fr\/en\/wp-json\/wp\/v2\/types\/product"}],"wp:featuredmedia":[{"embeddable":true,"href":"https:\/\/staging.hydrachim.fr\/en\/wp-json\/wp\/v2\/media\/5507"}],"wp:attachment":[{"href":"https:\/\/staging.hydrachim.fr\/en\/wp-json\/wp\/v2\/media?parent=3411"}],"wp:term":[{"taxonomy":"product_brand","embeddable":true,"href":"https:\/\/staging.hydrachim.fr\/en\/wp-json\/wp\/v2\/product_brand?post=3411"},{"taxonomy":"product_type","embeddable":true,"href":"https:\/\/staging.hydrachim.fr\/en\/wp-json\/wp\/v2\/product_type?post=3411"},{"taxonomy":"product_visibility","embeddable":true,"href":"https:\/\/staging.hydrachim.fr\/en\/wp-json\/wp\/v2\/product_visibility?post=3411"},{"taxonomy":"product_cat","embeddable":true,"href":"https:\/\/staging.hydrachim.fr\/en\/wp-json\/wp\/v2\/product_cat?post=3411"}],"curies":[{"name":"wp","href":"https:\/\/api.w.org\/{rel}","templated":true}]}}