{"id":3417,"date":"2019-08-06T15:48:59","date_gmt":"2019-08-06T13:48:59","guid":{"rendered":"https:\/\/staging.hydrachim.fr\/product\/respecthome-pae-sanitaire-2\/"},"modified":"2019-10-14T14:13:17","modified_gmt":"2019-10-14T12:13:17","slug":"respecthome-pae-sanitaire-2","status":"publish","type":"product","link":"https:\/\/staging.hydrachim.fr\/en\/produit\/respecthome-pae-sanitaire-2\/","title":{"rendered":"Respect&#8217;Home\u00ae PAE Sanitaire   NE PAS ACTIVER   ATTENTE VALIDATION ECOCERT"},"content":{"rendered":"<p><strong>Nettoyant polyvalent bact\u00e9ricide &amp; levuricide.<\/strong><\/p>\n<p>RESPECT&#8217;HOME\u00ae PAE SANITAIRE nettoie, d\u00e9graisse, d\u00e9tartre et d\u00e9sinfecte toutes les surfaces sanitaires : salle de bain, wc, douche, parois de verre, murs, carrelages, &#8230;<br \/>\nAction d\u00e9tartrante quotidienne, il \u00e9limine aussi les d\u00e9pots de savons et fait briller les surfaces.<\/p>\n<p><strong>Disponible en carton de 6 x 750 mL &#8211; article 002185803.<br \/>\n<\/strong><\/p>\n<p class=\"y-product y-product__product-subtitle\">Avantage :<\/p>\n<p>La formule du RESPECT\u2019HOME\u00ae PAE SANITAIRE est soutenue au niveau du r\u00e8glement biocide (CE) n\u00b0528\/2012 en vue d\u2019obtenir une AMM.<br \/>\nRESPECT\u2019HOME\u00ae PAE SANITAIRE est formul\u00e9 Sans ammonium quaternaire, Sans phosphate, Sans phosphonate, Sans EDTA, Sans chlore, Avec de l&#8217;huile essentielle d&#8217;arbre \u00e0 th\u00e9.<\/p>\n<p>Retrouvez le mode d&#8217;emploi et le dosage du produit en t\u00e9l\u00e9chargeant sa Fiche Technique et\/ou sa Fiche M\u00e9thode.<\/p>\n<p><em>Utilisez les biocides avec pr\u00e9caution. Avant toute utilisation, lisez l&#8217;\u00e9tiquette et les informations concernant le produit.<br \/>\nProduit conforme \u00e0 la l\u00e9gislation relative aux proc\u00e9d\u00e9s et aux produits utilis\u00e9s pour le nettoyage des mat\u00e9riaux et objets destin\u00e9s \u00e0 entrer en contact avec des denr\u00e9es, produits et boissons pour l\u2019alimentation de l\u2019homme et des animaux (Arr\u00eat\u00e9 du 08\/09\/1999 modifi\u00e9 le 19.12.2013). Rin\u00e7age obligatoire.<br \/>\nECOD\u00c9TERGENT certifi\u00e9 par ECOCERT Greenlife selon le r\u00e9f\u00e9rentiel ECOCERT disponible sur http:\/\/detergents.ecocert.com.<\/em><\/p>\n","protected":false},"excerpt":{"rendered":"<p>Nettoyant d\u00e9tartrant d\u00e9sinfectant pr\u00eat \u00e0 l&#8217;emploi, \u00e0 base d&#8217;acide lactique. Ecodetergent Ecocert<\/p>\n","protected":false},"featured_media":5335,"template":"","meta":[],"product_brand":[],"product_type":[2],"product_visibility":[],"product_cat":[4174,4111,4097,4147,4143,4173,4099,4113,4122,4124],"class_list":{"0":"post-3417","1":"product","2":"type-product","3":"status-publish","4":"has-post-thumbnail","6":"product_cat-nouveautesdesinfection","7":"product_cat-produitsdesinfection","8":"product_cat-produitsecocert","9":"product_cat-marques-marquesidegreenidegreen","10":"product_cat-nouveautes","11":"product_cat-nouveautesproduits-verts","12":"product_cat-ecocertsanitaire","13":"product_cat-dsinfectionsanitaire","14":"product_cat-produitssanitaire","15":"product_cat-sanitairesurface","16":"product_tag-bactericide","17":"product_tag-biocide","18":"product_tag-degraissant","19":"product_tag-desinfectant","20":"product_tag-detartrant","21":"product_tag-ecocert","22":"product_tag-levuricide","23":"product_tag-pret-a-lemploi","24":"product_tag-pulverisation","25":"product_tag-sanitaire","26":"product_tag-spray","27":"product_tag-tp2","28":"product_tag-tp4","30":"first","31":"instock","32":"shipping-taxable","33":"product-type-simple"},"yoast_head":"<!-- This site is optimized with the Yoast SEO plugin v24.7 - https:\/\/yoast.com\/wordpress\/plugins\/seo\/ -->\n<title>Respect&#039;Home\u00ae PAE Sanitaire  NE PAS ACTIVER  ATTENTE VALIDATION ECOCERT - Hydrachim<\/title>\n<meta name=\"robots\" content=\"noindex, follow, max-snippet:-1, max-image-preview:large, max-video-preview:-1\" \/>\n<meta property=\"og:locale\" content=\"en_US\" \/>\n<meta property=\"og:type\" content=\"article\" \/>\n<meta property=\"og:title\" content=\"Respect&#039;Home\u00ae PAE Sanitaire  NE PAS ACTIVER  ATTENTE VALIDATION ECOCERT - Hydrachim\" \/>\n<meta property=\"og:description\" content=\"Nettoyant d\u00e9tartrant d\u00e9sinfectant pr\u00eat \u00e0 l&#039;emploi, \u00e0 base d&#039;acide lactique. Ecodetergent Ecocert\" \/>\n<meta property=\"og:url\" content=\"https:\/\/staging.hydrachim.fr\/produit\/respecthome-pae-sanitaire-2\/\" \/>\n<meta property=\"og:site_name\" content=\"Hydrachim\" \/>\n<meta property=\"article:modified_time\" content=\"2019-10-14T12:13:17+00:00\" \/>\n<meta property=\"og:image\" content=\"https:\/\/staging.hydrachim.fr\/app\/uploads\/2019\/10\/1858_RESPECT_HOME_PAE_SANITAIRE_ECODETERGENT_ECOCERT_750ML.png\" \/>\n\t<meta property=\"og:image:width\" content=\"600\" \/>\n\t<meta property=\"og:image:height\" content=\"1196\" \/>\n\t<meta property=\"og:image:type\" content=\"image\/png\" \/>\n<meta name=\"twitter:card\" content=\"summary_large_image\" \/>\n<meta name=\"twitter:label1\" content=\"Est. reading time\" \/>\n\t<meta name=\"twitter:data1\" content=\"1 minute\" \/>\n<script type=\"application\/ld+json\" class=\"yoast-schema-graph\">{\"@context\":\"https:\/\/schema.org\",\"@graph\":[{\"@type\":\"WebPage\",\"@id\":\"https:\/\/staging.hydrachim.fr\/produit\/respecthome-pae-sanitaire-2\/\",\"url\":\"https:\/\/staging.hydrachim.fr\/produit\/respecthome-pae-sanitaire-2\/\",\"name\":\"Respect'Home\u00ae PAE Sanitaire NE PAS ACTIVER ATTENTE VALIDATION ECOCERT - Hydrachim\",\"isPartOf\":{\"@id\":\"https:\/\/staging.hydrachim.fr\/#website\"},\"primaryImageOfPage\":{\"@id\":\"https:\/\/staging.hydrachim.fr\/produit\/respecthome-pae-sanitaire-2\/#primaryimage\"},\"image\":{\"@id\":\"https:\/\/staging.hydrachim.fr\/produit\/respecthome-pae-sanitaire-2\/#primaryimage\"},\"thumbnailUrl\":\"https:\/\/staging.hydrachim.fr\/app\/uploads\/2019\/10\/1858_RESPECT_HOME_PAE_SANITAIRE_ECODETERGENT_ECOCERT_750ML.png\",\"datePublished\":\"2019-08-06T13:48:59+00:00\",\"dateModified\":\"2019-10-14T12:13:17+00:00\",\"breadcrumb\":{\"@id\":\"https:\/\/staging.hydrachim.fr\/produit\/respecthome-pae-sanitaire-2\/#breadcrumb\"},\"inLanguage\":\"en-US\",\"potentialAction\":[{\"@type\":\"ReadAction\",\"target\":[\"https:\/\/staging.hydrachim.fr\/produit\/respecthome-pae-sanitaire-2\/\"]}]},{\"@type\":\"ImageObject\",\"inLanguage\":\"en-US\",\"@id\":\"https:\/\/staging.hydrachim.fr\/produit\/respecthome-pae-sanitaire-2\/#primaryimage\",\"url\":\"https:\/\/staging.hydrachim.fr\/app\/uploads\/2019\/10\/1858_RESPECT_HOME_PAE_SANITAIRE_ECODETERGENT_ECOCERT_750ML.png\",\"contentUrl\":\"https:\/\/staging.hydrachim.fr\/app\/uploads\/2019\/10\/1858_RESPECT_HOME_PAE_SANITAIRE_ECODETERGENT_ECOCERT_750ML.png\",\"width\":600,\"height\":1196},{\"@type\":\"BreadcrumbList\",\"@id\":\"https:\/\/staging.hydrachim.fr\/produit\/respecthome-pae-sanitaire-2\/#breadcrumb\",\"itemListElement\":[{\"@type\":\"ListItem\",\"position\":1,\"name\":\"Home\",\"item\":\"https:\/\/staging.hydrachim.fr\/en\/\"},{\"@type\":\"ListItem\",\"position\":2,\"name\":\"Shop\",\"item\":\"https:\/\/staging.hydrachim.fr\/en\/shop\/\"},{\"@type\":\"ListItem\",\"position\":3,\"name\":\"Respect&rsquo;Home\u00ae PAE Sanitaire NE PAS ACTIVER ATTENTE VALIDATION ECOCERT\"}]},{\"@type\":\"WebSite\",\"@id\":\"https:\/\/staging.hydrachim.fr\/#website\",\"url\":\"https:\/\/staging.hydrachim.fr\/\",\"name\":\"Hydrachim\",\"description\":\"La science de l&#039;hygi\u00e8ne\",\"potentialAction\":[{\"@type\":\"SearchAction\",\"target\":{\"@type\":\"EntryPoint\",\"urlTemplate\":\"https:\/\/staging.hydrachim.fr\/?s={search_term_string}\"},\"query-input\":{\"@type\":\"PropertyValueSpecification\",\"valueRequired\":true,\"valueName\":\"search_term_string\"}}],\"inLanguage\":\"en-US\"}]}<\/script>\n<!-- \/ Yoast SEO plugin. -->","yoast_head_json":{"title":"Respect'Home\u00ae PAE Sanitaire  NE PAS ACTIVER  ATTENTE VALIDATION ECOCERT - Hydrachim","robots":{"index":"noindex","follow":"follow","max-snippet":"max-snippet:-1","max-image-preview":"max-image-preview:large","max-video-preview":"max-video-preview:-1"},"og_locale":"en_US","og_type":"article","og_title":"Respect'Home\u00ae PAE Sanitaire  NE PAS ACTIVER  ATTENTE VALIDATION ECOCERT - Hydrachim","og_description":"Nettoyant d\u00e9tartrant d\u00e9sinfectant pr\u00eat \u00e0 l'emploi, \u00e0 base d'acide lactique. Ecodetergent Ecocert","og_url":"https:\/\/staging.hydrachim.fr\/produit\/respecthome-pae-sanitaire-2\/","og_site_name":"Hydrachim","article_modified_time":"2019-10-14T12:13:17+00:00","og_image":[{"width":600,"height":1196,"url":"https:\/\/staging.hydrachim.fr\/app\/uploads\/2019\/10\/1858_RESPECT_HOME_PAE_SANITAIRE_ECODETERGENT_ECOCERT_750ML.png","type":"image\/png"}],"twitter_card":"summary_large_image","twitter_misc":{"Est. reading time":"1 minute"},"schema":{"@context":"https:\/\/schema.org","@graph":[{"@type":"WebPage","@id":"https:\/\/staging.hydrachim.fr\/produit\/respecthome-pae-sanitaire-2\/","url":"https:\/\/staging.hydrachim.fr\/produit\/respecthome-pae-sanitaire-2\/","name":"Respect'Home\u00ae PAE Sanitaire NE PAS ACTIVER ATTENTE VALIDATION ECOCERT - Hydrachim","isPartOf":{"@id":"https:\/\/staging.hydrachim.fr\/#website"},"primaryImageOfPage":{"@id":"https:\/\/staging.hydrachim.fr\/produit\/respecthome-pae-sanitaire-2\/#primaryimage"},"image":{"@id":"https:\/\/staging.hydrachim.fr\/produit\/respecthome-pae-sanitaire-2\/#primaryimage"},"thumbnailUrl":"https:\/\/staging.hydrachim.fr\/app\/uploads\/2019\/10\/1858_RESPECT_HOME_PAE_SANITAIRE_ECODETERGENT_ECOCERT_750ML.png","datePublished":"2019-08-06T13:48:59+00:00","dateModified":"2019-10-14T12:13:17+00:00","breadcrumb":{"@id":"https:\/\/staging.hydrachim.fr\/produit\/respecthome-pae-sanitaire-2\/#breadcrumb"},"inLanguage":"en-US","potentialAction":[{"@type":"ReadAction","target":["https:\/\/staging.hydrachim.fr\/produit\/respecthome-pae-sanitaire-2\/"]}]},{"@type":"ImageObject","inLanguage":"en-US","@id":"https:\/\/staging.hydrachim.fr\/produit\/respecthome-pae-sanitaire-2\/#primaryimage","url":"https:\/\/staging.hydrachim.fr\/app\/uploads\/2019\/10\/1858_RESPECT_HOME_PAE_SANITAIRE_ECODETERGENT_ECOCERT_750ML.png","contentUrl":"https:\/\/staging.hydrachim.fr\/app\/uploads\/2019\/10\/1858_RESPECT_HOME_PAE_SANITAIRE_ECODETERGENT_ECOCERT_750ML.png","width":600,"height":1196},{"@type":"BreadcrumbList","@id":"https:\/\/staging.hydrachim.fr\/produit\/respecthome-pae-sanitaire-2\/#breadcrumb","itemListElement":[{"@type":"ListItem","position":1,"name":"Home","item":"https:\/\/staging.hydrachim.fr\/en\/"},{"@type":"ListItem","position":2,"name":"Shop","item":"https:\/\/staging.hydrachim.fr\/en\/shop\/"},{"@type":"ListItem","position":3,"name":"Respect&rsquo;Home\u00ae PAE Sanitaire NE PAS ACTIVER ATTENTE VALIDATION ECOCERT"}]},{"@type":"WebSite","@id":"https:\/\/staging.hydrachim.fr\/#website","url":"https:\/\/staging.hydrachim.fr\/","name":"Hydrachim","description":"La science de l&#039;hygi\u00e8ne","potentialAction":[{"@type":"SearchAction","target":{"@type":"EntryPoint","urlTemplate":"https:\/\/staging.hydrachim.fr\/?s={search_term_string}"},"query-input":{"@type":"PropertyValueSpecification","valueRequired":true,"valueName":"search_term_string"}}],"inLanguage":"en-US"}]}},"acf":{"fiche_technique":"https:\/\/staging.hydrachim.fr\/app\/uploads\/2019\/09\/FT-1858-IDEGREEN-ECOCERT-RESPECT-HOME-PAE-SANITAIRE.pdf","fiche_methode":"https:\/\/staging.hydrachim.fr\/app\/uploads\/2019\/09\/1858-RESPECT-HOME-PAE-SANITAIRE-IDEGREEN-ECOCERT_h.pdf"},"_links":{"self":[{"href":"https:\/\/staging.hydrachim.fr\/en\/wp-json\/wp\/v2\/product\/3417","targetHints":{"allow":["GET"]}}],"collection":[{"href":"https:\/\/staging.hydrachim.fr\/en\/wp-json\/wp\/v2\/product"}],"about":[{"href":"https:\/\/staging.hydrachim.fr\/en\/wp-json\/wp\/v2\/types\/product"}],"wp:featuredmedia":[{"embeddable":true,"href":"https:\/\/staging.hydrachim.fr\/en\/wp-json\/wp\/v2\/media\/5335"}],"wp:attachment":[{"href":"https:\/\/staging.hydrachim.fr\/en\/wp-json\/wp\/v2\/media?parent=3417"}],"wp:term":[{"taxonomy":"product_brand","embeddable":true,"href":"https:\/\/staging.hydrachim.fr\/en\/wp-json\/wp\/v2\/product_brand?post=3417"},{"taxonomy":"product_type","embeddable":true,"href":"https:\/\/staging.hydrachim.fr\/en\/wp-json\/wp\/v2\/product_type?post=3417"},{"taxonomy":"product_visibility","embeddable":true,"href":"https:\/\/staging.hydrachim.fr\/en\/wp-json\/wp\/v2\/product_visibility?post=3417"},{"taxonomy":"product_cat","embeddable":true,"href":"https:\/\/staging.hydrachim.fr\/en\/wp-json\/wp\/v2\/product_cat?post=3417"}],"curies":[{"name":"wp","href":"https:\/\/api.w.org\/{rel}","templated":true}]}}